{"id":1016,"date":"2020-05-26T23:30:07","date_gmt":"2020-05-26T23:30:07","guid":{"rendered":"https:\/\/gem.pt\/@teste\/?page_id=1016"},"modified":"2020-05-28T23:09:30","modified_gmt":"2020-05-28T23:09:30","slug":"espeleocota","status":"publish","type":"page","link":"http:\/\/gem.pt\/1\/en\/projetos\/espeleocota\/","title":{"rendered":"Speleocotta"},"content":{"rendered":"<h1>Speleocotta<\/h1>\n<p>The project consists of the topographic and geological survey of cavities of phreatic origin (active and inactive) located in the Estremenho Limestone Massif and its surroundings<\/p>\n<hr \/>\n<p>\u00a0No ano de 2015 o projeto contou\u00a0com\u00a0o levantamento\u00a0nas Ventas do Diabo e na Lapa da Ovelha (levantamento topogr\u00e1fico e geol\u00f3gico) e no\u00a0Algar da Arroteia (apenas levantamento geol\u00f3gico).\u00a0\u00a0<img fetchpriority=\"high\" decoding=\"async\" src=\"https:\/\/gem.pt\/wp-content\/uploads\/2020\/05\/Projetos_5_1.jpg\" alt=\"\" width=\"700\" height=\"159\" \/>\u00a0<\/p>","protected":false},"excerpt":{"rendered":"<p>Espeleocota O projeto consiste no levantamento topogr\u00e1fico e geol\u00f3gico de cavidades de origem fre\u00e1ticas (ativas e n\u00e3o ativas) localizadas no Maci\u00e7o Calc\u00e1rio Estremenho e sua envolvente \u00a0No ano de 2015 o projeto contou\u00a0com\u00a0o levantamento\u00a0nas Ventas do Diabo e na Lapa da Ovelha (levantamento topogr\u00e1fico e geol\u00f3gico) e no\u00a0Algar da Arroteia (apenas levantamento geol\u00f3gico).\u00a0\u00a0\u00a0<\/p>","protected":false},"author":1,"featured_media":0,"parent":850,"menu_order":4,"comment_status":"closed","ping_status":"closed","template":"","meta":{"footnotes":""},"class_list":["post-1016","page","type-page","status-publish","hentry"],"_links":{"self":[{"href":"http:\/\/gem.pt\/1\/en\/wp-json\/wp\/v2\/pages\/1016","targetHints":{"allow":["GET"]}}],"collection":[{"href":"http:\/\/gem.pt\/1\/en\/wp-json\/wp\/v2\/pages"}],"about":[{"href":"http:\/\/gem.pt\/1\/en\/wp-json\/wp\/v2\/types\/page"}],"author":[{"embeddable":true,"href":"http:\/\/gem.pt\/1\/en\/wp-json\/wp\/v2\/users\/1"}],"replies":[{"embeddable":true,"href":"http:\/\/gem.pt\/1\/en\/wp-json\/wp\/v2\/comments?post=1016"}],"version-history":[{"count":0,"href":"http:\/\/gem.pt\/1\/en\/wp-json\/wp\/v2\/pages\/1016\/revisions"}],"up":[{"embeddable":true,"href":"http:\/\/gem.pt\/1\/en\/wp-json\/wp\/v2\/pages\/850"}],"wp:attachment":[{"href":"http:\/\/gem.pt\/1\/en\/wp-json\/wp\/v2\/media?parent=1016"}],"curies":[{"name":"wp","href":"https:\/\/api.w.org\/{rel}","templated":true}]}}