{"id":1028,"date":"2020-05-26T23:44:39","date_gmt":"2020-05-26T23:44:39","guid":{"rendered":"https:\/\/gem.pt\/@teste\/?page_id=1028"},"modified":"2020-09-24T11:26:43","modified_gmt":"2020-09-24T11:26:43","slug":"projeto-espeleologico-valongo","status":"publish","type":"page","link":"http:\/\/gem.pt\/1\/en\/projetos\/projeto-espeleologico-valongo\/","title":{"rendered":"Projeto Espeleol\u00f3gico Valongo"},"content":{"rendered":"<p>\u00a0<\/p>\n<p>Speleological Project-Valongo<br \/>Contributo para o conhecimento do patrim\u00f3nio mineiro do concelho de Valongo - explora\u00e7\u00e3o espeleol\u00f3gica da vertente Nordeste da Serra de Sta. Justa<br \/><strong style=\"letter-spacing: normal; caret-color: #444444; color: #444444; font-family: Questrial; font-size: 12px; white-space: pre-line;\">Entidade<\/strong>:\u00a0GEM - Grupo de Espeleologia e Montanhismo<br style=\"letter-spacing: normal; font-family: Questrial; font-size: 12px; white-space: pre-line;\" \/><strong style=\"letter-spacing: normal; caret-color: #444444; color: #444444; font-family: Questrial; font-size: 12px; white-space: pre-line;\">Coordena\u00e7\u00e3o<\/strong>:\u00a0(N3) Pedro Aguiar, (N2) Andr\u00e9 Leite, (N2) Eduardo Vieira, (N2) Pedro Ferreira\u00a0<\/p>\n<hr \/>\n<p>\u00a0Introdu\u00e7\u00e3oValongo, Paredes e Gondomar, s\u00e3o tr\u00eas conselhos parcialmente inseridos no distrito mineiro Durico-Beir\u00e3o, alvo de explora\u00e7\u00f5es mineiras, pelo menos, desde o per\u00edodo de ocupa\u00e7\u00e3o romana at\u00e9 meados do s\u00e9c.XX. Ao longo deste per\u00edodo, com mais de 2000 anos, v\u00e1rias minas t\u00eam sido abertas, retrabalhadas e posteriormente abandonadas, deixando vest\u00edgios de minera\u00e7\u00e3o, tanto \u00e0 superf\u00edcie como em subsolo.\u00a0Atualmente, para uma por\u00e7\u00e3o de territ\u00f3rio do concelho de Valongo, encontra-se concedido a algumas empresas, o direito de prospe\u00e7\u00e3o e pesquisa de dep\u00f3sitos minerais (Extrato 591\/2013, DR 189, 2\u00aa S\u00e9rie de 01-10-2013).\u00a0A cartografia da minera\u00e7\u00e3o no concelho de Valongo n\u00e3o se encontra compilada e \u00e9 parcialmente desconhecida. S\u00f3 temos encontrado descri\u00e7\u00f5es dos trabalhos a partir do s\u00e9c.XVIII, e a maioria refere, \u00e0 \u00e9poca e de forma muito vaga, a exist\u00eancia de trabalhos mais antigos.\u00a0Investiga\u00e7\u00f5es relativas a trabalhos de minera\u00e7\u00e3o em jazigos prim\u00e1rios em subsolo, no \u00e2mbito da espeleologia inseridos na revis\u00e3o do Plano Diretor Municipal de Valongo, apresentaram um conjunto de dados cartogr\u00e1ficos que revelam a exist\u00eancia de centenas de minas abandonadas, espalhadas por todas as serras do concelho, muitas das quais n\u00e3o constavam dos anteriores instrumentos de gest\u00e3o territorial.\u00a0<img fetchpriority=\"high\" decoding=\"async\" src=\"https:\/\/gem.pt\/wp-content\/uploads\/2020\/05\/Projetos_7_1.jpg\" alt=\"\" width=\"462\" height=\"450\" \/>Em trabalho mais recente, inventariamos as explora\u00e7\u00f5es mineiras de uma parte da vertente Oeste da Serra de Santa Justa, onde se apresenta um mapa com atualiza\u00e7\u00e3o das cavidades a\u00ed existentes, em especial as que se encontram em subsolo, com a respetiva topografia, fotografias e an\u00e1lise morfol\u00f3gica comparativa. Desta forma pudemos aferir a sobreposi\u00e7\u00e3o de trabalhos de minera\u00e7\u00e3o de v\u00e1rias \u00e9pocas na mesma cavidade, a utiliza\u00e7\u00e3o das \u00e1guas presas em minas para apoio \u00e0 agricultura e a elimina\u00e7\u00e3o de alguns vest\u00edgios da minera\u00e7\u00e3o por via da floresta\u00e7\u00e3o intensiva.\u00a0Devido \u00e0 vastid\u00e3o do territ\u00f3rio a investigar, est\u00e1 em curso um novo projeto parcelar, para a mesma Serra, no intuito de compilar a longo prazo, uma cartografia tem\u00e1tica de toda a serra, com representa\u00e7\u00e3o das cavidades abandonadas em subsolo.\u00a0A \u00e1rea proposta para este projeto espeleol\u00f3gico tem aproximadamente 2ha, delimitado a Este, pelo Rio Sim\u00e3o, a Sul pela Rua de Couce, a Oeste sem delimita\u00e7\u00e3o espec\u00edfica e a Norte pela Ribeira do Inferno.\u00a0Segundo o PDM publicado na p\u00e1gina Web da C.M.Valongo, no que concerne \u00e0 carta de Sistema Patrimonial, est\u00e3o assinalados alguns vest\u00edgios de minera\u00e7\u00e3o referidos no relat\u00f3rio Arqueol\u00f3gico do mesmo plano, sendo muito vaga a sua localiza\u00e7\u00e3o, morfologia e extens\u00e3o.\u00a0ObjetivoExplora\u00e7\u00e3o espeleol\u00f3gica de todas as minas prospetadas na \u00e1rea do projeto, nomeadamente as que j\u00e1 se encontram referidas na Carta do Fomento Mineiro (1961):\u00a0Mina das \u00e1guas f\u00e9rreas; Fojo do Sard\u00e3o; Fojo do Castro; Fojo dos 9 po\u00e7os; Fojo da linha de \u00e1gua; Fojo da Andorinha; Fojo dos Moinhos; Fojo dos 7 Po\u00e7os; Fojo do Amieiro; Fojo bra\u00e7o de mar; Fojo das Trincheiras; Fojo das Giestas; Fojo do Ingl\u00eas; Casa da Orca; Fojo dos Eucaliptos; Fojo do Castro.\u00a0Localiza\u00e7\u00e3o<img decoding=\"async\" src=\"https:\/\/gem.pt\/wp-content\/uploads\/2020\/05\/Projetos_7_2.png\" alt=\"\" width=\"631\" height=\"417\" \/>\u00a0Mapa 1: Localiza\u00e7\u00e3o aproximada sobre extrato da Carta Sistema Patrimonial do PDMV\u00a0Metodologias de registoProspe\u00e7\u00e3o, georreferencia\u00e7\u00e3o, levantamento topogr\u00e1fico, registo fotogr\u00e1fico, produ\u00e7\u00e3o e an\u00e1lise cartogr\u00e1fica em SIG.\u00a0Metodologias de explora\u00e7\u00e3oNormativas da Federa\u00e7\u00e3o Portuguesa de Espeleologia em mat\u00e9rias de seguros, seguran\u00e7a, equipagens, progress\u00e3o, equipamentos coletivos e equipamentos de prote\u00e7\u00e3o individual.\u00a0Fontes<\/p>\n<ul>\n<li style=\"letter-spacing: normal; caret-color: #000000; color: #000000; font-family: Questrial; text-align: justify; white-space: pre-line;\">Plano Diretor Municipal de Valongo (PDM).<\/li>\n<li style=\"letter-spacing: normal; caret-color: #000000; color: #000000; font-family: Questrial; text-align: justify; white-space: pre-line;\">Cartas Militares de Portugal Esc.-1\/25000.<\/li>\n<li style=\"letter-spacing: normal; caret-color: #000000; color: #000000; font-family: Questrial; text-align: justify; white-space: pre-line;\">Carta Geol\u00f3gica de Portugal Esc.-1\/50000.<\/li>\n<li style=\"letter-spacing: normal; caret-color: #000000; color: #000000; font-family: Questrial; text-align: justify; white-space: pre-line;\">Levantamento topogr\u00e1fico do Servi\u00e7o Fomento Mineiro (1961).<\/li>\n<li style=\"letter-spacing: normal; caret-color: #000000; color: #000000; font-family: Questrial; text-align: justify; white-space: pre-line;\">Levantamento topogr\u00e1fico do ARCM, \"Galeria das Linhas de \u00c1gua\" Esc.-1\/500, 2012.\u00a0<\/li>\n<\/ul>\n<p>Bibliografia<\/p>\n<ul>\n<li style=\"letter-spacing: normal; caret-color: #000000; color: #000000; font-family: Questrial; text-align: justify; white-space: pre-line; font-size: 12px;\">Aguiar, P., Ferreira, P., Leite, A., Vieira, H. (2015): Resultado preliminar do invent\u00e1rio e cartografia de cavidades artificiais na vertente Oeste da Serra de Santa Justa - Valongo (PORTUGAL); Alvados; 6\u00ba Congresso Nacional de Espeleologia 3 e 4 Outubro 2015.<\/li>\n<li style=\"letter-spacing: normal; caret-color: #000000; color: #000000; font-family: Questrial; text-align: justify; white-space: pre-line; font-size: 12px;\">Baptista, L., Fonseca, V., Rodrigues, L., Teixeira, R. (2005): Resultados preliminares da interven\u00e7\u00e3o arqueol\u00f3gica na Quinta da Ivanta, Valongo. Actas do 3\u00ba Simp\u00f3sio sobre minera\u00e7\u00e3o e metalurgia hist\u00f3ricas no Sudoeste Europeu SEDPGYM; Porto.<\/li>\n<li style=\"letter-spacing: normal; caret-color: #000000; color: #000000; font-family: Questrial; text-align: justify; white-space: pre-line; font-size: 12px;\">Carvalho, A.; Monteiro, A.; Baptista, L.; Monteiro, T.; Gandra, V (2005): As minas de ouro romanas das serras de Valongo - Uma vis\u00e3o do seu interior. Actas do 3\u00ba Simp\u00f3sio sobre minera\u00e7\u00e3o e metalurgia hist\u00f3ricas no Sudoeste Europeu SEDPGYM; Porto.<\/li>\n<li style=\"letter-spacing: normal; caret-color: #000000; color: #000000; font-family: Questrial; text-align: justify; white-space: pre-line; font-size: 12px;\">Carvalho, S.; Ferreira, O. (1954); Algumas Lavras aur\u00edferas Romanas; Estudos Notas e Trabalhos do Servi\u00e7o de Fomento Mineiro. - vol. IX, fasc. 1-4.<\/li>\n<li style=\"letter-spacing: normal; caret-color: #000000; color: #000000; font-family: Questrial; text-align: justify; white-space: pre-line; font-size: 12px;\">Couto, H. (1993): As mineraliza\u00e7\u00f5es de Sb-Au da regi\u00e3o D\u00farico-Beir\u00e3, 2 Vol. Porto: FCUP. Tese de Doutoramento.<\/li>\n<li style=\"letter-spacing: normal; caret-color: #000000; color: #000000; font-family: Questrial; text-align: justify; white-space: pre-line; font-size: 12px;\">Couto, H. (2014): Ouro explorado pelos Romanos em Valongo: controlos das mineraliza\u00e7\u00f5es aur\u00edferas; Actas do 1\u00ba Congresso de Minera\u00e7\u00e3o Romana em Valongo; 7\/8 Novembro.<\/li>\n<li style=\"letter-spacing: normal; caret-color: #000000; color: #000000; font-family: Questrial; text-align: justify; white-space: pre-line; font-size: 12px;\">Domergue, C. (1987): Catalogue des mines et fonderies antiques de la P\u00e9ninsule Ib\u00e9rique. Editorial Casa de Vel\u00e1zquez, Madrid. S\u00e9rie Arch\u00e9ologie, VIII.<\/li>\n<li style=\"letter-spacing: normal; caret-color: #000000; color: #000000; font-family: Questrial; text-align: justify; white-space: pre-line; font-size: 12px;\">Lima, A., Mat\u00edas, R., Fonte, J; ARCM (2014): A explora\u00e7\u00e3o de Dep\u00f3sitos Secund\u00e1rios de ouro nas Serras de Santa Justa e Pias (Munic\u00edpio de Valongo); Actas do 1\u00ba Congresso de Minera\u00e7\u00e3o Romana em Valongo; 7\/8 Novembro.<\/li>\n<li style=\"letter-spacing: normal; caret-color: #000000; color: #000000; font-family: Questrial; text-align: justify; white-space: pre-line; font-size: 12px;\">Maricato, C. (2001): A Minera\u00e7\u00e3o Romana no extremo ocidental do Imp\u00e9rio; Editorial Associa\u00e7\u00e3o de Estudos Subterr\u00e2neos e Defesa do Ambiente, Torres Novas. Trogle 3.<\/li>\n<li style=\"letter-spacing: normal; caret-color: #000000; color: #000000; font-family: Questrial; text-align: justify; white-space: pre-line; font-size: 12px;\">Martins, C. (2008): Explora\u00e7\u00e3o aur\u00edfera romana em Portugal. F\u00e9rvedes 5. Vilalba. ISSN1134-6787<\/li>\n<li style=\"letter-spacing: normal; caret-color: #000000; color: #000000; font-family: Questrial; text-align: justify; white-space: pre-line; font-size: 12px;\">Mat\u00edas, R. (2004): El complejo minero de Llamas de Cabrera, L\u00e9on. www.traianvs.net.<\/li>\n<li style=\"letter-spacing: normal; caret-color: #000000; color: #000000; font-family: Questrial; text-align: justify; white-space: pre-line; font-size: 12px;\">Mat\u00edas, R., Fonte, J., Lima, A., Monteiro, A.,Gandra,V., Moutinho, J.,Silva, J., AGUIAR, P., (submetido): Evid\u00eancias de miner\u00eda hidr\u00e1ulica romana en la sierra de Pias (Valongo, Portugal); XV Congresso Internacional sobre patrim\u00f3nio geol\u00f3gico y minero; XIX Sesi\u00f3n cient\u00edfica de la SEDPGYM. Logrosan (C\u00e1ceres), 28-28 de Septiembre del 2014.<\/li>\n<li style=\"letter-spacing: normal; caret-color: #000000; color: #000000; font-family: Questrial; text-align: justify; white-space: pre-line; font-size: 12px;\">Parise, M.: Galeazzi, C.; Bixio, R.; Dixon, M. (2013): Classification of Artificial cavities: A first contribution by UIS comission. Speleological Research and Activities in Artificial Underground; Proceedings 16th International Congress of Speleology, Brno (Czech Republic), July 21 -28, 2013.<\/li>\n<\/ul>","protected":false},"excerpt":{"rendered":"<p>\u00a0 Projeto Espeleol\u00f3gico-ValongoContributo para o conhecimento do patrim\u00f3nio mineiro do concelho de Valongo &#8211; explora\u00e7\u00e3o espeleol\u00f3gica da vertente Nordeste da Serra de Sta. JustaEntidade:\u00a0GEM &#8211; Grupo de Espeleologia e MontanhismoCoordena\u00e7\u00e3o:\u00a0(N3) Pedro Aguiar, (N2) Andr\u00e9 Leite, (N2) Eduardo Vieira, (N2) Pedro Ferreira\u00a0 \u00a0Introdu\u00e7\u00e3oValongo, Paredes e Gondomar, s\u00e3o tr\u00eas conselhos parcialmente inseridos no distrito mineiro Durico-Beir\u00e3o, alvo [&hellip;]<\/p>\n","protected":false},"author":1,"featured_media":0,"parent":850,"menu_order":7,"comment_status":"closed","ping_status":"closed","template":"","meta":{"footnotes":""},"class_list":["post-1028","page","type-page","status-publish","hentry"],"_links":{"self":[{"href":"http:\/\/gem.pt\/1\/en\/wp-json\/wp\/v2\/pages\/1028","targetHints":{"allow":["GET"]}}],"collection":[{"href":"http:\/\/gem.pt\/1\/en\/wp-json\/wp\/v2\/pages"}],"about":[{"href":"http:\/\/gem.pt\/1\/en\/wp-json\/wp\/v2\/types\/page"}],"author":[{"embeddable":true,"href":"http:\/\/gem.pt\/1\/en\/wp-json\/wp\/v2\/users\/1"}],"replies":[{"embeddable":true,"href":"http:\/\/gem.pt\/1\/en\/wp-json\/wp\/v2\/comments?post=1028"}],"version-history":[{"count":0,"href":"http:\/\/gem.pt\/1\/en\/wp-json\/wp\/v2\/pages\/1028\/revisions"}],"up":[{"embeddable":true,"href":"http:\/\/gem.pt\/1\/en\/wp-json\/wp\/v2\/pages\/850"}],"wp:attachment":[{"href":"http:\/\/gem.pt\/1\/en\/wp-json\/wp\/v2\/media?parent=1028"}],"curies":[{"name":"wp","href":"https:\/\/api.w.org\/{rel}","templated":true}]}}