{"id":10823,"date":"2021-04-30T01:07:35","date_gmt":"2021-04-30T00:07:35","guid":{"rendered":"https:\/\/gem.pt\/1\/?page_id=10823"},"modified":"2025-12-29T19:38:51","modified_gmt":"2025-12-29T19:38:51","slug":"revistas-gem","status":"publish","type":"page","link":"http:\/\/gem.pt\/1\/en\/publicacoes\/revistas-gem\/","title":{"rendered":"MEANDRO magazine"},"content":{"rendered":"<p>\u00a0<\/p>\n<p>MEANDRO magazine<\/p>\n<hr \/>\n<p>\u00a0The magazine which brings together the photographic, topographic and scientific works of GEM<br \/>\n\t\t\t\t\t\t\t\t\t\t\t\t\t\t\t\t<a href=\"https:\/\/gem.pt\/1\/en\/publicacoes\/newsletter\/pdfviewer\/?pdf=1rty4OXIclLAIWG-DcwIsGyEsaCP1hpNO\"><br \/>\n\t\t\t\t\t\t\t<img decoding=\"async\" src=\"https:\/\/gem.pt\/wp-content\/uploads\/2024\/08\/MEANDRO_N4.jpg\" title=\"\" alt=\"\" loading=\"lazy\" \/>\t\t\t\t\t\t\t\t<\/a><br \/>\n\t\tMEANDRO N.4 - 2018<br \/>\n\t\t\t\t\t\t\t\t\t\t\t\t\t\t\t\t<a href=\"https:\/\/gem.pt\/1\/en\/publicacoes\/newsletter\/pdfviewer\/?pdf=1o0bM39M_oKXCva6pM2KMYe7p8KXvzQpg\"><br \/>\n\t\t\t\t\t\t\t<img fetchpriority=\"high\" width=\"240\" height=\"310\" src=\"https:\/\/gem.pt\/wp-content\/uploads\/2024\/08\/MEANDRO_N3.jpg\" alt=\"\" decoding=\"async\" srcset=\"https:\/\/gem.pt\/wp-content\/uploads\/2024\/08\/MEANDRO_N3.jpg 240w, https:\/\/gem.pt\/wp-content\/uploads\/2024\/08\/MEANDRO_N3-9x12.jpg 9w\" sizes=\"(max-width: 240px) 100vw, 240px\" \/>\t\t\t\t\t\t\t\t<\/a><br \/>\n\t\tMEANDRO N.3 - 2017<br \/>\n\t\t\t\t\t\t\t\t\t\t\t\t\t\t\t\t<a href=\"https:\/\/gem.pt\/1\/en\/publicacoes\/newsletter\/pdfviewer\/?pdf=1VqvAUB8Z6OmWpKT2XSnjkwQ0JAgwmCoP\"><br \/>\n\t\t\t\t\t\t\t<img width=\"240\" height=\"310\" src=\"https:\/\/gem.pt\/wp-content\/uploads\/2024\/08\/MEANDRO_N2.jpg\" alt=\"\" decoding=\"async\" srcset=\"https:\/\/gem.pt\/wp-content\/uploads\/2024\/08\/MEANDRO_N2.jpg 240w, https:\/\/gem.pt\/wp-content\/uploads\/2024\/08\/MEANDRO_N2-9x12.jpg 9w\" sizes=\"(max-width: 240px) 100vw, 240px\" \/>\t\t\t\t\t\t\t\t<\/a><br \/>\n\t\tMEANDRO N.2 - 2016<br \/>\n\t\t\t\t\t\t\t\t\t\t\t\t\t\t\t\t<a href=\"https:\/\/gem.pt\/1\/en\/publicacoes\/newsletter\/pdfviewer\/?pdf=1SVHZ4_jz2VUCVefvDW_xO_SCSegq3LZC\"><br \/>\n\t\t\t\t\t\t\t<img width=\"240\" height=\"310\" src=\"https:\/\/gem.pt\/wp-content\/uploads\/2024\/08\/MEANDRO_N1.jpg\" alt=\"\" decoding=\"async\" srcset=\"https:\/\/gem.pt\/wp-content\/uploads\/2024\/08\/MEANDRO_N1.jpg 240w, https:\/\/gem.pt\/wp-content\/uploads\/2024\/08\/MEANDRO_N1-9x12.jpg 9w\" sizes=\"(max-width: 240px) 100vw, 240px\" \/>\t\t\t\t\t\t\t\t<\/a><br \/>\n\t\tMEANDRO N.1 - 2015Pode adquirir\u00a0a revista MEANDRO em formato impresso\u00a0enviando o seu pedido para <u><a style=\"color: inherit;\" href=\"mailto:geral@gem.pt\" data-attached-link=\"{&quot;type&quot;:&quot;Email&quot;,&quot;url&quot;:&quot;geral@gem.pt&quot;,&quot;title&quot;:&quot;geral@gem.pt&quot;}\">geral@gem.pt<\/a><\/u>Custo da revista em formato impresso: 10\u20ac + despesas de envio.<\/p>","protected":false},"excerpt":{"rendered":"<p>\u00a0 Revista MEANDRO \u00a0A revista\u00a0que re\u00fane os trabalhos fotogr\u00e1ficos, topogr\u00e1ficos e cient\u00edficos\u00a0do GEM MEANDRO N.4 &#8211; 2018 MEANDRO N.3 &#8211; 2017 MEANDRO N.2 &#8211; 2016 MEANDRO N.1 &#8211; 2015Pode adquirir\u00a0a revista MEANDRO em formato impresso\u00a0enviando o seu pedido para geral@gem.ptCusto da revista em formato impresso: 10\u20ac + despesas de envio.<\/p>","protected":false},"author":1,"featured_media":0,"parent":801,"menu_order":3,"comment_status":"closed","ping_status":"closed","template":"","meta":{"footnotes":""},"class_list":["post-10823","page","type-page","status-publish","hentry"],"_links":{"self":[{"href":"http:\/\/gem.pt\/1\/en\/wp-json\/wp\/v2\/pages\/10823","targetHints":{"allow":["GET"]}}],"collection":[{"href":"http:\/\/gem.pt\/1\/en\/wp-json\/wp\/v2\/pages"}],"about":[{"href":"http:\/\/gem.pt\/1\/en\/wp-json\/wp\/v2\/types\/page"}],"author":[{"embeddable":true,"href":"http:\/\/gem.pt\/1\/en\/wp-json\/wp\/v2\/users\/1"}],"replies":[{"embeddable":true,"href":"http:\/\/gem.pt\/1\/en\/wp-json\/wp\/v2\/comments?post=10823"}],"version-history":[{"count":3,"href":"http:\/\/gem.pt\/1\/en\/wp-json\/wp\/v2\/pages\/10823\/revisions"}],"predecessor-version":[{"id":22309,"href":"http:\/\/gem.pt\/1\/en\/wp-json\/wp\/v2\/pages\/10823\/revisions\/22309"}],"up":[{"embeddable":true,"href":"http:\/\/gem.pt\/1\/en\/wp-json\/wp\/v2\/pages\/801"}],"wp:attachment":[{"href":"http:\/\/gem.pt\/1\/en\/wp-json\/wp\/v2\/media?parent=10823"}],"curies":[{"name":"wp","href":"https:\/\/api.w.org\/{rel}","templated":true}]}}