{"id":1088,"date":"2020-05-27T23:09:55","date_gmt":"2020-05-27T23:09:55","guid":{"rendered":"https:\/\/gem.pt\/@teste\/?page_id=1088"},"modified":"2025-05-17T20:02:16","modified_gmt":"2025-05-17T19:02:16","slug":"iniciacao-ao-alpinismo","status":"publish","type":"page","link":"http:\/\/gem.pt\/1\/en\/formacao\/iniciacao-ao-alpinismo\/","title":{"rendered":"Alpinism Initiation"},"content":{"rendered":"<p>\u00a0<\/p>\n<p>Curso de Inicia\u00e7\u00e3o ao Alpinismo<br \/>Curso b\u00e1sico\u00a0de T\u00e9cnicas Invernais em Montanha<\/p>\n<hr \/>\n<p>\u00a0O curso de inicia\u00e7\u00e3o ao Alpinismo \u00e9 um curso intensivo de t\u00e9cnicas de montanha invernal e alpinismo, que consiste na obten\u00e7\u00e3o de conhecimentos b\u00e1sicos de t\u00e9cnicas invernais de montanha, por forma a realizar com seguran\u00e7a atividades de progress\u00e3o em montanha e ascens\u00f5es de dificuldade\u00a0relativamente baixa.\u00a0<img fetchpriority=\"high\" decoding=\"async\" src=\"https:\/\/gem.pt\/wp-content\/uploads\/2020\/05\/Formacao_3_1.jpg\" alt=\"\" width=\"452\" height=\"300\" \/>Inclui aulas te\u00f3ricas e pr\u00e1ticas, com\u00a0sa\u00eddas a locais com condi\u00e7\u00f5es para a pr\u00e1tica das t\u00e9cnicas de montanha em ambiente alpino.\u00a0O praticante fica habilitado a integrar equipas de cordada, dar seguran\u00e7a a companheiro e montar a sua pr\u00f3pria seguran\u00e7a.\u00a0Este curso\u00a0n\u00e3o confere credencia\u00e7\u00e3o t\u00e9cnica.\u00a0Calend\u00e1rio e Inscri\u00e7\u00f5esVeja\u00a0no <u><a style=\"color: inherit;\" title=\"\" href=\"https:\/\/gem.pt\/1\/en\/atividades\/plano-atividades\/\" type=\"\" data-attached-link=\"{\">plano de atividades<\/a><\/u> as pr\u00f3ximas forma\u00e7\u00f5es de Inicia\u00e7\u00e3o ao Alpinismo. Para marca\u00e7\u00f5es de grupos ou outras datas contacte o GEM atrav\u00e9s do <u><a style=\"color: inherit;\" title=\"\" href=\"mailto:geral@gem.pt\" type=\"\" data-attached-link=\"{\">geral@gem.pt<\/a><\/u><u><\/u>.\u00a0<strong><u>Valor de inscri\u00e7\u00e3o<\/u><\/strong>:\u00a0Ver folheto do respetivo programa de forma\u00e7\u00e3o (inclui: equipamento coletivo de seguran\u00e7a, seguro pessoal, quota de s\u00f3cio tempor\u00e1rio, e certificado de forma\u00e7\u00e3o).\u00a0<strong><u>Formul\u00e1rio de Inscri\u00e7\u00e3o<\/u><\/strong>: Para se inscrever na forma\u00e7\u00e3o dever\u00e1 efetuar o pedido\u00a0para\u00a0<u><a style=\"color: inherit;\" title=\"\" href=\"mailto:geral@gem.pt\" type=\"\" data-attached-link=\"{\">geral@gem.pt<\/a><\/u>\u00a0dentro do prazo de inscri\u00e7\u00e3o,\u00a0juntamente com o comprovativo do pagamento do valor de inscri\u00e7\u00e3o, de acordo com as instru\u00e7\u00f5es do\u00a0folheto de divulga\u00e7\u00e3o da forma\u00e7\u00e3o. Se n\u00e3o for s\u00f3cio GEM, dever\u00e1 incluir no pedido a <a style=\"color: #ff9900; text-decoration: underline;\" href=\"\/wp-content\/uploads\/2020\/09\/Proposta-de-Socio-Aderente_GEM_2017.pdf\" target=\"_blank\" rel=\"noopener\">proposta de s\u00f3cio aderente<\/a>\u00a0preenchida\u00a0por completo.<\/p>","protected":false},"excerpt":{"rendered":"<p>\u00a0 Curso de Inicia\u00e7\u00e3o ao AlpinismoCurso b\u00e1sico\u00a0de T\u00e9cnicas Invernais em Montanha \u00a0O curso de inicia\u00e7\u00e3o ao Alpinismo \u00e9 um curso intensivo de t\u00e9cnicas de montanha invernal e alpinismo, que consiste na obten\u00e7\u00e3o de conhecimentos b\u00e1sicos de t\u00e9cnicas invernais de montanha, por forma a realizar com seguran\u00e7a atividades de progress\u00e3o em montanha e ascens\u00f5es de dificuldade\u00a0relativamente [&hellip;]<\/p>\n","protected":false},"author":1,"featured_media":0,"parent":867,"menu_order":2,"comment_status":"closed","ping_status":"closed","template":"","meta":{"footnotes":""},"class_list":["post-1088","page","type-page","status-publish","hentry"],"_links":{"self":[{"href":"http:\/\/gem.pt\/1\/en\/wp-json\/wp\/v2\/pages\/1088","targetHints":{"allow":["GET"]}}],"collection":[{"href":"http:\/\/gem.pt\/1\/en\/wp-json\/wp\/v2\/pages"}],"about":[{"href":"http:\/\/gem.pt\/1\/en\/wp-json\/wp\/v2\/types\/page"}],"author":[{"embeddable":true,"href":"http:\/\/gem.pt\/1\/en\/wp-json\/wp\/v2\/users\/1"}],"replies":[{"embeddable":true,"href":"http:\/\/gem.pt\/1\/en\/wp-json\/wp\/v2\/comments?post=1088"}],"version-history":[{"count":0,"href":"http:\/\/gem.pt\/1\/en\/wp-json\/wp\/v2\/pages\/1088\/revisions"}],"up":[{"embeddable":true,"href":"http:\/\/gem.pt\/1\/en\/wp-json\/wp\/v2\/pages\/867"}],"wp:attachment":[{"href":"http:\/\/gem.pt\/1\/en\/wp-json\/wp\/v2\/media?parent=1088"}],"curies":[{"name":"wp","href":"https:\/\/api.w.org\/{rel}","templated":true}]}}