{"id":12302,"date":"2021-09-22T23:57:49","date_gmt":"2021-09-22T22:57:49","guid":{"rendered":"https:\/\/gem.pt\/1\/?page_id=12302"},"modified":"2025-08-10T16:24:13","modified_gmt":"2025-08-10T15:24:13","slug":"orgaos-sociais","status":"publish","type":"page","link":"http:\/\/gem.pt\/1\/en\/quemsomos\/orgaos-sociais\/","title":{"rendered":"Committee"},"content":{"rendered":"<p>\u00a0<\/p>\n<h6>Social Bodies 2024-2025<\/h6>\n<hr \/>\n<p>\u00a0This is the constitution of the social bodies and the GEM coordinating committee elected for the 2024-2025 biennium<\/p>\n<p>Committee<\/p>\n<figure><img width=\"133\" height=\"133\" src=\"https:\/\/gem.pt\/wp-content\/uploads\/2025\/02\/Avatar_MBorges.jpg\" alt=\"\" decoding=\"async\" srcset=\"https:\/\/gem.pt\/wp-content\/uploads\/2025\/02\/Avatar_MBorges.jpg 133w, https:\/\/gem.pt\/wp-content\/uploads\/2025\/02\/Avatar_MBorges-12x12.jpg 12w\" sizes=\"(max-width: 133px) 100vw, 133px\" \/><\/figure>\n<h3>Marta Borges<\/h3>\n<p>President<\/p>\n<figure><img width=\"131\" height=\"131\" src=\"https:\/\/gem.pt\/wp-content\/uploads\/2021\/02\/Avatar_PRodrigues.jpg\" alt=\"\" decoding=\"async\" \/><\/figure>\n<h3>Paulo Rodrigues<\/h3>\n<p>Vice-President<\/p>\n<figure><img width=\"129\" height=\"129\" src=\"https:\/\/gem.pt\/wp-content\/uploads\/2021\/09\/Avatar_ABarros.jpg\" alt=\"\" decoding=\"async\" \/><\/figure>\n<h3>Ana Barros<\/h3>\n<p>Treasurer<\/p>\n<figure><img loading=\"lazy\" width=\"131\" height=\"131\" src=\"https:\/\/gem.pt\/wp-content\/uploads\/2024\/08\/Avatar_MJBranco.jpg\" alt=\"\" decoding=\"async\" srcset=\"https:\/\/gem.pt\/wp-content\/uploads\/2024\/08\/Avatar_MJBranco.jpg 131w, https:\/\/gem.pt\/wp-content\/uploads\/2024\/08\/Avatar_MJBranco-12x12.jpg 12w\" sizes=\"(max-width: 131px) 100vw, 131px\" \/><\/figure>\n<h3>M\u00aa Jo\u00e3o Branco<\/h3>\n<p>1st Editor<\/p>\n<figure><img loading=\"lazy\" width=\"131\" height=\"131\" src=\"https:\/\/gem.pt\/wp-content\/uploads\/2024\/08\/Avatar_RLavado.jpg\" alt=\"\" decoding=\"async\" srcset=\"https:\/\/gem.pt\/wp-content\/uploads\/2024\/08\/Avatar_RLavado.jpg 131w, https:\/\/gem.pt\/wp-content\/uploads\/2024\/08\/Avatar_RLavado-12x12.jpg 12w\" sizes=\"(max-width: 131px) 100vw, 131px\" \/><\/figure>\n<h3>Raquel Lavado<\/h3>\n<p>2nd editor<\/p>\n<p>Fiscal Council<\/p>\n<figure><img loading=\"lazy\" width=\"131\" height=\"131\" src=\"https:\/\/gem.pt\/wp-content\/uploads\/2021\/09\/Avatar_PSantos.jpg\" alt=\"\" decoding=\"async\" \/><\/figure>\n<h3>Pedro Santos<\/h3>\n<p>President<\/p>\n<figure><img loading=\"lazy\" width=\"126\" height=\"126\" src=\"https:\/\/gem.pt\/wp-content\/uploads\/2021\/09\/Avatar_CTenente.jpg\" alt=\"\" decoding=\"async\" \/><\/figure>\n<h3>Carlos Tenente<\/h3>\n<p>1st Editor<\/p>\n<figure><img loading=\"lazy\" width=\"131\" height=\"131\" src=\"https:\/\/gem.pt\/wp-content\/uploads\/2021\/09\/Avatar_AReis.jpg\" alt=\"\" decoding=\"async\" \/><\/figure>\n<h3>Alda Reis<\/h3>\n<p>2nd editor<\/p>\n<p>General Assembly<\/p>\n<figure><img loading=\"lazy\" width=\"131\" height=\"131\" src=\"https:\/\/gem.pt\/wp-content\/uploads\/2021\/09\/Avatar_VT.jpg\" alt=\"\" decoding=\"async\" \/><\/figure>\n<h3>Vitor Toucinho<\/h3>\n<p>President<\/p>\n<figure><img loading=\"lazy\" width=\"131\" height=\"131\" src=\"https:\/\/gem.pt\/wp-content\/uploads\/2021\/09\/Avatar_AAnjo.jpg\" alt=\"\" decoding=\"async\" \/><\/figure>\n<h3>Ana Anjo<\/h3>\n<p>1st Editor<\/p>\n<figure><img loading=\"lazy\" width=\"126\" height=\"126\" src=\"https:\/\/gem.pt\/wp-content\/uploads\/2021\/09\/Avatar_MMatias.jpg\" alt=\"\" decoding=\"async\" \/><\/figure>\n<h3>Marco Matias<\/h3>\n<p>2nd editor<\/p>\n<p>Coordinating Committee<\/p>\n<p>Speleology<\/p>\n<figure><img loading=\"lazy\" width=\"131\" height=\"131\" src=\"https:\/\/gem.pt\/wp-content\/uploads\/2022\/04\/Avatar_PLopes.jpg\" alt=\"\" decoding=\"async\" \/><\/figure>\n<h3>Paulo Lopes<\/h3>\n<p>Coordinator<\/p>\n<figure><img width=\"131\" height=\"131\" src=\"https:\/\/gem.pt\/wp-content\/uploads\/2021\/02\/Avatar_PRodrigues.jpg\" alt=\"\" decoding=\"async\" \/><\/figure>\n<h3>Paulo Rodrigues<\/h3>\n<p>Support<\/p>\n<figure><img loading=\"lazy\" width=\"131\" height=\"131\" src=\"https:\/\/gem.pt\/wp-content\/uploads\/2024\/08\/Avatar_FCastro.jpg\" alt=\"\" decoding=\"async\" srcset=\"https:\/\/gem.pt\/wp-content\/uploads\/2024\/08\/Avatar_FCastro.jpg 131w, https:\/\/gem.pt\/wp-content\/uploads\/2024\/08\/Avatar_FCastro-12x12.jpg 12w\" sizes=\"(max-width: 131px) 100vw, 131px\" \/><\/figure>\n<h3>Filipe Castro<\/h3>\n<p>Support<\/p>\n<figure><img loading=\"lazy\" width=\"131\" height=\"131\" src=\"https:\/\/gem.pt\/wp-content\/uploads\/2024\/08\/Avatar_RFerreira.jpg\" alt=\"\" decoding=\"async\" srcset=\"https:\/\/gem.pt\/wp-content\/uploads\/2024\/08\/Avatar_RFerreira.jpg 131w, https:\/\/gem.pt\/wp-content\/uploads\/2024\/08\/Avatar_RFerreira-12x12.jpg 12w\" sizes=\"(max-width: 131px) 100vw, 131px\" \/><\/figure>\n<h3>Rui Ferreira<\/h3>\n<p>Material Resp.<\/p>\n<figure><img loading=\"lazy\" width=\"131\" height=\"131\" src=\"https:\/\/gem.pt\/wp-content\/uploads\/2021\/09\/Avatar_PRobalo.jpg\" alt=\"\" decoding=\"async\" \/><\/figure>\n<h3>Pedro Robalo<\/h3>\n<p>Database Resp.<\/p>\n<figure><img loading=\"lazy\" width=\"130\" height=\"130\" src=\"https:\/\/gem.pt\/wp-content\/uploads\/2023\/03\/Avatar_PAguiar.jpg\" alt=\"\" decoding=\"async\" \/><\/figure>\n<h3>Pedro Aguiar<\/h3>\n<p>North Section Resp.<\/p>\n<figure><img loading=\"lazy\" width=\"131\" height=\"131\" src=\"https:\/\/gem.pt\/wp-content\/uploads\/2021\/09\/Avatar_SLopes.jpg\" alt=\"\" decoding=\"async\" \/><\/figure>\n<h3>Sandra Lopes<\/h3>\n<p>Algarve Section Resp.<\/p>\n<p>Hiking \/ Mountaineering<\/p>\n<figure><img loading=\"lazy\" width=\"131\" height=\"131\" src=\"https:\/\/gem.pt\/wp-content\/uploads\/2021\/09\/Avatar_AAnjo.jpg\" alt=\"\" decoding=\"async\" \/><\/figure>\n<h3>Ana Anjo<\/h3>\n<p>Hiking Resp.<\/p>\n<figure><img loading=\"lazy\" width=\"131\" height=\"131\" src=\"https:\/\/gem.pt\/wp-content\/uploads\/2021\/09\/Avatar_AReis.jpg\" alt=\"\" decoding=\"async\" \/><\/figure>\n<h3>Alda Reis<\/h3>\n<p>Hiking Resp.<\/p>\n<figure><img loading=\"lazy\" width=\"129\" height=\"129\" src=\"https:\/\/gem.pt\/wp-content\/uploads\/2021\/09\/Avatar_VAmendoeira.jpg\" alt=\"\" decoding=\"async\" \/><\/figure>\n<h3>Vitor Amendoeira<\/h3>\n<p>Mountaineering Resp.<\/p>\n<figure><img loading=\"lazy\" width=\"131\" height=\"131\" src=\"https:\/\/gem.pt\/wp-content\/uploads\/2024\/08\/Avatar_AJalles.jpg\" alt=\"\" decoding=\"async\" srcset=\"https:\/\/gem.pt\/wp-content\/uploads\/2024\/08\/Avatar_AJalles.jpg 131w, https:\/\/gem.pt\/wp-content\/uploads\/2024\/08\/Avatar_AJalles-12x12.jpg 12w\" sizes=\"(max-width: 131px) 100vw, 131px\" \/><\/figure>\n<h3>Alvaro Jalles<\/h3>\n<p>Mountaineering Resp.<\/p>\n<p>Canyoning<\/p>\n<figure><img loading=\"lazy\" width=\"131\" height=\"131\" src=\"https:\/\/gem.pt\/wp-content\/uploads\/2021\/09\/Avatar_PSantos.jpg\" alt=\"\" decoding=\"async\" \/><\/figure>\n<h3>Pedro Santos<\/h3>\n<p>Coordinator<\/p>\n<figure><img loading=\"lazy\" width=\"132\" height=\"132\" src=\"https:\/\/gem.pt\/wp-content\/uploads\/2021\/09\/Avatar_SCarvalho.jpg\" alt=\"\" decoding=\"async\" \/><\/figure>\n<h3>S\u00e9rgio Carvalho<\/h3>\n<p>Coordinator<\/p>\n<figure><img loading=\"lazy\" width=\"132\" height=\"132\" src=\"https:\/\/gem.pt\/wp-content\/uploads\/2021\/09\/Avatar_MLimao.jpg\" alt=\"\" decoding=\"async\" \/><\/figure>\n<h3>M\u00f3nica Lim\u00e3o<\/h3>\n<p>Coordinator<\/p>\n<p>Via Ferratas<\/p>\n<figure><img loading=\"lazy\" width=\"132\" height=\"132\" src=\"https:\/\/gem.pt\/wp-content\/uploads\/2021\/09\/Avatar_MLimao.jpg\" alt=\"\" decoding=\"async\" \/><\/figure>\n<h3>M\u00f3nica Lim\u00e3o<\/h3>\n<p>Coordinator<\/p>\n<figure><img loading=\"lazy\" width=\"131\" height=\"131\" src=\"https:\/\/gem.pt\/wp-content\/uploads\/2024\/08\/Avatar_FCastro.jpg\" alt=\"\" decoding=\"async\" srcset=\"https:\/\/gem.pt\/wp-content\/uploads\/2024\/08\/Avatar_FCastro.jpg 131w, https:\/\/gem.pt\/wp-content\/uploads\/2024\/08\/Avatar_FCastro-12x12.jpg 12w\" sizes=\"(max-width: 131px) 100vw, 131px\" \/><\/figure>\n<h3>Filipe Castro<\/h3>\n<p>Support<\/p>\n<p>Photography<\/p>\n<figure><img loading=\"lazy\" width=\"126\" height=\"126\" src=\"https:\/\/gem.pt\/wp-content\/uploads\/2021\/09\/Avatar_CTenente.jpg\" alt=\"\" decoding=\"async\" \/><\/figure>\n<h3>Carlos Tenente<\/h3>\n<p>Coordinator<\/p>\n<figure><img loading=\"lazy\" width=\"131\" height=\"131\" src=\"https:\/\/gem.pt\/wp-content\/uploads\/2021\/09\/Avatar_VT.jpg\" alt=\"\" decoding=\"async\" \/><\/figure>\n<h3>Vitor Toucinho<\/h3>\n<p>Coordinator<\/p>\n<figure><img loading=\"lazy\" width=\"131\" height=\"131\" src=\"https:\/\/gem.pt\/wp-content\/uploads\/2023\/05\/Avatar_MSilva.jpg\" alt=\"\" decoding=\"async\" srcset=\"https:\/\/gem.pt\/wp-content\/uploads\/2023\/05\/Avatar_MSilva.jpg 131w, https:\/\/gem.pt\/wp-content\/uploads\/2023\/05\/Avatar_MSilva-12x12.jpg 12w\" sizes=\"(max-width: 131px) 100vw, 131px\" \/><\/figure>\n<h3>M\u00aa Jos\u00e9 Silva<\/h3>\n<p>Support<\/p>\n<figure><img width=\"133\" height=\"133\" src=\"https:\/\/gem.pt\/wp-content\/uploads\/2025\/02\/Avatar_MBorges.jpg\" alt=\"\" decoding=\"async\" srcset=\"https:\/\/gem.pt\/wp-content\/uploads\/2025\/02\/Avatar_MBorges.jpg 133w, https:\/\/gem.pt\/wp-content\/uploads\/2025\/02\/Avatar_MBorges-12x12.jpg 12w\" sizes=\"(max-width: 133px) 100vw, 133px\" \/><\/figure>\n<h3>Marta Borges<\/h3>\n<p>Support<\/p>\n<p>Ecospeleology<\/p>\n<figure><img loading=\"lazy\" width=\"131\" height=\"131\" src=\"https:\/\/gem.pt\/wp-content\/uploads\/2022\/04\/Avatar_PLopes.jpg\" alt=\"\" decoding=\"async\" \/><\/figure>\n<h3>Paulo Lopes<\/h3>\n<p>Coordinator<\/p>\n<p>Climatology<\/p>\n<figure><img loading=\"lazy\" width=\"129\" height=\"129\" src=\"https:\/\/gem.pt\/wp-content\/uploads\/2021\/09\/Avatar_VAmendoeira.jpg\" alt=\"\" decoding=\"async\" \/><\/figure>\n<h3>Vitor Amendoeira<\/h3>\n<p>Coordinator<\/p>\n<p>Image \/ Multimedia<\/p>\n<figure><img width=\"133\" height=\"133\" src=\"https:\/\/gem.pt\/wp-content\/uploads\/2025\/02\/Avatar_MBorges.jpg\" alt=\"\" decoding=\"async\" srcset=\"https:\/\/gem.pt\/wp-content\/uploads\/2025\/02\/Avatar_MBorges.jpg 133w, https:\/\/gem.pt\/wp-content\/uploads\/2025\/02\/Avatar_MBorges-12x12.jpg 12w\" sizes=\"(max-width: 133px) 100vw, 133px\" \/><\/figure>\n<h3>Marta Borges<\/h3>\n<p>Image Resp.<\/p>\n<figure><img loading=\"lazy\" width=\"131\" height=\"131\" src=\"https:\/\/gem.pt\/wp-content\/uploads\/2021\/09\/Avatar_VT.jpg\" alt=\"\" decoding=\"async\" \/><\/figure>\n<h3>Vitor Toucinho<\/h3>\n<p>Multimedia Resp.<\/p>\n<p>Training \/ Documentation<\/p>\n<figure><img loading=\"lazy\" width=\"129\" height=\"129\" src=\"https:\/\/gem.pt\/wp-content\/uploads\/2021\/09\/Avatar_VAmendoeira.jpg\" alt=\"\" decoding=\"async\" \/><\/figure>\n<h3>Vitor Amendoeira<\/h3>\n<p>Coordinator<\/p>\n<figure><img width=\"131\" height=\"131\" src=\"https:\/\/gem.pt\/wp-content\/uploads\/2021\/02\/Avatar_PRodrigues.jpg\" alt=\"\" decoding=\"async\" \/><\/figure>\n<h3>Paulo Rodrigues<\/h3>\n<p>Coordinator<\/p>\n<p>Communication<\/p>\n<figure><img width=\"133\" height=\"133\" src=\"https:\/\/gem.pt\/wp-content\/uploads\/2025\/02\/Avatar_MBorges.jpg\" alt=\"\" decoding=\"async\" srcset=\"https:\/\/gem.pt\/wp-content\/uploads\/2025\/02\/Avatar_MBorges.jpg 133w, https:\/\/gem.pt\/wp-content\/uploads\/2025\/02\/Avatar_MBorges-12x12.jpg 12w\" sizes=\"(max-width: 133px) 100vw, 133px\" \/><\/figure>\n<h3>Marta Borges<\/h3>\n<p>Coordinator<\/p>","protected":false},"excerpt":{"rendered":"<p>\u00a0 Org\u00e3os Sociais 2024-2025 \u00a0Esta \u00e9 a constitui\u00e7\u00e3o dos org\u00e3os sociais e da comiss\u00e3o coordenadora do GEM eleita para o bi\u00e9nio 2024-2025 Dire\u00e7\u00e3o Marta Borges Presidente Paulo Rodrigues Vice-Presidente Ana Barros Tesoureiro M\u00aa Jo\u00e3o Branco 1\u00ba Vogal Raquel Lavado 2\u00ba Vogal Conselho Fiscal Pedro Santos Presidente Carlos Tenente 1\u00ba Vogal Alda Reis 2\u00ba Vogal Assembleia [&hellip;]<\/p>\n","protected":false},"author":1,"featured_media":0,"parent":712,"menu_order":0,"comment_status":"closed","ping_status":"closed","template":"","meta":{"footnotes":""},"class_list":["post-12302","page","type-page","status-publish","hentry"],"_links":{"self":[{"href":"http:\/\/gem.pt\/1\/en\/wp-json\/wp\/v2\/pages\/12302","targetHints":{"allow":["GET"]}}],"collection":[{"href":"http:\/\/gem.pt\/1\/en\/wp-json\/wp\/v2\/pages"}],"about":[{"href":"http:\/\/gem.pt\/1\/en\/wp-json\/wp\/v2\/types\/page"}],"author":[{"embeddable":true,"href":"http:\/\/gem.pt\/1\/en\/wp-json\/wp\/v2\/users\/1"}],"replies":[{"embeddable":true,"href":"http:\/\/gem.pt\/1\/en\/wp-json\/wp\/v2\/comments?post=12302"}],"version-history":[{"count":0,"href":"http:\/\/gem.pt\/1\/en\/wp-json\/wp\/v2\/pages\/12302\/revisions"}],"up":[{"embeddable":true,"href":"http:\/\/gem.pt\/1\/en\/wp-json\/wp\/v2\/pages\/712"}],"wp:attachment":[{"href":"http:\/\/gem.pt\/1\/en\/wp-json\/wp\/v2\/media?parent=12302"}],"curies":[{"name":"wp","href":"https:\/\/api.w.org\/{rel}","templated":true}]}}