{"id":1354,"date":"2020-06-01T18:54:50","date_gmt":"2020-06-01T17:54:50","guid":{"rendered":"https:\/\/gem.pt\/@teste\/?page_id=1354"},"modified":"2021-03-15T23:44:04","modified_gmt":"2021-03-15T23:44:04","slug":"venda-de-artigos-gem","status":"publish","type":"page","link":"http:\/\/gem.pt\/1\/en\/socio-gem\/venda-de-artigos-gem\/","title":{"rendered":"GEM Shop"},"content":{"rendered":"<h1>GEM Sales<\/h1>\n<p>\t\t\u00a0Artigos\u00a0GEM em venda\u00a0<\/p>\n<hr \/>\n<p>Estes s\u00e3o alguns dos artigos que se encontram atualmente\u00a0dispon\u00edveis para aquisi\u00e7\u00e3o:<\/p>\n<figure>\n\t\t\t\t\t\t\t\t\t\t\t<a href=\"https:\/\/gem.pt\/wp-content\/uploads\/2020\/06\/ArtigoGEM_polar_preto.jpg\" data-elementor-open-lightbox=\"yes\" data-elementor-lightbox-title=\"Polar GEM preto: 20\u20ac\" data-elementor-lightbox-description=\"Forro polar 200\"><br \/>\n\t\t\t\t\t\t\t<img loading=\"lazy\" decoding=\"async\" width=\"1614\" height=\"1026\" src=\"https:\/\/gem.pt\/wp-content\/uploads\/2020\/06\/ArtigoGEM_polar_preto.jpg\" alt=\"\" srcset=\"https:\/\/gem.pt\/wp-content\/uploads\/2020\/06\/ArtigoGEM_polar_preto.jpg 1614w, https:\/\/gem.pt\/wp-content\/uploads\/2020\/06\/ArtigoGEM_polar_preto-1536x976.jpg 1536w\" sizes=\"auto, (max-width: 1614px) 100vw, 1614px\" \/>\t\t\t\t\t\t\t\t<\/a><figcaption>Polar GEM preto: 20\u20ac<\/figcaption><\/figure>\n<figure>\n\t\t\t\t\t\t\t\t\t\t\t<a href=\"https:\/\/gem.pt\/wp-content\/uploads\/2020\/06\/ArtigoGEM_polar_laranja.jpg\" data-elementor-open-lightbox=\"yes\" data-elementor-lightbox-title=\"Polar GEM laranja: 20\u20ac\" data-elementor-lightbox-description=\"Forro polar 200\"><br \/>\n\t\t\t\t\t\t\t<img loading=\"lazy\" decoding=\"async\" width=\"1690\" height=\"1026\" src=\"https:\/\/gem.pt\/wp-content\/uploads\/2020\/06\/ArtigoGEM_polar_laranja.jpg\" alt=\"\" srcset=\"https:\/\/gem.pt\/wp-content\/uploads\/2020\/06\/ArtigoGEM_polar_laranja.jpg 1690w, https:\/\/gem.pt\/wp-content\/uploads\/2020\/06\/ArtigoGEM_polar_laranja-1536x933.jpg 1536w\" sizes=\"auto, (max-width: 1690px) 100vw, 1690px\" \/>\t\t\t\t\t\t\t\t<\/a><figcaption>Polar GEM laranja: 20\u20ac<\/figcaption><\/figure>\n<figure>\n\t\t\t\t\t\t\t\t\t\t\t<a href=\"https:\/\/gem.pt\/wp-content\/uploads\/2020\/06\/ArtigoGEM_T_eusou_preto.jpg\" data-elementor-open-lightbox=\"yes\" data-elementor-lightbox-title=\"T-shirt com frente &quot;EU SOU GEM&quot;: 10\u20ac\" data-elementor-lightbox-description=\"T-shirt preta com texto branco e logotipo GEM na frente. Dispon\u00edvel tamb\u00e9m em laranja com texto preto.\"><br \/>\n\t\t\t\t\t\t\t<img loading=\"lazy\" decoding=\"async\" width=\"1090\" height=\"968\" src=\"https:\/\/gem.pt\/wp-content\/uploads\/2020\/06\/ArtigoGEM_T_eusou_preto.jpg\" alt=\"\" \/>\t\t\t\t\t\t\t\t<\/a><figcaption>T-shirt com frente \"EU SOU GEM\": 10\u20ac<\/figcaption><\/figure>\n<figure>\n\t\t\t\t\t\t\t\t\t\t\t<a href=\"https:\/\/gem.pt\/wp-content\/uploads\/2020\/06\/ArtigoGEM_T_100_preto.jpg\" data-elementor-open-lightbox=\"yes\" data-elementor-lightbox-title=\"T-shirt com frente &quot;100% GEM&quot;: 10\u20ac\" data-elementor-lightbox-description=\"T-shirt preta com texto branco e logotipo GEM na frente. Dispon\u00edvel tamb\u00e9m em laranja com texto preto.\"><br \/>\n\t\t\t\t\t\t\t<img loading=\"lazy\" decoding=\"async\" width=\"1082\" height=\"966\" src=\"https:\/\/gem.pt\/wp-content\/uploads\/2020\/06\/ArtigoGEM_T_100_preto.jpg\" alt=\"\" \/>\t\t\t\t\t\t\t\t<\/a><figcaption>T-shirt com frente \"100% GEM\": 10\u20ac<\/figcaption><\/figure>\n<figure>\n\t\t\t\t\t\t\t\t\t\t\t<a href=\"https:\/\/gem.pt\/wp-content\/uploads\/2020\/06\/ArtigoGEM_T_rapel_preto.jpg\" data-elementor-open-lightbox=\"yes\" data-elementor-lightbox-title=\"Verso de T-shirt com tema ESPELEOLOGIA RAPEL: 10\u20ac\" data-elementor-lightbox-description=\"T-shirt preta com texto e imagem a branco no verso. Dispon\u00edvel tamb\u00e9m em laranja com texto e imagem a preto.\"><br \/>\n\t\t\t\t\t\t\t<img loading=\"lazy\" decoding=\"async\" width=\"1082\" height=\"966\" src=\"https:\/\/gem.pt\/wp-content\/uploads\/2020\/06\/ArtigoGEM_T_rapel_preto.jpg\" alt=\"\" \/>\t\t\t\t\t\t\t\t<\/a><figcaption>Verso de T-shirt com tema ESPELEOLOGIA RAPEL: 10\u20ac<\/figcaption><\/figure>\n<figure>\n\t\t\t\t\t\t\t\t\t\t\t<a href=\"https:\/\/gem.pt\/wp-content\/uploads\/2020\/06\/ArtigoGEM_T_rapel_laranja.jpg\" data-elementor-open-lightbox=\"yes\" data-elementor-lightbox-title=\"Verso de T-shirt com tema ESPELEOLOGIA RAPEL: 10\u20ac\" data-elementor-lightbox-description=\"T-shirt laranja com texto e imagem a preto no verso. Dispon\u00edvel tamb\u00e9m em preto com texto e imagem a branco.\"><br \/>\n\t\t\t\t\t\t\t<img loading=\"lazy\" decoding=\"async\" width=\"1082\" height=\"966\" src=\"https:\/\/gem.pt\/wp-content\/uploads\/2020\/06\/ArtigoGEM_T_rapel_laranja.jpg\" alt=\"\" \/>\t\t\t\t\t\t\t\t<\/a><figcaption>Verso de T-shirt com tema ESPELEOLOGIA RAPEL: 10\u20ac<\/figcaption><\/figure>\n<figure>\n\t\t\t\t\t\t\t\t\t\t\t<a href=\"https:\/\/gem.pt\/wp-content\/uploads\/2020\/06\/ArtigoGEM_T_espeleo_preto.jpg\" data-elementor-open-lightbox=\"yes\" data-elementor-lightbox-title=\"Verso de T-shirt com tema ESPELEOLOGIA TOPO: 10\u20ac\" data-elementor-lightbox-description=\"T-shirt preta com texto e imagem a branco no verso. Dispon\u00edvel tamb\u00e9m em laranja com texto e imagem a preto.\"><br \/>\n\t\t\t\t\t\t\t<img loading=\"lazy\" decoding=\"async\" width=\"1078\" height=\"960\" src=\"https:\/\/gem.pt\/wp-content\/uploads\/2020\/06\/ArtigoGEM_T_espeleo_preto.jpg\" alt=\"\" \/>\t\t\t\t\t\t\t\t<\/a><figcaption>Verso de T-shirt com tema ESPELEOLOGIA TOPO: 10\u20ac<\/figcaption><\/figure>\n<figure>\n\t\t\t\t\t\t\t\t\t\t\t<a href=\"https:\/\/gem.pt\/wp-content\/uploads\/2020\/06\/ArtigoGEM_T_espeleo_laranja.jpg\" data-elementor-open-lightbox=\"yes\" data-elementor-lightbox-title=\"Verso de T-shirt com tema ESPELEOLOGIA TOPO: 10\u20ac\" data-elementor-lightbox-description=\"T-shirt laranja com texto e imagem a preto no verso. Dispon\u00edvel tamb\u00e9m em preto com texto e imagem a branco.\"><br \/>\n\t\t\t\t\t\t\t<img loading=\"lazy\" decoding=\"async\" width=\"1078\" height=\"960\" src=\"https:\/\/gem.pt\/wp-content\/uploads\/2020\/06\/ArtigoGEM_T_espeleo_laranja.jpg\" alt=\"\" \/>\t\t\t\t\t\t\t\t<\/a><figcaption>Verso de T-shirt com tema ESPELEOLOGIA TOPO: 10\u20ac<\/figcaption><\/figure>\n<figure>\n\t\t\t\t\t\t\t\t\t\t\t<a href=\"https:\/\/gem.pt\/wp-content\/uploads\/2020\/06\/ArtigoGEM_T_montanha_preto.jpg\" data-elementor-open-lightbox=\"yes\" data-elementor-lightbox-title=\"Verso de T-shirt com tema MONTANHISMO PIOLET: 10\u20ac\" data-elementor-lightbox-description=\"T-shirt preta com texto e imagem a branco no verso. Dispon\u00edvel tamb\u00e9m em laranja com texto e imagem a preto.\"><br \/>\n\t\t\t\t\t\t\t<img loading=\"lazy\" decoding=\"async\" width=\"1090\" height=\"968\" src=\"https:\/\/gem.pt\/wp-content\/uploads\/2020\/06\/ArtigoGEM_T_montanha_preto.jpg\" alt=\"\" \/>\t\t\t\t\t\t\t\t<\/a><figcaption>Verso de T-shirt com tema MONTANHISMO PIOLET: 10\u20ac<\/figcaption><\/figure>\n<figure>\n\t\t\t\t\t\t\t\t\t\t\t<a href=\"https:\/\/gem.pt\/wp-content\/uploads\/2020\/06\/ArtigoGEM_buff.jpg\" data-elementor-open-lightbox=\"yes\" data-elementor-lightbox-title=\"Buff preto com logotipo GEM: 8\u20ac\"><br \/>\n\t\t\t\t\t\t\t<img loading=\"lazy\" decoding=\"async\" width=\"1500\" height=\"1000\" src=\"https:\/\/gem.pt\/wp-content\/uploads\/2020\/06\/ArtigoGEM_buff.jpg\" alt=\"\" \/>\t\t\t\t\t\t\t\t<\/a><figcaption>Buff preto com logotipo GEM: 8\u20ac<\/figcaption><\/figure>\n<figure>\n\t\t\t\t\t\t\t\t\t\t\t<a href=\"https:\/\/gem.pt\/wp-content\/uploads\/2020\/06\/ArtigoGEM_bordado.jpg\" data-elementor-open-lightbox=\"yes\" data-elementor-lightbox-title=\"Logotipo GEM em tecido bordado 100x40mm: 4\u20ac\"><br \/>\n\t\t\t\t\t\t\t<img loading=\"lazy\" decoding=\"async\" width=\"1500\" height=\"900\" src=\"https:\/\/gem.pt\/wp-content\/uploads\/2020\/06\/ArtigoGEM_bordado.jpg\" alt=\"\" \/>\t\t\t\t\t\t\t\t<\/a><figcaption>Logotipo GEM em tecido bordado 100x40mm: 4\u20ac<\/figcaption><\/figure>\n<figure>\n\t\t\t\t\t\t\t\t\t\t\t<a href=\"https:\/\/gem.pt\/wp-content\/uploads\/2020\/06\/ArtigoGEM_autocolante.jpg\" data-elementor-open-lightbox=\"yes\" data-elementor-lightbox-title=\"Autocolante com logotipo GEM 120x60mm: 1\u20ac\"><br \/>\n\t\t\t\t\t\t\t<img loading=\"lazy\" decoding=\"async\" width=\"1000\" height=\"600\" src=\"https:\/\/gem.pt\/wp-content\/uploads\/2020\/06\/ArtigoGEM_autocolante.jpg\" alt=\"\" \/>\t\t\t\t\t\t\t\t<\/a><figcaption>Autocolante com logotipo GEM 120x60mm: 1\u20ac<\/figcaption><\/figure>\n<p>Pode combinar uma frente de T-shirt com um dos temas dispon\u00edveis para o seu verso, em T-shirt\u00a0preta\u00a0ou laranja.<\/p>\n<p>Para reservar\u00a0ou\u00a0adquirir\u00a0qualquer um destes artigos envie\u00a0o seu pedido para <a style=\"color: #ff9900; text-decoration: underline;\" title=\"\" type=\"\" data-attached-link=\"{\">geral@gem.pt<\/a><br \/>Limitado\u00a0ao stock existente.<\/p>","protected":false},"excerpt":{"rendered":"<p>Venda de Artigos GEM \u00a0Artigos\u00a0GEM em venda\u00a0 Estes s\u00e3o alguns dos artigos que se encontram atualmente\u00a0dispon\u00edveis para aquisi\u00e7\u00e3o: Polar GEM preto: 20\u20ac Polar GEM laranja: 20\u20ac T-shirt com frente &#8220;EU SOU GEM&#8221;: 10\u20ac T-shirt com frente &#8220;100% GEM&#8221;: 10\u20ac Verso de T-shirt com tema ESPELEOLOGIA RAPEL: 10\u20ac Verso de T-shirt com tema ESPELEOLOGIA RAPEL: 10\u20ac [&hellip;]<\/p>\n","protected":false},"author":1,"featured_media":0,"parent":768,"menu_order":3,"comment_status":"closed","ping_status":"closed","template":"","meta":{"footnotes":""},"class_list":["post-1354","page","type-page","status-publish","hentry"],"_links":{"self":[{"href":"http:\/\/gem.pt\/1\/en\/wp-json\/wp\/v2\/pages\/1354","targetHints":{"allow":["GET"]}}],"collection":[{"href":"http:\/\/gem.pt\/1\/en\/wp-json\/wp\/v2\/pages"}],"about":[{"href":"http:\/\/gem.pt\/1\/en\/wp-json\/wp\/v2\/types\/page"}],"author":[{"embeddable":true,"href":"http:\/\/gem.pt\/1\/en\/wp-json\/wp\/v2\/users\/1"}],"replies":[{"embeddable":true,"href":"http:\/\/gem.pt\/1\/en\/wp-json\/wp\/v2\/comments?post=1354"}],"version-history":[{"count":0,"href":"http:\/\/gem.pt\/1\/en\/wp-json\/wp\/v2\/pages\/1354\/revisions"}],"up":[{"embeddable":true,"href":"http:\/\/gem.pt\/1\/en\/wp-json\/wp\/v2\/pages\/768"}],"wp:attachment":[{"href":"http:\/\/gem.pt\/1\/en\/wp-json\/wp\/v2\/media?parent=1354"}],"curies":[{"name":"wp","href":"https:\/\/api.w.org\/{rel}","templated":true}]}}