{"id":21448,"date":"2025-08-05T21:51:08","date_gmt":"2025-08-05T20:51:08","guid":{"rendered":"https:\/\/gem.pt\/1\/?page_id=21448"},"modified":"2025-08-05T22:04:55","modified_gmt":"2025-08-05T21:04:55","slug":"caminhadas","status":"publish","type":"page","link":"http:\/\/gem.pt\/1\/en\/atividades\/caminhadas\/","title":{"rendered":"Trekking"},"content":{"rendered":"<h1>Trekking<\/h1>\n<p>\t\t\u00a0Caminhadas no GEM\u00a0\u00a0<img fetchpriority=\"high\" decoding=\"async\" src=\"https:\/\/gem.pt\/wp-content\/uploads\/2021\/01\/P1200675.jpg\" alt=\"\" width=\"300\" height=\"400\" \/>Muito mais do que andar.\u00a0As caminhadas s\u00e3o, para muitos, a porta de entrada para o mundo da montanha. Mas com o GEM, caminhar transforma-se em muito mais: \u00e9 escutar o vento nas \u00e1rvores, identificar pegadas no trilho, sentir a hist\u00f3ria escondida nas pedras, observar a luz mudar com o passar das horas.\u00a0Desde passeios tranquilos at\u00e9 travessias exigentes, organizamos caminhadas em todo o tipo de terrenos, sempre com aten\u00e7\u00e3o \u00e0 seguran\u00e7a, \u00e0 leitura da paisagem e ao impacto ambiental. O nosso objetivo \u00e9 simples: criar liga\u00e7\u00f5es \u2014 com o territ\u00f3rio, com a natureza e com os outros.\u00a0No GEM, gostamos de caminhar com tempo. Parar para apreciar uma vista, observar uma planta rara ou conversar com quem partilha o trilho \u00e9 t\u00e3o importante quanto chegar ao destino. Cada caminhada \u00e9 um convite ao encontro: com a natureza e connosco mesmos.<\/p>","protected":false},"excerpt":{"rendered":"<p>Caminhadas \u00a0Caminhadas no GEM\u00a0\u00a0Muito mais do que andar.\u00a0As caminhadas s\u00e3o, para muitos, a porta de entrada para o mundo da montanha. Mas com o GEM, caminhar transforma-se em muito mais: \u00e9 escutar o vento nas \u00e1rvores, identificar pegadas no trilho, sentir a hist\u00f3ria escondida nas pedras, observar a luz mudar com o passar das horas.\u00a0Desde [&hellip;]<\/p>\n","protected":false},"author":1,"featured_media":0,"parent":890,"menu_order":8,"comment_status":"closed","ping_status":"closed","template":"","meta":{"footnotes":""},"class_list":["post-21448","page","type-page","status-publish","hentry"],"_links":{"self":[{"href":"http:\/\/gem.pt\/1\/en\/wp-json\/wp\/v2\/pages\/21448","targetHints":{"allow":["GET"]}}],"collection":[{"href":"http:\/\/gem.pt\/1\/en\/wp-json\/wp\/v2\/pages"}],"about":[{"href":"http:\/\/gem.pt\/1\/en\/wp-json\/wp\/v2\/types\/page"}],"author":[{"embeddable":true,"href":"http:\/\/gem.pt\/1\/en\/wp-json\/wp\/v2\/users\/1"}],"replies":[{"embeddable":true,"href":"http:\/\/gem.pt\/1\/en\/wp-json\/wp\/v2\/comments?post=21448"}],"version-history":[{"count":0,"href":"http:\/\/gem.pt\/1\/en\/wp-json\/wp\/v2\/pages\/21448\/revisions"}],"up":[{"embeddable":true,"href":"http:\/\/gem.pt\/1\/en\/wp-json\/wp\/v2\/pages\/890"}],"wp:attachment":[{"href":"http:\/\/gem.pt\/1\/en\/wp-json\/wp\/v2\/media?parent=21448"}],"curies":[{"name":"wp","href":"https:\/\/api.w.org\/{rel}","templated":true}]}}