{"id":712,"date":"2020-05-15T22:16:42","date_gmt":"2020-05-15T21:16:42","guid":{"rendered":"https:\/\/gem.pt\/@teste\/?page_id=712"},"modified":"2025-05-13T00:03:49","modified_gmt":"2025-05-12T23:03:49","slug":"quemsomos","status":"publish","type":"page","link":"http:\/\/gem.pt\/1\/en\/quemsomos\/","title":{"rendered":"About us"},"content":{"rendered":"<h1>The GEM Team<\/h1>\n<p>\t\t\u00a0The GEM (Speleology and Mountaineering Group) is a non-profit associative group dedicated to the practice of Speleology, Mountaineering, Canyoning, Alpinism, and other activities that promote contact and interaction with nature.\u00a0<\/p>\n<hr \/>\n<p>\u00a0<\/p>\n<p>GEM, with its activities, seeks to contribute to the preservation of nature through its study and dissemination of knowledge to all who also share the same ideals.<\/p>\n<p>\t\t\t\t\t\t\t\t\t\t\t\t<img loading=\"lazy\" decoding=\"async\" width=\"1280\" height=\"853\" src=\"https:\/\/gem.pt\/wp-content\/uploads\/2020\/05\/Publicacoes_0_2.jpg\" alt=\"Cavidades Artificiais\" \/><\/p>","protected":false},"excerpt":{"rendered":"<p>O Grupo GEM \u00a0O Grupo de Espeleologia e Montanhismo (GEM) \u00e9 um grupo associativo sem fins lucrativos, que se dedica \u00e0 pr\u00e1tica de\u00a0Espeleologia, Montanhismo, Canyoning,\u00a0Alpinismo, e outras atividades\u00a0que promovem o contacto e a intera\u00e7\u00e3o com a natureza.\u00a0 \u00a0 O GEM, na execu\u00e7\u00e3o\u00a0das suas atividades, procura contribuir para a preserva\u00e7\u00e3o da natureza atrav\u00e9s do seu estudo [&hellip;]<\/p>\n","protected":false},"author":1,"featured_media":0,"parent":0,"menu_order":7,"comment_status":"closed","ping_status":"closed","template":"","meta":{"footnotes":""},"class_list":["post-712","page","type-page","status-publish","hentry"],"_links":{"self":[{"href":"http:\/\/gem.pt\/1\/en\/wp-json\/wp\/v2\/pages\/712","targetHints":{"allow":["GET"]}}],"collection":[{"href":"http:\/\/gem.pt\/1\/en\/wp-json\/wp\/v2\/pages"}],"about":[{"href":"http:\/\/gem.pt\/1\/en\/wp-json\/wp\/v2\/types\/page"}],"author":[{"embeddable":true,"href":"http:\/\/gem.pt\/1\/en\/wp-json\/wp\/v2\/users\/1"}],"replies":[{"embeddable":true,"href":"http:\/\/gem.pt\/1\/en\/wp-json\/wp\/v2\/comments?post=712"}],"version-history":[{"count":0,"href":"http:\/\/gem.pt\/1\/en\/wp-json\/wp\/v2\/pages\/712\/revisions"}],"wp:attachment":[{"href":"http:\/\/gem.pt\/1\/en\/wp-json\/wp\/v2\/media?parent=712"}],"curies":[{"name":"wp","href":"https:\/\/api.w.org\/{rel}","templated":true}]}}