{"id":8503,"date":"2021-01-31T17:50:36","date_gmt":"2021-01-31T17:50:36","guid":{"rendered":"https:\/\/gem.pt\/1\/?page_id=8503"},"modified":"2021-12-28T19:32:45","modified_gmt":"2021-12-28T19:32:45","slug":"projeto-espeleologico-parque-biologico-de-gaia","status":"publish","type":"page","link":"http:\/\/gem.pt\/1\/en\/projetos\/projeto-espeleologico-parque-biologico-de-gaia\/","title":{"rendered":"Speleological Project Gaia Biological Park"},"content":{"rendered":"<p>\u00a0Projeto Espeleol\u00f3gico Parque Biol\u00f3gico de Gaia Contributo Espeleol\u00f3gico para o Conhecimento e Monitoriza\u00e7\u00e3o das Minas de \u00c1gua do Parque Biol\u00f3gico de Gaia <\/p>\n<p>Entidade:\u00a0GEM - Grupo de Espeleologia e Montanhismo<br style=\"letter-spacing: normal; font-family: Questrial; font-size: 12px; white-space: pre-line;\" \/>Coordena\u00e7\u00e3o:\u00a0(N2) Pedro Almeida, (N2)\u00a0Eduardo Vieira<\/p>\n<p>\u00a0<\/p>\n<hr \/>\n<p>\u00a0Enquadramento<br \/>\nA estrutura biof\u00edsica do territ\u00f3rio de Vila Nova de Gaia, tem um dos seus valores fundamentais na fauna e flora do Parque Biol\u00f3gico de Gaia.<br \/>\nFoi o primeiro centro de Educa\u00e7\u00e3o Ambiental do pa\u00eds, instalado pela C\u00e2mara Municipal em 1983, inicialmente com apenas 2 hectares, evoluindo atualmente para cerca de 35 hectares nas freguesias de Avintes e Vilar de Andorinho ocupando parte do vale do rio Febros, um afluente da margem esquerda do Douro.<\/p>\n<figure style=\"width: 591px;\"><img fetchpriority=\"high\" decoding=\"async\" src=\"https:\/\/gem.pt\/wp-content\/uploads\/2021\/01\/pbg2.jpg\" alt=\"\" width=\"591\" height=\"394\" \/><figcaption style=\"color: #444444; font-family: Questrial; font-size: 14px; background-color: #f0f0f0; padding: 8px;\">SIG, Gaiurb, Parque Biol\u00f3gico de Gaia<\/figcaption><\/figure>\n<p>A abund\u00e2ncia de \u00e1gua na \u00e1rea do Parque Biol\u00f3gico permite a fixa\u00e7\u00e3o de habitats de \u00e1gua doce. Estes habitats prestam servi\u00e7os de grande utilidade na regula\u00e7\u00e3o do ciclo da \u00e1gua, fornecimento de \u00e1gua, ref\u00fagio de biodiversidade, informa\u00e7\u00e3o est\u00e9tica, educa\u00e7\u00e3o e ci\u00eancia. Englobam as chamadas \u00e1guas paradas em a\u00e7udes e pauis, charcos e lagoachos tempor\u00e1rios, depress\u00f5es h\u00famidas, bem como \u00e1guas correntes de rios e ribeiros, comunidades das areias e cascalheiras de praias fluviais, comunidades dos leitos de cheias, comunidades ribeirinhas ou rip\u00edcolas, comunidades submersas enraizadas na vasa e as flutuantes.<br \/>\nAs minas de \u00e1gua s\u00e3o tamb\u00e9m importantes no fornecimento de \u00e1gua para todo o ecossistema e enquadram-se no grupo de habitats rochosos e de grutas, contribuindo para a forma\u00e7\u00e3o de solo, ref\u00fagio de biodiversidade, refor\u00e7ando recursos para a educa\u00e7\u00e3o e a ci\u00eancia.<br \/>\nNeste sentido, \u00e9 de extrema import\u00e2ncia o estudo das cavidades artificiais, do tipo mina de \u00e1gua, existentes no subsolo do parque biol\u00f3gico, colaborando na sua caracteriza\u00e7\u00e3o, monitoriza\u00e7\u00e3o e enquadramento em toda a estrutura ecol\u00f3gica do parque.<br \/>\nEstes estudos podem ser auxiliados por equipas de espele\u00f3logos por estarem capacitados para o acesso a locais confinados em subsolo e por ser poss\u00edvel enquadrar nas suas equipas outros investigadores com interesse cient\u00edfico que por si s\u00f3 n\u00e3o o consigam fazer.<br \/>\nO c\u00f3digo de \u00e9tica espeleol\u00f3gica[3] prev\u00ea a prote\u00e7\u00e3o e valoriza\u00e7\u00e3o do meio cavern\u00edcola e das regi\u00f5es envolventes. As minas assemelham-se em muitos aspetos \u00e0s grutas naturais, por um lado devido aos habitats que a\u00ed se instalaram, por outro s\u00e3o espa\u00e7os confinados em subsolo, acess\u00edveis apenas com t\u00e9cnicas de progress\u00e3o espeleol\u00f3gica.<br \/>\nO Plano Diretor Municipal de Gaia (PDMG) enquadra o Parque Biol\u00f3gico e as linhas de \u00e1gua que o atravessam sem que haja caracteriza\u00e7\u00e3o e geolocaliza\u00e7\u00e3o das minas de \u00e1gua existentes.<br \/>\nAtualmente desconhecem-se outros projetos espeleol\u00f3gicos para o Parque Biol\u00f3gico de Gaia, pelo que n\u00e3o se imp\u00f5e qualquer impedimento \u00e9tico, mediante inten\u00e7\u00e3o de outros clubes ou associa\u00e7\u00f5es de espele\u00f3logos.<br \/>\nDesconhece-se qualquer estudo ou publica\u00e7\u00e3o espec\u00edfica sobre as minas de \u00e1gua do Parque Biol\u00f3gico de Gaia, o que pode fundamentar este projeto espeleol\u00f3gico.Palavras-chave&nbsp;<br \/>\nEspeleologia, cavidades artificiais, minas de \u00e1gua, patrim\u00f3nio, Parque Biol\u00f3gico de Gaia.Delimita\u00e7\u00e3o<br \/>\nExplora\u00e7\u00e3o espeleol\u00f3gica das minas existentes no Parque Biol\u00f3gico de Gaia, numa \u00e1rea aproximada de 35ha, nas freguesias de Avintes e Vilar de Andorinho, do concelho de Vila Nova de Gaia.Institui\u00e7\u00f5es<br \/>\nGEM - Grupo de Espeleologia e Montanhismo.<br \/>\nMunic\u00edpio de Gaia, Parque Biol\u00f3gico de Gaia.Coordena\u00e7\u00e3o Espeleol\u00f3gica<br \/>\nPedro Almeida<sup>[1]<\/sup>; Eduardo Vieira<sup>[1]<\/sup><br \/>\n<br \/>\n[1] Espele\u00f3logo N2-GEM<br \/>\nColabora\u00e7\u00e3o<br \/>\nEspele\u00f3logos inscritos na (FPE) Federa\u00e7\u00e3o Portuguesa de Espeleologia.<br \/>\nDemais entidades e\/ou investigadores que o Parque Biol\u00f3gico entenda integrar.Objetivos<\/p>\n<ol>\n<li>Prospe\u00e7\u00e3o e localiza\u00e7\u00e3o geogr\u00e1fica das cavidades (Georreferencia\u00e7\u00e3o).<\/li>\n<li>Explora\u00e7\u00e3o espeleol\u00f3gica e mapeamento topogr\u00e1fico das cavidades.<\/li>\n<li>Registo fotogr\u00e1fico da morfologia, fauna, flora e aspetos relevantes das cavidades.<\/li>\n<li>Artigo de compila\u00e7\u00e3o dos dados obtidos, incluindo mapa de conjunto com localiza\u00e7\u00e3o e topografia de todas as minas.<\/li>\n<\/ol>\n<p>Fases<br \/>\nConsiderando que o GEM desconhece a localiza\u00e7\u00e3o geogr\u00e1fica e a quantidade total de minas existentes, preconiza-se o desenvolvimento deste projeto em duas fases:<br \/>\n1) Prospe\u00e7\u00e3o e pesquisa de superf\u00edcie em toda a \u00e1rea do parque, aproximadamente 35ha.<br \/>\n2) Acesso em subsolo, ao interior de cada mina de forma a fazer todos os registos necess\u00e1rios aos objetivos propostos.<br \/>\nDesta forma podemos aferir quantas minas ser\u00e3o alvo de explora\u00e7\u00e3o espeleol\u00f3gica e quais as implica\u00e7\u00f5es t\u00e9cnicas de cada uma. Paralelamente ser\u00e1 poss\u00edvel apontar um cronograma de trabalhos e respetivo or\u00e7amento total.<br \/>\n\u00a0<br \/>\nTexto - Pedro Aguiar\u00a0<sup>[1, 2]<\/sup><br \/>\n[1] Espele\u00f3logo N3 - GEM<br \/>\n[2] Ordinary Member \u2013 Artificial Cavities Comissiono of UIS<\/p>\n","protected":false},"excerpt":{"rendered":"<p>\u00a0Projeto Espeleol\u00f3gico Parque Biol\u00f3gico de Gaia Contributo Espeleol\u00f3gico para o Conhecimento e Monitoriza\u00e7\u00e3o das Minas de \u00c1gua do Parque Biol\u00f3gico de Gaia Entidade:\u00a0GEM &#8211; Grupo de Espeleologia e MontanhismoCoordena\u00e7\u00e3o:\u00a0(N2) Pedro Almeida, (N2)\u00a0Eduardo Vieira \u00a0 \u00a0Enquadramento A estrutura biof\u00edsica do territ\u00f3rio de Vila Nova de Gaia, tem um dos seus valores fundamentais na fauna e flora [&hellip;]<\/p>\n","protected":false},"author":3,"featured_media":0,"parent":850,"menu_order":10,"comment_status":"closed","ping_status":"closed","template":"","meta":{"footnotes":""},"class_list":["post-8503","page","type-page","status-publish","hentry"],"_links":{"self":[{"href":"http:\/\/gem.pt\/1\/en\/wp-json\/wp\/v2\/pages\/8503","targetHints":{"allow":["GET"]}}],"collection":[{"href":"http:\/\/gem.pt\/1\/en\/wp-json\/wp\/v2\/pages"}],"about":[{"href":"http:\/\/gem.pt\/1\/en\/wp-json\/wp\/v2\/types\/page"}],"author":[{"embeddable":true,"href":"http:\/\/gem.pt\/1\/en\/wp-json\/wp\/v2\/users\/3"}],"replies":[{"embeddable":true,"href":"http:\/\/gem.pt\/1\/en\/wp-json\/wp\/v2\/comments?post=8503"}],"version-history":[{"count":0,"href":"http:\/\/gem.pt\/1\/en\/wp-json\/wp\/v2\/pages\/8503\/revisions"}],"up":[{"embeddable":true,"href":"http:\/\/gem.pt\/1\/en\/wp-json\/wp\/v2\/pages\/850"}],"wp:attachment":[{"href":"http:\/\/gem.pt\/1\/en\/wp-json\/wp\/v2\/media?parent=8503"}],"curies":[{"name":"wp","href":"https:\/\/api.w.org\/{rel}","templated":true}]}}