{"id":1065,"date":"2020-05-27T21:20:52","date_gmt":"2020-05-27T21:20:52","guid":{"rendered":"https:\/\/gem.pt\/@teste\/?page_id=1065"},"modified":"2020-09-24T11:27:18","modified_gmt":"2020-09-24T11:27:18","slug":"alcobertas","status":"publish","type":"page","link":"https:\/\/gem.pt\/1\/en\/projetos\/alcobertas\/","title":{"rendered":"Alcobertas (PNSAC)"},"content":{"rendered":"<p>\u00a0Projeto AlcobertasLevantamento de coordenadas e topografia das cavidades da regi\u00e3o de AlcobertasCh\u00e3os, Alcobertas\u00a0<\/p>\n<hr \/>\n<p>\u00a0<img fetchpriority=\"high\" decoding=\"async\" src=\"https:\/\/gem.pt\/wp-content\/uploads\/2020\/05\/Projetos_10_1.jpg\" alt=\"\" width=\"600\" height=\"356\" \/>Introdu\u00e7\u00e3oEst\u00e1vamos n\u00f3s na constru\u00e7\u00e3o do nosso ref\u00fagio GEM, e no meio do p\u00f3, do suor e da boa disposi\u00e7\u00e3o, come\u00e7\u00e1mos a falar, sabe-se l\u00e1 porqu\u00ea, das poucas cavidades cadastradas ali para a zona das Alcobertas, Serra dos Candeeiros.\u00a0Com mais uma ideia daqui e outra dali, meia d\u00fazia de contactos depois o projeto j\u00e1 \u201ct\u00eam pernas para andar\u201d, e nasce assim o projeto das\u00a0Alcobertas.\u00a0\u00a0\u00a0\u00a0\u00a0\u00a0\u00a0\u00a0Objetivos<\/p>\n<ul>\n<li style=\"letter-spacing: normal; font-family: Questrial; text-align: justify; white-space: pre-line;\">Topografia da gruta das Alcobertas, sendo esta, at\u00e9 ao momento, o \u201cex-libris\u201d da regi\u00e3o;<\/li>\n<li style=\"letter-spacing: normal; font-family: Questrial; text-align: justify; white-space: pre-line;\">Levantamento das coordenadas de cavidades da regi\u00e3o, confirma\u00e7\u00e3o de coordenadas j\u00e1 existentes;<\/li>\n<li style=\"letter-spacing: normal; font-family: Questrial; text-align: justify; white-space: pre-line;\">Enriquecimento de cada cavidade cadastrada com a respetiva topografia e ficha de equipagem;<\/li>\n<li style=\"letter-spacing: normal; font-family: Questrial; text-align: justify; white-space: pre-line;\">Cria\u00e7\u00e3o de \u00e1lbum fotogr\u00e1fico de cada cavidade, focando pontos interessantes e divulga\u00e7\u00e3o da espeleologia;<\/li>\n<li style=\"letter-spacing: normal; font-family: Questrial; text-align: justify; white-space: pre-line;\">Apresenta\u00e7\u00e3o do projeto na Cooperativa Terra Ch\u00e3, que tanto nos tem apoiado. Posteriormente, e ap\u00f3s a finaliza\u00e7\u00e3o e apresenta\u00e7\u00e3o do trabalho, este\u00a0ser\u00e1 divulgado na totalidade.<\/li>\n<\/ul>\n<p>\u00a0O trabalho efetuado pode e deve servir para suporte da comunidade espele\u00f3loga em todas as suas vertentes.\u00a0<img decoding=\"async\" src=\"https:\/\/gem.pt\/wp-content\/uploads\/2020\/05\/Projetos_10_2.jpg\" alt=\"\" width=\"709\" height=\"399\" \/><\/p>","protected":false},"excerpt":{"rendered":"<p>\u00a0Projeto AlcobertasLevantamento de coordenadas e topografia das cavidades da regi\u00e3o de AlcobertasCh\u00e3os, Alcobertas\u00a0 \u00a0Introdu\u00e7\u00e3oEst\u00e1vamos n\u00f3s na constru\u00e7\u00e3o do nosso ref\u00fagio GEM, e no meio do p\u00f3, do suor e da boa disposi\u00e7\u00e3o, come\u00e7\u00e1mos a falar, sabe-se l\u00e1 porqu\u00ea, das poucas cavidades cadastradas ali para a zona das Alcobertas, Serra dos Candeeiros.\u00a0Com mais uma ideia daqui [&hellip;]<\/p>\n","protected":false},"author":1,"featured_media":0,"parent":850,"menu_order":10,"comment_status":"closed","ping_status":"closed","template":"","meta":{"footnotes":""},"class_list":["post-1065","page","type-page","status-publish","hentry"],"_links":{"self":[{"href":"https:\/\/gem.pt\/1\/en\/wp-json\/wp\/v2\/pages\/1065","targetHints":{"allow":["GET"]}}],"collection":[{"href":"https:\/\/gem.pt\/1\/en\/wp-json\/wp\/v2\/pages"}],"about":[{"href":"https:\/\/gem.pt\/1\/en\/wp-json\/wp\/v2\/types\/page"}],"author":[{"embeddable":true,"href":"https:\/\/gem.pt\/1\/en\/wp-json\/wp\/v2\/users\/1"}],"replies":[{"embeddable":true,"href":"https:\/\/gem.pt\/1\/en\/wp-json\/wp\/v2\/comments?post=1065"}],"version-history":[{"count":0,"href":"https:\/\/gem.pt\/1\/en\/wp-json\/wp\/v2\/pages\/1065\/revisions"}],"up":[{"embeddable":true,"href":"https:\/\/gem.pt\/1\/en\/wp-json\/wp\/v2\/pages\/850"}],"wp:attachment":[{"href":"https:\/\/gem.pt\/1\/en\/wp-json\/wp\/v2\/media?parent=1065"}],"curies":[{"name":"wp","href":"https:\/\/api.w.org\/{rel}","templated":true}]}}