{"id":11055,"date":"2021-06-02T15:34:03","date_gmt":"2021-06-02T14:34:03","guid":{"rendered":"https:\/\/gem.pt\/1\/?page_id=11055"},"modified":"2024-09-01T16:23:11","modified_gmt":"2024-09-01T15:23:11","slug":"gruta-do-acilio","status":"publish","type":"page","link":"https:\/\/gem.pt\/1\/en\/publicacoes\/carso-e-endocarso\/gruta-do-acilio\/","title":{"rendered":"Gruta do Ac\u00edlio &#8211; O Tramo Perdido"},"content":{"rendered":"<figure>\n\t\t\t\t\t\t\t\t\t\t<img decoding=\"async\" src=\"https:\/\/gem.pt\/wp-content\/uploads\/elementor\/thumbs\/acilio-p8t8orb51vw0bgmyly92bsjln0yguac0pozlquara8.jpg\" title=\"\" alt=\"\" loading=\"lazy\" \/><figcaption>Gruta do Ac\u00edlio - O Tramo Perdido<\/figcaption><\/figure>\n<p>\t\t2 de Junho de 2021Introdu\u00e7\u00e3o<br \/>\n&nbsp;Ac\u00edlio Alexandre, em 2019, ao preparar o terreno para a constru\u00e7\u00e3o de uma casa, abriu um buraco que d\u00e1 acesso \u00e0 gruta. Ac\u00edlio, curioso, fez uma visita \u00e0 cavidade e tirou as primeiras fotos. Mais tarde, em conversa com um amigo espele\u00f3logo, contou o sucedido e convidou-o a visitar a chamada gruta do Ac\u00edlio.<br \/>\nO GEM, GEMA e CISED prepararam uma atividade de fim-de-semana para diversos trabalhos espeleol\u00f3gicos na Serra de Sic\u00f3, em que se incluiu a visita e topografia da gruta do Acilio.<br \/>\nLocaliza\u00e7\u00e3o<br \/>\n&nbsp;A gruta do Acilio fica em Taliscas no Concelho de Penela, Distrito de Coimbra.\t\t<\/p>\n<figure>\n\t\t\t\t\t\t\t\t\t\t\t<a href=\"https:\/\/gem.pt\/wp-content\/uploads\/2021\/06\/mapa1-scaled.jpg\" data-elementor-open-lightbox=\"yes\" data-e-action-hash=\"#elementor-action%3Aaction%3Dlightbox%26settings%3DeyJpZCI6MTEwNjUsInVybCI6Imh0dHBzOlwvXC9nZW0ucHRcL3dwLWNvbnRlbnRcL3VwbG9hZHNcLzIwMjFcLzA2XC9tYXBhMS1zY2FsZWQuanBnIn0%3D\"><br \/>\n\t\t\t\t\t\t\t<img fetchpriority=\"high\" width=\"2740\" height=\"1577\" src=\"https:\/\/gem.pt\/wp-content\/uploads\/2021\/06\/mapa1-scaled.jpg\" alt=\"\" decoding=\"async\" \/>\t\t\t\t\t\t\t\t<\/a><figcaption>Figura 1 - Ilustra\u00e7\u00e3o Google com localiza\u00e7\u00e3o e implanta\u00e7\u00e3o das cavidades do Sistema do Due\u00e7a.<\/figcaption><\/figure>\n<p>Enquadramento Geol\u00f3gico&nbsp;Na observa\u00e7\u00e3o da regi\u00e3o de Penela, destaca-se imediatamente o aspeto da conforma\u00e7\u00e3o orogr\u00e1fica, com as serras a nascente (Serra do Espinhal) e a poente (Maci\u00e7o de Sic\u00f2) (Cunha, 1990), um conjunto de colinas (Colinas Dolom\u00edticas a Sul de Coimbra) (Dimuccio, 2011) e uma depress\u00e3o (Depress\u00e3o Marginal) (Santos, 1996). Os diferentes carateres litol\u00f3gicos, juntamente com uma s\u00e9rie de estruturas tect\u00f4nicas, permitem definir as quatro \u00e1reas mencionadas como \u201cunidades morfo-estruturais\u201d com uma dire\u00e7\u00e3o essencialmente meridiana.\u00a0&nbsp;Entre a Serra do Espinhal, a nascente, constitu\u00edda por rochas metam\u00f3rficas e magm\u00e1ticas pr\u00e9-mesoz\u00f3icas, e o alinhamento de colinas, assim\u00e9tricas, com imers\u00e3o a poente, esculpidas em rochas essencialmente carbonatadas (calc\u00e1rio e dolomita do Jur\u00e1ssico Inferior), abre a Depress\u00e3o Marginal modelada em arenitos e conglomerados Tri\u00e1ssicos; acredita-se que esta \u00faltima esteja associada \u00e0 evolu\u00e7\u00e3o da bacia hidrogr\u00e1fica do rio Due\u00e7a (Soares et al., 1989; Cunha, 1981). O Maci\u00e7o de Sic\u00f2, no extremo oeste da \u00e1rea, \u00e9 modelado em rochas tamb\u00e9m essencialmente carbonatadas (marga, calc\u00e1rio e calcarenito) do Jur\u00e1ssico M\u00e9dio e Inferior (precisamente Liassic Alto M\u00e9dio e Dogger).&nbsp;Em resumo, os terrenos no concelho de Penela podem ser agrupados da seguinte forma (Soares et al., 1989): um grupo de unidades l\u00edticas mais antigas (Pr\u00e9-cambrico-Paleoz\u00f3ico), com principalmente rochas metam\u00f3rficas e magm\u00e1ticas, que constituem a base herc\u00ednica; outro consistindo de forma\u00e7\u00f5es sedimentares mesoz\u00f3icas e cenoz\u00f3icas continentais e marinhas que repousam em disc\u00f3rdia angular sobre as mais antigas e incluem unidades geol\u00f3gicas de idade que v\u00e3o do Tri\u00e1ssico ao Quatern\u00e1rio. Localmente, a \u00e1rea apresenta tect\u00f4nica relativamente intensa com predom\u00ednio de falhas e fraturas cuja orienta\u00e7\u00e3o oscila entre N-S, NW-SE e NE-SW (Soares et al., 1989).&nbsp;O Sistema Espeleol\u00f3gico do Due\u00e7a, o maior e mais interessante sistema c\u00e1rsico subterr\u00e2neo ativo at\u00e9 agora conhecido no Maci\u00e7o de Sic\u00f3 (CIES et al., 2005; Neves et al., 2003) desenvolve-se essencialmente nas unidades carbonatadas do Jur\u00e1ssico M\u00e9dio (Dogger). A gruta do Ac\u00edlio desenvolve-se tamb\u00e9m nesta forma\u00e7\u00e3o.\t\t<\/p>\n<figure>\n\t\t\t\t\t\t\t\t\t\t\t<a href=\"https:\/\/gem.pt\/wp-content\/uploads\/2021\/06\/WhatsApp-Image-2021-06-01-at-14.07.06-2.jpg\" data-elementor-open-lightbox=\"yes\" data-e-action-hash=\"#elementor-action%3Aaction%3Dlightbox%26settings%3DeyJpZCI6MTEwNjgsInVybCI6Imh0dHBzOlwvXC9nZW0ucHRcL3dwLWNvbnRlbnRcL3VwbG9hZHNcLzIwMjFcLzA2XC9XaGF0c0FwcC1JbWFnZS0yMDIxLTA2LTAxLWF0LTE0LjA3LjA2LTIuanBnIn0%3D\"><br \/>\n\t\t\t\t\t\t\t<img width=\"1500\" height=\"1125\" src=\"https:\/\/gem.pt\/wp-content\/uploads\/2021\/06\/WhatsApp-Image-2021-06-01-at-14.07.06-2.jpg\" alt=\"\" decoding=\"async\" \/>\t\t\t\t\t\t\t\t<\/a><figcaption>Figura 2 - Forma\u00e7\u00f5es litoqu\u00edmicas da gruta do Acilio (Foto: Marco Matias - GEM)<\/figcaption><\/figure>\n<p>\t\tO sistema do Due\u00e7a fica situado num bordo de afloramento calc\u00e1rio, tendo sido separada pela depress\u00e3o existente, onde corre a ribeira Sabugueira. Esta ribeira, onde mais a jusante vamos encontrar a surg\u00eancia principal do sistema e que lhe muda o nome para Rio Due\u00e7a, \u00e9 alimentada principalmente por \u00e1guas provenientes do Maci\u00e7o Hesp\u00e9rico, constitu\u00eddo por xistos e quartzitos. O contacto da ribeira com os terrenos sedimentares do maci\u00e7o calc\u00e1rio originou perdas (sumidouros) da mesma, tendo a circula\u00e7\u00e3o subterr\u00e2nea se instalado na fratura\u00e7\u00e3o existente, dando origem ao essencial das galerias do Soprador do Carvalho com uma extens\u00e3o conhecida de quase 5km.<br \/>\nDescri\u00e7\u00e3o da Gruta do Ac\u00edlio&nbsp;A entrada da gruta do Acilio encontra-se \u00e0 cota 208m. A gruta desenvolve-se numa extens\u00e3o de 53m com 3m de desn\u00edvel no sentido da gruta Soprador do Carvalho que tem a cota de entrada igual, a 208m do outro lado do vale.\u00a0 A cavidade, grosso modo \u00e9 constitu\u00edda por duas galerias que v\u00eam de N e seguem para SSW.&nbsp;Dada a proximidade entre a gruta do Ac\u00edlio e o Sistema do Due\u00e7a, o facto de ambas as cavidades se desenvolverem na mesma forma\u00e7\u00e3o, apresentarem morfologia semelhante e coincid\u00eancia de cotas entre as grutas, podemos considerar que faz parte do Sistema espeleol\u00f3gico do Due\u00e7a. Com os dados dispon\u00edveis n\u00e3o \u00e9 poss\u00edvel concluir que a gruta do Ac\u00edlio \u00e9 um ramo da gruta do Soprador do Carvalho, no entanto essa hip\u00f3tese ser\u00e1 a mais prov\u00e1vel.<\/p>\n<figure>\n\t\t\t\t\t\t\t\t\t\t\t<a href=\"https:\/\/gem.pt\/wp-content\/uploads\/2021\/06\/Imagem2.jpg\" data-elementor-open-lightbox=\"yes\" data-e-action-hash=\"#elementor-action%3Aaction%3Dlightbox%26settings%3DeyJpZCI6MTEwNjQsInVybCI6Imh0dHBzOlwvXC9nZW0ucHRcL3dwLWNvbnRlbnRcL3VwbG9hZHNcLzIwMjFcLzA2XC9JbWFnZW0yLmpwZyJ9\"><br \/>\n\t\t\t\t\t\t\t<img width=\"2256\" height=\"1692\" src=\"https:\/\/gem.pt\/wp-content\/uploads\/2021\/06\/Imagem2.jpg\" alt=\"\" decoding=\"async\" \/>\t\t\t\t\t\t\t\t<\/a><figcaption>Figura 3 - Espele\u00f3logos a topografar (Foto: Marco Matias - GEM)<\/figcaption><\/figure>\n<figure>\n\t\t\t\t\t\t\t\t\t\t\t<a href=\"https:\/\/drive.google.com\/file\/d\/1U1QDCFjfZv0NTxghB4K38zafdH2HYiYN\/view?usp=sharing\" target=\"_blank\" rel=\"noopener\"><br \/>\n\t\t\t\t\t\t\t<img loading=\"lazy\" width=\"1190\" height=\"841\" src=\"https:\/\/gem.pt\/wp-content\/uploads\/2021\/06\/Gruta_Acilio.jpg\" alt=\"\" decoding=\"async\" \/>\t\t\t\t\t\t\t\t<\/a><figcaption>Figura 4 \u2013 Topografia da Gruta do Ac\u00edlio<\/figcaption><\/figure>\n<p>\t\tFotos da atividade por Marco Matias (GEM)<br \/>\n\t\t\t\t\t\t\t\t<a data-elementor-open-lightbox=\"yes\" data-elementor-lightbox-slideshow=\"a2354e8\" data-e-action-hash=\"#elementor-action%3Aaction%3Dlightbox%26settings%3DeyJpZCI6MTEwNjQsInVybCI6Imh0dHBzOlwvXC9nZW0ucHRcL3dwLWNvbnRlbnRcL3VwbG9hZHNcLzIwMjFcLzA2XC9JbWFnZW0yLmpwZyIsInNsaWRlc2hvdyI6ImEyMzU0ZTgifQ%3D%3D\" href=\"https:\/\/gem.pt\/wp-content\/uploads\/2021\/06\/Imagem2.jpg\"><\/p>\n<figure><img decoding=\"async\" src=\"https:\/\/gem.pt\/wp-content\/uploads\/elementor\/thumbs\/Imagem2-p8t8ov22c9kezgy3gl0jc6jcvqod3loqm114u7lo5k.jpg\" alt=\"\" \/><\/figure>\n<p><\/a><a data-elementor-open-lightbox=\"yes\" data-elementor-lightbox-slideshow=\"a2354e8\" data-e-action-hash=\"#elementor-action%3Aaction%3Dlightbox%26settings%3DeyJpZCI6MTEwNjYsInVybCI6Imh0dHBzOlwvXC9nZW0ucHRcL3dwLWNvbnRlbnRcL3VwbG9hZHNcLzIwMjFcLzA2XC9XaGF0c0FwcC1JbWFnZS0yMDIxLTA2LTAxLWF0LTE0LjA3LjA2LTAuanBnIiwic2xpZGVzaG93IjoiYTIzNTRlOCJ9\" href=\"https:\/\/gem.pt\/wp-content\/uploads\/2021\/06\/WhatsApp-Image-2021-06-01-at-14.07.06-0.jpg\"><\/p>\n<figure><img decoding=\"async\" src=\"https:\/\/gem.pt\/wp-content\/uploads\/elementor\/thumbs\/WhatsApp-Image-2021-06-01-at-14.07.06-0-p8t8ozr9afqulir9p51o6ncnuo17637eaoak8lepag.jpg\" alt=\"\" \/><\/figure>\n<p><\/a><a data-elementor-open-lightbox=\"yes\" data-elementor-lightbox-slideshow=\"a2354e8\" data-e-action-hash=\"#elementor-action%3Aaction%3Dlightbox%26settings%3DeyJpZCI6MTEwNjcsInVybCI6Imh0dHBzOlwvXC9nZW0ucHRcL3dwLWNvbnRlbnRcL3VwbG9hZHNcLzIwMjFcLzA2XC9XaGF0c0FwcC1JbWFnZS0yMDIxLTA2LTAxLWF0LTE0LjA3LjA2LTEuanBnIiwic2xpZGVzaG93IjoiYTIzNTRlOCJ9\" href=\"https:\/\/gem.pt\/wp-content\/uploads\/2021\/06\/WhatsApp-Image-2021-06-01-at-14.07.06-1.jpg\"><\/p>\n<figure><img decoding=\"async\" src=\"https:\/\/gem.pt\/wp-content\/uploads\/elementor\/thumbs\/WhatsApp-Image-2021-06-01-at-14.07.06-1-p8t8p0p3h9s4x4pwjngar544g1wkdsb4msy1pvdb48.jpg\" alt=\"\" \/><\/figure>\n<p><\/a><a data-elementor-open-lightbox=\"yes\" data-elementor-lightbox-slideshow=\"a2354e8\" data-e-action-hash=\"#elementor-action%3Aaction%3Dlightbox%26settings%3DeyJpZCI6MTEwNjgsInVybCI6Imh0dHBzOlwvXC9nZW0ucHRcL3dwLWNvbnRlbnRcL3VwbG9hZHNcLzIwMjFcLzA2XC9XaGF0c0FwcC1JbWFnZS0yMDIxLTA2LTAxLWF0LTE0LjA3LjA2LTIuanBnIiwic2xpZGVzaG93IjoiYTIzNTRlOCJ9\" href=\"https:\/\/gem.pt\/wp-content\/uploads\/2021\/06\/WhatsApp-Image-2021-06-01-at-14.07.06-2.jpg\"><\/p>\n<figure><img decoding=\"async\" src=\"https:\/\/gem.pt\/wp-content\/uploads\/elementor\/thumbs\/WhatsApp-Image-2021-06-01-at-14.07.06-2-p8t8p1mxo3tf8qoje5uxbmvl1frxlheuyxlj75bwy0.jpg\" alt=\"\" \/><\/figure>\n<p><\/a><a data-elementor-open-lightbox=\"yes\" data-elementor-lightbox-slideshow=\"a2354e8\" data-e-action-hash=\"#elementor-action%3Aaction%3Dlightbox%26settings%3DeyJpZCI6MTEwNjksInVybCI6Imh0dHBzOlwvXC9nZW0ucHRcL3dwLWNvbnRlbnRcL3VwbG9hZHNcLzIwMjFcLzA2XC9XaGF0c0FwcC1JbWFnZS0yMDIxLTA2LTAxLWF0LTE0LjA3LjA2LTMuanBnIiwic2xpZGVzaG93IjoiYTIzNTRlOCJ9\" href=\"https:\/\/gem.pt\/wp-content\/uploads\/2021\/06\/WhatsApp-Image-2021-06-01-at-14.07.06-3.jpg\"><\/p>\n<figure><img decoding=\"async\" src=\"https:\/\/gem.pt\/wp-content\/uploads\/elementor\/thumbs\/WhatsApp-Image-2021-06-01-at-14.07.06-3-p8t8p4gg8lxa7kkfxp2t145ytle18kq1zbjzmz7qfc.jpg\" alt=\"\" \/><\/figure>\n<p><\/a><a data-elementor-open-lightbox=\"yes\" data-elementor-lightbox-slideshow=\"a2354e8\" data-e-action-hash=\"#elementor-action%3Aaction%3Dlightbox%26settings%3DeyJpZCI6MTEwNzAsInVybCI6Imh0dHBzOlwvXC9nZW0ucHRcL3dwLWNvbnRlbnRcL3VwbG9hZHNcLzIwMjFcLzA2XC9XaGF0c0FwcC1JbWFnZS0yMDIxLTA2LTAxLWF0LTE0LjA3LjA2LTQuanBnIiwic2xpZGVzaG93IjoiYTIzNTRlOCJ9\" href=\"https:\/\/gem.pt\/wp-content\/uploads\/2021\/06\/WhatsApp-Image-2021-06-01-at-14.07.06-4.jpg\"><\/p>\n<figure><img decoding=\"async\" src=\"https:\/\/gem.pt\/wp-content\/uploads\/elementor\/thumbs\/WhatsApp-Image-2021-06-01-at-14.07.06-4-p8t8p5eaffykj6j2s7hfllxfez9eg9tsbg7h496c94.jpg\" alt=\"\" \/><\/figure>\n<p><\/a><a data-elementor-open-lightbox=\"yes\" data-elementor-lightbox-slideshow=\"a2354e8\" data-e-action-hash=\"#elementor-action%3Aaction%3Dlightbox%26settings%3DeyJpZCI6MTEwNzEsInVybCI6Imh0dHBzOlwvXC9nZW0ucHRcL3dwLWNvbnRlbnRcL3VwbG9hZHNcLzIwMjFcLzA2XC9XaGF0c0FwcC1JbWFnZS0yMDIxLTA2LTAxLWF0LTE0LjA3LjA2LTUuanBnIiwic2xpZGVzaG93IjoiYTIzNTRlOCJ9\" href=\"https:\/\/gem.pt\/wp-content\/uploads\/2021\/06\/WhatsApp-Image-2021-06-01-at-14.07.06-5.jpg\"><\/p>\n<figure><img decoding=\"async\" src=\"https:\/\/gem.pt\/wp-content\/uploads\/elementor\/thumbs\/WhatsApp-Image-2021-06-01-at-14.07.06-5-p8t8p79yt4156egch8aoqlgclr04vo18zpig2t3jwo.jpg\" alt=\"\" \/><\/figure>\n<p><\/a><a data-elementor-open-lightbox=\"yes\" data-elementor-lightbox-slideshow=\"a2354e8\" data-e-action-hash=\"#elementor-action%3Aaction%3Dlightbox%26settings%3DeyJpZCI6MTEwNzIsInVybCI6Imh0dHBzOlwvXC9nZW0ucHRcL3dwLWNvbnRlbnRcL3VwbG9hZHNcLzIwMjFcLzA2XC9XaGF0c0FwcC1JbWFnZS0yMDIxLTA2LTAxLWF0LTE0LjA3LjA2LTYuanBnIiwic2xpZGVzaG93IjoiYTIzNTRlOCJ9\" href=\"https:\/\/gem.pt\/wp-content\/uploads\/2021\/06\/WhatsApp-Image-2021-06-01-at-14.07.06-6.jpg\"><\/p>\n<figure><img decoding=\"async\" src=\"https:\/\/gem.pt\/wp-content\/uploads\/elementor\/thumbs\/WhatsApp-Image-2021-06-01-at-14.07.06-6-p8t8p87szy2fi0ezbqpbb37t74vi3d4zbu5xk325qg.jpg\" alt=\"\" \/><\/figure>\n<p><\/a>\t\t\t<\/p>\n<p>Bibliography<\/p>\n<ul style=\"margin-right: 0px; margin-bottom: 0px; padding-right: 0.3em; padding-left: 2em; clear: both;\">\n<li>CUNHA, L., (1981) -\u00a0<i>O Due\u00e7a a montante de Miranda do Corvo. Apresenta\u00e7\u00e3o de alguns problemas geomorfol\u00f3gicos<\/i>. Revista da Universidade de Coimbra, Coimbra, 29, pp. 451-520.<\/li>\n<li>SOARES, A.F., SOUSA, M.B, MARQUES, J.F., (1989) -\u00a0<i>Esbo\u00e7o geol\u00f3gico dos concelhos de Lous\u00e3, Miranda do Corvo, Penela e Vila Nova de Poiares<\/i>. Projecto de Cartografia geol\u00f3gica carta 19-D Coimbra Sul escala 1:50 000, relat\u00f3rio fotocopiado de 11 p.<\/li>\n<li>NEVES, J., SOARES, M., REDINHA, N, MEDEIROS, S., CUNHA, L., (2003) -\u00a0<i>O Sistema espeleol\u00f3gico do Due\u00e7a<\/i>. Actas IV CNEspeleo Congress, Lisboa (Portugal); UIS 14th International Congress of Speleology (Greece).<\/li>\n<li>DIMUCCIO, L.A., (2011). <i>The karstification of Dolomitic Hills to south of Coimbra (Central Portugal) - Stratigraphy and palaeo(karst)s of Coimbra Group (Lower Jurassic)<\/i>. In: Proceeding of First III-UC Researcher Forum, Institute for Interdisciplinary Research University of Coimbra, Coimbra (Portugal) (in press).<\/li>\n<\/ul>\n<p>\u00a0<br \/>Texto: Vitor Amendoeira<br \/>Revis\u00e3o: Paulo Rodrigues<\/p>","protected":false},"excerpt":{"rendered":"<p>Gruta do Ac\u00edlio &#8211; O Tramo Perdido 2 de Junho de 2021Introdu\u00e7\u00e3o &nbsp;Ac\u00edlio Alexandre, em 2019, ao preparar o terreno para a constru\u00e7\u00e3o de uma casa, abriu um buraco que d\u00e1 acesso \u00e0 gruta. Ac\u00edlio, curioso, fez uma visita \u00e0 cavidade e tirou as primeiras fotos. Mais tarde, em conversa com um amigo espele\u00f3logo, contou [&hellip;]<\/p>\n","protected":false},"author":3,"featured_media":0,"parent":1574,"menu_order":0,"comment_status":"closed","ping_status":"closed","template":"","meta":{"footnotes":""},"class_list":["post-11055","page","type-page","status-publish","hentry"],"_links":{"self":[{"href":"https:\/\/gem.pt\/1\/en\/wp-json\/wp\/v2\/pages\/11055","targetHints":{"allow":["GET"]}}],"collection":[{"href":"https:\/\/gem.pt\/1\/en\/wp-json\/wp\/v2\/pages"}],"about":[{"href":"https:\/\/gem.pt\/1\/en\/wp-json\/wp\/v2\/types\/page"}],"author":[{"embeddable":true,"href":"https:\/\/gem.pt\/1\/en\/wp-json\/wp\/v2\/users\/3"}],"replies":[{"embeddable":true,"href":"https:\/\/gem.pt\/1\/en\/wp-json\/wp\/v2\/comments?post=11055"}],"version-history":[{"count":0,"href":"https:\/\/gem.pt\/1\/en\/wp-json\/wp\/v2\/pages\/11055\/revisions"}],"up":[{"embeddable":true,"href":"https:\/\/gem.pt\/1\/en\/wp-json\/wp\/v2\/pages\/1574"}],"wp:attachment":[{"href":"https:\/\/gem.pt\/1\/en\/wp-json\/wp\/v2\/media?parent=11055"}],"curies":[{"name":"wp","href":"https:\/\/api.w.org\/{rel}","templated":true}]}}