{"id":1180,"date":"2020-05-30T16:41:22","date_gmt":"2020-05-30T16:41:22","guid":{"rendered":"https:\/\/gem.pt\/@teste\/?page_id=1180"},"modified":"2020-09-02T23:17:36","modified_gmt":"2020-09-02T23:17:36","slug":"declaracao-de-etica-na-montanha","status":"publish","type":"page","link":"https:\/\/gem.pt\/1\/en\/atividades\/montanhismo\/declaracao-de-etica-na-montanha\/","title":{"rendered":"Declaration of Ethics on the Mountain"},"content":{"rendered":"<style>.elementor-1180 .elementor-element.elementor-element-9bd6efa > .elementor-container > .elementor-column > .elementor-widget-wrap{align-content:center;align-items:center;}.elementor-1180 .elementor-element.elementor-element-9bd6efa > .elementor-container{min-height:400px;}.elementor-1180 .elementor-element.elementor-element-9bd6efa .elementor-background-slideshow__slide__image{background-size:cover;background-position:center center;}.elementor-1180 .elementor-element.elementor-element-9bd6efa{transition:background 0.3s, border 0.3s, border-radius 0.3s, box-shadow 0.3s;max-height:400px;min-height:400px;}.elementor-1180 .elementor-element.elementor-element-9bd6efa > .elementor-background-overlay{transition:background 0.3s, border-radius 0.3s, opacity 0.3s;}.elementor-1180 .elementor-element.elementor-element-9bd6efa > .elementor-shape-bottom svg{width:calc(160% + 1.3px);height:140px;transform:translateX(-50%) rotateY(180deg);}.elementor-1180 .elementor-element.elementor-element-f8b07de.elementor-column > .elementor-widget-wrap{justify-content:center;}.elementor-1180 .elementor-element.elementor-element-f8b07de > .elementor-element-populated{margin:0px 0px -10px 0px;--e-column-margin-right:0px;--e-column-margin-left:0px;}.elementor-1180 .elementor-element.elementor-element-d0f9003{max-width:1190px;text-align:end;}.elementor-1180 .elementor-element.elementor-element-d0f9003 .elementor-heading-title{text-shadow:3px 3px 4px rgba(0,0,0,0.3);}@media(max-width:1024px){.elementor-1180 .elementor-element.elementor-element-d0f9003{max-width:100%;text-align:start;}}@media(max-width:767px){.elementor-1180 .elementor-element.elementor-element-d0f9003{max-width:100%;}}<\/style>\t\t<div data-elementor-type=\"wp-page\" data-elementor-id=\"1180\" class=\"elementor elementor-1180\">\n\t\t\t\t\t\t<section class=\"elementor-section elementor-top-section elementor-element elementor-element-9bd6efa elementor-section-full_width elementor-section-height-min-height elementor-section-items-bottom elementor-section-content-middle elementor-section-height-default\" data-id=\"9bd6efa\" data-element_type=\"section\" data-settings=\"{&quot;background_background&quot;:&quot;slideshow&quot;,&quot;background_slideshow_gallery&quot;:[{&quot;id&quot;:1182,&quot;url&quot;:&quot;https:\\\/\\\/gem.pt\\\/wp-content\\\/uploads\\\/2020\\\/05\\\/Atividades_4_2.jpg&quot;}],&quot;shape_divider_bottom&quot;:&quot;opacity-tilt&quot;,&quot;background_slideshow_slide_transition&quot;:&quot;fade&quot;}\">\n\t\t\t\t\t<div class=\"elementor-shape elementor-shape-bottom\" aria-hidden=\"true\" data-negative=\"false\">\n\t\t\t<svg xmlns=\"http:\/\/www.w3.org\/2000\/svg\" viewBox=\"0 0 2600 131.1\" preserveAspectRatio=\"none\">\n\t<path class=\"elementor-shape-fill\" d=\"M0 0L2600 0 2600 69.1 0 0z\"\/>\n\t<path class=\"elementor-shape-fill\" style=\"opacity:0.5\" d=\"M0 0L2600 0 2600 69.1 0 69.1z\"\/>\n\t<path class=\"elementor-shape-fill\" style=\"opacity:0.25\" d=\"M2600 0L0 0 0 130.1 2600 69.1z\"\/>\n<\/svg>\t\t<\/div>\n\t\t\t\t\t<div class=\"elementor-container elementor-column-gap-default\">\n\t\t\t\t\t<div class=\"aux-parallax-section elementor-column elementor-col-100 elementor-top-column elementor-element elementor-element-f8b07de\" data-id=\"f8b07de\" data-element_type=\"column\">\n\t\t\t<div class=\"elementor-widget-wrap elementor-element-populated\">\n\t\t\t\t\t\t<div class=\"elementor-element elementor-element-d0f9003 elementor-widget elementor-widget-heading\" data-id=\"d0f9003\" data-element_type=\"widget\" data-widget_type=\"heading.default\">\n\t\t\t\t<div class=\"elementor-widget-container\">\n\t\t\t\t\t<h1 class=\"elementor-heading-title elementor-size-default\">Declara\u00e7\u00e3o de \u00c9tica na Montanha<\/h1>\t\t\t\t<\/div>\n\t\t\t\t<\/div>\n\t\t\t\t\t<\/div>\n\t\t<\/div>\n\t\t\t\t\t<\/div>\n\t\t<\/section>\n\t\t\t\t<section class=\"elementor-section elementor-top-section elementor-element elementor-element-2d69bba elementor-section-boxed elementor-section-height-default elementor-section-height-default\" data-id=\"2d69bba\" data-element_type=\"section\">\n\t\t\t\t\t\t<div class=\"elementor-container elementor-column-gap-default\">\n\t\t\t\t\t<div class=\"aux-parallax-section elementor-column elementor-col-100 elementor-top-column elementor-element elementor-element-023f42b\" data-id=\"023f42b\" data-element_type=\"column\">\n\t\t\t<div class=\"elementor-widget-wrap elementor-element-populated\">\n\t\t\t\t\t\t<div class=\"elementor-element elementor-element-c8fc423 elementor-widget elementor-widget-text-editor\" data-id=\"c8fc423\" data-element_type=\"widget\" data-widget_type=\"text-editor.default\">\n\t\t\t\t<div class=\"elementor-widget-container\">\n\t\t\t\t\t\t\t\t\t<div><em style=\"letter-spacing: normal; line-height: 0.1; caret-color: #757575; color: #757575; font-family: Questrial; font-size: 12px; white-space: pre-line;\">Conforme corrigida e aprovada no Porto em 10\/10\/2009<\/em><span style=\"letter-spacing: -0.2px;\">\u00a0<\/span><\/div>\n<div data-line-height=\"1.9\">\n<div>\n<div><em style=\"letter-spacing: normal; line-height: 0.1; caret-color: #757575; color: #757575; font-family: Questrial; font-size: 12px; white-space: pre-line;\">Original em: <\/em><span style=\"font-size: 12px;\"><u><a title=\"\" href=\"http:\/\/theuiaa.org\/declarations\/mountain-ethic-declaration\/\" target=\"_blank\" rel=\"noopener\" type=\"\" data-attached-link=\"{\">http:\/\/theuiaa.org\/declarations\/mountain-ethic-declaration\/<\/a><\/u><\/span><\/div>\n<div><span style=\"font-size: 12px;\">\u00a0<\/span><\/div>\n<\/div>\n<\/div>\n\n<hr \/>\n\n<div style=\"letter-spacing: normal; margin: 0px; padding: 0px; caret-color: #000000; color: #000000; font-family: Questrial; text-align: justify; white-space: pre-line; line-height: 1;\"><\/div>\n<div style=\"caret-color: #e78b00; color: #e78b00; font-family: Questrial; font-size: 20px; letter-spacing: normal; white-space: pre-line; text-align: center;\">\n<em style=\"caret-color: #757575; color: #757575; font-size: 18px;\"><strong>Estende os teus limites, levanta o teu esp\u00edrito e almeja o topo!<\/strong><\/em>\n<em style=\"caret-color: #757575; color: #757575; font-size: 18px;\"><strong>\u00a0<\/strong><\/em><\/div>\n<div style=\"caret-color: #e78b00; color: #e78b00; font-family: Questrial; font-size: 20px; letter-spacing: normal; white-space: pre-line;\"><\/div>\n<div style=\"caret-color: #e78b00; color: #e78b00; font-family: Questrial; font-size: 20px; letter-spacing: normal; white-space: pre-line;\">1. Responsabilidade Individual<\/div>\n<div style=\"caret-color: #e78b00; color: #e78b00; font-family: Questrial; font-size: 20px; letter-spacing: normal; white-space: pre-line; padding-left: 40px;\"><span style=\"caret-color: #000000; color: #000000; font-size: 16px; text-align: justify;\">Montanhistas e escaladores praticam estes desportos em situa\u00e7\u00f5es de risco de acidentes e onde a ajuda exterior pode n\u00e3o estar dispon\u00edvel. Tendo isto em mente, eles empenham-se nestas iniciativas com alto risco individual e respons\u00e1veis pela sua pr\u00f3pria seguran\u00e7a.<\/span>\n<span style=\"caret-color: #000000; color: #000000; font-size: 16px; text-align: justify;\">As a\u00e7\u00f5es destes indiv\u00edduos n\u00e3o podem p\u00f4r em risco aqueles em seu redor ou constituir danos para o ambiente. Por exemplo a fixa\u00e7\u00e3o de ancoragens em novas rotas\u00a0ou j\u00e1 existentes n\u00e3o pode ser automaticamente dada como aceite.\n<\/span>\n<\/div>\n<div style=\"caret-color: #e78b00; color: #e78b00; font-family: Questrial; font-size: 20px; letter-spacing: normal; white-space: pre-line;\">2. Esp\u00edrito de Equipa<\/div>\n<div style=\"caret-color: #e78b00; color: #e78b00; font-family: Questrial; font-size: 20px; letter-spacing: normal; white-space: pre-line; padding-left: 40px;\"><span style=\"caret-color: #000000; color: #000000; font-size: 16px; text-align: justify;\">Os membros de uma equipa devem estar preparados para fazer compromissos de modo a balancear as necessidades e compet\u00eancias de todo o grupo. A escalada ser\u00e1 invariavelmente melhor sucedida quando os membros da equipa se apoiam e encorajam mutuamente.<\/span>\n<span style=\"caret-color: #000000; color: #000000; font-size: 16px; text-align: justify;\">Toda a pessoa que se encontra na montanha numa face de rocha merece ser igualmente respeitada. Mesmo em locais remotos e situa\u00e7\u00f5es de grande tens\u00e3o devemos sempre tratar os outros como gostar\u00edamos de ser tratados.\n<\/span>\n<\/div>\n<div style=\"caret-color: #e78b00; color: #e78b00; font-family: Questrial; font-size: 20px; letter-spacing: normal; white-space: pre-line;\">3. Comunidade da Escalada e do Montanhismo<\/div>\n<div style=\"caret-color: #e78b00; color: #e78b00; font-family: Questrial; font-size: 20px; letter-spacing: normal; white-space: pre-line; padding-left: 40px;\"><span style=\"caret-color: #000000; color: #000000; font-size: 16px; text-align: justify;\">Toda a pessoa que se encontra na montanha numa face de rocha merece ser igualmente respeitada. Mesmo em locais remotos e situa\u00e7\u00f5es de grande tens\u00e3o devemos sempre tratar os outros como gostar\u00edamos de ser tratados.\n<\/span>\n<\/div>\n<div style=\"caret-color: #e78b00; color: #e78b00; font-family: Questrial; font-size: 20px; letter-spacing: normal; white-space: pre-line;\">4. Visitando pa\u00edses estrangeiros<\/div>\n<div style=\"caret-color: #e78b00; color: #e78b00; font-family: Questrial; font-size: 20px; letter-spacing: normal; white-space: pre-line; padding-left: 40px;\"><span style=\"caret-color: #000000; color: #000000; font-size: 16px; text-align: justify;\">Quando somos convidados em pa\u00edses estrangeiros devemos sempre comportar-nos de modo educado e com conten\u00e7\u00e3o. Devemos mostrar respeito e considera\u00e7\u00e3o pelas pessoas locais e pela sua cultura \u2013 eles s\u00e3o os nossos anfitri\u00f5es. Devemos respeitar os h\u00e1bitos de escalada locais e o seu estilo e nunca fazer furos ou colocar parafusos onde existe uma regra \u00e9tica contra tal pr\u00e1tica na tradi\u00e7\u00e3o do pa\u00eds ou onde n\u00e3o existem \u00e9ticas estabelecidas localmente. N\u00f3s respeitaremos as montanhas sagradas e outros locais sagrados e sempre procuraremos formas de beneficiar e assistir as economias locais e as suas gentes. A compreens\u00e3o da cultura estrangeira que visitamos faz parte de uma experi\u00eancia completa de escalada.\n<\/span>\n<\/div>\n<div style=\"caret-color: #e78b00; color: #e78b00; font-family: Questrial; font-size: 20px; letter-spacing: normal; white-space: pre-line;\">5. Responsabilidade dos guias de montanha e outros l\u00edderes<\/div>\n<div style=\"caret-color: #e78b00; color: #e78b00; font-family: Questrial; font-size: 20px; letter-spacing: normal; white-space: pre-line; padding-left: 40px;\"><span style=\"caret-color: #000000; color: #000000; font-size: 16px; text-align: justify;\">Os guias de montanha profissionais, outros l\u00edderes e membros dos grupos que lideram devem cada um deles compreender o seu papel no grupo, respeitar as liberdades individuais e os direitos de outros grupos e indiv\u00edduos. Nesta declara\u00e7\u00e3o n\u00f3s reconhecemos os altos padr\u00f5es alcan\u00e7ados na pr\u00e1tica pelos corpos de guias profissionais de montanha.\n<\/span>\n<\/div>\n<div style=\"caret-color: #e78b00; color: #e78b00; font-family: Questrial; font-size: 20px; letter-spacing: normal; white-space: pre-line;\">6. Emerg\u00eancias, imin\u00eancia de morte e morte<\/div>\n<div style=\"caret-color: #e78b00; color: #e78b00; font-family: Questrial; font-size: 20px; letter-spacing: normal; white-space: pre-line; padding-left: 40px;\"><span style=\"caret-color: #000000; color: #000000; font-size: 16px; text-align: justify;\">Devemos estar preparados para emerg\u00eancias e situa\u00e7\u00f5es que resultam em acidentes s\u00e9rios e em morte. Todos os participantes de desportos de montanha devem compreender claramente os riscos e perigos e a necessidade de se apetrecharem das necess\u00e1rias compet\u00eancias, conhecimento e equipamento para as atividades em quest\u00e3o. Todos os participantes precisam de estar preparados para ajudar outros na sequ\u00eancia de uma emerg\u00eancia ou acidente e tamb\u00e9m de estar preparados para aceitar as consequ\u00eancias de uma trag\u00e9dia. \u00c9 esperado que os operadores comerciais em particular informem os seus clientes de que os seus objetivos poder\u00e3o ter de ser sacrificados para assistir pessoas em apuros.\n<\/span>\n<\/div>\n<div style=\"caret-color: #e78b00; color: #e78b00; font-family: Questrial; font-size: 20px; letter-spacing: normal; white-space: pre-line;\">7. Acesso e Conserva\u00e7\u00e3o<\/div>\n<div style=\"caret-color: #e78b00; color: #e78b00; font-family: Questrial; font-size: 20px; letter-spacing: normal; white-space: pre-line; padding-left: 40px;\"><span style=\"caret-color: #000000; color: #000000; font-size: 16px; text-align: justify;\">Acreditamos que a liberdade de acesso \u00e0s montanhas e penhascos de uma forma respons\u00e1vel \u00e9 um direito fundamental. Devemos sempre praticar as nossas atividades de uma forma ambientalmente conscienciosa e ser proativo na preserva\u00e7\u00e3o da natureza e da paisagem. Devemos sempre respeitar as restri\u00e7\u00f5es de acesso quando existem e as regula\u00e7\u00f5es acordadas entre os escaladores e as autoridades e institui\u00e7\u00f5es de conserva\u00e7\u00e3o da natureza.\n<\/span>\n<\/div>\n<div style=\"caret-color: #e78b00; color: #e78b00; font-family: Questrial; font-size: 20px; letter-spacing: normal; white-space: pre-line;\">8. Estilo<\/div>\n<div style=\"caret-color: #e78b00; color: #e78b00; font-family: Questrial; font-size: 20px; letter-spacing: normal; white-space: pre-line; padding-left: 40px;\"><span style=\"caret-color: #000000; color: #000000; font-size: 16px; text-align: justify;\">A qualidade da experi\u00eancia e como resolvemos os problemas \u00e9 mais importante do que o sucesso da jornada. Devemos sempre lutar para n\u00e3o deixar vest\u00edgios na face da rocha ou no interior da montanha.\n<\/span>\n<\/div>\n<div style=\"caret-color: #e78b00; color: #e78b00; font-family: Questrial; font-size: 20px; letter-spacing: normal; white-space: pre-line;\">9. Primeiras ascens\u00f5es<\/div>\n<div style=\"caret-color: #e78b00; color: #e78b00; font-family: Questrial; font-size: 20px; letter-spacing: normal; white-space: pre-line; padding-left: 40px;\"><span style=\"caret-color: #000000; color: #000000; font-size: 16px; text-align: justify;\">A primeira ascens\u00e3o a uma rota ou a uma montanha \u00e9 um acto criativo. Deve ser completado de maneira pelo menos t\u00e3o boa e adequada ao estilo e tradi\u00e7\u00f5es da regi\u00e3o. A forma como a escalada foi conseguida deve ser reportada com exatid\u00e3o.\n<\/span>\n<\/div>\n<div style=\"caret-color: #e78b00; color: #e78b00; font-family: Questrial; font-size: 20px; letter-spacing: normal; white-space: pre-line;\">10. Patroc\u00ednios, promo\u00e7\u00e3o e rela\u00e7\u00f5es p\u00fablicas<\/div>\n<div style=\"caret-color: #e78b00; color: #e78b00; font-family: Questrial; font-size: 20px; letter-spacing: normal; white-space: pre-line; padding-left: 40px;\"><span style=\"caret-color: #000000; color: #000000; font-size: 16px; text-align: justify;\"> coopera\u00e7\u00e3o entre patrocinadores e montanhistas deve ser uma rela\u00e7\u00e3o profissional que sirva os melhores interesses do desporto de montanha. \u00c9 da responsabilidade da comunidade de desportos de montanha educar e informar quer os meios de comunica\u00e7\u00e3o social quer o p\u00fablico de forma proativa.\n<\/span>\n<\/div>\n<div style=\"caret-color: #e78b00; color: #e78b00; font-family: Questrial; font-size: 20px; letter-spacing: normal; white-space: pre-line;\">11. O uso de oxig\u00e9nio suplementar na montanha<\/div>\n<div style=\"caret-color: #e78b00; color: #e78b00; font-family: Questrial; font-size: 20px; letter-spacing: normal; white-space: pre-line; padding-left: 40px;\"><span style=\"caret-color: #000000; color: #000000; font-size: 16px; text-align: justify;\">A utiliza\u00e7\u00e3o de oxig\u00e9nio suplementar na alta montanha tem estado sob debate h\u00e1 j\u00e1 v\u00e1rios anos. Neste debate, diferentes aspetos relacionados com o t\u00f3pico podem ser apreciados, tais como: aspetos m\u00e9dicos e considera\u00e7\u00f5es \u00e9ticas. Os aspetos m\u00e9dicos devem ser de considera\u00e7\u00e3o primordial para todos os montanhistas. As considera\u00e7\u00f5es \u00e9ticas devem ser deixadas \u00e0 considera\u00e7\u00e3o individual do montanhista, desde que, se for o caso deste optar pela utiliza\u00e7\u00e3o suplementar de oxig\u00e9nio, inclua no seu plano de atividade a remo\u00e7\u00e3o das garrafas da montanha.\n<\/span>\n<\/div>\n<div style=\"caret-color: #e78b00; color: #e78b00; font-family: Questrial; font-size: 20px; letter-spacing: normal; white-space: pre-line;\">12. Expedi\u00e7\u00f5es guiadas e comercialmente organizadas \u00e0s altas altitudes<\/div>\n<div style=\"caret-color: #e78b00; color: #e78b00; font-family: Questrial; font-size: 20px; letter-spacing: normal; white-space: pre-line; padding-left: 40px;\"><span style=\"caret-color: #000000; color: #000000; font-size: 16px; text-align: justify;\">\u00c9 esperado que os operadores comerciais envolvidos nas expedi\u00e7\u00f5es a grandes altitudes, almejando os 8.000 metros ou outros picos compar\u00e1veis, os quais oferecem limitadas capacidades de salvamento, reconhe\u00e7am as limita\u00e7\u00f5es dos clientes ao seu cuidado. Todos os esfor\u00e7os devem ser feitos no sentido de assegurar a seguran\u00e7a destes clientes e o aviso aos mesmos de que os planos poder\u00e3o ter de ser alterados e encurtados de modo a assistir outros montanhistas que se encontrem em situa\u00e7\u00f5es de perigo.\n<\/span>\n<\/div>\n<span style=\"color: #000000; text-align: justify; font-size: 16px;\">A <\/span><strong style=\"color: #000000; text-align: justify; font-size: 16px;\">UIAA<\/strong><span style=\"color: #000000; text-align: justify; font-size: 16px;\"> \u00e9 a Federa\u00e7\u00e3o Internacional de Montanhismo e Escalada.\u00a0N\u00f3s reunimos milh\u00f5es de homens, mulheres e crian\u00e7as unidos pela sua paix\u00e3o pelas montanhas.<\/span>\n<u style=\"color: #ff8200; text-align: justify; font-size: 16px;\"><a style=\"color: inherit;\" title=\"\" href=\"http:\/\/www.theuiaa.org\/\" target=\"_blank\" rel=\"noopener\" type=\"\" data-attached-link=\"{\">www.theuiaa.org<\/a><\/u>\n\n<\/div>\n<div style=\"letter-spacing: normal; margin: 0px; padding: 0px; font-family: Questrial; color: #000000; white-space: pre-line; line-height: 1.6; text-align: justify;\" data-line-height=\"1.6\"><span style=\"color: #ff8200;\">\u00a0<\/span><\/div>\n<span style=\"letter-spacing: normal; caret-color: #000000; color: #000000; font-family: Questrial; white-space: pre-line; font-size: 14px;\"><span style=\"letter-spacing: 0px;\"><span style=\"color: #757575;\">Traduzido da vers\u00e3o original por C\u00e9lia Caciones\/GEM. A declara\u00e7\u00e3o original pode ser vista e descarregada <\/span><span style=\"color: #ff8200;\"><u><a style=\"color: inherit;\" title=\"\" href=\"http:\/\/theuiaa.org\/documents\/declarations\/UIAA_2009_Mountain_Ethics_Declaration-2.pdf\" target=\"_blank\" rel=\"noopener\" type=\"\" data-attached-link=\"{\">aqui<\/a><\/u><\/span><\/span>.<\/span><span style=\"letter-spacing: normal; caret-color: #000000; color: #000000; font-family: Questrial; text-align: justify; white-space: pre-line;\">\n<\/span>\t\t\t\t\t\t\t\t<\/div>\n\t\t\t\t<\/div>\n\t\t\t\t\t<\/div>\n\t\t<\/div>\n\t\t\t\t\t<\/div>\n\t\t<\/section>\n\t\t\t\t<\/div>\n\t\t","protected":false},"excerpt":{"rendered":"<p>Declara\u00e7\u00e3o de \u00c9tica na Montanha Conforme corrigida e aprovada no Porto em 10\/10\/2009\u00a0 Original em: http:\/\/theuiaa.org\/declarations\/mountain-ethic-declaration\/ \u00a0 Estende os teus limites, levanta o teu esp\u00edrito e almeja o topo! \u00a0 1. Responsabilidade Individual Montanhistas e escaladores praticam estes desportos em situa\u00e7\u00f5es de risco de acidentes e onde a ajuda exterior pode n\u00e3o estar dispon\u00edvel. Tendo [&hellip;]<\/p>\n","protected":false},"author":1,"featured_media":0,"parent":1160,"menu_order":0,"comment_status":"closed","ping_status":"closed","template":"","meta":{"footnotes":""},"class_list":["post-1180","page","type-page","status-publish","hentry"],"_links":{"self":[{"href":"https:\/\/gem.pt\/1\/en\/wp-json\/wp\/v2\/pages\/1180","targetHints":{"allow":["GET"]}}],"collection":[{"href":"https:\/\/gem.pt\/1\/en\/wp-json\/wp\/v2\/pages"}],"about":[{"href":"https:\/\/gem.pt\/1\/en\/wp-json\/wp\/v2\/types\/page"}],"author":[{"embeddable":true,"href":"https:\/\/gem.pt\/1\/en\/wp-json\/wp\/v2\/users\/1"}],"replies":[{"embeddable":true,"href":"https:\/\/gem.pt\/1\/en\/wp-json\/wp\/v2\/comments?post=1180"}],"version-history":[{"count":0,"href":"https:\/\/gem.pt\/1\/en\/wp-json\/wp\/v2\/pages\/1180\/revisions"}],"up":[{"embeddable":true,"href":"https:\/\/gem.pt\/1\/en\/wp-json\/wp\/v2\/pages\/1160"}],"wp:attachment":[{"href":"https:\/\/gem.pt\/1\/en\/wp-json\/wp\/v2\/media?parent=1180"}],"curies":[{"name":"wp","href":"https:\/\/api.w.org\/{rel}","templated":true}]}}