{"id":12719,"date":"2021-12-26T17:11:21","date_gmt":"2021-12-26T17:11:21","guid":{"rendered":"https:\/\/gem.pt\/1\/?page_id=12719"},"modified":"2022-10-22T15:09:31","modified_gmt":"2022-10-22T14:09:31","slug":"relatorio-algar-da-lomba-e-gruta-do-regatinho","status":"publish","type":"page","link":"https:\/\/gem.pt\/1\/en\/publicacoes\/relatorios-carso-e-endocarso\/relatorio-algar-da-lomba-e-gruta-do-regatinho\/","title":{"rendered":"Lomba and Regatinho Caving Report"},"content":{"rendered":"<p>Relat\u00f3rio -\u00a0Algar da Lomba e Gruta do Regatinho\u00a0<\/p>\n<p>Alcanena, 20 de Dezembro de 2021<strong style=\"text-align: left; letter-spacing: normal; caret-color: #e78b00; color: #e78b00; font-family: Questrial; font-size: 18px; white-space: pre-line;\">Assunto<\/strong><\/p>\n<p style=\"text-align: justify; padding-left: 40px;\">Cavidade do Anexo I \u2013 Cavidade C\u00e1rsica n.\u00ba 35 e N\u00ba37 da RCM n\u00ba 57\/2010 \u2013 denominada por Algar da Lomba e Gruta do Regatinho<\/p>\n<p><strong style=\"text-align: left; letter-spacing: normal; caret-color: #e78b00; color: #e78b00; font-family: Questrial; font-size: 18px; white-space: pre-line;\">Objetivos do projeto<\/strong><\/p>\n<ol>\n<li style=\"list-style-type: none;\">\n<ol>\n<li>Explora\u00e7\u00e3o e Reconhecimento do sistema Lomba \u2013 Regatinho;<\/li>\n<li>Elabora\u00e7\u00e3o de uma topografia com DistoX de acordo com as normas UIS \u2013v2 5 -3 \u2013 CEF;<\/li>\n<\/ol>\n<\/li>\n<\/ol>\n<p><strong style=\"text-align: left; letter-spacing: normal; caret-color: #e78b00; color: #e78b00; font-family: Questrial; font-size: 18px; white-space: pre-line;\">Atividades realizadas<\/strong>\u00a0<strong>1. Resumo<\/strong>Realizaram-se no total 11 entradas no sistema Lomba-Regatinho, a maioria (10) atrav\u00e9s do Algar da Lomba, que envolveram 19 espele\u00f3logos e procedeu-se \u00e0 explora\u00e7\u00e3o e topografia de cerca de 1874m de galerias.\u00a0<strong>2. Entrada no Regatinho<\/strong><\/p>\n<p>Data: <strong>18\/08\/2021<\/strong><br \/>Entrada: 11:00<br \/>Sa\u00edda: 13:00<br \/>Equipa: 9 elementos do GEM<br \/>Trabalhos realizados:<\/p>\n<ul>\n<li style=\"list-style-type: none;\">\n<ul>\n<li style=\"text-align: justify;\">Verifica\u00e7\u00e3o do n\u00edvel da \u00e1gua e da possibilidade de progress\u00e3o;<\/li>\n<li style=\"text-align: justify;\">Inicia\u00e7\u00e3o \u00e0 espeleologia.<\/li>\n<\/ul>\n<\/li>\n<\/ul>\n<p><strong>3. Entradas no Algar da Lomba<\/strong><\/p>\n<p>Data: <strong>02\/08\/2021<\/strong><br \/>Entrada: 10:00<br \/>Sa\u00edda: 19:30<br \/>Equipa: 3 elementos GEM<br \/>Trabalhos realizados:<\/p>\n<ul>\n<li style=\"list-style-type: none;\">\n<ul>\n<li style=\"text-align: justify;\">Equipagem do Algar;<\/li>\n<li style=\"text-align: justify;\">Verifica\u00e7\u00e3o das condi\u00e7\u00f5es de acesso;<\/li>\n<li style=\"text-align: justify;\">Primeiros dados topogr\u00e1ficos.<\/li>\n<\/ul>\n<\/li>\n<\/ul>\n<p>Data: <strong>07\/08\/2021<\/strong><br \/>Entrada: 10:00<br \/>Sa\u00edda:15:30<br \/>Equipa: 4 elementos GEM<br \/>Trabalhos realizados:<\/p>\n<ul>\n<li style=\"list-style-type: none;\">\n<ul>\n<li style=\"text-align: justify;\">Levantamentos topogr\u00e1ficos;<\/li>\n<li style=\"text-align: justify;\">Recolha de dados para zonamento ecol\u00f3gico.<\/li>\n<\/ul>\n<\/li>\n<\/ul>\n<p>Data: <strong>28\/08\/2021<\/strong><br \/>Entrada: 10:30<br \/>Sa\u00edda:18:00<br \/>Equipa: 2 elementos GEM, 2 elementos AESDA e 2 elementos Geonauta<br \/>Trabalhos realizados:<\/p>\n<ul>\n<li style=\"list-style-type: none;\">\n<ul>\n<li style=\"text-align: justify;\">Levantamentos topogr\u00e1ficos;<\/li>\n<li style=\"text-align: justify;\">Explora\u00e7\u00e3o do meandro da direita na zona do 'tri\u00e2ngulo'.<\/li>\n<\/ul>\n<\/li>\n<\/ul>\n<p>Data: <strong>31\/08\/2021<\/strong><br \/>Entrada: 10:00<br \/>Sa\u00edda:16:30<br \/>Equipa: 2 elementos GEM<br \/>Trabalhos realizados:<\/p>\n<ul>\n<li style=\"list-style-type: none;\">\n<ul>\n<li style=\"text-align: justify;\">Levantamento topogr\u00e1fico do meandro da direita na zona do 'tri\u00e2ngulo'.<\/li>\n<\/ul>\n<\/li>\n<\/ul>\n<p>Data: <strong>04\/09\/2021<\/strong><br \/>Entrada: 10:00<br \/>Sa\u00edda:15:30<br \/>Equipa: 4 elementos GEM e 1 elemento AESDA<br \/>Trabalhos realizados:<\/p>\n<ul>\n<li style=\"list-style-type: none;\">\n<ul>\n<li style=\"text-align: justify;\">Levantamento topogr\u00e1fico;<\/li>\n<li style=\"text-align: justify;\">Explora\u00e7\u00e3o e levantamento topogr\u00e1fico de po\u00e7o vertical (po\u00e7o B) inexplorado (ausente de topografias anteriores conhecidas).<\/li>\n<\/ul>\n<\/li>\n<\/ul>\n<p>Data: <strong>11\/09\/2021<\/strong><br \/>Entrada: 10:00<br \/>Sa\u00edda:19:00<br \/>Equipa: 4 elementos GEM<br \/>Trabalhos realizados:<\/p>\n<ul>\n<li style=\"list-style-type: none;\">\n<ul>\n<li style=\"text-align: justify;\">Levantamentos topogr\u00e1ficos;<\/li>\n<li style=\"text-align: justify;\">Verifica\u00e7\u00e3o do n\u00edvel de \u00e1gua na zona dos po\u00e7os e explora\u00e7\u00e3o de fenda localizada nesta zona a NNO.<\/li>\n<\/ul>\n<\/li>\n<\/ul>\n<p>Data: <strong>02\/10\/2021<\/strong><br \/>Entrada: 10:00<br \/>Sa\u00edda :18:30<br \/>Equipa: 3 elementos GEM e 1 elemento AESDA<br \/>Trabalhos realizados:<\/p>\n<ul>\n<li style=\"list-style-type: none;\">\n<ul>\n<li style=\"text-align: justify;\">Levantamentos topogr\u00e1ficos;<\/li>\n<li style=\"text-align: justify;\">Re-equipagem e revis\u00e3o do corrim\u00e3o na zona dos po\u00e7os, com remo\u00e7\u00e3o da corda antiga e coloca\u00e7\u00e3o de uma corda nova melhorando substancialmente a seguran\u00e7a na travessia dos po\u00e7os.<\/li>\n<\/ul>\n<\/li>\n<\/ul>\n<p>Data: <strong>13\/11\/2021<\/strong><br \/>Entrada: 10:00<br \/>Sa\u00edda: 19:00<br \/>Equipa: 4 elementos GEM<br \/>Trabalhos realizados:<\/p>\n<ul>\n<li style=\"list-style-type: none;\">\n<ul>\n<li style=\"text-align: justify;\">Levantamentos topogr\u00e1ficos.<\/li>\n<\/ul>\n<\/li>\n<\/ul>\n<p>Data: <strong>20\/11\/2021<\/strong><br \/>Entrada: 10:00<br \/>Sa\u00edda: 19:45<br \/>Equipa: 6 elementos GEM<br \/>Trabalhos realizados:<\/p>\n<ul>\n<li style=\"list-style-type: none;\">\n<ul>\n<li style=\"text-align: justify;\">Levantamentos topogr\u00e1ficos;<\/li>\n<li style=\"text-align: justify;\">Recolha de dados para zonamento ecol\u00f3gico.<\/li>\n<\/ul>\n<\/li>\n<\/ul>\n<p>Data: <strong>27\/11\/2021<\/strong><br \/>Entrada: 10:00<br \/>Sa\u00edda: 20:30<br \/>Equipa: 5 elementos GEM<br \/>Trabalhos realizados:<\/p>\n<ul>\n<li style=\"list-style-type: none;\">\n<ul>\n<li style=\"text-align: justify;\">Explora\u00e7\u00e3o e avalia\u00e7\u00e3o de hip\u00f3teses de desobstru\u00e7\u00e3o no po\u00e7o B;<\/li>\n<li style=\"text-align: justify;\">Desequipagem do Algar.<\/li>\n<\/ul>\n<\/li>\n<\/ul>\n<p><strong style=\"text-align: left; letter-spacing: normal; caret-color: #e78b00; color: #e78b00; font-family: Questrial; font-size: 18px; white-space: pre-line;\">Observa\u00e7\u00f5es<\/strong><\/p>\n<p>1. A topon\u00edmia utilizada na cartografia segue as refer\u00eancias anotadas em Thomas, C. (1985) devidamente traduzidas para express\u00f5es portuguesas e s\u00e3o acrescentados top\u00f3nimos que por raz\u00f5es operacionais e descritivas dos trabalhos nos pareceram interessantes de adicionar (assinalados no texto com *). Estes top\u00f3nimos ser\u00e3o publicados com a topografia em execu\u00e7\u00e3o.<\/p>\n<p>2. O Algar encontra-se em bom estado de conserva\u00e7\u00e3o n\u00e3o sendo vis\u00edveis danos estruturais e outros, nomeadamente provocados pelo arremesso de objectos para o seu interior. Em todo o caso as equipas de trabalho foram removendo ao longo dos dias de trabalho diversos contaminantes, nomeadamente baterias antigas e diversos objectos de pl\u00e1stico. Nas galerias do Metro e do Cent\u00edmetro* procurou-se seguir o caminho dos primeiros exploradores. No Meandro e na Galeria das Marmitas devido \u00e0 sua dimens\u00e3o s\u00e3o ainda vis\u00edveis vest\u00edgios da utiliza\u00e7\u00e3o de acetileno.<\/p>\n<p>3. Encontraram-se, tamb\u00e9m, in\u00fameras armadilhas para recolha de macroinvertebrados, muitas delas em muito mau estado de conserva\u00e7\u00e3o (tombadas, sem l\u00edquido, fechadas, partidas ....) mas que na aus\u00eancia de informa\u00e7\u00e3o sobre a sua propriedade e na aus\u00eancia de autoriza\u00e7\u00e3o de recolha se deixaram nos locais de observa\u00e7\u00e3o. Foram observados diversos entre o Po\u00e7o da Cabra e o Tri\u00e2ngulo* e prop\u00f5e-se desde j\u00e1 a sua remo\u00e7\u00e3o numa pr\u00f3xima visita.<\/p>\n<figure>\n\t\t\t\t\t\t\t\t\t\t\t<a href=\"https:\/\/gem.pt\/wp-content\/uploads\/2021\/12\/fig1.jpg\" data-elementor-open-lightbox=\"yes\" data-elementor-lightbox-title=\"Figura 1 \u2013 Lixo retirado e trazido para a superf\u00edcie\" e-action-hash=\"#elementor-action%3Aaction%3Dlightbox%26settings%3DeyJpZCI6MTI3MzYsInVybCI6Imh0dHBzOlwvXC9nZW0ucHRcL3dwLWNvbnRlbnRcL3VwbG9hZHNcLzIwMjFcLzEyXC9maWcxLmpwZyJ9\"><br \/>\n\t\t\t\t\t\t\t<img loading=\"lazy\" decoding=\"async\" width=\"600\" height=\"800\" src=\"https:\/\/gem.pt\/wp-content\/uploads\/2021\/12\/fig1.jpg\" alt=\"\" \/>\t\t\t\t\t\t\t\t<\/a><figcaption>Figura 1 \u2013 Lixo retirado e trazido para a superf\u00edcie<\/figcaption><\/figure>\n<figure>\n\t\t\t\t\t\t\t\t\t\t\t<a href=\"https:\/\/gem.pt\/wp-content\/uploads\/2021\/12\/fig2.jpg\" data-elementor-open-lightbox=\"yes\" data-elementor-lightbox-title=\"Figura 2 - Armadilhas\" e-action-hash=\"#elementor-action%3Aaction%3Dlightbox%26settings%3DeyJpZCI6MTI3MzcsInVybCI6Imh0dHBzOlwvXC9nZW0ucHRcL3dwLWNvbnRlbnRcL3VwbG9hZHNcLzIwMjFcLzEyXC9maWcyLmpwZyJ9\"><br \/>\n\t\t\t\t\t\t\t<img decoding=\"async\" src=\"https:\/\/gem.pt\/wp-content\/uploads\/elementor\/thumbs\/fig2-pi6h54e1c84w1yitpf7lae0rgxwxyao1h2o5zawqsg.jpg\" title=\"Figura 2 &#8211; Armadilhas\" alt=\"Figura 2 - Armadilhas\" \/>\t\t\t\t\t\t\t\t<\/a><figcaption>Figura 2 - Armadilhas<\/figcaption><\/figure>\n<p>4. Efectuaram-se, at\u00e9 ao momento, 447 esta\u00e7\u00f5es topogr\u00e1ficas, com DistoX num total de desenvolvimento horizontal de 1874m. O detalhe da topografia \u00e9 pois muito elevado (anexo 1 e 2) tendo sido anotadas diversas passagens n\u00e3o identificadas nas topos existentes e outros aspectos de relevo espeleol\u00f3gico com interesse para o conhecimento da cavidade e da sua espeleog\u00e9nese.<\/p>\n<figure>\n\t\t\t\t\t\t\t\t\t\t\t<a href=\"https:\/\/mail.gem.pt\/wp-content\/uploads\/2022\/lomba_regatinho\/Lomba-Planta.pdf\"><br \/>\n\t\t\t\t\t\t\t<img loading=\"lazy\" decoding=\"async\" width=\"3370\" height=\"2383\" src=\"https:\/\/gem.pt\/wp-content\/uploads\/2022\/01\/Lomba-Planta-scaled.jpg\" alt=\"\" \/>\t\t\t\t\t\t\t\t<\/a><figcaption>Figura 3 - Planta do Algar da Lomba<\/figcaption><\/figure>\n<figure>\n\t\t\t\t\t\t\t\t\t\t\t<a href=\"https:\/\/mail.gem.pt\/wp-content\/uploads\/2022\/lomba_regatinho\/Lomba-Perfil.pdf\"><br \/>\n\t\t\t\t\t\t\t<img loading=\"lazy\" decoding=\"async\" width=\"3370\" height=\"2383\" src=\"https:\/\/gem.pt\/wp-content\/uploads\/2022\/01\/Lomba-Perfil-scaled.jpg\" alt=\"\" \/>\t\t\t\t\t\t\t\t<\/a><figcaption>Figura 4 - Perfil desdobrado do Algar da Lomba<\/figcaption><\/figure>\n<p>5. Fizeram-se diversas observa\u00e7\u00f5es ecol\u00f3gicas e, apesar de n\u00e3o se proceder \u00e0 recolha de animais vivos, registaram-se em foto diversos organismos. De real\u00e7ar a riqueza aparente da base do Po\u00e7o da Cabra onde se observaram sem dificuldade diversos trogl\u00f3bios e onde ser\u00e1, decerto, mediante amostragem mais complexa, poss\u00edvel incrementar o n\u00famero de esp\u00e9cies existentes na cavidade.<br \/>N\u00e3o se observaram Quir\u00f3pteros durante toda a campanha e n\u00e3o se encontraram vest\u00edgios de locais de hiberna\u00e7\u00e3o e ou repouso na zona do po\u00e7o da Cabra e galerias adjacentes.<br \/>Observaram-se restos osteol\u00f3gicos de um r\u00e9ptil na Galeria do Cent\u00edmetro* e recolheu-se e transportou-se para a superf\u00edcie um exemplar de Cobra-de-capuz (Macroprotodon brevis).<br \/>Esta e outras observa\u00e7\u00f5es est\u00e3o (ou ser\u00e3o) registadas em: <a href=\"http:\/\/inaturalist.org\/projects\/incave-portugal\">inaturalist.org\/projects\/incave-portugal<\/a><\/p>\n<figure>\n\t\t\t\t\t\t\t\t\t\t\t<a href=\"https:\/\/gem.pt\/wp-content\/uploads\/2021\/12\/fig3.jpg\" data-elementor-open-lightbox=\"yes\" data-elementor-lightbox-title=\"Figura 3 \u2013 Registo de esp\u00e9cie de aranha\" e-action-hash=\"#elementor-action%3Aaction%3Dlightbox%26settings%3DeyJpZCI6MTI3MzgsInVybCI6Imh0dHBzOlwvXC9nZW0ucHRcL3dwLWNvbnRlbnRcL3VwbG9hZHNcLzIwMjFcLzEyXC9maWczLmpwZyJ9\"><br \/>\n\t\t\t\t\t\t\t<img decoding=\"async\" src=\"https:\/\/gem.pt\/wp-content\/uploads\/elementor\/thumbs\/fig3-pi6h569ppw7gp6g3eg0ufdjonpnodovi5bz4xutyg0.jpg\" title=\"Figura 3 \u2013 Registo de esp\u00e9cie de aranha\" alt=\"Figura 3 \u2013 Registo de esp\u00e9cie de aranha\" \/>\t\t\t\t\t\t\t\t<\/a><figcaption>Figura 5 \u2013 Registo de esp\u00e9cie de aranha<\/figcaption><\/figure>\n<figure>\n\t\t\t\t\t\t\t\t\t\t\t<a href=\"https:\/\/gem.pt\/wp-content\/uploads\/2021\/12\/fig4.jpg\" data-elementor-open-lightbox=\"yes\" data-elementor-lightbox-title=\"Figura 4 \u2013 Registo de esp\u00e9cie cavern\u00edcola\" e-action-hash=\"#elementor-action%3Aaction%3Dlightbox%26settings%3DeyJpZCI6MTI3MzksInVybCI6Imh0dHBzOlwvXC9nZW0ucHRcL3dwLWNvbnRlbnRcL3VwbG9hZHNcLzIwMjFcLzEyXC9maWc0LmpwZyJ9\"><br \/>\n\t\t\t\t\t\t\t<img decoding=\"async\" src=\"https:\/\/gem.pt\/wp-content\/uploads\/elementor\/thumbs\/fig4-pi6h577jwq8r0seq8yfgzvb593j1ldz8hgmmf4sk1g.jpg\" title=\"Figura 4 \u2013 Registo de esp\u00e9cie cavern\u00edcola\" alt=\"Figura 4 \u2013 Registo de esp\u00e9cie cavern\u00edcola\" \/>\t\t\t\t\t\t\t\t<\/a><figcaption>Figura 6 \u2013 Registo de esp\u00e9cie cavern\u00edcola<\/figcaption><\/figure>\n<p>6. Em termos espeleol\u00f3gicos, a equipagem da cavidade foi revista sendo a equipa de opini\u00e3o que n\u00e3o \u00e9 necess\u00e1rio proceder \u00e0 instala\u00e7\u00e3o de novas ancoragens. Reequipou-se o corrim\u00e3o na zona dos po\u00e7os, e identificou-se uma zona com potencial para ulterior explora\u00e7\u00e3o atrav\u00e9s de desobstru\u00e7\u00e3o.<br \/>A topografia efectuada at\u00e9 ao momento contempla cerca de 75% da extens\u00e3o conhecida mas oferece dificuldades acrescidas para a sua conclus\u00e3o devido \u00e0 dist\u00e2ncia \u00e0 entrada e ao tempo de progress\u00e3o necess\u00e1rios para atingir a ponta de explora\u00e7\u00e3o.<br \/>Em 2022 lan\u00e7aremos uma nova campanha para dar continuidade aos trabalhos.<\/p>\n<p>\u00a0<\/p>\n<p style=\"margin: 0px; padding: 0px; text-align: justify; letter-spacing: normal; caret-color: #000000; color: #000000; font-family: Questrial; font-size: 14px; white-space: pre-line;\"><strong style=\"text-align: left; letter-spacing: normal; caret-color: #e78b00; color: #e78b00; font-family: Questrial; font-size: 18px; white-space: pre-line;\">Respons\u00e1veis do Projeto:<\/strong><\/p>\n<p> Vitor AmendoeiraJos\u00e9 RibeiroPaulo Lopes<\/p>","protected":false},"excerpt":{"rendered":"<p>Relat\u00f3rio &#8211;\u00a0Algar da Lomba e Gruta do Regatinho\u00a0 Alcanena, 20 de Dezembro de 2021Assunto Cavidade do Anexo I \u2013 Cavidade C\u00e1rsica n.\u00ba 35 e N\u00ba37 da RCM n\u00ba 57\/2010 \u2013 denominada por Algar da Lomba e Gruta do Regatinho Objetivos do projeto Explora\u00e7\u00e3o e Reconhecimento do sistema Lomba \u2013 Regatinho; Elabora\u00e7\u00e3o de uma topografia com [&hellip;]<\/p>\n","protected":false},"author":3,"featured_media":0,"parent":12982,"menu_order":1,"comment_status":"closed","ping_status":"closed","template":"","meta":{"footnotes":""},"class_list":["post-12719","page","type-page","status-publish","hentry"],"_links":{"self":[{"href":"https:\/\/gem.pt\/1\/en\/wp-json\/wp\/v2\/pages\/12719","targetHints":{"allow":["GET"]}}],"collection":[{"href":"https:\/\/gem.pt\/1\/en\/wp-json\/wp\/v2\/pages"}],"about":[{"href":"https:\/\/gem.pt\/1\/en\/wp-json\/wp\/v2\/types\/page"}],"author":[{"embeddable":true,"href":"https:\/\/gem.pt\/1\/en\/wp-json\/wp\/v2\/users\/3"}],"replies":[{"embeddable":true,"href":"https:\/\/gem.pt\/1\/en\/wp-json\/wp\/v2\/comments?post=12719"}],"version-history":[{"count":0,"href":"https:\/\/gem.pt\/1\/en\/wp-json\/wp\/v2\/pages\/12719\/revisions"}],"up":[{"embeddable":true,"href":"https:\/\/gem.pt\/1\/en\/wp-json\/wp\/v2\/pages\/12982"}],"wp:attachment":[{"href":"https:\/\/gem.pt\/1\/en\/wp-json\/wp\/v2\/media?parent=12719"}],"curies":[{"name":"wp","href":"https:\/\/api.w.org\/{rel}","templated":true}]}}