{"id":1339,"date":"2020-05-31T23:25:27","date_gmt":"2020-05-31T23:25:27","guid":{"rendered":"https:\/\/gem.pt\/@teste\/?page_id=1339"},"modified":"2025-12-26T19:31:26","modified_gmt":"2025-12-26T19:31:26","slug":"seguros","status":"publish","type":"page","link":"https:\/\/gem.pt\/1\/en\/socio-gem\/seguros\/","title":{"rendered":"Insurances"},"content":{"rendered":"<p>\u00a0<\/p>\n<p>Insurances<\/p>\n<p>\u00c9 da responsabilidade de todos os s\u00f3cios que praticam atividades no GEM de\u00a0manter ativo um seguro que cubra a realiza\u00e7\u00e3o das a\u00e7\u00f5es\u00a0na regi\u00e3o onde as praticam, especialmente para a pr\u00e1tica da\u00a0espeleologia, do alpinismo, da escalada e de outras que\u00a0envolvam um maior risco inerente \u00e0 natureza das pr\u00f3prias atividades e do meio onde s\u00e3o praticadas.\u00a0<\/p>\n<p>O GEM, como grupo associado da FPE - Federa\u00e7\u00e3o Portuguesa de Espeleologia e da FCMP - Federa\u00e7\u00e3o de Campismo e Montanhismo de Portugal, disponibiliza aos seus s\u00f3cios v\u00e1rias modalidades de seguros desportivos.<\/p>\n<hr \/>\n<p>FPE - Federa\u00e7\u00e3o Portuguesa de Espeleologia<br \/>\u00a0<strong style=\"letter-spacing: normal; font-family: Questrial; text-align: justify; white-space: pre-line;\">Cart\u00e3o de Espele\u00f3logo e\u00a0Seguro Desportivo<\/strong><br \/>A FPE disponibiliza um\u00a0Seguro Desportivo Anual que cobre todas as atividades do \u00e2mbito da espeleologia e TPV, v\u00e1lido durante o ano de emiss\u00e3o (de 1 de Janeiro a 31 de Dezembro). Este seguro est\u00e1 associado ao Cart\u00e3o de Espele\u00f3logo da FPE e\u00a0s\u00f3 \u00e9 disponibilizado a espele\u00f3logos credenciados pela FPE com pelo menos o N\u00edvel 2\u00a0(de acordo com Comiss\u00e3o de Ensino da FPE).<strong style=\"letter-spacing: normal; font-family: Questrial; text-align: justify; white-space: pre-line;\"><br \/><\/strong>\u00a0<b style=\"letter-spacing: normal; font-family: Questrial; text-align: justify; white-space: pre-line;\">Seguro tempor\u00e1rio<\/b><br \/>Na FPE tamb\u00e9m \u00e9 poss\u00edvel requerer a ativa\u00e7\u00e3o de\u00a0um seguro tempor\u00e1rio para uma atividade espec\u00edfica do GEM.<br \/>O seguro tempor\u00e1rio \u00e9 fornecido pela\u00a0Companhia de Seguros Fidelidade Mundial S.A.\u00a0com as seguintes condi\u00e7\u00f5es:<br \/><strong style=\"letter-spacing: normal; font-family: Questrial; text-align: justify; white-space: pre-line;\">Ap\u00f3lice<\/strong>: n\u00ba AG50003666<br \/><strong style=\"letter-spacing: normal; font-family: Questrial; text-align: justify; white-space: pre-line; line-height: 1.6;\">Capitais:<\/strong><\/p>\n<ul>\n<li style=\"list-style-type: none; padding-left: 40px;\">\n<ul>\n<li>Morte(1)\u00a0ou invalidez permanente \u2013\u00a027.079,00\u20ac<\/li>\n<li>Despesas de tratamento e repatriamento \u2013 5.000,00\u20ac<\/li>\n<li>Despesas de funeral por acidente 2.168,00\u20ac<\/li>\n<\/ul>\n<\/li>\n<\/ul>\n<p style=\"padding-left: 60px; line-height: 1.6;\"><strong style=\"letter-spacing: normal; font-family: Questrial; text-align: justify; white-space: pre-line; line-height: 1.6;\">Franquia:<\/strong>\u00a0 \u00a062,00\u20ac(2)<\/p>\n<p>(1) <em style=\"letter-spacing: normal; font-family: Questrial; font-size: 14px; text-align: justify; white-space: pre-line; line-height: 0.6;\"> N\u00e3o h\u00e1 indemniza\u00e7\u00e3o por morte a jovens com idade inferior a 14 anos.<\/em>(2)<em style=\"letter-spacing: normal; font-family: Questrial; font-size: 14px; text-align: justify; white-space: pre-line; line-height: 1;\"> Import\u00e2ncia que, em caso de sinistro, fica a cargo da pessoa segura (isto \u00e9, n\u00e3o compensa desencadear o seguro se o montante despendido com o acidente for inferior a 62,00\u20ac).<\/em><\/p>\n<p style=\"padding-left: 40px;\">Consulte <a style=\"color: #ff9900; text-decoration: underline;\" href=\"https:\/\/gem.pt\/1\/en\/pdfviewer\/?pdf=1YM6I1QYB5RLFfpR1vv8W8aNt530oKmdQ\" rel=\"noopener\">here<\/a>\u00a0a ap\u00f3lice completa.<\/p>\n<hr \/>\n<p>\u00a0\u00a0FCMP -\u00a0Federa\u00e7\u00e3o de Campismo e Montanhismo de Portugal<br \/>\u00a0<strong style=\"letter-spacing: normal; font-family: Questrial; text-align: justify; white-space: pre-line;\">Seguro Anual FCMP<\/strong>A FCMP disponibiliza seguros anuais de acidentes pessoais e de responsabilidade civil para diversas modalidades. Consulte <a href=\"https:\/\/gem.pt\/1\/en\/pdfviewer\/?pdf=1SohA2vK6Hc64eMRV9NMsETRqKKS1Ub82\" rel=\"noopener\">here<\/a> os seguros disponibilizados e <a href=\"https:\/\/gem.pt\/1\/en\/pdfviewer\/?pdf=1US_1JyjtHrP693Sr0k6fTOl_A0HIb7yE\" rel=\"noopener\">here<\/a> as condi\u00e7\u00f5es dos\u00a0seguros da FCMP.\u00a0Para mais informa\u00e7\u00f5es consulte o site da FCMP em\u00a0<a style=\"letter-spacing: -0.2px;\" href=\"http:\/\/www.fcmportugal.com\" target=\"_blank\" rel=\"noopener\">www.fcmportugal.com<\/a>.\u00a0<\/p>\n<hr \/>\n<p>\u00a0<\/p>\n<p>Seguro Anual CAF (Club Alpine Fran\u00e7ais)<\/p>\n<p>O\u00a0seguro de\u00a0responsabilidade c\u00edvil e de\u00a0acidentes pessoais\u00a0do CAF\u00a0\u00e9 um seguro de \u00e2mbito\u00a0europeu, com extens\u00e3o mundial opcional, que abrange uma vasta lista de atividades. Permite ainda o acesso a descontos nas estadias em ref\u00fagios de montanha pertencentes ao CAF (Clube Alpino Franc\u00eas)\u00a0ou ao CAS (Clube Alpino Sui\u00e7o), ou que tenham\u00a0acordo com um destes clubes.O seguro anual tem in\u00edcio a 1 de Outubro\u00a0e termina a 30 de Setembro.Veja <u><a style=\"color: inherit;\" title=\"\" href=\"https:\/\/www.ffcam.fr\/assurance.html\" rel=\"noopener\" type=\"\" data-attached-link=\"{\" data-cke-saved-href=\"https:\/\/www.ffcam.fr\/assurance.html\">here<\/a><\/u> as condi\u00e7\u00f5es do\u00a0seguro no site da FFCAM (Federa\u00e7\u00e3o Francesa de Clubes Alpinos e de Montanha).Os associados GEM que desejem um seguro complementar mais abrangente podem\u00a0requerer o Seguro Anual CAF atrav\u00e9s do GEM. Caso seja a primeira vez, ter\u00e3o de incluir no pedido\u00a0um atestado de Robustez F\u00edsica.Consulte <u><a style=\"color: inherit;\" title=\"\" href=\"https:\/\/gem.pt\/1\/en\/pdfviewer\/?pdf=1OKlHrqn44skGpqmMNg3LwgeRnHvQyO7F\" target=\"_blank\" rel=\"noopener\" type=\"\" data-attached-link=\"{\" data-cke-saved-href=\"https:\/\/storage.googleapis.com\/wzukusers\/user-24735468\/documents\/c72a92e31c9545f0ae0ae7f6079bf94b\/Proposta%20Seguros%20FFCAM%20(CAF)_2018_2019.pdf\">here<\/a><\/u> as condi\u00e7\u00f5es e pre\u00e7os para 2025-2026.\u00a0<\/p>\n<hr \/>\n<p>\u00a0<\/p>\n<p>VICTORIA Acidentes Pessoais<\/p>\n<p style=\"padding-left: 40px;\">O GEM\u00a0disponibiliza um\u00a0Seguro de Acidentes Pessoais estabelecido com a\u00a0VICTORIA\u00a0Seguros, S.A. (Ap\u00f3lice\u00a011264207), para todos os que n\u00e3o tenham outro seguro e\u00a0queiram participar numa atividade do GEM. Seguro v\u00e1lido s\u00f3 para Portugal.\u00a0<\/p>\n<p style=\"padding-left: 40px;\">Consulte <u><a style=\"color: inherit;\" title=\"\" href=\"https:\/\/gem.pt\/1\/en\/pdfviewer\/?pdf=1qFH0178i4FE8GkMHJ0X_Z7r0q0njcfMV\" rel=\"noopener\" type=\"\" data-attached-link=\"{\" data-cke-saved-href=\"https:\/\/storage.googleapis.com\/wzukusers\/user-24735468\/documents\/5c4b907e55681dmddldU\/Apolice_11264207.pdf\">here<\/a><\/u> as condi\u00e7\u00f5es gerais e especiais do\u00a0seguro\u00a0VICTORIA Acidentes Pessoais e <a href=\"https:\/\/gem.pt\/1\/en\/pdfviewer\/?pdf=1e4-psG4FLvC9az_UrhSdmVdyuIFDRkw_\">here<\/a> as condi\u00e7\u00f5es particulares para o GEM.<\/p>\n<p>\u00a0<\/p>\n<hr \/>\n<p>\u00a0<\/p>\n<p>Seguro de Assist\u00eancia em Viagem no Estrangeiro<\/p>\n<p style=\"text-align: justify; padding-left: 40px;\">Para atividades no estrangeiro o GEM disponibiliza a seguinte op\u00e7\u00e3o:<\/p>\n<ul>\n<li style=\"list-style-type: none;\">\n<ul>\n<li style=\"text-align: justify;\">Seguro Multisport da Mutuaide Assistance, com um custo di\u00e1rio de 6\u20ac para s\u00f3cios GEM. Consulte <a href=\"https:\/\/gem.pt\/1\/en\/pdfviewer\/?pdf=1IuVqZFvurePtmPijV4S9Z-LClHqVE0UU\">here<\/a> as condi\u00e7\u00f5es gerais (documento em ingl\u00eas).<\/li>\n<\/ul>\n<\/li>\n<\/ul>\n<p>\u00a0<\/p>\n<p>Para mais informa\u00e7\u00f5es contacte-nos atrav\u00e9s do email <u><a style=\"color: inherit;\" title=\"\" href=\"mailto:geral@gem.pt\" type=\"\" data-attached-link=\"{\">geral@gem.pt<\/a><\/u>.<\/p>","protected":false},"excerpt":{"rendered":"<p>\u00a0 Seguros \u00c9 da responsabilidade de todos os s\u00f3cios que praticam atividades no GEM de\u00a0manter ativo um seguro que cubra a realiza\u00e7\u00e3o das a\u00e7\u00f5es\u00a0na regi\u00e3o onde as praticam, especialmente para a pr\u00e1tica da\u00a0espeleologia, do alpinismo, da escalada e de outras que\u00a0envolvam um maior risco inerente \u00e0 natureza das pr\u00f3prias atividades e do meio onde s\u00e3o [&hellip;]<\/p>\n","protected":false},"author":1,"featured_media":0,"parent":768,"menu_order":2,"comment_status":"closed","ping_status":"closed","template":"","meta":{"footnotes":""},"class_list":["post-1339","page","type-page","status-publish","hentry"],"_links":{"self":[{"href":"https:\/\/gem.pt\/1\/en\/wp-json\/wp\/v2\/pages\/1339","targetHints":{"allow":["GET"]}}],"collection":[{"href":"https:\/\/gem.pt\/1\/en\/wp-json\/wp\/v2\/pages"}],"about":[{"href":"https:\/\/gem.pt\/1\/en\/wp-json\/wp\/v2\/types\/page"}],"author":[{"embeddable":true,"href":"https:\/\/gem.pt\/1\/en\/wp-json\/wp\/v2\/users\/1"}],"replies":[{"embeddable":true,"href":"https:\/\/gem.pt\/1\/en\/wp-json\/wp\/v2\/comments?post=1339"}],"version-history":[{"count":3,"href":"https:\/\/gem.pt\/1\/en\/wp-json\/wp\/v2\/pages\/1339\/revisions"}],"predecessor-version":[{"id":22240,"href":"https:\/\/gem.pt\/1\/en\/wp-json\/wp\/v2\/pages\/1339\/revisions\/22240"}],"up":[{"embeddable":true,"href":"https:\/\/gem.pt\/1\/en\/wp-json\/wp\/v2\/pages\/768"}],"wp:attachment":[{"href":"https:\/\/gem.pt\/1\/en\/wp-json\/wp\/v2\/media?parent=1339"}],"curies":[{"name":"wp","href":"https:\/\/api.w.org\/{rel}","templated":true}]}}