{"id":13449,"date":"2022-03-17T15:44:40","date_gmt":"2022-03-17T15:44:40","guid":{"rendered":"https:\/\/gem.pt\/1\/?page_id=13449"},"modified":"2025-08-09T13:01:01","modified_gmt":"2025-08-09T12:01:01","slug":"artigos-bioespeleologia","status":"publish","type":"page","link":"https:\/\/gem.pt\/1\/en\/publicacoes\/artigos-bioespeleologia\/","title":{"rendered":"Artigos Bioespeleologia"},"content":{"rendered":"<p>\u00a0<\/p>\n<p>Biospeleology<\/p>\n<hr \/>\n<p>\u00a0Artigos e Observa\u00e7\u00f5es\t\t<\/p>\n<article data-id=\"13608\">\n<header>\n<h4><a href=\"https:\/\/gem.pt\/1\/en\/2022\/04\/salamandra-de-pintas-amarelas-2\/\" title=\"Salamandra-de-pintas-amarelas\">Salamandra-de-pintas-amarelas<\/a><\/h4>\n<\/header>\n<p><time datetime=\"1 de Abril, 2022\">1 de Abril, 2022<\/time><br \/>\n<\/article>\n<article data-id=\"13568\">\n        <a href=\"https:\/\/gem.pt\/1\/en\/2022\/03\/tritao-marmoreado\/\"><\/a><br \/>\n                            <img fetchpriority=\"high\" decoding=\"async\" width=\"1672\" height=\"1254\" src=\"https:\/\/gem.pt\/wp-content\/uploads\/2022\/03\/P3260113.jpg\" alt=\"\" \/><\/p>\n<header>\n<h4><a href=\"https:\/\/gem.pt\/1\/en\/2022\/03\/tritao-marmoreado\/\" title=\"Trit\u00e3o-marmoreado\">Trit\u00e3o-marmoreado<\/a><\/h4>\n<\/header>\n<p><time datetime=\"29 de Mar\u00e7o, 2022\">29 de Mar\u00e7o, 2022<\/time><br \/>\n<\/article>\n<article data-id=\"13565\">\n        <a href=\"https:\/\/gem.pt\/1\/en\/2022\/03\/salamandra-de-pintas-amarelas\/\"><\/a><br \/>\n                            <img decoding=\"async\" width=\"1672\" height=\"1254\" src=\"https:\/\/gem.pt\/wp-content\/uploads\/2022\/03\/P3260091.jpg\" alt=\"\" \/><\/p>\n<header>\n<h4><a href=\"https:\/\/gem.pt\/1\/en\/2022\/03\/salamandra-de-pintas-amarelas\/\" title=\"Salamandra-de-pintas-amarelas\">Salamandra-de-pintas-amarelas<\/a><\/h4>\n<\/header>\n<p><time datetime=\"29 de Mar\u00e7o, 2022\">29 de Mar\u00e7o, 2022<\/time><br \/>\n<\/article>\n<article data-id=\"13560\">\n        <a href=\"https:\/\/gem.pt\/1\/en\/2022\/03\/sapo-comum-2\/\"><\/a><br \/>\n                            <img decoding=\"async\" width=\"1672\" height=\"1254\" src=\"https:\/\/gem.pt\/wp-content\/uploads\/2022\/03\/P3260092.jpg\" alt=\"\" \/><\/p>\n<header>\n<h4><a href=\"https:\/\/gem.pt\/1\/en\/2022\/03\/sapo-comum-2\/\" title=\"Sapo-comum\">Sapo-comum<\/a><\/h4>\n<\/header>\n<p><time datetime=\"29 de Mar\u00e7o, 2022\">29 de Mar\u00e7o, 2022<\/time><br \/>\n<\/article>\n<article data-id=\"13555\">\n        <a href=\"https:\/\/gem.pt\/1\/en\/2022\/03\/sapo-comum\/\"><\/a><br \/>\n                            <img loading=\"lazy\" decoding=\"async\" width=\"640\" height=\"480\" src=\"https:\/\/gem.pt\/wp-content\/uploads\/2022\/03\/P1080212.jpg\" alt=\"\" \/><\/p>\n<header>\n<h4><a href=\"https:\/\/gem.pt\/1\/en\/2022\/03\/sapo-comum\/\" title=\"Sapo-comum\">Sapo-comum<\/a><\/h4>\n<\/header>\n<p><time datetime=\"22 de Mar\u00e7o, 2022\">22 de Mar\u00e7o, 2022<\/time><br \/>\n<\/article>\n<article data-id=\"13548\">\n        <a href=\"https:\/\/gem.pt\/1\/en\/2022\/03\/nesticus-lusitanicus\/\"><\/a><br \/>\n                            <img loading=\"lazy\" decoding=\"async\" width=\"640\" height=\"480\" src=\"https:\/\/gem.pt\/wp-content\/uploads\/2022\/03\/P2200396.jpg\" alt=\"\" \/><\/p>\n<header>\n<h4><a href=\"https:\/\/gem.pt\/1\/en\/2022\/03\/nesticus-lusitanicus\/\" title=\"Nesticus lusitanicus\">Nesticus lusitanicus<\/a><\/h4>\n<\/header>\n<p><time datetime=\"22 de Mar\u00e7o, 2022\">22 de Mar\u00e7o, 2022<\/time><br \/>\n<\/article>\n<article data-id=\"13544\">\n        <a href=\"https:\/\/gem.pt\/1\/en\/2022\/03\/cobra-de-capuz\/\"><\/a><br \/>\n                            <img loading=\"lazy\" decoding=\"async\" width=\"640\" height=\"480\" src=\"https:\/\/gem.pt\/wp-content\/uploads\/2022\/03\/Macroprotodum-Obs-no1.jpg\" alt=\"\" \/><\/p>\n<header>\n<h4><a href=\"https:\/\/gem.pt\/1\/en\/2022\/03\/cobra-de-capuz\/\" title=\"Cobra-de-capuz\">Cobra-de-capuz<\/a><\/h4>\n<\/header>\n<p><time datetime=\"22 de Mar\u00e7o, 2022\">22 de Mar\u00e7o, 2022<\/time><br \/>\n<\/article>\n<article data-id=\"13537\">\n        <a href=\"https:\/\/gem.pt\/1\/en\/2022\/03\/rumina-decollata-2\/\"><\/a><br \/>\n                            <img loading=\"lazy\" decoding=\"async\" width=\"640\" height=\"480\" src=\"https:\/\/gem.pt\/wp-content\/uploads\/2022\/03\/P2260079.jpg\" alt=\"\" \/><\/p>\n<header>\n<h4><a href=\"https:\/\/gem.pt\/1\/en\/2022\/03\/rumina-decollata-2\/\" title=\"Rumina decollata\">Rumina decollata<\/a><\/h4>\n<\/header>\n<p><time datetime=\"22 de Mar\u00e7o, 2022\">22 de Mar\u00e7o, 2022<\/time><br \/>\n<\/article>\n<article data-id=\"13530\">\n        <a href=\"https:\/\/gem.pt\/1\/en\/2022\/03\/cobra-de-escada\/\"><\/a><br \/>\n                            <img loading=\"lazy\" decoding=\"async\" width=\"2000\" height=\"1128\" src=\"https:\/\/gem.pt\/wp-content\/uploads\/2022\/03\/CobraEscada.jpeg\" alt=\"\" \/><\/p>\n<header>\n<h4><a href=\"https:\/\/gem.pt\/1\/en\/2022\/03\/cobra-de-escada\/\" title=\"Cobra-de-escada\">Cobra-de-escada<\/a><\/h4>\n<\/header>\n<p><time datetime=\"22 de Mar\u00e7o, 2022\">22 de Mar\u00e7o, 2022<\/time><br \/>\n<\/article>\n<p>                <button id=\"eael-load-more-btn-9206610\" data-widget-id=\"9206610\" data-widget=\"9206610\" data-page-id=\"13449\" data-template=\"{&quot;dir&quot;:&quot;lite&quot;,&quot;file_name&quot;:&quot;two.php&quot;,&quot;name&quot;:&quot;Post-Grid&quot;}\" data-class=\"Essential_Addons_ElementorElementsPost_Grid\" data-layout=\"grid\" data-page=\"1\" data-args=\"orderby=date&amp;order=desc&amp;ignore_sticky_posts=1&amp;post_status=publish&amp;posts_per_page=9&amp;offset=0&amp;post_type=post&amp;tax_query%5B0%5D%5Btaxonomy%5D=category&amp;tax_query%5B0%5D%5Bfield%5D=term_id&amp;tax_query%5B0%5D%5Bterms%5D%5B0%5D=282&amp;tax_query%5Brelation%5D=AND\" data-max-page=\"2\"><br \/>\n                    Mais artigos<br \/>\n                <\/button><\/p>","protected":false},"excerpt":{"rendered":"<p>\u00a0 Bioespeleologia \u00a0Artigos e Observa\u00e7\u00f5es Salamandra-de-pintas-amarelas 1 de Abril, 2022 Trit\u00e3o-marmoreado 29 de Mar\u00e7o, 2022 Salamandra-de-pintas-amarelas 29 de Mar\u00e7o, 2022 Sapo-comum 29 de Mar\u00e7o, 2022 Sapo-comum 22 de Mar\u00e7o, 2022 Nesticus lusitanicus 22 de Mar\u00e7o, 2022 Cobra-de-capuz 22 de Mar\u00e7o, 2022 Rumina decollata 22 de Mar\u00e7o, 2022 Cobra-de-escada 22 de Mar\u00e7o, 2022 Mais artigos<\/p>","protected":false},"author":1,"featured_media":0,"parent":801,"menu_order":0,"comment_status":"closed","ping_status":"closed","template":"","meta":{"footnotes":""},"class_list":["post-13449","page","type-page","status-publish","hentry"],"_links":{"self":[{"href":"https:\/\/gem.pt\/1\/en\/wp-json\/wp\/v2\/pages\/13449","targetHints":{"allow":["GET"]}}],"collection":[{"href":"https:\/\/gem.pt\/1\/en\/wp-json\/wp\/v2\/pages"}],"about":[{"href":"https:\/\/gem.pt\/1\/en\/wp-json\/wp\/v2\/types\/page"}],"author":[{"embeddable":true,"href":"https:\/\/gem.pt\/1\/en\/wp-json\/wp\/v2\/users\/1"}],"replies":[{"embeddable":true,"href":"https:\/\/gem.pt\/1\/en\/wp-json\/wp\/v2\/comments?post=13449"}],"version-history":[{"count":0,"href":"https:\/\/gem.pt\/1\/en\/wp-json\/wp\/v2\/pages\/13449\/revisions"}],"up":[{"embeddable":true,"href":"https:\/\/gem.pt\/1\/en\/wp-json\/wp\/v2\/pages\/801"}],"wp:attachment":[{"href":"https:\/\/gem.pt\/1\/en\/wp-json\/wp\/v2\/media?parent=13449"}],"curies":[{"name":"wp","href":"https:\/\/api.w.org\/{rel}","templated":true}]}}