{"id":1395,"date":"2020-06-04T23:34:09","date_gmt":"2020-06-04T23:34:09","guid":{"rendered":"https:\/\/gem.pt\/@teste\/?page_id=1395"},"modified":"2021-01-08T09:59:40","modified_gmt":"2021-01-08T09:59:40","slug":"pre-inscricao-para-socio-efetivo","status":"publish","type":"page","link":"https:\/\/gem.pt\/1\/en\/socio-gem\/pre-inscricao-para-socio-efetivo\/","title":{"rendered":"Pre-Registration for Effective Member"},"content":{"rendered":"<p>\u00a0<\/p>\n<p>Pre-Registration for Effective Member<br \/>Pr\u00e9-Inscri\u00e7\u00e3o online para S\u00f3cio Efetivo do GEM<\/p>\n<hr \/>\n<p>\u00a0Torne-se S\u00f3cio Efetivo e usufrua de <u><a style=\"color: #e78b00;\" title=\"\" href=\"\/index.php\/socio-gem\/vantagens\/\" rel=\"noopener\" type=\"\" data-attached-link=\"{\" data-cke-saved-href=\"#!id1476007695556\">vantagens <\/a><\/u>e <a href=\"\/index.php\/socio-gem\/parcerias\/\"><u style=\"letter-spacing: normal; font-family: Questrial; text-align: justify; white-space: pre-line;\">ofertas<\/u><\/a>\u00a0que temos para si como associado do Grupo de Espeleologia e Montanhismo.\u00a0Utilize o seguinte formul\u00e1rio para solicitar uma pr\u00e9-inscri\u00e7\u00e3o para S\u00f3cio Efetivo, e receber\u00e1 no seu email as condi\u00e7\u00f5es e o modo de finalizar a sua inscri\u00e7\u00e3o.\u00a0\u00a0<br \/>\n\t\t\t<iframe src=\"https:\/\/docs.google.com\/forms\/d\/e\/1FAIpQLSfyfQ2MJUqqz-IZ7guy5Jm_Ngcdv2T62_wdc4CmhNJi5AYPig\/viewform?embedded=true\" width=\"100%\" height=\"2200px\" frameborder=\"0\" marginheight=\"0\" marginwidth=\"0\">A carregar...<\/iframe><\/p>","protected":false},"excerpt":{"rendered":"<p>\u00a0 Pr\u00e9-Inscri\u00e7\u00e3o para S\u00f3cio EfetivoPr\u00e9-Inscri\u00e7\u00e3o online para S\u00f3cio Efetivo do GEM \u00a0Torne-se S\u00f3cio Efetivo e usufrua de vantagens e ofertas\u00a0que temos para si como associado do Grupo de Espeleologia e Montanhismo.\u00a0Utilize o seguinte formul\u00e1rio para solicitar uma pr\u00e9-inscri\u00e7\u00e3o para S\u00f3cio Efetivo, e receber\u00e1 no seu email as condi\u00e7\u00f5es e o modo de finalizar a sua [&hellip;]<\/p>\n","protected":false},"author":1,"featured_media":0,"parent":768,"menu_order":5,"comment_status":"closed","ping_status":"closed","template":"","meta":{"footnotes":""},"class_list":["post-1395","page","type-page","status-publish","hentry"],"_links":{"self":[{"href":"https:\/\/gem.pt\/1\/en\/wp-json\/wp\/v2\/pages\/1395","targetHints":{"allow":["GET"]}}],"collection":[{"href":"https:\/\/gem.pt\/1\/en\/wp-json\/wp\/v2\/pages"}],"about":[{"href":"https:\/\/gem.pt\/1\/en\/wp-json\/wp\/v2\/types\/page"}],"author":[{"embeddable":true,"href":"https:\/\/gem.pt\/1\/en\/wp-json\/wp\/v2\/users\/1"}],"replies":[{"embeddable":true,"href":"https:\/\/gem.pt\/1\/en\/wp-json\/wp\/v2\/comments?post=1395"}],"version-history":[{"count":0,"href":"https:\/\/gem.pt\/1\/en\/wp-json\/wp\/v2\/pages\/1395\/revisions"}],"up":[{"embeddable":true,"href":"https:\/\/gem.pt\/1\/en\/wp-json\/wp\/v2\/pages\/768"}],"wp:attachment":[{"href":"https:\/\/gem.pt\/1\/en\/wp-json\/wp\/v2\/media?parent=1395"}],"curies":[{"name":"wp","href":"https:\/\/api.w.org\/{rel}","templated":true}]}}