{"id":14907,"date":"2022-10-11T09:05:41","date_gmt":"2022-10-11T08:05:41","guid":{"rendered":"https:\/\/gem.pt\/1\/?page_id=14907"},"modified":"2025-08-03T18:03:14","modified_gmt":"2025-08-03T17:03:14","slug":"toposorbas-2022","status":"publish","type":"page","link":"https:\/\/gem.pt\/1\/en\/publicacoes\/carso-e-endocarso\/toposorbas-2022\/","title":{"rendered":"TOPOSORBAS 2022"},"content":{"rendered":"<figure>\n\t\t\t\t\t\t\t\t\t\t<img decoding=\"async\" src=\"https:\/\/gem.pt\/wp-content\/uploads\/elementor\/thumbs\/Toposorbas2022_pan-r92219u9qqjurdzjyrv8ed1cy411rf1wah7uy4aaao.jpg\" title=\"Toposorbas2022_pan\" alt=\"Toposorbas2022_pan\" loading=\"lazy\" \/><figcaption>TOPOSORBAS 2022<\/figcaption><\/figure>\n<p>\t\t11 de Outubro de 2022<a href=\"https:\/\/gem.pt\/wp-content\/uploads\/2022\/10\/toposorbas.jpg\"><img fetchpriority=\"high\" decoding=\"async\" src=\"https:\/\/gem.pt\/wp-content\/uploads\/2022\/10\/toposorbas.jpg\" alt=\"\" width=\"300\" height=\"187\" \/><\/a>Introdu\u00e7\u00e3o<br \/>\nO TopoSorbas, encontro realizado anualmente pela Espeleo Club de Almeria, em Sorbas, num contexto geol\u00f3gico totalmente diferente do que podemos observar em Portugal, andava no radar desde h\u00e1 muito tempo.<br \/>\nEste ano concretiz\u00e1mos! \u201cEn hora buena\u201d como dizem os nossos \u201chermanos\u201d.<br \/>\nO encontro, mau grado a dist\u00e2ncia, foi muito bom. Muitos companheiros de experi\u00eancia diversa, de idades tamb\u00e9m muito diversas, mas sobretudo, de um esp\u00edrito de partilha e de amor pela espeleologia de grande impacto. Estivemos em casa.Sorbas<br \/>\nO carso de gesso em Sorbas \u00e9 \u00fanico. \u00c9 imposs\u00edvel ficar indiferente ao contexto geomorfol\u00f3gico, que dita o ambiente que nos rodeava no <a href=\"https:\/\/www.urrafieldcentre.com\/\" target=\"_blank\" rel=\"noopener\">Albergue de Urr\u00e1<\/a>. \u00c9 uma zona \u00e1rida localizada no extremo oriental do corredor Taberns-Sorbas. \u00c9 a zona mais pr\u00f3xima de um deserto, em termos ecol\u00f3gicos, em todo o continente Europeu.<br \/>\nUma paisagem \u00fanica, bela, a perder de vista e cheia de cavidades, mais de 2000 identificadas e devidamente assinaladas no Cat\u00e1logo Unificado de Cavidades da Andaluzia (CUCA)... por estes lados n\u00e3o existem d\u00favidas sobre a import\u00e2ncia de cataloga\u00e7\u00e3o e classifica\u00e7\u00e3o do patrim\u00f3nio espeleol\u00f3gico nem da sua identifica\u00e7\u00e3o \"<em>in situ<\/em>\". Todas as bocas, algares, exploradas ou por explorar, t\u00eam uma placa met\u00e1lica que a identifica.<br \/>\n\t\t\t\t\t\t\t\t\t\t\t\t\t\t\t\t<a href=\"https:\/\/gem.pt\/wp-content\/uploads\/2022\/10\/toposorbas01a.jpg\" data-elementor-open-lightbox=\"yes\" data-elementor-lightbox-title=\"toposorbas01\" data-e-action-hash=\"#elementor-action%3Aaction%3Dlightbox%26settings%3DeyJpZCI6MTQ5MjIsInVybCI6Imh0dHBzOlwvXC9nZW0ucHRcL3dwLWNvbnRlbnRcL3VwbG9hZHNcLzIwMjJcLzEwXC90b3Bvc29yYmFzMDFhLmpwZyJ9\"><br \/>\n\t\t\t\t\t\t\t<img width=\"800\" height=\"600\" src=\"https:\/\/gem.pt\/wp-content\/uploads\/2022\/10\/toposorbas01a.jpg\" alt=\"\" decoding=\"async\" \/>\t\t\t\t\t\t\t\t<\/a><br \/>\n\t\tA geologia do carso de Sorbas \u00e9 conhecida. A origem remonta a um tempo em que o mar Mediterr\u00e2nico se retraiu na zona e teve como consequ\u00eancia a evapora\u00e7\u00e3o do mar na Cuenca de Sorbas.\u00a0 Estes eventos ocorreram \u00e0 cerca de 5,5Ma no designado per\u00edodo Messiniense. <a href=\"https:\/\/geologicalmanblog.wordpress.com\/2017\/08\/16\/cuenca_sorbas\/\" target=\"_blank\" rel=\"noopener\">Nesta p\u00e1gina<\/a> (em espanhol) pode  conhecer melhor este contexto geol\u00f3gico.<br \/>\nO Gesso \u00e9 uma rocha evapor\u00edtica e resulta da precipita\u00e7\u00e3o quimica do Sulfato de c\u00e1lcio, que nesta \u201ccuenca\u201d formou bancadas cristalinas de at\u00e9 100m de espessura. Em Sorbas estes dep\u00f3sitos s\u00e3o explorados para a produ\u00e7\u00e3o industrial de gesso, e face \u00e0 a\u00e7\u00e3o conjunta de diversos processos erosivos e de dissolu\u00e7\u00e3o\/precipita\u00e7\u00e3o, deu origem a uma paisagem c\u00e1rsica. Neste ambiente singular a luta entre a conserva\u00e7\u00e3o e a explora\u00e7\u00e3o dos recursos naturais \u00e9 absolutamente id\u00eantica \u00e0 que nos aflige no maci\u00e7o calc\u00e1rio-estremenho.As Cavidades\u00a0As cavidades de Sorbas s\u00e3o extraordin\u00e1rias. Em primeiro lugar pelo facto de se desenvolverem no interior das bancadas de gesso, uma rocha formada por cristais de grande dimens\u00e3o, o que se traduz num ambiente subterr\u00e2neo visualmente incr\u00edvel.\u00a0\u00a0Depois, porque ao contr\u00e1rio da aridez da superf\u00edcie, o sub-solo est\u00e1 carregado de \u00e1gua pelo que as cavidades acabam por oferecer uma diversidade de formas de desenvolvimento espeleog\u00e9nico muito interessante.\"La Cueva del Tesoro\"<br \/>\n\t\t\t\t\t\t\t\t\t\t\t\t\t\t\t\t<a href=\"https:\/\/gem.pt\/wp-content\/uploads\/2022\/10\/toposorbas02.jpg\" data-elementor-open-lightbox=\"yes\" data-elementor-lightbox-title=\"La Cueva del Tesouro\" data-e-action-hash=\"#elementor-action%3Aaction%3Dlightbox%26settings%3DeyJpZCI6MTQ5MTEsInVybCI6Imh0dHBzOlwvXC9nZW0ucHRcL3dwLWNvbnRlbnRcL3VwbG9hZHNcLzIwMjJcLzEwXC90b3Bvc29yYmFzMDIuanBnIn0%3D\"><br \/>\n\t\t\t\t\t\t\t<img width=\"1500\" height=\"961\" src=\"https:\/\/gem.pt\/wp-content\/uploads\/2022\/10\/toposorbas02.jpg\" alt=\"\" decoding=\"async\" srcset=\"https:\/\/gem.pt\/wp-content\/uploads\/2022\/10\/toposorbas02.jpg 1500w, https:\/\/gem.pt\/wp-content\/uploads\/2022\/10\/toposorbas02-280x180.jpg 280w\" sizes=\"(max-width: 1500px) 100vw, 1500px\" \/>\t\t\t\t\t\t\t\t<\/a><br \/>\n\t\tEsta travessia \u00e9 um exemplo do tipo b\u00e1sico de cavidades em Sorbas. In\u00fameras dolinas e algares [<a href=\"https:\/\/espeleoteca.com\/joomla\/fr\/catsorbas-fr\/77-cavidades-recomendadas\/cueva-del-tesoro\/163-cueva-del-tesoro-travesia\" target=\"_blank\" rel=\"noopener\">descri\u00e7\u00e3o da travessia pelo Esp\u00e9leo Club Almer\u00eda<\/a>]\u00a0que se abrem para um meandro profundo, escavado pela \u00e1gua na bancada de gesso, e interrompido (em profundidade) por uma camada de margas e argilas imperme\u00e1veis que definem o n\u00edvel do aqu\u00edfero. Pelo meio, a oportunidade de ver cristais de gesso enormes, nas galerias dos espelhos e dos cristais, que espantam pela transpar\u00eancia e pela beleza.\u00a0\u00a0Uma experi\u00eancia inesquec\u00edvel e que recomendamos vivamente a todos.<a href=\"https:\/\/gem.pt\/1\/galeria-de-fotos\/?sgdg-path-679ca81b=1chvdzetIbffhx6ODqCTe0qG7YRPlnIIt\">Fotos da atividade<\/a>\u00a0<br \/>Texto: Paulo Lopes (GEM)<br \/>Revis\u00e3o: Filipe Castro (GEM)<\/p>\n","protected":false},"excerpt":{"rendered":"<p>TOPOSORBAS 2022 11 de Outubro de 2022Introdu\u00e7\u00e3o O TopoSorbas, encontro realizado anualmente pela Espeleo Club de Almeria, em Sorbas, num contexto geol\u00f3gico totalmente diferente do que podemos observar em Portugal, andava no radar desde h\u00e1 muito tempo. Este ano concretiz\u00e1mos! \u201cEn hora buena\u201d como dizem os nossos \u201chermanos\u201d. O encontro, mau grado a dist\u00e2ncia, foi [&hellip;]<\/p>\n","protected":false},"author":1,"featured_media":0,"parent":1574,"menu_order":0,"comment_status":"closed","ping_status":"closed","template":"","meta":{"footnotes":""},"class_list":["post-14907","page","type-page","status-publish","hentry"],"_links":{"self":[{"href":"https:\/\/gem.pt\/1\/en\/wp-json\/wp\/v2\/pages\/14907","targetHints":{"allow":["GET"]}}],"collection":[{"href":"https:\/\/gem.pt\/1\/en\/wp-json\/wp\/v2\/pages"}],"about":[{"href":"https:\/\/gem.pt\/1\/en\/wp-json\/wp\/v2\/types\/page"}],"author":[{"embeddable":true,"href":"https:\/\/gem.pt\/1\/en\/wp-json\/wp\/v2\/users\/1"}],"replies":[{"embeddable":true,"href":"https:\/\/gem.pt\/1\/en\/wp-json\/wp\/v2\/comments?post=14907"}],"version-history":[{"count":0,"href":"https:\/\/gem.pt\/1\/en\/wp-json\/wp\/v2\/pages\/14907\/revisions"}],"up":[{"embeddable":true,"href":"https:\/\/gem.pt\/1\/en\/wp-json\/wp\/v2\/pages\/1574"}],"wp:attachment":[{"href":"https:\/\/gem.pt\/1\/en\/wp-json\/wp\/v2\/media?parent=14907"}],"curies":[{"name":"wp","href":"https:\/\/api.w.org\/{rel}","templated":true}]}}