{"id":15009,"date":"2022-10-06T12:37:28","date_gmt":"2022-10-06T11:37:28","guid":{"rendered":"https:\/\/gem.pt\/1\/?page_id=15009"},"modified":"2022-10-22T14:04:31","modified_gmt":"2022-10-22T13:04:31","slug":"relatorio-vale-da-trave-moitas-venda","status":"publish","type":"page","link":"https:\/\/gem.pt\/1\/en\/publicacoes\/relatorios-carso-e-endocarso\/relatorio-vale-da-trave-moitas-venda\/","title":{"rendered":"Relatorio Vale da Trave &#8211; Moitas Venda"},"content":{"rendered":"<p>Relat\u00f3rio - Vale da Trave - Moitas Venda\u00a0<\/p>\n<p>Alcanena, 28 de Setembro de 2022<strong style=\"text-align: left; letter-spacing: normal; caret-color: #e78b00; color: #e78b00; font-family: Questrial; font-size: 18px; white-space: pre-line;\">Assunto<\/strong><\/p>\n<p style=\"text-align: justify; padding-left: 40px;\">Relat\u00f3rio de atividades desenvolvidas no \u00e2mbito do vosso Processo P-0077306\/2022 para autoriza\u00e7\u00e3o de explora\u00e7\u00e3o espeleol\u00f3gica no corredor Vale da Trave \u2013 Moitas Venda, nomeadamente acesso \u00e0s cavidades c\u00e1rsicas n\u00ba31, 51, 58 e 48 da RCM n\u00ba61\/2010.<\/p>\n<p><strong style=\"text-align: left; letter-spacing: normal; caret-color: #e78b00; color: #e78b00; font-family: Questrial; font-size: 18px; white-space: pre-line;\">Objetivos do projeto<\/strong><\/p>\n<ol>\n<li style=\"list-style-type: none;\">\n<ol>\n<li>Recolha de dados para preven\u00e7\u00e3o e detec\u00e7\u00e3o de agress\u00f5es em sistemas subterr\u00e2neos;<\/li>\n<li>Reavalia\u00e7\u00e3o do potencial espeleol\u00f3gico das cavidades c\u00e1rsicas;<\/li>\n<li>Recolha de dados geol\u00f3gicos e meteorol\u00f3gicos;<\/li>\n<li>Elabora\u00e7\u00e3o de topografias com DistoX de acordo com as normas UIS \u2013v2 5 -3 \u2013 CEF.<\/li>\n<\/ol>\n<\/li>\n<\/ol>\n<p><strong style=\"text-align: left; letter-spacing: normal; caret-color: #e78b00; color: #e78b00; font-family: Questrial; font-size: 18px; white-space: pre-line;\">Atividades realizadas<\/strong>\u00a0<strong>1. Resumo<\/strong>Realizaram-se 15 desloca\u00e7\u00f5es a cavidades da zona de trabalho, que envolveram, no total, 27 espele\u00f3logos do GEM tendo-se procedido \u00e0 explora\u00e7\u00e3o e topografia dos algares Z\u00e9 de Braga, Algar das Couves e Algar do Marradinhas 2.\u00a0<strong>2. Entradas<\/strong><\/p>\n<p>Data: <strong>26\/02\/2022<\/strong><br \/>Entrada: 10:00<br \/>Sa\u00edda: 19:30<br \/>Equipa: 7 elementos GEM<br \/>Trabalhos realizados:<\/p>\n<ul>\n<li style=\"list-style-type: none;\">\n<ul>\n<li style=\"text-align: justify;\">Equipagem do Algar das Couves;<\/li>\n<li style=\"text-align: justify;\">Verifica\u00e7\u00e3o das condi\u00e7\u00f5es de acesso;<\/li>\n<li style=\"text-align: justify;\">Recolha de dados topogr\u00e1ficos.<\/li>\n<\/ul>\n<\/li>\n<\/ul>\n<p>Data: <strong>05\/03\/2022<\/strong><br \/>Entrada: 10:00<br \/>Sa\u00edda:17:30<br \/>Equipa: 5 elementos GEM<br \/>Trabalhos realizados:<\/p>\n<ul>\n<li style=\"list-style-type: none;\">\n<ul>\n<li style=\"text-align: justify;\">Equipagem do Algar do Z\u00e9 de Braga;<\/li>\n<li>Levantamentos topogr\u00e1ficos;<\/li>\n<li style=\"text-align: justify;\">Coloca\u00e7\u00e3o de sonda meteorol\u00f3gica.<\/li>\n<\/ul>\n<\/li>\n<\/ul>\n<p>Data: <strong>19\/03\/2022<\/strong><br \/>Entrada: 10:00<br \/>Sa\u00edda:17:00<br \/>Equipa: 12 elementos GEM divididos em duas equipas\u00a0<br \/>Trabalhos realizados:<\/p>\n<ul>\n<li style=\"list-style-type: none;\">\n<ul>\n<li style=\"text-align: justify;\">Algar do Z\u00e9 de Braga \u2013 levantamentos topogr\u00e1ficos;<\/li>\n<li style=\"text-align: justify;\">Algar das Couves \u2013 Revis\u00e3o da nova topografia.<\/li>\n<\/ul>\n<\/li>\n<\/ul>\n<p>Data: <strong>26\/03\/2022<\/strong><br \/>Entrada: 10:00<br \/>Sa\u00edda:17:00<br \/>Equipa: 5 elementos GEM<br \/>Trabalhos realizados:<\/p>\n<ul>\n<li style=\"list-style-type: none;\">\n<ul>\n<li style=\"text-align: justify;\">Algar dos Lat\u00f5es \u2013 Levantamento topogr\u00e1fico;<\/li>\n<li style=\"text-align: justify;\">Algar do Marradinhas \u2013 Equipagem e primeira abordagem \u00e0 cavidade.<\/li>\n<\/ul>\n<\/li>\n<\/ul>\n<p>Data: <strong>02\/04\/2022<\/strong><br \/>Entrada: 10:30<br \/>Sa\u00edda:16:30<br \/>Equipa: 11 elementos GEM<br \/>Trabalhos realizados:<\/p>\n<ul>\n<li style=\"list-style-type: none;\">\n<ul>\n<li style=\"text-align: justify;\">Algar do Z\u00e9 de Braga - Levantamento topogr\u00e1fico;<\/li>\n<li style=\"text-align: justify;\">Algar dos Lat\u00f5es \u2013 Fotografia e teste de topografia com topodroid.<\/li>\n<\/ul>\n<\/li>\n<\/ul>\n<p>Data: <strong>16\/04\/2022<\/strong><br \/>Entrada: 10:00<br \/>Sa\u00edda:19:00<br \/>Equipa: 5 elementos GEM<br \/>Trabalhos realizados:<\/p>\n<ul>\n<li style=\"list-style-type: none;\">\n<ul>\n<li style=\"text-align: justify;\">Algar do Marradinhas 2 \u2013 Equipagem e inicio dos levantamentos topogr\u00e1ficos.<\/li>\n<\/ul>\n<\/li>\n<\/ul>\n<p>Data: <strong>23\/04\/2022<\/strong><br \/>Entrada: 10:00<br \/>Sa\u00edda :17:00<br \/>Equipa: 10 elementos GEM<br \/>Trabalhos realizados:<\/p>\n<ul>\n<li style=\"list-style-type: none;\">\n<ul>\n<li style=\"text-align: justify;\">Algar do Marradinhas 2 \u2013 levantamentos topogr\u00e1ficos.<\/li>\n<\/ul>\n<\/li>\n<\/ul>\n<p>Data: <strong>30\/04\/2022<\/strong><br \/>Entrada: 10:00<br \/>Sa\u00edda: 19:00<br \/>Equipa: 14 elementos GEM<br \/>Trabalhos realizados:<\/p>\n<ul>\n<li style=\"list-style-type: none;\">\n<ul>\n<li style=\"text-align: justify;\">Algar do Marradinhas 2 \u2013 levantamentos topogr\u00e1ficos;<\/li>\n<li style=\"text-align: justify;\">Algar dos Lat\u00f5es \u2013 A\u00e7\u00e3o de restaura\u00e7\u00e3o ecol\u00f3gica no Algar dos Lat\u00f5es, com remo\u00e7\u00e3o de todo o lixo acumulado no seu interior (a\u00e7\u00e3o desenvolvida em parceria com os BVMinde e a CMAlcanena).<\/li>\n<\/ul>\n<\/li>\n<\/ul>\n<p>Data: <strong>05\/05\/2022<\/strong><br \/>Entrada: 10:00<br \/>Sa\u00edda: 16:00<br \/>Equipa: 3 elementos GEM<br \/>Trabalhos realizados:<\/p>\n<ul>\n<li style=\"list-style-type: none;\">\n<ul>\n<li style=\"text-align: justify;\">Algar do Marradinhas 2 \u2013 levantamentos topogr\u00e1ficos.<\/li>\n<\/ul>\n<\/li>\n<\/ul>\n<p>Data: <strong>14\/05\/2022<\/strong><br \/>Entrada: 10:00<br \/>Sa\u00edda: 18:00<br \/>Equipa: 10 elementos GEM<br \/>Trabalhos realizados:<\/p>\n<ul>\n<li style=\"list-style-type: none;\">\n<ul>\n<li style=\"text-align: justify;\">Algar do Marradinhas 2 \u2013 levantamentos topogr\u00e1ficos e fotografia nas salas suspensas.<\/li>\n<\/ul>\n<\/li>\n<\/ul>\n<p>Data: <strong>22\/05\/2022<\/strong><br \/>Entrada: 10:00<br \/>Sa\u00edda: 17:00<br \/>Equipa: 5 elementos GEM<br \/>Trabalhos realizados:<\/p>\n<ul>\n<li style=\"list-style-type: none;\">\n<ul>\n<li style=\"text-align: justify;\">Algar do Marradinhas 2 \u2013 levantamentos topogr\u00e1ficos.<\/li>\n<\/ul>\n<\/li>\n<\/ul>\n<p>Data: <strong>10\/06\/2022<\/strong><br \/>Entrada: 10:00<br \/>Sa\u00edda: 17:00<br \/>Equipa: 5 elementos GEM<br \/>Trabalhos realizados:<\/p>\n<ul>\n<li style=\"list-style-type: none;\">\n<ul>\n<li style=\"text-align: justify;\">Algar do Marradinhas 2 \u2013 levantamentos topogr\u00e1ficos.<\/li>\n<\/ul>\n<\/li>\n<\/ul>\n<p>Data: <strong>11\/06\/2022<\/strong><br \/>Entrada: 10:00<br \/>Sa\u00edda: 17:00<br \/>Equipa: 6 elementos GEM<br \/>Trabalhos realizados:<\/p>\n<ul>\n<li style=\"list-style-type: none;\">\n<ul>\n<li style=\"text-align: justify;\">Algar do Marradinhas 2 \u2013 levantamentos topogr\u00e1ficos.<\/li>\n<\/ul>\n<\/li>\n<\/ul>\n<p>Data: <strong>18\/06\/2022<\/strong><br \/>Entrada: 10:00<br \/>Sa\u00edda: 17:00<br \/>Equipa: 7 elementos GEM<br \/>Trabalhos realizados:<\/p>\n<ul>\n<li style=\"list-style-type: none;\">\n<ul>\n<li style=\"text-align: justify;\">Algar do Marradinhas 2 \u2013 levantamentos topogr\u00e1ficos.<\/li>\n<\/ul>\n<\/li>\n<\/ul>\n<p>Data: <strong>08\/07\/2022<\/strong><br \/>Entrada: 8:00<br \/>Sa\u00edda: 16:00<br \/>Equipa: 7 elementos GEM<br \/>Trabalhos realizados:<\/p>\n<ul>\n<li style=\"list-style-type: none;\">\n<ul>\n<li style=\"text-align: justify;\">Algar do Marradinhas 2 \u2013 conclus\u00e3o dos levantamentos topogr\u00e1ficos.<\/li>\n<\/ul>\n<\/li>\n<\/ul>\n<p><strong style=\"text-align: left; letter-spacing: normal; caret-color: #e78b00; color: #e78b00; font-family: Questrial; font-size: 18px; white-space: pre-line;\">Observa\u00e7\u00f5es<\/strong><\/p>\n<p>1. Est\u00e3o conclu\u00eddas as topografias dos Algares do Z\u00e9 de Braga; das Couves e do Marradinhas 2. As novas topografias, s\u00e3o parte integrante deste relat\u00f3rio e ser\u00e3o publicadas logo ap\u00f3s a apresenta\u00e7\u00e3o deste.<\/p>\n<p>2. A topografia do Algar dos Lat\u00f5es, mais simples, ser\u00e1 utilizada pelo GEM como escola de topografia, n\u00e3o sendo publicada neste momento.<\/p>\n<p>3. O Algar dos Lat\u00f5es, apesar da sua reduzida dimens\u00e3o, tem, devido ao facto de ter uma boca de acesso larga com abundante coberto vegetal (clim\u00e1cico), caracter\u00edsticas ecol\u00f3gicas \u00edmpares nesta zona. Foram identificadas tr\u00eas esp\u00e9cies de anf\u00edbios e procedeu-se ao restauro ecol\u00f3gico da cavidade, tendo-se realizado uma campanha de limpeza para remo\u00e7\u00e3o de todos os detritos de grande volume a\u00ed presentes. Esta cavidade de acesso f\u00e1cil tem uma grande capacidade para funcionar como Algar Escola para demonstra\u00e7\u00e3o dos processos de caracteriza\u00e7\u00e3o ecol\u00f3gica de cavidades c\u00e1rsicas.<\/p>\n<figure>\n\t\t\t\t\t\t\t\t\t\t\t<a href=\"https:\/\/gem.pt\/wp-content\/uploads\/2022\/10\/Algar-dos-Latoes.jpg\" data-elementor-open-lightbox=\"yes\" data-elementor-lightbox-title=\"Algar dos Lat\u00f5es\" e-action-hash=\"#elementor-action%3Aaction%3Dlightbox%26settings%3DeyJpZCI6MTUwMTgsInVybCI6Imh0dHBzOlwvXC9nZW0ucHRcL3dwLWNvbnRlbnRcL3VwbG9hZHNcLzIwMjJcLzEwXC9BbGdhci1kb3MtTGF0b2VzLmpwZyJ9\"><br \/>\n\t\t\t\t\t\t\t<img loading=\"lazy\" decoding=\"async\" width=\"1500\" height=\"1125\" src=\"https:\/\/gem.pt\/wp-content\/uploads\/2022\/10\/Algar-dos-Latoes.jpg\" alt=\"\" srcset=\"https:\/\/gem.pt\/wp-content\/uploads\/2022\/10\/Algar-dos-Latoes.jpg 1500w, https:\/\/gem.pt\/wp-content\/uploads\/2022\/10\/Algar-dos-Latoes-16x12.jpg 16w\" sizes=\"auto, (max-width: 1500px) 100vw, 1500px\" \/>\t\t\t\t\t\t\t\t<\/a><figcaption>Figura 1 \u2013 Algar dos Lat\u00f5es, lixo retirado e trazido para a superf\u00edcie<\/figcaption><\/figure>\n<p>4. O Algar do Z\u00e9 de Braga, do Marradinhas e do Marradinhas 2 mostram uma carga de visita\u00e7\u00e3o relativamente elevada, sendo que na sua maioria e fruto da sua geologia (possuem grandes dep\u00f3sitos argilosos) se apresentam com forma\u00e7\u00f5es muito sujas e a justificar a\u00e7\u00f5es de limpeza espec\u00edficas.<\/p>\n<p>Com as novas topografias, que possuem um grande detalhe, seria interessante definir percursos de visita\u00e7\u00e3o que impe\u00e7am e\/ou pelo menos reduzam as \u00e1reas afetadas pelo pisoteio espeleol\u00f3gico, permitindo a recupera\u00e7\u00e3o das zonas de concrecionamento ativo.<\/p>\n<p>5. Fizeram-se diversas observa\u00e7\u00f5es ecol\u00f3gicas e, apesar de n\u00e3o se proceder \u00e0 recolha de animais vivos, registaram-se em foto diversos organismos. De real\u00e7ar a import\u00e2ncia do Algar dos Lat\u00f5es e a presen\u00e7a de tr\u00eas esp\u00e9cies de anf\u00edbios (<i>Bufo spinosus<\/i>,\u00a0<i>Salamandra salamandra\u00a0<\/i>e\u00a0<i>Triturus marmoratus<\/i>).<\/p>\n<p>6. Observaram-se restos osteol\u00f3gicos de r\u00e9pteis em todas as cavidades visitadas (Z\u00e9 de Braga, Couves e Marradinhas). No Algar do Marradinhas 2, para al\u00e9m de se ter identificado um esqueleto completo (semifossilizado) de um r\u00e9ptil, observamos tamb\u00e9m, pela primeira vez um esqueleto completo de um anf\u00edbio num n\u00edvel profundo da cavidade.<\/p>\n<figure>\n\t\t\t\t\t\t\t\t\t\t\t<a href=\"https:\/\/gem.pt\/wp-content\/uploads\/2022\/10\/Algar-Marradinhas-II.jpg\" data-elementor-open-lightbox=\"yes\" data-elementor-lightbox-title=\"Algar do Marradinhas II\" e-action-hash=\"#elementor-action%3Aaction%3Dlightbox%26settings%3DeyJpZCI6MTUwMTksInVybCI6Imh0dHBzOlwvXC9nZW0ucHRcL3dwLWNvbnRlbnRcL3VwbG9hZHNcLzIwMjJcLzEwXC9BbGdhci1NYXJyYWRpbmhhcy1JSS5qcGcifQ%3D%3D\"><br \/>\n\t\t\t\t\t\t\t<img loading=\"lazy\" decoding=\"async\" width=\"1500\" height=\"1132\" src=\"https:\/\/gem.pt\/wp-content\/uploads\/2022\/10\/Algar-Marradinhas-II.jpg\" alt=\"\" srcset=\"https:\/\/gem.pt\/wp-content\/uploads\/2022\/10\/Algar-Marradinhas-II.jpg 1500w, https:\/\/gem.pt\/wp-content\/uploads\/2022\/10\/Algar-Marradinhas-II-16x12.jpg 16w\" sizes=\"auto, (max-width: 1500px) 100vw, 1500px\" \/>\t\t\t\t\t\t\t\t<\/a><figcaption>Figura 2 \u2013 Algar do Marradinhas II, esqueleto completo de um anf\u00edbio num n\u00edvel profundo da cavidade.<\/figcaption><\/figure>\n<p>7. Foram observados vest\u00edgios de avifauna (ninhos de esp\u00e9cies n\u00e3o identificadas) em todas as cavidades.<\/p>\n<p>8.\u00a0Os resultados aqui descritos ser\u00e3o objeto de publica\u00e7\u00e3o detalhada no \u201csite\u201d do GEM.<\/p>\n<p>\u00a0<\/p>\n<p style=\"margin: 0px; padding: 0px; text-align: justify; letter-spacing: normal; caret-color: #000000; color: #000000; font-family: Questrial; font-size: 14px; white-space: pre-line;\"><strong style=\"text-align: left; letter-spacing: normal; caret-color: #e78b00; color: #e78b00; font-family: Questrial; font-size: 18px; white-space: pre-line;\">Respons\u00e1veis do Projeto:<\/strong><\/p>\n<p> Vitor AmendoeiraJos\u00e9 RibeiroPaulo Lopes<\/p>","protected":false},"excerpt":{"rendered":"<p>Relat\u00f3rio &#8211; Vale da Trave &#8211; Moitas Venda\u00a0 Alcanena, 28 de Setembro de 2022Assunto Relat\u00f3rio de atividades desenvolvidas no \u00e2mbito do vosso Processo P-0077306\/2022 para autoriza\u00e7\u00e3o de explora\u00e7\u00e3o espeleol\u00f3gica no corredor Vale da Trave \u2013 Moitas Venda, nomeadamente acesso \u00e0s cavidades c\u00e1rsicas n\u00ba31, 51, 58 e 48 da RCM n\u00ba61\/2010. Objetivos do projeto Recolha de [&hellip;]<\/p>\n","protected":false},"author":3,"featured_media":0,"parent":12982,"menu_order":1,"comment_status":"closed","ping_status":"closed","template":"","meta":{"footnotes":""},"class_list":["post-15009","page","type-page","status-publish","hentry"],"_links":{"self":[{"href":"https:\/\/gem.pt\/1\/en\/wp-json\/wp\/v2\/pages\/15009","targetHints":{"allow":["GET"]}}],"collection":[{"href":"https:\/\/gem.pt\/1\/en\/wp-json\/wp\/v2\/pages"}],"about":[{"href":"https:\/\/gem.pt\/1\/en\/wp-json\/wp\/v2\/types\/page"}],"author":[{"embeddable":true,"href":"https:\/\/gem.pt\/1\/en\/wp-json\/wp\/v2\/users\/3"}],"replies":[{"embeddable":true,"href":"https:\/\/gem.pt\/1\/en\/wp-json\/wp\/v2\/comments?post=15009"}],"version-history":[{"count":0,"href":"https:\/\/gem.pt\/1\/en\/wp-json\/wp\/v2\/pages\/15009\/revisions"}],"up":[{"embeddable":true,"href":"https:\/\/gem.pt\/1\/en\/wp-json\/wp\/v2\/pages\/12982"}],"wp:attachment":[{"href":"https:\/\/gem.pt\/1\/en\/wp-json\/wp\/v2\/media?parent=15009"}],"curies":[{"name":"wp","href":"https:\/\/api.w.org\/{rel}","templated":true}]}}