{"id":16260,"date":"2023-01-09T20:47:10","date_gmt":"2023-01-09T20:47:10","guid":{"rendered":"https:\/\/gem.pt\/1\/?page_id=16260"},"modified":"2025-10-18T19:59:13","modified_gmt":"2025-10-18T18:59:13","slug":"newsletter","status":"publish","type":"page","link":"https:\/\/gem.pt\/1\/en\/publicacoes\/newsletter\/","title":{"rendered":"Newsletter"},"content":{"rendered":"<p>\u00a0<\/p>\n<p>\u00a0Not\u00edcias GEM\u00a0Not\u00edcias das \u00faltimas atividades e informa\u00e7\u00e3o sobre as pr\u00f3ximas a\u00e7\u00f5es do GEM\t\t<\/p>\n<ul>\n<li data-filter=\"*\">TODAS<\/li>\n<li data-filter=\".jkit-gcf-2025\">2025<\/li>\n<li data-filter=\".jkit-gcf-2024\">2024<\/li>\n<li data-filter=\".jkit-gcf-2023\">2023<\/li>\n<\/ul>\n<p>             <a href=\"https:\/\/gem.pt\/1\/en\/publicacoes\/newsletter\/pdfviewer\/?pdf=1TOJayP968SYzgtHf6VECVmynV09okfl-\" data-elementor-open-lightbox=\"no\"><img fetchpriority=\"high\" width=\"249\" height=\"360\" src=\"https:\/\/gem.pt\/wp-content\/uploads\/2025\/10\/Jornal.GEM_Edicao-19.jpg\" alt=\"N\u00ba 19 - Mai\/Jun 2025\" decoding=\"async\" srcset=\"https:\/\/gem.pt\/wp-content\/uploads\/2025\/10\/Jornal.GEM_Edicao-19.jpg 249w, https:\/\/gem.pt\/wp-content\/uploads\/2025\/10\/Jornal.GEM_Edicao-19-8x12.jpg 8w\" sizes=\"(max-width: 249px) 100vw, 249px\" \/>    <\/a>  <\/p>\n<h1>N\u00ba 19 - Mai\/Jun 2025<\/h1>\n<p>     <a href=\"https:\/\/gem.pt\/1\/en\/publicacoes\/newsletter\/pdfviewer\/?pdf=13OHMIcnJmUu_rLh9zDNig71jvntmbN_g\" data-elementor-open-lightbox=\"no\"><img width=\"249\" height=\"360\" src=\"https:\/\/gem.pt\/wp-content\/uploads\/2025\/10\/Jornal.GEM_Edicao-18.jpg\" alt=\"N\u00ba 18 - Mar\/Abr 2025\" decoding=\"async\" srcset=\"https:\/\/gem.pt\/wp-content\/uploads\/2025\/10\/Jornal.GEM_Edicao-18.jpg 249w, https:\/\/gem.pt\/wp-content\/uploads\/2025\/10\/Jornal.GEM_Edicao-18-8x12.jpg 8w\" sizes=\"(max-width: 249px) 100vw, 249px\" \/>    <\/a>  <\/p>\n<h1>N\u00ba 18 - Mar\/Abr 2025<\/h1>\n<p>     <a href=\"https:\/\/gem.pt\/1\/en\/publicacoes\/newsletter\/pdfviewer\/?pdf=1275JgIQVzlTEvZV3QGZLUT6zDSM42JBu\" data-elementor-open-lightbox=\"no\"><img width=\"249\" height=\"360\" src=\"https:\/\/gem.pt\/wp-content\/uploads\/2025\/10\/Jornal.GEM_Edicao-17.jpg\" alt=\"N\u00ba 17 - Jan\/Fev2025\" decoding=\"async\" srcset=\"https:\/\/gem.pt\/wp-content\/uploads\/2025\/10\/Jornal.GEM_Edicao-17.jpg 249w, https:\/\/gem.pt\/wp-content\/uploads\/2025\/10\/Jornal.GEM_Edicao-17-8x12.jpg 8w\" sizes=\"(max-width: 249px) 100vw, 249px\" \/>    <\/a>  <\/p>\n<h1>N\u00ba 17 - Jan\/Fev2025<\/h1>\n<p>     <a href=\"https:\/\/gem.pt\/1\/en\/publicacoes\/newsletter\/pdfviewer\/?pdf=11vZBdcLadAnhlN9HlfZ0t9MY1yF14uNd\" data-elementor-open-lightbox=\"no\"><img loading=\"lazy\" width=\"249\" height=\"360\" src=\"https:\/\/gem.pt\/wp-content\/uploads\/2025\/10\/Newsletter-GEM_Edicao-16.jpg\" alt=\"N\u00ba 16 - Out\/Nov\/Dez 2024\" decoding=\"async\" srcset=\"https:\/\/gem.pt\/wp-content\/uploads\/2025\/10\/Newsletter-GEM_Edicao-16.jpg 249w, https:\/\/gem.pt\/wp-content\/uploads\/2025\/10\/Newsletter-GEM_Edicao-16-8x12.jpg 8w\" sizes=\"(max-width: 249px) 100vw, 249px\" \/>    <\/a>  <\/p>\n<h1>N\u00ba 16 - Out\/Nov\/Dez 2024<\/h1>\n<p>     <a href=\"https:\/\/gem.pt\/1\/en\/publicacoes\/newsletter\/pdfviewer\/?pdf=1EKnoge1JJMNrXx21JC8zJSFDr-yq5aOa\" data-elementor-open-lightbox=\"no\"><img loading=\"lazy\" width=\"255\" height=\"360\" src=\"https:\/\/gem.pt\/wp-content\/uploads\/2025\/10\/Newsletter-GEM_Edicao-15.jpg\" alt=\"N\u00ba 15 - Jun\/Jul\/Ago\/Set 2024\" decoding=\"async\" srcset=\"https:\/\/gem.pt\/wp-content\/uploads\/2025\/10\/Newsletter-GEM_Edicao-15.jpg 255w, https:\/\/gem.pt\/wp-content\/uploads\/2025\/10\/Newsletter-GEM_Edicao-15-9x12.jpg 9w\" sizes=\"(max-width: 255px) 100vw, 255px\" \/>    <\/a>  <\/p>\n<h1>N\u00ba 15 - Jun\/Jul\/Ago\/Set 2024<\/h1>\n<p>     <a href=\"https:\/\/gem.pt\/1\/en\/publicacoes\/newsletter\/pdfviewer\/?pdf=19F2CWjAF73b01Bihbvmo_VkkEQuEdy-Z\" data-elementor-open-lightbox=\"no\"><img loading=\"lazy\" width=\"255\" height=\"360\" src=\"https:\/\/gem.pt\/wp-content\/uploads\/2025\/10\/newsletter_GEM_14.jpg\" alt=\"N\u00ba 14 - Mar\/Abr\/Mai 2024\" decoding=\"async\" srcset=\"https:\/\/gem.pt\/wp-content\/uploads\/2025\/10\/newsletter_GEM_14.jpg 255w, https:\/\/gem.pt\/wp-content\/uploads\/2025\/10\/newsletter_GEM_14-9x12.jpg 9w\" sizes=\"(max-width: 255px) 100vw, 255px\" \/>    <\/a>  <\/p>\n<h1>N\u00ba 14 - Mar\/Abr\/Mai 2024<\/h1>\n<p>     <a href=\"https:\/\/gem.pt\/1\/en\/publicacoes\/newsletter\/pdfviewer\/?pdf=1XqztRyk78CFuiculCnrQYsSyq3IsPEc5\" data-elementor-open-lightbox=\"no\"><img loading=\"lazy\" width=\"255\" height=\"360\" src=\"https:\/\/gem.pt\/wp-content\/uploads\/2024\/08\/newsletter_GEM_13.jpg\" alt=\"N\u00ba 13 - Jan\/Fev 2024\" decoding=\"async\" srcset=\"https:\/\/gem.pt\/wp-content\/uploads\/2024\/08\/newsletter_GEM_13.jpg 255w, https:\/\/gem.pt\/wp-content\/uploads\/2024\/08\/newsletter_GEM_13-9x12.jpg 9w\" sizes=\"(max-width: 255px) 100vw, 255px\" \/>    <\/a>  <\/p>\n<h1>N\u00ba 13 - Jan\/Fev 2024<\/h1>\n<p>     <a href=\"https:\/\/gem.pt\/1\/en\/publicacoes\/newsletter\/pdfviewer\/?pdf=1t1FJnjyf3-Ot-zFMuZ72L5frflB4_iTO\" data-elementor-open-lightbox=\"no\"><img loading=\"lazy\" width=\"255\" height=\"360\" src=\"https:\/\/gem.pt\/wp-content\/uploads\/2024\/08\/newsletter_GEM_11_12.jpg\" alt=\"N\u00ba 11 e 12 - Nov\/Dez 2023\" decoding=\"async\" srcset=\"https:\/\/gem.pt\/wp-content\/uploads\/2024\/08\/newsletter_GEM_11_12.jpg 255w, https:\/\/gem.pt\/wp-content\/uploads\/2024\/08\/newsletter_GEM_11_12-9x12.jpg 9w\" sizes=\"(max-width: 255px) 100vw, 255px\" \/>    <\/a>  <\/p>\n<h1>N\u00ba 11 e 12 - Nov\/Dez 2023<\/h1>\n<p>     <a href=\"https:\/\/gem.pt\/1\/en\/publicacoes\/newsletter\/pdfviewer\/?pdf=1isK8Y94QcZm6jNDmQuZIheOKIqcaw02Q\" data-elementor-open-lightbox=\"no\"><img loading=\"lazy\" width=\"255\" height=\"360\" src=\"https:\/\/gem.pt\/wp-content\/uploads\/2024\/08\/newsletter_GEM_09_10.jpg\" alt=\"N\u00ba 9 e 10 - Set\/Out 2023\" decoding=\"async\" srcset=\"https:\/\/gem.pt\/wp-content\/uploads\/2024\/08\/newsletter_GEM_09_10.jpg 255w, https:\/\/gem.pt\/wp-content\/uploads\/2024\/08\/newsletter_GEM_09_10-9x12.jpg 9w\" sizes=\"(max-width: 255px) 100vw, 255px\" \/>    <\/a>  <\/p>\n<h1>N\u00ba 9 e 10 - Set\/Out 2023<\/h1>\n<p>     <a href=\"https:\/\/gem.pt\/1\/en\/publicacoes\/newsletter\/pdfviewer\/?pdf=16-CJTapuUooRt8VsRd6QqHwAsQW8lIBA\" data-elementor-open-lightbox=\"no\"><img loading=\"lazy\" width=\"255\" height=\"360\" src=\"https:\/\/gem.pt\/wp-content\/uploads\/2024\/08\/newsletter_GEM_08b.jpg\" alt=\"N\u00ba 8 (2) - Agosto 2023\" decoding=\"async\" srcset=\"https:\/\/gem.pt\/wp-content\/uploads\/2024\/08\/newsletter_GEM_08b.jpg 255w, https:\/\/gem.pt\/wp-content\/uploads\/2024\/08\/newsletter_GEM_08b-9x12.jpg 9w\" sizes=\"(max-width: 255px) 100vw, 255px\" \/>    <\/a>  <\/p>\n<h1>N\u00ba 8 (2) - Agosto 2023<\/h1>\n<p>     <a href=\"https:\/\/gem.pt\/1\/en\/publicacoes\/newsletter\/pdfviewer\/?pdf=1EB1SSFy4RXz5HfXgQX5j96UKye_NZqH9\" data-elementor-open-lightbox=\"no\"><img loading=\"lazy\" width=\"255\" height=\"360\" src=\"https:\/\/gem.pt\/wp-content\/uploads\/2024\/08\/Newsletter_GEM_08.jpg\" alt=\"N\u00ba 8 (1) - Agosto 2023\" decoding=\"async\" srcset=\"https:\/\/gem.pt\/wp-content\/uploads\/2024\/08\/Newsletter_GEM_08.jpg 255w, https:\/\/gem.pt\/wp-content\/uploads\/2024\/08\/Newsletter_GEM_08-9x12.jpg 9w\" sizes=\"(max-width: 255px) 100vw, 255px\" \/>    <\/a>  <\/p>\n<h1>N\u00ba 8 (1) - Agosto 2023<\/h1>\n<p>     <a href=\"https:\/\/gem.pt\/1\/en\/publicacoes\/newsletter\/pdfviewer\/?pdf=1hyYCw-TDR1kmu8RVUuQvs57UNWXzGUW1\" data-elementor-open-lightbox=\"no\"><img loading=\"lazy\" width=\"255\" height=\"360\" src=\"https:\/\/gem.pt\/wp-content\/uploads\/2024\/08\/newsletter_GEM_07.jpg\" alt=\"N\u00ba 7 - Julho 2023\" decoding=\"async\" srcset=\"https:\/\/gem.pt\/wp-content\/uploads\/2024\/08\/newsletter_GEM_07.jpg 255w, https:\/\/gem.pt\/wp-content\/uploads\/2024\/08\/newsletter_GEM_07-9x12.jpg 9w\" sizes=\"(max-width: 255px) 100vw, 255px\" \/>    <\/a>  <\/p>\n<h1>N\u00ba 7 - Julho 2023<\/h1>\n<p>     <a href=\"https:\/\/gem.pt\/1\/en\/publicacoes\/newsletter\/pdfviewer\/?pdf=1WgQUpzUv1N2Sw6fjoLcdVsUh3Sdgb6tZ\" data-elementor-open-lightbox=\"no\"><img loading=\"lazy\" width=\"255\" height=\"360\" src=\"https:\/\/gem.pt\/wp-content\/uploads\/2024\/08\/newsletter_GEM_06.jpg\" alt=\"N\u00ba 6 - Junho 2023\" decoding=\"async\" srcset=\"https:\/\/gem.pt\/wp-content\/uploads\/2024\/08\/newsletter_GEM_06.jpg 255w, https:\/\/gem.pt\/wp-content\/uploads\/2024\/08\/newsletter_GEM_06-9x12.jpg 9w\" sizes=\"(max-width: 255px) 100vw, 255px\" \/>    <\/a>  <\/p>\n<h1>N\u00ba 6 - Junho 2023<\/h1>\n<p>     <a href=\"https:\/\/gem.pt\/1\/en\/publicacoes\/newsletter\/pdfviewer\/?pdf=1m669WM6VDuHfuO8F3ZQH5gTtQ20cLhs9\" data-elementor-open-lightbox=\"no\"><img loading=\"lazy\" width=\"255\" height=\"360\" src=\"https:\/\/gem.pt\/wp-content\/uploads\/2024\/08\/newsletter_GEM_05.jpg\" alt=\"N\u00ba 5 - Maio 2023\" decoding=\"async\" srcset=\"https:\/\/gem.pt\/wp-content\/uploads\/2024\/08\/newsletter_GEM_05.jpg 255w, https:\/\/gem.pt\/wp-content\/uploads\/2024\/08\/newsletter_GEM_05-9x12.jpg 9w\" sizes=\"(max-width: 255px) 100vw, 255px\" \/>    <\/a>  <\/p>\n<h1>N\u00ba 5 - Maio 2023<\/h1>\n<p>     <a href=\"https:\/\/gem.pt\/1\/en\/publicacoes\/newsletter\/pdfviewer\/?pdf=1xR9BQIQ4LD00Otz8vLllWGOP3ZyZodcz\" data-elementor-open-lightbox=\"no\"><img loading=\"lazy\" width=\"255\" height=\"360\" src=\"https:\/\/gem.pt\/wp-content\/uploads\/2024\/08\/newsletter_GEM_04.jpg\" alt=\"N\u00ba 4 - Abril 2023\" decoding=\"async\" srcset=\"https:\/\/gem.pt\/wp-content\/uploads\/2024\/08\/newsletter_GEM_04.jpg 255w, https:\/\/gem.pt\/wp-content\/uploads\/2024\/08\/newsletter_GEM_04-9x12.jpg 9w\" sizes=\"(max-width: 255px) 100vw, 255px\" \/>    <\/a>  <\/p>\n<h1>N\u00ba 4 - Abril 2023<\/h1>\n<p>     <a href=\"https:\/\/gem.pt\/1\/en\/publicacoes\/newsletter\/pdfviewer\/?pdf=1m53Ba79Sfh9lErE3kNxUILzAlnta1h0F\" data-elementor-open-lightbox=\"no\"><img loading=\"lazy\" width=\"255\" height=\"360\" src=\"https:\/\/gem.pt\/wp-content\/uploads\/2024\/08\/newsletter_GEM_03.jpg\" alt=\"N\u00ba 3 - Mar\u00e7o 2023\" decoding=\"async\" srcset=\"https:\/\/gem.pt\/wp-content\/uploads\/2024\/08\/newsletter_GEM_03.jpg 255w, https:\/\/gem.pt\/wp-content\/uploads\/2024\/08\/newsletter_GEM_03-9x12.jpg 9w\" sizes=\"(max-width: 255px) 100vw, 255px\" \/>    <\/a>  <\/p>\n<h1>N\u00ba 3 - Mar\u00e7o 2023<\/h1>\n<p>     <a href=\"https:\/\/gem.pt\/1\/en\/publicacoes\/newsletter\/pdfviewer\/?pdf=1c9B23BbgbkfLn6RtqbwH9hN9-U3M6yRj\" data-elementor-open-lightbox=\"no\"><img loading=\"lazy\" width=\"255\" height=\"360\" src=\"https:\/\/gem.pt\/wp-content\/uploads\/2024\/08\/newsletter_GEM_02.jpg\" alt=\"N\u00ba 2 - Fevereiro 2023\" decoding=\"async\" srcset=\"https:\/\/gem.pt\/wp-content\/uploads\/2024\/08\/newsletter_GEM_02.jpg 255w, https:\/\/gem.pt\/wp-content\/uploads\/2024\/08\/newsletter_GEM_02-9x12.jpg 9w\" sizes=\"(max-width: 255px) 100vw, 255px\" \/>    <\/a>  <\/p>\n<h1>N\u00ba 2 - Fevereiro 2023<\/h1>\n<p>     <a href=\"https:\/\/gem.pt\/1\/en\/publicacoes\/newsletter\/pdfviewer\/?pdf=1VpGPZ-nST0ij7B2HpIBn9bnk8jDutC3c\" data-elementor-open-lightbox=\"no\"><img loading=\"lazy\" width=\"255\" height=\"360\" src=\"https:\/\/gem.pt\/wp-content\/uploads\/2024\/08\/newsletter_GEM_01.jpg\" alt=\"N\u00ba 1 - Janeiro 2023\" decoding=\"async\" srcset=\"https:\/\/gem.pt\/wp-content\/uploads\/2024\/08\/newsletter_GEM_01.jpg 255w, https:\/\/gem.pt\/wp-content\/uploads\/2024\/08\/newsletter_GEM_01-9x12.jpg 9w\" sizes=\"(max-width: 255px) 100vw, 255px\" \/>    <\/a>  <\/p>\n<h1>N\u00ba 1 - Janeiro 2023<\/h1>\n<p>\t\tSubscribe <a href=\"https:\/\/gem.pt\/1\/en\/publicacoes\/subscrever-divulgacoes\/\">here<\/a>\u00a0GEM newsletter.<\/p>","protected":false},"excerpt":{"rendered":"<p>\u00a0 \u00a0Not\u00edcias GEM\u00a0Not\u00edcias das \u00faltimas atividades e informa\u00e7\u00e3o sobre as pr\u00f3ximas a\u00e7\u00f5es do GEM TODAS 2025 2024 2023 N\u00ba 19 &#8211; Mai\/Jun 2025 N\u00ba 18 &#8211; Mar\/Abr 2025 N\u00ba 17 &#8211; Jan\/Fev2025 N\u00ba 16 &#8211; Out\/Nov\/Dez 2024 N\u00ba 15 &#8211; Jun\/Jul\/Ago\/Set 2024 N\u00ba 14 &#8211; Mar\/Abr\/Mai 2024 N\u00ba 13 &#8211; Jan\/Fev 2024 N\u00ba 11 e [&hellip;]<\/p>\n","protected":false},"author":1,"featured_media":0,"parent":801,"menu_order":3,"comment_status":"closed","ping_status":"closed","template":"","meta":{"footnotes":""},"class_list":["post-16260","page","type-page","status-publish","hentry"],"_links":{"self":[{"href":"https:\/\/gem.pt\/1\/en\/wp-json\/wp\/v2\/pages\/16260","targetHints":{"allow":["GET"]}}],"collection":[{"href":"https:\/\/gem.pt\/1\/en\/wp-json\/wp\/v2\/pages"}],"about":[{"href":"https:\/\/gem.pt\/1\/en\/wp-json\/wp\/v2\/types\/page"}],"author":[{"embeddable":true,"href":"https:\/\/gem.pt\/1\/en\/wp-json\/wp\/v2\/users\/1"}],"replies":[{"embeddable":true,"href":"https:\/\/gem.pt\/1\/en\/wp-json\/wp\/v2\/comments?post=16260"}],"version-history":[{"count":0,"href":"https:\/\/gem.pt\/1\/en\/wp-json\/wp\/v2\/pages\/16260\/revisions"}],"up":[{"embeddable":true,"href":"https:\/\/gem.pt\/1\/en\/wp-json\/wp\/v2\/pages\/801"}],"wp:attachment":[{"href":"https:\/\/gem.pt\/1\/en\/wp-json\/wp\/v2\/media?parent=16260"}],"curies":[{"name":"wp","href":"https:\/\/api.w.org\/{rel}","templated":true}]}}