{"id":19463,"date":"2024-08-31T14:41:48","date_gmt":"2024-08-31T13:41:48","guid":{"rendered":"https:\/\/gem.pt\/1\/?page_id=19463"},"modified":"2025-08-02T09:38:39","modified_gmt":"2025-08-02T08:38:39","slug":"algar-da-cabeca-alta","status":"publish","type":"page","link":"https:\/\/gem.pt\/1\/en\/publicacoes\/carso-e-endocarso\/algar-da-cabeca-alta\/","title":{"rendered":"Algar da Cabe\u00e7a Alta"},"content":{"rendered":"<figure>\n\t\t\t\t\t\t\t\t\t\t<img decoding=\"async\" src=\"https:\/\/gem.pt\/wp-content\/uploads\/elementor\/thumbs\/20200808_CabecaAlta02-r9286pnhsnonwac1wzq6azdmyyl04f5fqi0u1tyeg0.jpg\" title=\"20200808_CabecaAlta02\" alt=\"20200808_CabecaAlta02\" loading=\"lazy\" \/><figcaption>Algar da Cabe\u00e7a Alta<\/figcaption><\/figure>\n<p>\t\t27 de Agosto de 2024<\/p>\n<p>Introduction and Location<\/p>\n<p>\u00a0<\/p>\n<p>O Algar da Cabe\u00e7a Alta encontra-se no Maci\u00e7o Calc\u00e1rio Estremenho, na unidade morfoestrutural do planalto de S\u00e3o Mamede. perto do top\u00f3nimo com o mesmo nome. As coordenadas geogr\u00e1ficas de entrada da gruta (WGS84) s\u00e3o 39,613249\u00ba de latitude e -8,647455\u00ba de longitude, a cerca de 320 metros de altitude.<\/p>\n<figure>\n\t\t\t\t\t\t\t\t\t\t\t<a href=\"https:\/\/gem.pt\/wp-content\/uploads\/2024\/08\/Figura_1_Localizacao_-da_gruta.jpg\" data-elementor-open-lightbox=\"yes\" data-elementor-lightbox-title=\"Figura 1 - Localiza\u00e7\u00e3o do Algar da Cabe\u00e7a Alta em imagem de sat\u00e9lite.\" data-e-action-hash=\"#elementor-action%3Aaction%3Dlightbox%26settings%3DeyJpZCI6MTk0NTksInVybCI6Imh0dHBzOlwvXC9nZW0ucHRcL3dwLWNvbnRlbnRcL3VwbG9hZHNcLzIwMjRcLzA4XC9GaWd1cmFfMV9Mb2NhbGl6YWNhb18tZGFfZ3J1dGEuanBnIn0%3D\"><br \/>\n\t\t\t\t\t\t\t<img fetchpriority=\"high\" width=\"1000\" height=\"635\" src=\"https:\/\/gem.pt\/wp-content\/uploads\/2024\/08\/Figura_1_Localizacao_-da_gruta.jpg\" alt=\"\" decoding=\"async\" srcset=\"https:\/\/gem.pt\/wp-content\/uploads\/2024\/08\/Figura_1_Localizacao_-da_gruta.jpg 1000w, https:\/\/gem.pt\/wp-content\/uploads\/2024\/08\/Figura_1_Localizacao_-da_gruta-18x12.jpg 18w\" sizes=\"(max-width: 1000px) 100vw, 1000px\" \/>\t\t\t\t\t\t\t\t<\/a><figcaption>Figura 1 - Localiza\u00e7\u00e3o do Algar da Cabe\u00e7a Alta em imagem de sat\u00e9lite.<\/figcaption><\/figure>\n<p>\u00a0<\/p>\n<p>Description<\/p>\n<p>\u00a0<\/p>\n<p>A gruta \u00e9 composta por uma grande sala de extens\u00e3o decam\u00e9trica, com abatimento parcial do teto, por onde se faz a entrada, atrav\u00e9s de um po\u00e7o de 11 metros. A partir do fundo desta sala tem-se acesso a uma pequena sala a NE e a uma galeria de sec\u00e7\u00e3o m\u00e9trica a SW com uma extens\u00e3o de cerca de 60 metros que termina\u00a0 num po\u00e7o com uma profundidade de 9 metros. Do outro lado do po\u00e7o nota-se uma continua\u00e7\u00e3o assoreada\/bloqueada da galeria, mas cuja desobstru\u00e7\u00e3o n\u00e3o nos parece vi\u00e1vel.<\/p>\n<p>Speleometry<\/p>\n<p>\u00a0<\/p>\n<p>Uma topografia da gruta foi realizada tendo-se obtido os seguintes dados de espeleometria. Desenvolvimento total: 192,5m, Proje\u00e7\u00e3o horizontal: 173,3m. Desn\u00edvel: -40,5m.<\/p>\n<figure>\n\t\t\t\t\t\t\t\t\t\t\t<a href=\"https:\/\/gem.pt\/wp-content\/uploads\/2021\/08\/20200808_CabecaAlta05.jpg\" data-elementor-open-lightbox=\"yes\" data-elementor-lightbox-title=\"Figura 2 - Po\u00e7o de entrada do Algar da Cabe\u00e7a Alta\" data-e-action-hash=\"#elementor-action%3Aaction%3Dlightbox%26settings%3DeyJpZCI6MTE1ODksInVybCI6Imh0dHBzOlwvXC9nZW0ucHRcL3dwLWNvbnRlbnRcL3VwbG9hZHNcLzIwMjFcLzA4XC8yMDIwMDgwOF9DYWJlY2FBbHRhMDUuanBnIn0%3D\"><br \/>\n\t\t\t\t\t\t\t<img width=\"640\" height=\"853\" src=\"https:\/\/gem.pt\/wp-content\/uploads\/2021\/08\/20200808_CabecaAlta05.jpg\" alt=\"\" decoding=\"async\" \/>\t\t\t\t\t\t\t\t<\/a><figcaption>Figura 2 - Po\u00e7o de entrada do Algar da Cabe\u00e7a Alta<\/figcaption><\/figure>\n<figure>\n\t\t\t\t\t\t\t\t\t\t\t<a href=\"https:\/\/gem.pt\/wp-content\/uploads\/2024\/08\/Algar_da_Cabeca_Alta_planta.pdf\" target=\"_blank\"><br \/>\n\t\t\t\t\t\t\t<img width=\"878\" height=\"897\" src=\"https:\/\/gem.pt\/wp-content\/uploads\/2024\/08\/Figura_2_Algar_da_Cabeca_Alta_planta.jpg\" alt=\"\" decoding=\"async\" srcset=\"https:\/\/gem.pt\/wp-content\/uploads\/2024\/08\/Figura_2_Algar_da_Cabeca_Alta_planta.jpg 878w, https:\/\/gem.pt\/wp-content\/uploads\/2024\/08\/Figura_2_Algar_da_Cabeca_Alta_planta-12x12.jpg 12w\" sizes=\"(max-width: 878px) 100vw, 878px\" \/>\t\t\t\t\t\t\t\t<\/a><figcaption>Figura 3a - Planta do Algar da Cabe\u00e7a Alta (clique para ver em formato pdf)<\/figcaption><\/figure>\n<figure>\n\t\t\t\t\t\t\t\t\t\t\t<a href=\"https:\/\/gem.pt\/wp-content\/uploads\/2024\/08\/Algar_da_Cabeca_Alta_perfil.pdf\" target=\"_blank\"><br \/>\n\t\t\t\t\t\t\t<img loading=\"lazy\" width=\"1278\" height=\"620\" src=\"https:\/\/gem.pt\/wp-content\/uploads\/2024\/08\/Figura_3_Algar_da_Cabeca_Alta_perfil-extendido.jpg\" alt=\"\" decoding=\"async\" srcset=\"https:\/\/gem.pt\/wp-content\/uploads\/2024\/08\/Figura_3_Algar_da_Cabeca_Alta_perfil-extendido.jpg 1278w, https:\/\/gem.pt\/wp-content\/uploads\/2024\/08\/Figura_3_Algar_da_Cabeca_Alta_perfil-extendido-18x9.jpg 18w\" sizes=\"(max-width: 1278px) 100vw, 1278px\" \/>\t\t\t\t\t\t\t\t<\/a><figcaption>Figura 3b - Perfil desdobrado do Algar da Cabe\u00e7a Alta (clique para ver em formato pdf)<\/figcaption><\/figure>\n<figure>\n\t\t\t\t\t\t\t\t\t\t\t<a href=\"https:\/\/gem.pt\/wp-content\/uploads\/2024\/08\/Algar_da_Cabeca_Alta_FE.pdf\" target=\"_blank\"><br \/>\n\t\t\t\t\t\t\t<img loading=\"lazy\" width=\"1342\" height=\"651\" src=\"https:\/\/gem.pt\/wp-content\/uploads\/2024\/08\/Figura_4_Algar_da_Cabeca_Alta_FE.jpg\" alt=\"\" decoding=\"async\" srcset=\"https:\/\/gem.pt\/wp-content\/uploads\/2024\/08\/Figura_4_Algar_da_Cabeca_Alta_FE.jpg 1342w, https:\/\/gem.pt\/wp-content\/uploads\/2024\/08\/Figura_4_Algar_da_Cabeca_Alta_FE-18x9.jpg 18w\" sizes=\"(max-width: 1342px) 100vw, 1342px\" \/>\t\t\t\t\t\t\t\t<\/a><figcaption>Figura 3c - Ficha de equipagem do Algar da Cabe\u00e7a Alta (clique para ver em formato pdf)<\/figcaption><\/figure>\n<p>\u00a0<\/p>\n<p>Geological Setting<\/p>\n<p>\u00a0De acordo com a folha 27-A da Carta Geol\u00f3gica de Portugal \u00e0 escala 1:50000 (Manupella et al), a gruta desenvolve-se na forma\u00e7\u00e3o de Camadas de Caba\u00e7os e Montejunto, datada do andar Oxfordiano a Kimeridigiano do Jur\u00e1ssico Superior. As camadas apresentam,\u00a0 regionalmente de acordo com a Carta acima referida, atitude entre NW-SE a inclinar cerca de 10\u00ba para Norte.\u00a0\u00a0Esta cavidade, apesar de n\u00e3o se situar numas das unidade carsific\u00e1veis por excel\u00eancia do MCE, conforme definido por Crispim, 1995, apresenta um desenvolvimento consider\u00e1vel para grutas em forma\u00e7\u00f5es do Jur\u00e1ssico Superior.\t\t<\/p>\n<figure>\n\t\t\t\t\t\t\t\t\t\t\t<a href=\"https:\/\/gem.pt\/wp-content\/uploads\/2024\/08\/Figura_5_Enquadramento_geologico.jpeg\" data-elementor-open-lightbox=\"yes\" data-elementor-lightbox-title=\"Figura 4 - Enquadramento geol\u00f3gico da Algar da Cabe\u00e7a Alta (extrato da folha 27-A da Carta Geol\u00f3gica de Portugal, sem escala)\" data-e-action-hash=\"#elementor-action%3Aaction%3Dlightbox%26settings%3DeyJpZCI6MTk0NTUsInVybCI6Imh0dHBzOlwvXC9nZW0ucHRcL3dwLWNvbnRlbnRcL3VwbG9hZHNcLzIwMjRcLzA4XC9GaWd1cmFfNV9FbnF1YWRyYW1lbnRvX2dlb2xvZ2ljby5qcGVnIn0%3D\"><br \/>\n\t\t\t\t\t\t\t<img loading=\"lazy\" width=\"1000\" height=\"708\" src=\"https:\/\/gem.pt\/wp-content\/uploads\/2024\/08\/Figura_5_Enquadramento_geologico.jpeg\" alt=\"\" decoding=\"async\" srcset=\"https:\/\/gem.pt\/wp-content\/uploads\/2024\/08\/Figura_5_Enquadramento_geologico.jpeg 1000w, https:\/\/gem.pt\/wp-content\/uploads\/2024\/08\/Figura_5_Enquadramento_geologico-18x12.jpeg 18w\" sizes=\"(max-width: 1000px) 100vw, 1000px\" \/>\t\t\t\t\t\t\t\t<\/a><figcaption>Figura 4 - Enquadramento geol\u00f3gico da Algar da Cabe\u00e7a Alta (extrato da folha 27-A da Carta Geol\u00f3gica de Portugal, sem escala)<\/figcaption><\/figure>\n<p>\u00a0<\/p>\n<p>Structural Control<\/p>\n<p>\u00a0<\/p>\n<p>A gruta apresenta um controlo misto por fraturas e camadas. A principal dire\u00e7\u00e3o de desenvolvimento da galeria \u00e9 pr\u00f3xima da dire\u00e7\u00e3o regional das camadas (NW-SE\/N). Por\u00e9m, tro\u00e7os da galeria e po\u00e7os apresentam dire\u00e7\u00e3o coincidente com as fraturas N10-20W\/Verticais observ\u00e1veis \u00e0 entrada da gruta.<\/p>\n<p>Genesis and Evolution<\/p>\n<p>\u00a0<\/p>\n<p>A gruta formou-se na zona fre\u00e1tica, de acordo com a defini\u00e7\u00e3o de B\u00f6gli. 1980, como o comprovam a sec\u00e7\u00e3o arredondada das galeria e vagas de eros\u00e3o. Por uma descida relativa do n\u00edvel de base, a gruta passou da zona fre\u00e1tica para a zona vadosa inativa. As vagas de eros\u00e3o apontam para um antigo sentido de circula\u00e7\u00e3o NE-SW. O Algar da Cabe\u00e7a Alta marca um antigo n\u00edvel de circula\u00e7\u00e3o de \u00e1gua que atualmente se encontra \u00e0 cota aproximada de 300 a 305 metros.<\/p>\n<p>A entrada abriu-se posteriormente com o abatimento do teto da gruta, que se encontra muito perto da superf\u00edcie, facilitado por fraturas pr\u00e9-existentes.<\/p>\n<p><a href=\"https:\/\/gem.pt\/1\/en\/galeria-de-fotos\/?sgdg-path-679ca81b=1zlE642k-H3EMq6d1qgfnwdjcz1K4nsl3\">Veja aqui o \u00e1lbum de fotos do Algar da Cabe\u00e7a Alta por Marta Borges (GEM)<\/a><\/p>\n<p>Bibliography<\/p>\n<ul style=\"margin-right: 0px; margin-bottom: 0px; padding-right: 0.3em; padding-left: 2em; clear: both;\">\n<li>B\u00f6gli, A. (1980), Karst Hydrology and Physical Speleology, Springer-Verlag, Berlin Heildelberg New York.<\/li>\n<li>Crispim, J.A (1995). Din\u00e2mica C\u00e1rsica e Implica\u00e7\u00f5es Ambientais nas Depress\u00f5es de Alvados e Minde. Tese de Doutoramento em Geologia, especialidade de Geologia do Ambiente. Departamento de Geologia. Faculdade de Ci\u00eancias, Universidade de Lisboa<\/li>\n<li>Manupella, G., Telles Antunes, M., Costa Almeida, C.A., Azer\u00eado, A.C., Barbosa, B., Cardoso, J.L., Crispim, J.A., Duarte, L.V., Henriques, M.H.,\u00a0 Martins, L.T.,\u00a0 Ramalho, M.M.; Santos, V.F.; Terrinha. P.;\u00a0 (2000). Carta Geol\u00f3gica de Portugal - Vila Nova de Our\u00e9m, Folha 27-A, \u00e1 escala 1:50000, e Nota Explicativa, Instituto Geol\u00f3gico e Mineiro, Lisboa.<\/li>\n<\/ul>","protected":false},"excerpt":{"rendered":"<p>Algar da Cabe\u00e7a Alta 27 de Agosto de 2024 Introdu\u00e7\u00e3o e Localiza\u00e7\u00e3o \u00a0 O Algar da Cabe\u00e7a Alta encontra-se no Maci\u00e7o Calc\u00e1rio Estremenho, na unidade morfoestrutural do planalto de S\u00e3o Mamede. perto do top\u00f3nimo com o mesmo nome. As coordenadas geogr\u00e1ficas de entrada da gruta (WGS84) s\u00e3o 39,613249\u00ba de latitude e -8,647455\u00ba de longitude, a [&hellip;]<\/p>\n","protected":false},"author":1,"featured_media":0,"parent":1574,"menu_order":0,"comment_status":"closed","ping_status":"closed","template":"","meta":{"footnotes":""},"class_list":["post-19463","page","type-page","status-publish","hentry"],"_links":{"self":[{"href":"https:\/\/gem.pt\/1\/en\/wp-json\/wp\/v2\/pages\/19463","targetHints":{"allow":["GET"]}}],"collection":[{"href":"https:\/\/gem.pt\/1\/en\/wp-json\/wp\/v2\/pages"}],"about":[{"href":"https:\/\/gem.pt\/1\/en\/wp-json\/wp\/v2\/types\/page"}],"author":[{"embeddable":true,"href":"https:\/\/gem.pt\/1\/en\/wp-json\/wp\/v2\/users\/1"}],"replies":[{"embeddable":true,"href":"https:\/\/gem.pt\/1\/en\/wp-json\/wp\/v2\/comments?post=19463"}],"version-history":[{"count":0,"href":"https:\/\/gem.pt\/1\/en\/wp-json\/wp\/v2\/pages\/19463\/revisions"}],"up":[{"embeddable":true,"href":"https:\/\/gem.pt\/1\/en\/wp-json\/wp\/v2\/pages\/1574"}],"wp:attachment":[{"href":"https:\/\/gem.pt\/1\/en\/wp-json\/wp\/v2\/media?parent=19463"}],"curies":[{"name":"wp","href":"https:\/\/api.w.org\/{rel}","templated":true}]}}