{"id":19727,"date":"2024-10-21T21:10:21","date_gmt":"2024-10-21T20:10:21","guid":{"rendered":"https:\/\/gem.pt\/1\/?page_id=19727"},"modified":"2024-10-21T21:51:28","modified_gmt":"2024-10-21T20:51:28","slug":"projeto-espeleologico-de-valongo-ao-paraiso","status":"publish","type":"page","link":"https:\/\/gem.pt\/1\/en\/projetos\/projeto-espeleologico-de-valongo-ao-paraiso\/","title":{"rendered":"Projeto Espeleol\u00f3gico De Valongo Ao Para\u00edso"},"content":{"rendered":"<h1>De Valongo Ao Para\u00edso<\/h1>\n<p>\t\tProjeto Espeleol\u00f3gico<\/p>\n<p>Entidade:\u00a0GEM - Grupo de Espeleologia e Montanhismo<br style=\"letter-spacing: normal; font-family: Questrial; font-size: 12px; white-space: pre-line;\" \/>Coordena\u00e7\u00e3o: (N3) Pedro Agiuar; pedroaguiar.espeleo@gmail.com<\/p>\n<hr \/>\n<p>\u00a0<\/p>\n<p><a href=\"https:\/\/gem.pt\/wp-content\/uploads\/2024\/10\/DE-VALONGO-Ao-PARAISO_02.jpg\"><img fetchpriority=\"high\" decoding=\"async\" src=\"https:\/\/gem.pt\/wp-content\/uploads\/2024\/10\/DE-VALONGO-Ao-PARAISO_02.jpg\" alt=\"\" width=\"450\" height=\"300\" \/><\/a>Contextualiza\u00e7\u00e3o<\/p>\n<p>Com o culminar da primeira fase do Projeto Espeleol\u00f3gico de Valongo, levado a cabo pelo GEM- Norte <sup>[1]<\/sup>, denominado \u201c<strong>Contributo para o conhecimento do patrim\u00f3nio mineiro do concelho de Valongo \u2013 explora\u00e7\u00e3o espeleol\u00f3gica da vertente Nordeste da Serra de Sta. Justa<\/strong>\u201d <sup>[2]<\/sup>, com uma leitura atenta das mais recentes publica\u00e7\u00f5es sobre o patrim\u00f3nio do concelho de Valongo <sup>[3]<\/sup>, e com as diversas incurs\u00f5es espeleol\u00f3gicas no territ\u00f3rio que o GEM tem desenvolvido desde 2014, permanece evidente que o patrim\u00f3nio mineiro abandonado, em especial associado \u00e0 explora\u00e7\u00e3o de ouro da \u00e9poca romana, trespassa os limites do concelho, os limites do atual Parque das Serras do Porto e dispersa-se por todo o distrito auri-antimon\u00edfero D\u00farico-Beir\u00e3o <sup>[4]<\/sup>, tanto em trabalhos de minera\u00e7\u00e3o prim\u00e1ria como secund\u00e1ria <sup>[5]<\/sup>.<br \/>\u00a0Torna-se tamb\u00e9m claro que a zona urbana de Valongo se expandiu sobre cavidades artificiais, cuja consci\u00eancia atual \u00e9 diminuta devido a aterros, em prol do desenvolvimento urbano e da seguran\u00e7a, ou porque simplesmente se encontram em propriedade privada cujo acesso \u00e9 condicionado.<br \/>\u00a0O conceito de cavidades artificiais 6 engloba, entre outras, tanto minas metal\u00edferas, como as de capta\u00e7\u00e3o e\/ou dep\u00f3sitos de \u00e1gua, cujo conhecimento \u00e9 tamb\u00e9m reduzido e muitas vezes confundido, o que torna de extrema relev\u00e2ncia o seu estudo, por conterem \u00e1gua, bem essencial e escasso, do qual as popula\u00e7\u00f5es se servem para consumo pr\u00f3prio ou apoio \u00e0 agricultura.\u00a0O apuramento do estado da arte, relativamente ao estudo de cavidades artificiais, impelem \u00e0 investiga\u00e7\u00e3o multidisciplinar com apoio preponderante da espeleologia em \u00e1reas mais condicionadas, como \u00e9 o caso de centros urbanos, ou \u00e1reas geogr\u00e1ficas hostis, como as zonas montanhosas densamente arborizadas e escarpadas de dif\u00edcil acesso cujos meios mais recentes de dete\u00e7\u00e3o remota (LiDAR), encontram ainda algumas barreiras de processamento \u00e0 superf\u00edcie.<br \/>\n\t\t\t\t\t\t\t\t\t\t\t\t\t<img width=\"800\" height=\"1200\" src=\"https:\/\/gem.pt\/wp-content\/uploads\/2024\/10\/DE-VALONGO-Ao-PARAISO_04.jpg\" alt=\"\" decoding=\"async\" srcset=\"https:\/\/gem.pt\/wp-content\/uploads\/2024\/10\/DE-VALONGO-Ao-PARAISO_04.jpg 800w, https:\/\/gem.pt\/wp-content\/uploads\/2024\/10\/DE-VALONGO-Ao-PARAISO_04-8x12.jpg 8w\" sizes=\"(max-width: 800px) 100vw, 800px\" \/><br \/>\n\t\t\t\t\t\t\t\t\t\t\t\t\t<img width=\"800\" height=\"1200\" src=\"https:\/\/gem.pt\/wp-content\/uploads\/2024\/10\/DE-VALONGO-Ao-PARAISO_05.jpg\" alt=\"\" decoding=\"async\" srcset=\"https:\/\/gem.pt\/wp-content\/uploads\/2024\/10\/DE-VALONGO-Ao-PARAISO_05.jpg 800w, https:\/\/gem.pt\/wp-content\/uploads\/2024\/10\/DE-VALONGO-Ao-PARAISO_05-8x12.jpg 8w\" sizes=\"(max-width: 800px) 100vw, 800px\" \/><br \/>\n\t\tObjetivo<br \/>\nPesquisa, prospe\u00e7\u00e3o e explora\u00e7\u00e3o espeleol\u00f3gica em zonas espec\u00edficas do centro urbano de Valongo, e em toda a \u00e1rea a sudoeste do mesmo concelho, em dire\u00e7\u00e3o \u00e0 localidade de Para\u00edso, Castelo de Paiva, com especial enfoque nos meandros de rios e ribeiros.Calendariza\u00e7\u00e3o<br \/>\nAtividades a definir em fun\u00e7\u00e3o da meteorologia e da disponibilidade das equipas envolvidas.<br \/>\nDatas previstas: Mar; 14 Abr; 12 Mai; 9 Jun; 14 Jul; 11 Ago; 8 Set; 13 Out; 10 Nov.<\/p>\n<hr>\n[1] GEM - Grupo de Espeleologia e Montanhismo [<a style=\"color: #0000ff;\" href=\"https:\/\/www.gem.pt\/\">https:\/\/www.gem.pt\/<\/a>].<br \/>[2] Publica\u00e7\u00f5es GEM [<a style=\"color: #0000ff;\" href=\"https:\/\/gem.pt\/1\/publicacoes\/cavidades-artificiais\/\">https:\/\/gem.pt\/1\/publicacoes\/cavidades-artificiais\/<\/a>].<br \/>[3] Dias, Lino et. al.; <strong>Os romanos em Valongo. Vol. 1<\/strong>; C\u00e2mara Municipal de Valongo; Valongo, 2022; ISBN:978- 989-54573-5-9.<br \/>[4] Couto, Helena; <strong>As Mineraliza\u00e7\u00f5es de Sb-Au da Regi\u00e3o D\u00farico-Beir\u00e3<\/strong>, Tese Doutoramento; Centro de Geologia da Faculdade de Ci\u00eancias da Universidade do Porto; Porto, 1993.<br \/>[5] Rodr\u00edguez, Roberto; <strong>La Miner\u00eda Aur\u00edfera Romana del Noroeste Hispano: una visi\u00f3n desde la ingenier\u00eda de minas actual<\/strong>; Tesis Doctoral; Escuela T\u00e9cnica Superior de Ingenieros de Minas; Universidad Polit\u00e9cnica de Madrid; Madrid, 2021.<br \/>[6] Parise, Mario et. al.; <strong>Classification of Artificial Cavities: A First Contribution by the UIS Comission<\/strong>; 16th International Congress of Speleology; Czech Republic, Brno; July 21 \u201328, 2013.<\/p>\n","protected":false},"excerpt":{"rendered":"<p>De Valongo Ao Para\u00edso Projeto Espeleol\u00f3gico Entidade:\u00a0GEM &#8211; Grupo de Espeleologia e MontanhismoCoordena\u00e7\u00e3o: (N3) Pedro Agiuar; pedroaguiar.espeleo@gmail.com \u00a0 Contextualiza\u00e7\u00e3o Com o culminar da primeira fase do Projeto Espeleol\u00f3gico de Valongo, levado a cabo pelo GEM- Norte [1], denominado \u201cContributo para o conhecimento do patrim\u00f3nio mineiro do concelho de Valongo \u2013 explora\u00e7\u00e3o espeleol\u00f3gica da vertente Nordeste [&hellip;]<\/p>\n","protected":false},"author":1,"featured_media":0,"parent":850,"menu_order":10,"comment_status":"closed","ping_status":"closed","template":"","meta":{"footnotes":""},"class_list":["post-19727","page","type-page","status-publish","hentry"],"_links":{"self":[{"href":"https:\/\/gem.pt\/1\/en\/wp-json\/wp\/v2\/pages\/19727","targetHints":{"allow":["GET"]}}],"collection":[{"href":"https:\/\/gem.pt\/1\/en\/wp-json\/wp\/v2\/pages"}],"about":[{"href":"https:\/\/gem.pt\/1\/en\/wp-json\/wp\/v2\/types\/page"}],"author":[{"embeddable":true,"href":"https:\/\/gem.pt\/1\/en\/wp-json\/wp\/v2\/users\/1"}],"replies":[{"embeddable":true,"href":"https:\/\/gem.pt\/1\/en\/wp-json\/wp\/v2\/comments?post=19727"}],"version-history":[{"count":0,"href":"https:\/\/gem.pt\/1\/en\/wp-json\/wp\/v2\/pages\/19727\/revisions"}],"up":[{"embeddable":true,"href":"https:\/\/gem.pt\/1\/en\/wp-json\/wp\/v2\/pages\/850"}],"wp:attachment":[{"href":"https:\/\/gem.pt\/1\/en\/wp-json\/wp\/v2\/media?parent=19727"}],"curies":[{"name":"wp","href":"https:\/\/api.w.org\/{rel}","templated":true}]}}