{"id":21564,"date":"2025-08-09T18:50:25","date_gmt":"2025-08-09T17:50:25","guid":{"rendered":"https:\/\/gem.pt\/1\/?page_id=21564"},"modified":"2025-08-27T23:27:38","modified_gmt":"2025-08-27T22:27:38","slug":"recursos-digitais-gem","status":"publish","type":"page","link":"https:\/\/gem.pt\/1\/en\/socio-gem\/recursos-digitais-gem\/","title":{"rendered":"Recursos Digitais GEM"},"content":{"rendered":"<p>\u00a0<\/p>\n<h6>Recursos Digitais GEM<\/h6>\n<figure><a href=\"http:\/\/inscrever.gem.pt\/\" target=\"_blank\" tabindex=\"-1\"><img decoding=\"async\" src=\"https:\/\/gem.pt\/wp-content\/uploads\/elementor\/thumbs\/cropped-Icon2_Logo-GEM-2014_para-fundo-branco-raw53sz6b9jzjciidpoy33vxw8bdi2ybmblvn4bmlc.jpg\" title=\"cropped-Icon2_Logo-GEM-2014_para-fundo-branco.jpg\" alt=\"cropped-Icon2_Logo-GEM-2014_para-fundo-branco.jpg\" loading=\"lazy\" \/><\/a><\/figure>\n<h5><a href=\"http:\/\/inscrever.gem.pt\/\" target=\"_blank\">PEDIDO PARA INSCRI\u00c7\u00c3O DE S\u00d3CIO - inscrever.gem.pt<\/a><\/h5>\n<p>Com o preenchimento deste formul\u00e1rio, podes passar a ser s\u00f3cio do GEM, e beneficiar de todas as vantagens, ajudando a associa\u00e7\u00e3o a crescer e permitindo que os trabalhos desenvolvidos continuem a existir. Depois do seu preenchimento, ser\u00e1s contactado para finalizar o processo de ades\u00e3o.<\/p>\n<figure><a href=\"http:\/\/refugio.gem.pt\/\" target=\"_blank\" tabindex=\"-1\"><img decoding=\"async\" src=\"https:\/\/gem.pt\/wp-content\/uploads\/elementor\/thumbs\/Logo_Google_Maps-raw5hpz5qqd1pg73kek32lnaoopx2ina47oxgl4qkk.png\" title=\"Logo_Google_Maps\" alt=\"Logo_Google_Maps\" loading=\"lazy\" \/><\/a><\/figure>\n<h5><a href=\"http:\/\/refugio.gem.pt\/\" target=\"_blank\">Como chegar ao ref\u00fagio do GEM em Alcanena - refugio.gem.pt<\/a><\/h5>\n<p>Caso n\u00e3o saibas ainda onde est\u00e1 localizado o nosso ref\u00fagio, com este link curto nunca mais te esquecer\u00e1s e rapidamente l\u00e1 chegar\u00e1s com o Google Maps. Aguardamos a tua visita, bastando seguir as indica\u00e7\u00f5es do GPS.<\/p>\n<figure><a href=\"http:\/\/comunidade.gem.pt\/\" target=\"_blank\" tabindex=\"-1\"><img decoding=\"async\" src=\"https:\/\/gem.pt\/wp-content\/uploads\/elementor\/thumbs\/WhatsApp-raw5hpz5hyltfias4893i3gmilq0gr7977boflosgw.png\" title=\"WhatsApp\" alt=\"WhatsApp\" loading=\"lazy\" \/><\/a><\/figure>\n<h5><a href=\"http:\/\/comunidade.gem.pt\/\" target=\"_blank\">WHATSAPP OFICIAL GEM - comunidade.gem.pt<\/a><\/h5>\n<p>Este \u00e9 o link oficial da comunidade GEM, onde est\u00e3o todas as informa\u00e7\u00f5es atualizadas, os diversos grupos das atividades e restantes informa\u00e7\u00f5es para estares sempre atualizado. Junta-te a n\u00f3s e participa nas conversas di\u00e1rias que por l\u00e1 podes encontrar.<\/p>\n<figure><a href=\"http:\/\/atividades.gem.pt\/\" target=\"_blank\" tabindex=\"-1\"><img decoding=\"async\" src=\"https:\/\/gem.pt\/wp-content\/uploads\/elementor\/thumbs\/Google_calendar-raw5hl9ywy29977arqm2fqptths8v7g70qw0ocdffs.png\" title=\"Google_calendar\" alt=\"Google_calendar\" loading=\"lazy\" \/><\/a><\/figure>\n<h5><a href=\"http:\/\/atividades.gem.pt\/\" target=\"_blank\">CALEND\u00c1RIO DE ATIVIDADES - atividades.gem.pt<\/a><\/h5>\n<p>Consulte aqui o plano das atividades planeadas no GEM. Algumas atividades s\u00e3o planeadas para o ano corrente, outras s\u00f3 s\u00e3o indicadas algumas semanas antes de se realizarem, portanto consulte regularmente este calend\u00e1rio para n\u00e3o perder nenhuma. <\/p>\n<figure><a href=\"http:\/\/calendario.gem.pt\/\" target=\"_blank\" tabindex=\"-1\"><img decoding=\"async\" src=\"https:\/\/gem.pt\/wp-content\/uploads\/elementor\/thumbs\/logo-ics-format-raw5hpz5v48ov90h0an7a7j4sf52xoyupe5g2q6gko.png\" title=\"logo ics format\" alt=\"logo ics format\" loading=\"lazy\" \/><\/a><\/figure>\n<h5><a href=\"http:\/\/calendario.gem.pt\/\" target=\"_blank\">CALEND\u00c1RIO DE ATIVIDADES - calendario.gem.pt (ficheiro .ics)<\/a><\/h5>\n<p>Com este ficheiro .ICS podes descarregar o calend\u00e1rio GEM para o teu telem\u00f3vel ou outlook por exemplo. Deste modo ter\u00e1s acesso atualizado a todas as atividades, sendo o mesmo automaticamente em caso de update ou altera\u00e7\u00e3o de data. Ter\u00e1s todo o plano de atividades na ponta dos teus dedos e sempre pronto a ser consultado facilmente.<\/p>\n<figure><a href=\"http:\/\/arquivo.gem.pt\/\" target=\"_blank\" tabindex=\"-1\"><img decoding=\"async\" src=\"https:\/\/gem.pt\/wp-content\/uploads\/elementor\/thumbs\/google-drive-logo-raw5hpz5qqd3r3xj00fbxb8aq2kc73uedk8pnvs8h4.png\" title=\"google-drive-logo\" alt=\"google-drive-logo\" loading=\"lazy\" \/><\/a><\/figure>\n<h5><a href=\"http:\/\/arquivo.gem.pt\/\" target=\"_blank\">ARQUIVO & CADASTRO GEM - arquivo.gem.pt<\/a><\/h5>\n<p>Todo o arquivo produzido pelo GEM, bem como todas as topografias espeleol\u00f3gicas que foram tornadas publicas est\u00e3o acess\u00edveis para consulta aos s\u00f3cios do GEM, de modo a facilitar os trabalhos de quem pretende colaborar na espeleologia nacional. Tambem encontras aqui muita informa\u00e7\u00e3o hist\u00f3rica para conheceres o esp\u00f3lio das grutas em Portugal.<\/p>\n<figure><a href=\"http:\/\/canyoning.gem.pt\/\" tabindex=\"-1\"><img decoding=\"async\" src=\"https:\/\/gem.pt\/wp-content\/uploads\/elementor\/thumbs\/croqui-logo-raw5hpz5qqcznsgo4sou7w2anavhxxg5uv559ah8o0.webp\" title=\"croqui-logo\" alt=\"croqui-logo\" loading=\"lazy\" \/><\/a><\/figure>\n<h5><a href=\"http:\/\/canyoning.gem.pt\/\">MAPA & CROQUIS PORTUGAL - canyoning.gem.pt<\/a><\/h5>\n<p>Este \u00e9 o link direto para o mapa mais atual e completo que poder\u00e1s encontrar em Portugal Continental. Poder\u00e1s consultar toda a informa\u00e7\u00e3o relativa a um rio, tal como o ponto de entrada\/sa\u00edda do canyoning, estacionamento recomendado ou ainda restaurantes e alojamentos para tornar as tuas descidas mais facilitadas. No ponto de inicio dos rios (a verde), poder\u00e1s consultar a informa\u00e7\u00e3o detalhada e trajetos Wikiloc\/GPX para usar de acordo com a tua experiencia. <\/p>\n<figure><a href=\"http:\/\/espeleoradio.gem.pt\/\" target=\"_blank\" tabindex=\"-1\"><img decoding=\"async\" src=\"https:\/\/gem.pt\/wp-content\/uploads\/2025\/08\/Logo-EspeleoRadio1.jpg\" title=\"Logo-EspeleoRadio1\" alt=\"Logo-EspeleoRadio1\" loading=\"lazy\" \/><\/a><\/figure>\n<h5><a href=\"http:\/\/espeleoradio.gem.pt\/\" target=\"_blank\">RELATOS ESPELEOL\u00d3GICOS - espeleoradio.gem.pt<\/a><\/h5>\n<p>Se nunca ouviste um EspeleoRadio GEM, est\u00e1 na altura de come\u00e7ar a ouvir. S\u00e3o relatos divertidos, mas muito importantes pois refletem a experi\u00eancia de um grupo de espele\u00f3logos e tudo o que encontraram na sa\u00edda que acabaram de fazer. S\u00e3o relatos criados tipicamente na viagem de regresso a lisboa, apos sair em seguran\u00e7a da gruta.<\/p>\n<figure><a href=\"http:\/\/review.gem.pt\/\" target=\"_blank\" tabindex=\"-1\"><img decoding=\"async\" src=\"https:\/\/gem.pt\/wp-content\/uploads\/elementor\/thumbs\/google-reviews-logo-raw5hpz5qqd3r3xj00fbxb8aq2kc73uedk8pnvs8h4.png\" title=\"google-reviews-logo\" alt=\"google-reviews-logo\" loading=\"lazy\" \/><\/a><\/figure>\n<h5><a href=\"http:\/\/review.gem.pt\/\" target=\"_blank\">DEIXA UMA AVALIA\u00c7\u00c3O NO GOOGLE - review.gem.pt<\/a><\/h5>\n<p>O ref\u00fagio sede do GEM est\u00e1 no google. Para que mais pessoas cheguem at\u00e9 n\u00f3s, \u00e9 importante termos reviews daquilo que fazemos e partilhamos. Assim, pedimos que nos deixem a vossa avalia\u00e7\u00e3o no google maps atrav\u00e9s deste link.<\/p>\n<figure><a href=\"http:\/\/feedback.gem.pt\/\" target=\"_blank\" tabindex=\"-1\"><img decoding=\"async\" src=\"https:\/\/gem.pt\/wp-content\/uploads\/elementor\/thumbs\/Feedback-Logo-raw5hpz5qqd3r3xj00fbxb8aq2kc73uedk8pnvs8h4.png\" title=\"Feedback-Logo\" alt=\"Feedback-Logo\" loading=\"lazy\" \/><\/a><\/figure>\n<h5><a href=\"http:\/\/feedback.gem.pt\/\" target=\"_blank\">DAR FEEDBACK DE ATIVIDADES - feedback.gem.pt<\/a><\/h5>\n<p>Sempre que participas numa atividade GEM, receber\u00e1s este link para avaliar a mesma. So assim, poderemos evoluir e crescer, indo de encontro \u00e0s vossas expetativas e melhorar aquilo que nos faz felizes, em contato com a natureza.<\/p>\n<figure><a href=\"http:\/\/newsletter.gem.pt\/\" target=\"_blank\" tabindex=\"-1\"><img decoding=\"async\" src=\"https:\/\/gem.pt\/wp-content\/uploads\/elementor\/thumbs\/newsletter-logo-raw5hpz5qqd3r3xj00fbxb8aq2kc73uedk8pnvs8h4.jpg\" title=\"newsletter-logo\" alt=\"newsletter-logo\" loading=\"lazy\" \/><\/a><\/figure>\n<h5><a href=\"http:\/\/newsletter.gem.pt\/\" target=\"_blank\">ACEDER A NEWSLETTERS - newsletter.gem.pt<\/a><\/h5>\n<p>\u00c9 aqui que podes consultar o registo de todas as newsletters (tipicamente mensais) a que agora chamamos de JORNAL GEM. Em cada uma podes encontrar um resumo de tudo o que fizemos no GEM, com fotos a demonstrar as aventuras. N\u00e3o percas este registo e vem dai manter as recorda\u00e7\u00f5es bem presentes na nossa memoria.<\/p>\n<figure><a href=\"http:\/\/instagram.gem.pt\/\" target=\"_blank\" tabindex=\"-1\"><img decoding=\"async\" src=\"https:\/\/gem.pt\/wp-content\/uploads\/elementor\/thumbs\/Logo_Instagram-raw5hp1bb4kj3wc59pugxlp5x7un923iv2o6ybq6n4.jpg\" title=\"\" alt=\"\" loading=\"lazy\" \/><\/a><\/figure>\n<h5><a href=\"http:\/\/instagram.gem.pt\/\" target=\"_blank\">GEM NO INSTAGRAM - instagram.gem.pt<\/a><\/h5>\n<figure><a href=\"http:\/\/facebook.gem.pt\/\" target=\"_blank\" tabindex=\"-1\"><img decoding=\"async\" src=\"https:\/\/gem.pt\/wp-content\/uploads\/elementor\/thumbs\/Logo_FB-raw53sz6b9jzjciidpoy33vxw8bdi2ybmblvn4bmlc.png\" title=\"Logo_FB\" alt=\"Logo_FB\" loading=\"lazy\" \/><\/a><\/figure>\n<h5><a href=\"http:\/\/facebook.gem.pt\/\" target=\"_blank\">GEM NO FACEBOOK - facebook.gem.pt<\/a><\/h5>\n<figure><a href=\"http:\/\/tiktok.gem.pt\/\" target=\"_blank\" tabindex=\"-1\"><img decoding=\"async\" src=\"https:\/\/gem.pt\/wp-content\/uploads\/elementor\/thumbs\/logo_tiktok-raw5hpz5hyltfias4893i3gmilq0gr7977boflosgw.png\" title=\"logo_tiktok\" alt=\"logo_tiktok\" loading=\"lazy\" \/><\/a><\/figure>\n<h5><a href=\"http:\/\/tiktok.gem.pt\/\" target=\"_blank\">GEM NO TIKTOK - tiktok.gem.pt<\/a><\/h5>\n<figure><a href=\"http:\/\/youtube.gem.pt\/\" target=\"_blank\" tabindex=\"-1\"><img decoding=\"async\" src=\"https:\/\/gem.pt\/wp-content\/uploads\/elementor\/thumbs\/logo_youtube-raw53sz6k1axkzqonunpe25lve36gwer8l87nmi368.png\" title=\"logo_youtube\" alt=\"logo_youtube\" loading=\"lazy\" \/><\/a><\/figure>\n<h5><a href=\"http:\/\/youtube.gem.pt\/\" target=\"_blank\">GEM NO YOUTUBE - youtube.gem.pt<\/a><\/h5>","protected":false},"excerpt":{"rendered":"<p>\u00a0 Recursos Digitais GEM PEDIDO PARA INSCRI\u00c7\u00c3O DE S\u00d3CIO &#8211; inscrever.gem.pt Com o preenchimento deste formul\u00e1rio, podes passar a ser s\u00f3cio do GEM, e beneficiar de todas as vantagens, ajudando a associa\u00e7\u00e3o a crescer e permitindo que os trabalhos desenvolvidos continuem a existir. Depois do seu preenchimento, ser\u00e1s contactado para finalizar o processo de ades\u00e3o. [&hellip;]<\/p>\n","protected":false},"author":1,"featured_media":0,"parent":768,"menu_order":0,"comment_status":"closed","ping_status":"closed","template":"","meta":{"footnotes":""},"class_list":["post-21564","page","type-page","status-publish","hentry"],"_links":{"self":[{"href":"https:\/\/gem.pt\/1\/en\/wp-json\/wp\/v2\/pages\/21564","targetHints":{"allow":["GET"]}}],"collection":[{"href":"https:\/\/gem.pt\/1\/en\/wp-json\/wp\/v2\/pages"}],"about":[{"href":"https:\/\/gem.pt\/1\/en\/wp-json\/wp\/v2\/types\/page"}],"author":[{"embeddable":true,"href":"https:\/\/gem.pt\/1\/en\/wp-json\/wp\/v2\/users\/1"}],"replies":[{"embeddable":true,"href":"https:\/\/gem.pt\/1\/en\/wp-json\/wp\/v2\/comments?post=21564"}],"version-history":[{"count":0,"href":"https:\/\/gem.pt\/1\/en\/wp-json\/wp\/v2\/pages\/21564\/revisions"}],"up":[{"embeddable":true,"href":"https:\/\/gem.pt\/1\/en\/wp-json\/wp\/v2\/pages\/768"}],"wp:attachment":[{"href":"https:\/\/gem.pt\/1\/en\/wp-json\/wp\/v2\/media?parent=21564"}],"curies":[{"name":"wp","href":"https:\/\/api.w.org\/{rel}","templated":true}]}}