{"id":2793,"date":"2020-12-30T14:26:55","date_gmt":"2020-12-30T14:26:55","guid":{"rendered":"https:\/\/gem.pt\/@teste\/?page_id=2793"},"modified":"2021-12-09T19:05:18","modified_gmt":"2021-12-09T19:05:18","slug":"cavidades-artificiais","status":"publish","type":"page","link":"https:\/\/gem.pt\/1\/en\/publicacoes\/cavidades-artificiais\/","title":{"rendered":"Artificial Cavities"},"content":{"rendered":"<p>\u00a0<\/p>\n<p>Artificial Cavities<\/p>\n<hr \/>\n<p>\u00a0Speleological articles from works developed in GEM projects<br \/>\n                <a href=\"\/index.php\/publicacoes\/cavidades-artificiais\/poco-do-limarinho\/\"><br \/>\n                    <img loading=\"lazy\" decoding=\"async\" width=\"1500\" height=\"500\" src=\"https:\/\/gem.pt\/wp-content\/uploads\/2021\/12\/Poco-do-Limarinho.jpg\" alt=\"\" srcset=\"https:\/\/gem.pt\/wp-content\/uploads\/2021\/12\/Poco-do-Limarinho.jpg 1500w, https:\/\/gem.pt\/wp-content\/uploads\/2021\/12\/Poco-do-Limarinho-18x6.jpg 18w\" sizes=\"auto, (max-width: 1500px) 100vw, 1500px\" \/><br \/>\n                <\/a><br \/>\n                        Trabalhos Espeleol\u00f3gicos no Parque Arqueol\u00f3gico do Vale Superior do Rio Terva<br \/>\n                        <strong>05\/12\/2021<\/strong><br \/>\n                <a href=\"\/index.php\/publicacoes\/cavidades-artificiais\/parque-biologico-de-gaia-1\/\"><br \/>\n                    <img loading=\"lazy\" decoding=\"async\" width=\"1500\" height=\"500\" src=\"https:\/\/gem.pt\/wp-content\/uploads\/2021\/01\/Artigo_Parque-Biologico-Gaia.jpg\" alt=\"\" \/><br \/>\n                <\/a><br \/>\n                        Speleological Survey of the Water Mines of the Gaia Biological Park \u2013 1st Phase<br \/>\n                        <strong>03\/02\/2021<\/strong><br \/>\n                <a href=\"\/index.php\/publicacoes\/cavidades-artificiais\/vale-da-terva\/\"><br \/>\n                    <img loading=\"lazy\" decoding=\"async\" width=\"1500\" height=\"500\" src=\"https:\/\/gem.pt\/wp-content\/uploads\/2021\/01\/Vale-da-Terva.jpg\" alt=\"\" \/><br \/>\n                <\/a><br \/>\n                        Prospe\u00e7\u00e3o Espeleol\u00f3gica em Parque Arqueol\u00f3gico do Vale Superior do Rio Terva<br \/>\n                        <strong>17\/01\/2021<\/strong><br \/>\n                <a href=\"\/index.php\/publicacoes\/carso-e-endocarso\/fojo-do-sardao\/\"><br \/>\n                    <img loading=\"lazy\" decoding=\"async\" width=\"1500\" height=\"499\" src=\"https:\/\/gem.pt\/wp-content\/uploads\/2020\/12\/Fojo-do-Sardao.jpg\" alt=\"\" \/><br \/>\n                <\/a><br \/>\n                        Fojo do Sard\u00e3o<br \/>\n                        <strong>01\/06\/2018<\/strong><br \/>\n                <a href=\"\/index.php\/publicacoes\/carso-e-endocarso\/fojo-do-ingles\/\"><br \/>\n                    <img loading=\"lazy\" decoding=\"async\" width=\"1064\" height=\"354\" src=\"https:\/\/gem.pt\/wp-content\/uploads\/2020\/12\/Fojo-do-Ingles.jpg\" alt=\"\" \/><br \/>\n                <\/a><br \/>\n                        Fojo do Ingl\u00eas<br \/>\n                        <strong>10\/05\/2018<\/strong><br \/>\n                <a href=\"\/index.php\/publicacoes\/carso-e-endocarso\/fojo-da-giesta\/\"><br \/>\n                    <img loading=\"lazy\" decoding=\"async\" width=\"1280\" height=\"427\" src=\"https:\/\/gem.pt\/wp-content\/uploads\/2020\/12\/Fojo-da-Giesta.jpg\" alt=\"\" \/><br \/>\n                <\/a><br \/>\n                        Fojo da Giesta<br \/>\n                        <strong>19\/04\/2018<\/strong><br \/>\n                <a href=\"\/index.php\/publicacoes\/carso-e-endocarso\/mina-das-aguas-ferreas\/\"><br \/>\n                    <img loading=\"lazy\" decoding=\"async\" width=\"900\" height=\"300\" src=\"https:\/\/gem.pt\/wp-content\/uploads\/2020\/12\/Mina-das-Aguas-Ferreas.jpg\" alt=\"\" \/><br \/>\n                <\/a><br \/>\n                        Mina das \u00c1guas F\u00e9rreas<br \/>\n                        <strong>15\/04\/2018<\/strong><br \/>\n                <a href=\"\/index.php\/publicacoes\/carso-e-endocarso\/fojo-das-trincheiras\/\"><br \/>\n                    <img loading=\"lazy\" decoding=\"async\" width=\"1304\" height=\"435\" src=\"https:\/\/gem.pt\/wp-content\/uploads\/2020\/12\/Fojo-das-Trincheiras.jpg\" alt=\"\" \/><br \/>\n                <\/a><br \/>\n                        Fojo das Trincheiras e G-9<br \/>\n                        <strong>01\/04\/2018<\/strong><br \/>\n                <a href=\"\/index.php\/publicacoes\/carso-e-endocarso\/mina-presa-moreanes\"><br \/>\n                    <img loading=\"lazy\" decoding=\"async\" width=\"1000\" height=\"334\" src=\"https:\/\/gem.pt\/wp-content\/uploads\/2020\/12\/Mina-Presa-Moreanes.jpg\" alt=\"\" \/><br \/>\n                <\/a><br \/>\n                        Mina - Presa Moreanes<br \/>\n                        <strong>13\/11\/2017<\/strong><\/p>","protected":false},"excerpt":{"rendered":"<p>\u00a0 Cavidades Artificiais \u00a0Artigos espeleol\u00f3gicos de trabalhos desenvolvidos em projetos do GEM Trabalhos Espeleol\u00f3gicos no Parque Arqueol\u00f3gico do Vale Superior do Rio Terva 05\/12\/2021 Levantamento Espeleol\u00f3gico das Minas de \u00c1gua do Parque Biol\u00f3gico de Gaia \u2013 1\u00aa Fase 03\/02\/2021 Prospe\u00e7\u00e3o Espeleol\u00f3gica em Parque Arqueol\u00f3gico do Vale Superior do Rio Terva 17\/01\/2021 Fojo do Sard\u00e3o 01\/06\/2018 [&hellip;]<\/p>\n","protected":false},"author":1,"featured_media":0,"parent":801,"menu_order":0,"comment_status":"closed","ping_status":"closed","template":"","meta":{"footnotes":""},"class_list":["post-2793","page","type-page","status-publish","hentry"],"_links":{"self":[{"href":"https:\/\/gem.pt\/1\/en\/wp-json\/wp\/v2\/pages\/2793","targetHints":{"allow":["GET"]}}],"collection":[{"href":"https:\/\/gem.pt\/1\/en\/wp-json\/wp\/v2\/pages"}],"about":[{"href":"https:\/\/gem.pt\/1\/en\/wp-json\/wp\/v2\/types\/page"}],"author":[{"embeddable":true,"href":"https:\/\/gem.pt\/1\/en\/wp-json\/wp\/v2\/users\/1"}],"replies":[{"embeddable":true,"href":"https:\/\/gem.pt\/1\/en\/wp-json\/wp\/v2\/comments?post=2793"}],"version-history":[{"count":0,"href":"https:\/\/gem.pt\/1\/en\/wp-json\/wp\/v2\/pages\/2793\/revisions"}],"up":[{"embeddable":true,"href":"https:\/\/gem.pt\/1\/en\/wp-json\/wp\/v2\/pages\/801"}],"wp:attachment":[{"href":"https:\/\/gem.pt\/1\/en\/wp-json\/wp\/v2\/media?parent=2793"}],"curies":[{"name":"wp","href":"https:\/\/api.w.org\/{rel}","templated":true}]}}