{"id":3148,"date":"2020-12-31T18:21:56","date_gmt":"2020-12-31T18:21:56","guid":{"rendered":"https:\/\/gem.pt\/@teste\/?page_id=3148"},"modified":"2021-02-06T17:54:01","modified_gmt":"2021-02-06T17:54:01","slug":"fojo-do-sardao","status":"publish","type":"page","link":"https:\/\/gem.pt\/1\/en\/publicacoes\/cavidades-artificiais\/fojo-do-sardao\/","title":{"rendered":"Fojo do Sard\u00e3o"},"content":{"rendered":"<figure>\n\t\t\t\t\t\t\t\t\t\t<img decoding=\"async\" src=\"https:\/\/gem.pt\/wp-content\/uploads\/elementor\/thumbs\/Fojo-do-Sardao-p0osmvatjfx90lnc5uatim98zwgindcgcwx7ss1f34.jpg\" title=\"Fojo do Sardao\" alt=\"Fojo do Sardao\" \/><figcaption>Fojo do Sard\u00e3o<\/figcaption><\/figure>\n<p>\t\t 01 de Junho de 2018\u00a0<\/p>\n<p>Introdu\u00e7\u00e3o<\/p>\n<p>Este magn\u00edfico complexo est\u00e1 entre os maiores da Serra de Santa Justa: o \u00abFojo do Sard\u00e3o\u00bb. Assim datam os \u00faltimos registos cartogr\u00e1ficos do local realizados em 1961 pelo Servi\u00e7o de Fomento Mineiro. O complexo \u00e9 formado por v\u00e1rios n\u00edveis de desmonte e liga-se a duas galerias de acesso superior e inferior, a G-11 e a G-12, respetivamente. Em ambas as galerias de acesso, a G-11 e a G-12, s\u00e3o vis\u00edveis os nichos escavados para a coloca\u00e7\u00e3o de lucernas ao longo das paredes laterais das galerias.<br \/>\n\t\t\t\t\t\t\t\t\t\t\t<a href=\"https:\/\/gem.pt\/wp-content\/uploads\/2020\/12\/Fojo-do-Sardao-SFM_a.png\" data-elementor-open-lightbox=\"yes\"><br \/>\n\t\t\t\t\t\t\t<img loading=\"lazy\" decoding=\"async\" width=\"800\" height=\"566\" src=\"https:\/\/gem.pt\/wp-content\/uploads\/2020\/12\/Fojo-do-Sardao-SFM_a.png\" alt=\"\" \/>\t\t\t\t\t\t\t\t<\/a><\/p>\n<figure style=\"width: 500px\"><a href=\"https:\/\/gem.pt\/wp-content\/uploads\/2020\/12\/DSC_0387_a-scaled.jpg\"><img decoding=\"async\" src=\"https:\/\/gem.pt\/wp-content\/uploads\/2020\/12\/DSC_0387_a-scaled.jpg\" alt=\"\" height=\"332\" \/><\/a><figcaption style=\"color: #444444; font-family: Questrial; font-size: 14px; background-color: #f0f0f0; padding: 8px;\">Figura 1 - Trit\u00e3o de ventre laranja<\/figcaption><\/figure>\n<p>No total, foram georreferenciados 2 sanjas, 4 po\u00e7os, 3 cortas e 3 galerias. Das cavidades acima referidas, duas das sanjas encontravam-se entulhadas. Pudemos tamb\u00e9m apurar que dois po\u00e7os estavam entulhados no fundo, tendo a profundidade de 1 e 6 metros, respetivamente. Durante os trabalhos de explora\u00e7\u00e3o do complexo foi ainda realizada uma escalada artificial para acesso a uma galeria suspensa. Nesta galeria, com pouco mais de 10 m de extens\u00e3o, encontramos um tanque da largura da galeria cheio de \u00e1gua.<br \/>\nCom a exce\u00e7\u00e3o da G-12, pudemos aferir que o complexo est\u00e1 isento de concre\u00e7\u00f5es e fauna digna de registo. Relativamente \u00e0 G-12, encontr\u00e1mos um\u00a0habitat repleto de vida, com principal destaque para centenas de esp\u00e9cies (Trit\u00e3o de ventre laranja) e milhares de ovos. Aqui, tamb\u00e9m pudemos observar outras esp\u00e9cies, entre elas, o\u00a0Bufo Calamitae aracn\u00eddeos, estes em zonas secas da galeria.<br \/>\nNa zona de penumbra foram ainda observadas dezenas de r\u00e3s. Relativamente a concre\u00e7\u00f5es, esta mina revela-se o oposto do restante complexo. V\u00e1rias forma\u00e7\u00f5es de \u00f3xidos de ferro, como bandeiras, estalactites, estalagmites, entre outras.\t\t<\/p>\n<figure>\n\t\t\t\t\t\t\t\t\t\t\t<a href=\"\/wp-content\/uploads\/2020\/12\/Planta-Fojo-do-Sardao.pdf\" target=\"_blank\" rel=\"noopener\"><br \/>\n\t\t\t\t\t\t\t<img loading=\"lazy\" decoding=\"async\" width=\"1588\" height=\"1123\" src=\"https:\/\/gem.pt\/wp-content\/uploads\/2020\/12\/Planta-Fojo-do-Sardao.png\" alt=\"\" srcset=\"https:\/\/gem.pt\/wp-content\/uploads\/2020\/12\/Planta-Fojo-do-Sardao.png 1588w, https:\/\/gem.pt\/wp-content\/uploads\/2020\/12\/Planta-Fojo-do-Sardao-1536x1086.png 1536w\" sizes=\"auto, (max-width: 1588px) 100vw, 1588px\" \/>\t\t\t\t\t\t\t\t<\/a><figcaption>Figura 2 \u2013 Planta do Fojo do Sard\u00e3o<\/figcaption><\/figure>\n<figure>\n\t\t\t\t\t\t\t\t\t\t\t<a href=\"\/wp-content\/uploads\/2020\/12\/Perfil-Fojo-do-Sardao.pdf\" target=\"_blank\" rel=\"noopener\"><br \/>\n\t\t\t\t\t\t\t<img loading=\"lazy\" decoding=\"async\" width=\"1588\" height=\"1123\" src=\"https:\/\/gem.pt\/wp-content\/uploads\/2020\/12\/Perfil-Fojo-do-Sardao.png\" alt=\"\" srcset=\"https:\/\/gem.pt\/wp-content\/uploads\/2020\/12\/Perfil-Fojo-do-Sardao.png 1588w, https:\/\/gem.pt\/wp-content\/uploads\/2020\/12\/Perfil-Fojo-do-Sardao-1536x1086.png 1536w\" sizes=\"auto, (max-width: 1588px) 100vw, 1588px\" \/>\t\t\t\t\t\t\t\t<\/a><figcaption>Figura 3 \u2013 Perfil do Fojo do Sard\u00e3o<\/figcaption><\/figure>\n<figure style=\"width: 250px\"><a href=\"https:\/\/gem.pt\/wp-content\/uploads\/2020\/12\/DSC_0402_a-scaled.jpg\"><img decoding=\"async\" src=\"https:\/\/gem.pt\/wp-content\/uploads\/2020\/12\/DSC_0402_a-scaled.jpg\" alt=\"\" height=\"376\" \/><\/a><figcaption style=\"color: #444444; font-family: Questrial; font-size: 14px; background-color: #f0f0f0; padding: 8px;\">Figura 4 - Cruz gravada na parede da galeria G-12<\/figcaption><\/figure>\n<p>A utiliza\u00e7\u00e3o desta galeria (G-12) com vista ao apoio \u00e0 agricultura levou a popula\u00e7\u00e3o a construir uma represa para conten\u00e7\u00e3o da \u00e1gua, criando, assim, um reservat\u00f3rio dentro da mina. No exterior da mina s\u00e3o vis\u00edveis os tubos que retiram a \u00e1gua do seu interior.<br \/>\nDo projeto que est\u00e1 a ser levado a cabo em subsolo, cavidades de diferentes \u00e9pocas, em que muitas delas remontam ao per\u00edodo de ocupa\u00e7\u00e3o romana com mais de 2 000 anos, levam-nos, por vezes, \u00e0 presen\u00e7a de artefactos e registos gravados na rocha. Na galeria G-12 pode ser observada, no seu in\u00edcio, uma cruz gravada na parede lateral esquerda.<br \/>\nSem qualquer liga\u00e7\u00e3o com o complexo principal foi ainda topografada uma mina \u00e0 qual cham\u00e1mos de \u00abBarroca do Sard\u00e3o\u00bb. Nesta mina, que tem in\u00edcio numa barroca (corta) e se desenvolve no subsolo, foi poss\u00edvel verificar a presen\u00e7a de artefactos de prospe\u00e7\u00f5es recentes, do s\u00e9culo XIX a meados do s\u00e9culo XX: dois ponteiros, uma picareta pequena e um recipiente cil\u00edndrico possivelmente para ilumina\u00e7\u00e3o, que ainda se encontram por identificar. Os achados foram entregues ao Museu Municipal de Valongo, ao cuidado da Dr.\u00aa Paula Machado.<\/p>\n<figure>\n\t\t\t\t\t\t\t\t\t\t\t<a href=\"https:\/\/gem.pt\/wp-content\/uploads\/2020\/12\/IMGL7723-as-Smart-Object-1_a.jpg\" data-elementor-open-lightbox=\"yes\" data-elementor-lightbox-title=\"Figura 5 - Artefactos de prospe\u00e7\u00f5es recentes encontrados na Barroca do Sard\u00e3o (Foto: Pedro Almeida - GEM)\"><br \/>\n\t\t\t\t\t\t\t<img loading=\"lazy\" decoding=\"async\" width=\"1500\" height=\"1200\" src=\"https:\/\/gem.pt\/wp-content\/uploads\/2020\/12\/IMGL7723-as-Smart-Object-1_a.jpg\" alt=\"\" \/>\t\t\t\t\t\t\t\t<\/a><figcaption>Figura 5 - Artefactos de prospe\u00e7\u00f5es recentes encontrados na Barroca do Sard\u00e3o (Foto: Pedro Almeida - GEM)<\/figcaption><\/figure>\n<figure>\n\t\t\t\t\t\t\t\t\t\t\t<a href=\"\/wp-content\/uploads\/2020\/12\/Desenho-Planta-e-Perfil-SVG-Barroca-Sardao.pdf\" target=\"_blank\" rel=\"noopener\"><br \/>\n\t\t\t\t\t\t\t<img loading=\"lazy\" decoding=\"async\" width=\"1588\" height=\"1123\" src=\"https:\/\/gem.pt\/wp-content\/uploads\/2020\/12\/Desenho-Planta-e-Perfil-SVG-Barroca-Sardao.png\" alt=\"\" srcset=\"https:\/\/gem.pt\/wp-content\/uploads\/2020\/12\/Desenho-Planta-e-Perfil-SVG-Barroca-Sardao.png 1588w, https:\/\/gem.pt\/wp-content\/uploads\/2020\/12\/Desenho-Planta-e-Perfil-SVG-Barroca-Sardao-1536x1086.png 1536w\" sizes=\"auto, (max-width: 1588px) 100vw, 1588px\" \/>\t\t\t\t\t\t\t\t<\/a><figcaption>Figura 6 \u2013 Planda e perfil da Barroca do Sard\u00e3o<\/figcaption><\/figure>\n<p>\t\t\t\t\t\t\t\t\t\t\t<a href=\"https:\/\/gem.pt\/wp-content\/uploads\/2020\/12\/Fojo-Sardao-G9d_a.png\" data-elementor-open-lightbox=\"yes\"><br \/>\n\t\t\t\t\t\t\t<img loading=\"lazy\" decoding=\"async\" width=\"800\" height=\"566\" src=\"https:\/\/gem.pt\/wp-content\/uploads\/2020\/12\/Fojo-Sardao-G9d_a.png\" alt=\"\" \/>\t\t\t\t\t\t\t\t<\/a><br \/>\n\t\tEste trabalho \u00e9 parte integrante do projeto <em style=\"font-size: 16px;\">\"Contributo espeleol\u00f3gico para o estudo da minera\u00e7\u00e3o antiga no Concelho de Valongo \u2013 Serra de Santa Justa\"<\/em>, levado a cabo pelo \u00abGEM Norte\u00bb que est\u00e1 a ser desenvolvido desde 2015 e que\u00a0oportunamente\u00a0ser\u00e1 publicado na \u00edntegra.Fotos do Fojo do Sard\u00e3o e Barroca do Sard\u00e3o por Eduardo Vieira (GEM) e Andr\u00e9 Leite (GEM)<br \/>\n\t\t\t\t<a data-elementor-open-lightbox=\"yes\" data-elementor-lightbox-slideshow=\"88429b5\" data-elementor-lightbox-title=\"DSC_0382_a\" href=\"https:\/\/gem.pt\/wp-content\/uploads\/2020\/12\/DSC_0382_a-scaled.jpg\"><\/p>\n<figure><img decoding=\"async\" src=\"https:\/\/gem.pt\/wp-content\/uploads\/elementor\/thumbs\/DSC_0382_a-scaled-p0os5x94v09f38q1klqwst50c07qac0g8uyoigmetk.jpg\" alt=\"DSC_0382_a\" \/><\/figure>\n<p><\/a><a data-elementor-open-lightbox=\"yes\" data-elementor-lightbox-slideshow=\"88429b5\" data-elementor-lightbox-title=\"Figura 1 - Trit\u00e3o de ventre laranja\" href=\"https:\/\/gem.pt\/wp-content\/uploads\/2020\/12\/DSC_0387_a-scaled.jpg\"><\/p>\n<figure><img decoding=\"async\" src=\"https:\/\/gem.pt\/wp-content\/uploads\/elementor\/thumbs\/DSC_0387_a-scaled-p0os61ybt6fupaj7t5s1n9ybaxkkctj3xi83wuffyg.jpg\" alt=\"Figura 1 - Trit\u00e3o de ventre laranja\" \/><\/figure>\n<p><\/a><a data-elementor-open-lightbox=\"yes\" data-elementor-lightbox-slideshow=\"88429b5\" data-elementor-lightbox-title=\"DSC_0396_a\" href=\"https:\/\/gem.pt\/wp-content\/uploads\/2020\/12\/DSC_0396_a-scaled.jpg\"><\/p>\n<figure><img decoding=\"async\" src=\"https:\/\/gem.pt\/wp-content\/uploads\/elementor\/thumbs\/DSC_0396_a-scaled-p0os69h1buq5a68al912782020ji2ecymjfzr24ako.jpg\" alt=\"DSC_0396_a\" \/><\/figure>\n<p><\/a><a data-elementor-open-lightbox=\"yes\" data-elementor-lightbox-slideshow=\"88429b5\" data-elementor-lightbox-title=\"Figura 4 - Cruz gravada na parede da galeria G-12\" href=\"https:\/\/gem.pt\/wp-content\/uploads\/2020\/12\/DSC_0402_a-scaled.jpg\"><\/p>\n<figure><img decoding=\"async\" src=\"https:\/\/gem.pt\/wp-content\/uploads\/elementor\/thumbs\/DSC_0402_a-scaled-p0os6d8e36vakm2tzankh73ufk0yx6rvz21xo5ypvs.jpg\" alt=\"Figura 4 - Cruz gravada na parede da galeria G-12\" \/><\/figure>\n<p><\/a><a data-elementor-open-lightbox=\"yes\" data-elementor-lightbox-slideshow=\"88429b5\" data-elementor-lightbox-title=\"DSC_0404_a\" href=\"https:\/\/gem.pt\/wp-content\/uploads\/2020\/12\/DSC_0404_a-scaled.jpg\"><\/p>\n<figure><img decoding=\"async\" src=\"https:\/\/gem.pt\/wp-content\/uploads\/elementor\/thumbs\/DSC_0404_a-scaled-p0os6ivf8730i9un2d3bw5olzv967de9ztyujtqcug.jpg\" alt=\"DSC_0404_a\" \/><\/figure>\n<p><\/a><a data-elementor-open-lightbox=\"yes\" data-elementor-lightbox-slideshow=\"88429b5\" data-elementor-lightbox-title=\"DSC_0415_a\" href=\"https:\/\/gem.pt\/wp-content\/uploads\/2020\/12\/DSC_0415_a-scaled.jpg\"><\/p>\n<figure><img decoding=\"async\" src=\"https:\/\/gem.pt\/wp-content\/uploads\/elementor\/thumbs\/DSC_0415_a-scaled-p0os6nkm6d9g4bntax4gqmhwysm09uwxoh89y7jdzc.jpg\" alt=\"DSC_0415_a\" \/><\/figure>\n<p><\/a><a data-elementor-open-lightbox=\"yes\" data-elementor-lightbox-slideshow=\"88429b5\" data-elementor-lightbox-title=\"IMGL6550\" href=\"https:\/\/gem.pt\/wp-content\/uploads\/2020\/12\/IMGL6550.jpeg\"><\/p>\n<figure><img decoding=\"async\" src=\"https:\/\/gem.pt\/wp-content\/uploads\/elementor\/thumbs\/IMGL6550-p0os6t7nbdh61zfmdzk85l2oj3u7k1jbp956tvb0y0.jpeg\" alt=\"IMGL6550\" \/><\/figure>\n<p><\/a><a data-elementor-open-lightbox=\"yes\" data-elementor-lightbox-slideshow=\"88429b5\" data-elementor-lightbox-title=\"IMGL6638\" href=\"https:\/\/gem.pt\/wp-content\/uploads\/2020\/12\/IMGL6638.jpeg\"><\/p>\n<figure><img decoding=\"async\" src=\"https:\/\/gem.pt\/wp-content\/uploads\/elementor\/thumbs\/IMGL6638-p0os6v3bp1jqp7cw30dhakllpvkxzfqsdig5sf88lk.jpeg\" alt=\"IMGL6638\" \/><\/figure>\n<p><\/a><a data-elementor-open-lightbox=\"yes\" data-elementor-lightbox-slideshow=\"88429b5\" data-elementor-lightbox-title=\"IMGL6646\" href=\"https:\/\/gem.pt\/wp-content\/uploads\/2020\/12\/IMGL6646.jpeg\"><\/p>\n<figure><img decoding=\"async\" src=\"https:\/\/gem.pt\/wp-content\/uploads\/elementor\/thumbs\/IMGL6646-p0os6w15vvl10tbixis3v2d2b9gb74uipn3n9p6ufc.jpeg\" alt=\"IMGL6646\" \/><\/figure>\n<p><\/a><a data-elementor-open-lightbox=\"yes\" data-elementor-lightbox-slideshow=\"88429b5\" data-elementor-lightbox-title=\"IMGL6650\" href=\"https:\/\/gem.pt\/wp-content\/uploads\/2020\/12\/IMGL6650.jpeg\"><\/p>\n<figure><img decoding=\"async\" src=\"https:\/\/gem.pt\/wp-content\/uploads\/elementor\/thumbs\/IMGL6650-p0os6xwu9jnlo18smjld01vzi171mj1zdwem89422w.jpeg\" alt=\"IMGL6650\" \/><\/figure>\n<p><\/a><br \/>\n\t\t\t\t\t\tAnterior<br \/>\n\t\t\t\t\t\tSeguinte<br \/>\n\t\tOs trabalhos desenvolvidos no Fojo do Sard\u00e3o contaram com a participa\u00e7\u00e3o dos espele\u00f3logos: Eduardo Vieira (GEM), Andr\u00e9 Leite (GEM), Pedro Aguiar (GEM), Pedro Ferreira (GEM) e Ant\u00f3nio Felgueiras (GEV).<\/p>\n<p>Autores do projeto: Eduardo Vieira (GEM), Andr\u00e9 Leite (GEM), Pedro Ferreira (GEM) e Pedro Aguiar (GEM)Coordena\u00e7\u00e3o: Eduardo Vieira (GEM)Topografia: Eduardo Vieira (GEM) e&nbsp;Andr\u00e9 Leite (GEM)Fotografia:&nbsp;Pedro Almeida (GEM)&nbsp;e&nbsp;Andr\u00e9 Leite (GEM)Texto: Eduardo Vieira (GEM)Revis\u00e3o do texto: Sandra Flor<\/p>","protected":false},"excerpt":{"rendered":"<p>Fojo do Sard\u00e3o 01 de Junho de 2018\u00a0 Introdu\u00e7\u00e3o Este magn\u00edfico complexo est\u00e1 entre os maiores da Serra de Santa Justa: o \u00abFojo do Sard\u00e3o\u00bb. Assim datam os \u00faltimos registos cartogr\u00e1ficos do local realizados em 1961 pelo Servi\u00e7o de Fomento Mineiro. O complexo \u00e9 formado por v\u00e1rios n\u00edveis de desmonte e liga-se a duas galerias [&hellip;]<\/p>\n","protected":false},"author":13,"featured_media":0,"parent":2793,"menu_order":0,"comment_status":"closed","ping_status":"closed","template":"","meta":{"footnotes":""},"class_list":["post-3148","page","type-page","status-publish","hentry"],"_links":{"self":[{"href":"https:\/\/gem.pt\/1\/en\/wp-json\/wp\/v2\/pages\/3148","targetHints":{"allow":["GET"]}}],"collection":[{"href":"https:\/\/gem.pt\/1\/en\/wp-json\/wp\/v2\/pages"}],"about":[{"href":"https:\/\/gem.pt\/1\/en\/wp-json\/wp\/v2\/types\/page"}],"author":[{"embeddable":true,"href":"https:\/\/gem.pt\/1\/en\/wp-json\/wp\/v2\/users\/13"}],"replies":[{"embeddable":true,"href":"https:\/\/gem.pt\/1\/en\/wp-json\/wp\/v2\/comments?post=3148"}],"version-history":[{"count":0,"href":"https:\/\/gem.pt\/1\/en\/wp-json\/wp\/v2\/pages\/3148\/revisions"}],"up":[{"embeddable":true,"href":"https:\/\/gem.pt\/1\/en\/wp-json\/wp\/v2\/pages\/2793"}],"wp:attachment":[{"href":"https:\/\/gem.pt\/1\/en\/wp-json\/wp\/v2\/media?parent=3148"}],"curies":[{"name":"wp","href":"https:\/\/api.w.org\/{rel}","templated":true}]}}