{"id":32,"date":"2019-12-22T11:49:52","date_gmt":"2019-12-22T11:49:52","guid":{"rendered":"https:\/\/gem.pt\/@teste\/?page_id=32"},"modified":"2025-08-09T15:35:20","modified_gmt":"2025-08-09T14:35:20","slug":"inicio","status":"publish","type":"page","link":"https:\/\/gem.pt\/1\/en\/","title":{"rendered":"Home"},"content":{"rendered":"<article data-id=\"21203\">\n<ul>\n<li><a href=\"https:\/\/gem.pt\/1\/category\/noticias\/foto\/\">Fotografia<\/a><\/li>\n<li><a href=\"https:\/\/gem.pt\/1\/category\/noticias\/mountain\/\">Montanhismo<\/a><\/li>\n<li><a href=\"https:\/\/gem.pt\/1\/category\/noticias\/\">Not\u00edcias<\/a><\/li>\n<\/ul>\n<p><a href=\"https:\/\/gem.pt\/1\/2025\/03\/multi-atividades-carnaval-transmontano\/\"><\/a><br \/>\n                <img fetchpriority=\"high\" decoding=\"async\" width=\"1500\" height=\"500\" src=\"https:\/\/gem.pt\/wp-content\/uploads\/2025\/07\/20250304-multiatividades-pan.jpg\" alt=\"\" \/><\/p>\n<header>\n<p><a href=\"https:\/\/gem.pt\/1\/2025\/03\/multi-atividades-carnaval-transmontano\/\" title=\"Multi-atividades  &#8211; Carnaval Transmontano\">Multi-atividades  &#8211; Carnaval Transmontano<\/a><\/p>\n<\/header>\n<p>Entre os dias 1 e 4 de mar\u00e7o, partimos rumo a Tr\u00e1s-os-Montes para viver o Carnaval Transmontano em Podence, terra dos ic\u00f3nicos Caretos. Foram dias de conv\u00edvio, natureza, cultura e fotografia, com alojamento nas acolhedoras casas do Azibeiro House & Nature.<\/p>\n<p><a href=\"https:\/\/gem.pt\/1\/2025\/03\/multi-atividades-carnaval-transmontano\/\">Leia mais...<\/a><br \/>\n                    <a href=\"https:\/\/gem.pt\/1\/author\/admin\/\"><img data-del=\"avatar\" alt=\"GEM\" src='https:\/\/gem.pt\/wp-content\/uploads\/2020\/01\/elementor\/thumbs\/Icon2_Logo-GEM-2014_para-fundo-branco-ok3uwjwpol7tlr03m793ebci20n3en0b3yc91f64n4.jpg' class='avatar pp-user-avatar avatar-96 photo ' height='96' width='96'\/><\/a><a href=\"https:\/\/gem.pt\/1\/author\/admin\/\" title=\"Artigos de GEM\" rel=\"author\">GEM<\/a><time datetime=\"4 de Mar\u00e7o, 2025\">4 de Mar\u00e7o, 2025<\/time><br \/>\n    <\/article>\n<article data-id=\"20953\">\n<ul>\n<li><a href=\"https:\/\/gem.pt\/1\/category\/noticias\/mountain\/\">Montanhismo<\/a><\/li>\n<\/ul>\n<p><a href=\"https:\/\/gem.pt\/1\/2025\/02\/caminhada-gem-serra-de-sintra\/\"><\/a><br \/>\n                <img decoding=\"async\" width=\"1499\" height=\"500\" src=\"https:\/\/gem.pt\/wp-content\/uploads\/2025\/03\/20250202_pan.jpg\" alt=\"\" \/><\/p>\n<header>\n<p><a href=\"https:\/\/gem.pt\/1\/2025\/02\/caminhada-gem-serra-de-sintra\/\" title=\"Caminhada GEM &#8211; Serra de Sintra\">Caminhada GEM &#8211; Serra de Sintra<\/a><\/p>\n<\/header>\n<p>No dia 2 de fevereiro, o GEM realizou uma caminhada circular de 10 km pelas praias de Sintra. A caminhada iniciou-se na Praia da Adraga e fomos at\u00e9 \u00e0 Praia das Ma\u00e7\u00e3s, passando pela Praia Grande.<\/p>\n<p><a href=\"https:\/\/gem.pt\/1\/2025\/02\/caminhada-gem-serra-de-sintra\/\">Leia mais...<\/a><br \/>\n                    <a href=\"https:\/\/gem.pt\/1\/author\/aanjo\/\"><img data-del=\"avatar\" alt=\"Ana Anjo\" src='https:\/\/gem.pt\/wp-content\/uploads\/2021\/09\/Avatar_AAnjo.jpg' class='avatar pp-user-avatar avatar-96 photo ' height='96' width='96'\/><\/a><a href=\"https:\/\/gem.pt\/1\/author\/aanjo\/\" title=\"Artigos de Ana Anjo\" rel=\"author\">Ana Anjo<\/a><time datetime=\"2 de Fevereiro, 2025\">2 de Fevereiro, 2025<\/time><br \/>\n    <\/article>\n<p>                <button id=\"eael-load-more-btn-5de6c3b\" data-widget-id=\"5de6c3b\" data-widget=\"5de6c3b\" data-page-id=\"32\" data-template=\"{&quot;dir&quot;:&quot;lite&quot;,&quot;file_name&quot;:&quot;one.php&quot;,&quot;name&quot;:&quot;Post-Grid&quot;}\" data-class=\"Essential_Addons_ElementorElementsPost_Grid\" data-layout=\"grid\" data-page=\"1\" data-args=\"orderby=date&amp;order=desc&amp;ignore_sticky_posts=1&amp;post_status=publish&amp;posts_per_page=2&amp;offset=0&amp;post_type=post&amp;tax_query%5B0%5D%5Btaxonomy%5D=category&amp;tax_query%5B0%5D%5Bfield%5D=term_id&amp;tax_query%5B0%5D%5Bterms%5D%5B0%5D=293&amp;tax_query%5Brelation%5D=AND\" data-max-page=\"45\"><br \/>\n                    Mais not\u00edcias<br \/>\n                <\/button><\/p>\n<h4><a href=\"\/1\/atividades\/plano-atividades\/\">Pr\u00f3ximas Atividades<\/a><\/h4>\n\n  <div id='pgcalendar-0ef007e869110215c48714545cc34f87724fd2a7206d0696616de0b1cb47e0e7' class='pgcal-container'>loading...<\/div>\n  <div class='pgcal-branding'>Powered by <a href='https:\/\/wordpress.org\/plugins\/pretty-google-calendar\/'>Pretty Google Calendar<\/a><\/div>\n  \n<h4>Previs\u00e3o do Tempo<\/h4>\n<p>\t\t\t\t\t<a href=\"https:\/\/forecast7.com\/pt\/39d53n8d68\/minde\/\" data-label_1=\"Minde, PNSAC\" data-icons=\"Climacons Animated\" data-theme=\"weather_one\" >Minde, PNSAC<\/a><\/p>\n<h4><a href=\"https:\/\/gem.pt\/1\/atividades\/\">Principais Atividades do GEM<\/a><\/h4>\n<p>\t\t\t\t\t\t\t\t<a data-elementor-open-lightbox=\"yes\" data-elementor-lightbox-slideshow=\"1d9f6c8\" data-elementor-lightbox-title=\"Atividades_0_1-1\" data-e-action-hash=\"#elementor-action%3Aaction%3Dlightbox%26settings%3DeyJpZCI6OTMzLCJ1cmwiOiJodHRwczpcL1wvZ2VtLnB0XC93cC1jb250ZW50XC91cGxvYWRzXC8yMDIwXC8wNVwvQXRpdmlkYWRlc18wXzEtMS5qcGciLCJzbGlkZXNob3ciOiIxZDlmNmM4In0%3D\" href=\"https:\/\/gem.pt\/1\/atividades\/\"><\/p>\n<figure><img decoding=\"async\" src=\"https:\/\/gem.pt\/wp-content\/uploads\/2020\/05\/Atividades_0_1-1.jpg\" alt=\"Espeleologia\" \/><figcaption>Espeleologia<\/figcaption><\/figure>\n<p><\/a><a data-elementor-open-lightbox=\"yes\" data-elementor-lightbox-slideshow=\"1d9f6c8\" data-elementor-lightbox-title=\"Atividades_0_3-1\" data-e-action-hash=\"#elementor-action%3Aaction%3Dlightbox%26settings%3DeyJpZCI6OTM1LCJ1cmwiOiJodHRwczpcL1wvZ2VtLnB0XC93cC1jb250ZW50XC91cGxvYWRzXC8yMDIwXC8wNVwvQXRpdmlkYWRlc18wXzMtMS5qcGciLCJzbGlkZXNob3ciOiIxZDlmNmM4In0%3D\" href=\"https:\/\/gem.pt\/1\/atividades\/\"><\/p>\n<figure><img decoding=\"async\" src=\"https:\/\/gem.pt\/wp-content\/uploads\/2020\/05\/Atividades_0_3-1.jpg\" alt=\"Canyoning\" \/><figcaption>Canyoning<\/figcaption><\/figure>\n<p><\/a><a data-elementor-open-lightbox=\"yes\" data-elementor-lightbox-slideshow=\"1d9f6c8\" data-elementor-lightbox-title=\"Atividades_0_12\" data-e-action-hash=\"#elementor-action%3Aaction%3Dlightbox%26settings%3DeyJpZCI6OTQ0LCJ1cmwiOiJodHRwczpcL1wvZ2VtLnB0XC93cC1jb250ZW50XC91cGxvYWRzXC8yMDIwXC8wNVwvQXRpdmlkYWRlc18wXzEyLmpwZyIsInNsaWRlc2hvdyI6IjFkOWY2YzgifQ%3D%3D\" href=\"https:\/\/gem.pt\/1\/atividades\/\"><\/p>\n<figure><img decoding=\"async\" src=\"https:\/\/gem.pt\/wp-content\/uploads\/2020\/05\/Atividades_0_12.jpg\" alt=\"Via Ferrata\" \/><figcaption>Via Ferrata<\/figcaption><\/figure>\n<p><\/a><a data-elementor-open-lightbox=\"yes\" data-elementor-lightbox-slideshow=\"1d9f6c8\" data-elementor-lightbox-title=\"Atividades_0_2-1\" data-e-action-hash=\"#elementor-action%3Aaction%3Dlightbox%26settings%3DeyJpZCI6OTM0LCJ1cmwiOiJodHRwczpcL1wvZ2VtLnB0XC93cC1jb250ZW50XC91cGxvYWRzXC8yMDIwXC8wNVwvQXRpdmlkYWRlc18wXzItMS5qcGciLCJzbGlkZXNob3ciOiIxZDlmNmM4In0%3D\" href=\"https:\/\/gem.pt\/1\/atividades\/\"><\/p>\n<figure><img decoding=\"async\" src=\"https:\/\/gem.pt\/wp-content\/uploads\/2020\/05\/Atividades_0_2-1.jpg\" alt=\"Caminhadas\" \/><figcaption>Caminhadas<\/figcaption><\/figure>\n<p><\/a><a data-elementor-open-lightbox=\"yes\" data-elementor-lightbox-slideshow=\"1d9f6c8\" data-elementor-lightbox-title=\"Atividades_0_5\" data-e-action-hash=\"#elementor-action%3Aaction%3Dlightbox%26settings%3DeyJpZCI6OTM3LCJ1cmwiOiJodHRwczpcL1wvZ2VtLnB0XC93cC1jb250ZW50XC91cGxvYWRzXC8yMDIwXC8wNVwvQXRpdmlkYWRlc18wXzUuanBnIiwic2xpZGVzaG93IjoiMWQ5ZjZjOCJ9\" href=\"https:\/\/gem.pt\/1\/atividades\/\"><\/p>\n<figure><img decoding=\"async\" src=\"https:\/\/gem.pt\/wp-content\/uploads\/2020\/05\/Atividades_0_5.jpg\" alt=\"Fotografia\" \/><figcaption>Fotografia<\/figcaption><\/figure>\n<p><\/a><br \/>\n\t\t        <div\n            class=\"spotlight-instagram-feed\"\n            data-feed-var=\"4ee1ff39\"\n            data-analytics=\"0\"\n            data-instance=\"32\"\n        >\n        <\/div>\n        <input type=\"hidden\" id=\"sli__f__4ee1ff39\" data-json='[]' \/>\n        <input type=\"hidden\" id=\"sli__a__4ee1ff39\" data-json='[{&quot;id&quot;:20060,&quot;type&quot;:&quot;&quot;,&quot;userId&quot;:&quot;&quot;,&quot;username&quot;:&quot;&quot;,&quot;bio&quot;:&quot;&quot;,&quot;customBio&quot;:&quot;&quot;,&quot;profilePicUrl&quot;:&quot;&quot;,&quot;customProfilePicUrl&quot;:&quot;&quot;,&quot;mediaCount&quot;:&quot;&quot;,&quot;followersCount&quot;:&quot;&quot;,&quot;usages&quot;:[],&quot;creationDate&quot;:&quot;2025-01-15 22:51:36&quot;}]' \/>\n        <input type=\"hidden\" id=\"sli__m__4ee1ff39\" data-json='[]' \/>\n        [facebook_events col=\"1\" layout=\"style2\"]\n","protected":false},"excerpt":{"rendered":"<p>Fotografia Montanhismo Not\u00edcias Multi-atividades &#8211; Carnaval Transmontano Entre os dias 1 e 4 de mar\u00e7o, partimos rumo a Tr\u00e1s-os-Montes para viver o Carnaval Transmontano em Podence, terra dos ic\u00f3nicos Caretos. Foram dias de conv\u00edvio, natureza, cultura e fotografia, com alojamento nas acolhedoras casas do Azibeiro House &#038; Nature. Leia mais&#8230; GEM4 de Mar\u00e7o, 2025 Montanhismo [&hellip;]<\/p>\n","protected":false},"author":1,"featured_media":0,"parent":0,"menu_order":0,"comment_status":"closed","ping_status":"closed","template":"","meta":{"footnotes":""},"class_list":["post-32","page","type-page","status-publish","hentry"],"_links":{"self":[{"href":"https:\/\/gem.pt\/1\/en\/wp-json\/wp\/v2\/pages\/32","targetHints":{"allow":["GET"]}}],"collection":[{"href":"https:\/\/gem.pt\/1\/en\/wp-json\/wp\/v2\/pages"}],"about":[{"href":"https:\/\/gem.pt\/1\/en\/wp-json\/wp\/v2\/types\/page"}],"author":[{"embeddable":true,"href":"https:\/\/gem.pt\/1\/en\/wp-json\/wp\/v2\/users\/1"}],"replies":[{"embeddable":true,"href":"https:\/\/gem.pt\/1\/en\/wp-json\/wp\/v2\/comments?post=32"}],"version-history":[{"count":0,"href":"https:\/\/gem.pt\/1\/en\/wp-json\/wp\/v2\/pages\/32\/revisions"}],"wp:attachment":[{"href":"https:\/\/gem.pt\/1\/en\/wp-json\/wp\/v2\/media?parent=32"}],"curies":[{"name":"wp","href":"https:\/\/api.w.org\/{rel}","templated":true}]}}