{"id":3287,"date":"2020-12-31T20:22:28","date_gmt":"2020-12-31T20:22:28","guid":{"rendered":"https:\/\/gem.pt\/@teste\/?page_id=3287"},"modified":"2021-02-06T17:53:51","modified_gmt":"2021-02-06T17:53:51","slug":"fojo-do-ingles","status":"publish","type":"page","link":"https:\/\/gem.pt\/1\/en\/publicacoes\/cavidades-artificiais\/fojo-do-ingles\/","title":{"rendered":"Fojo do Ingl\u00eas"},"content":{"rendered":"<figure>\n\t\t\t\t\t\t\t\t\t\t<img loading=\"lazy\" decoding=\"async\" width=\"1064\" height=\"354\" src=\"https:\/\/gem.pt\/wp-content\/uploads\/2020\/12\/Fojo-do-Ingles.jpg\" alt=\"\" \/><figcaption>Fojo do Ingl\u00eas<\/figcaption><\/figure>\n<p>\t\t10 de Maio de 2018\u00a0<\/p>\n<p>Introdu\u00e7\u00e3o<\/p>\n<p>Apoiados uma vez mais no registo cartogr\u00e1fico levantado em 1961 pelo Servi\u00e7o de Fomento Mineiro, explor\u00e1mos o Fojo do Ingl\u00eas,\u00a0uma mina horizontal\u00a0de f\u00e1cil acesso a partir de terreno privado\u00a0cujo propriet\u00e1rio nos autorizou a passagem. \u00a0Est\u00e1 ligada a superf\u00edcie por dois fojos (sanjas), e como tantas outras minas horizontais, serve tamb\u00e9m de reservat\u00f3rio de \u00e1gua. \u00c9 vis\u00edvel a madeira das entiva\u00e7\u00f5es em zonas de escava\u00e7\u00e3o mais recente bem como a falta de nichos para as lucernas nas paredes laterais, que s\u00e3o encontrados noutras zonas da galeria,\u00a0o que indica pelo menos dois per\u00edodos distintos de labora\u00e7\u00e3o.\u00a0Embora a parte inicial da galeria se encontre com \u00e1gua\u00a0devido a uma represa constru\u00edda \u00e0 entrada, a aus\u00eancia de fauna e flora \u00e9 total. Na zona onde se abrem as sanjas acumulam-se no ch\u00e3o da galeria grandes quantidades de manta morta, animais em decomposi\u00e7\u00e3o e lixo. Esta \u00e1gua, possivelmente contaminada, \u00e9 desviada para apoio \u00e0 agricultura local.\u00a0No interior da cavidade \u00e9 poss\u00edvel ver v\u00e1rias forma\u00e7\u00f5es de \u00f3xidos de ferro,\u00a0entre elas estalactites e bandeiras. \u00a0No terreno foram georreferenciados duas sanjas, uma corta e um po\u00e7o entulhado. Recolhemos ainda do interior da mina (ver localiza\u00e7\u00e3o do achado na topografia) fragmentos de uma pe\u00e7a em barro, que foram entregues ao Museu Municipal de Valongo\u00a0\u00e0 Dr\u00aa Paula Machado.<br \/>\n\t\t\t\t\t\t\t\t\t\t\t<a href=\"https:\/\/gem.pt\/wp-content\/uploads\/2020\/12\/Fojo-Ingles-SFM.png\" data-elementor-open-lightbox=\"yes\"><br \/>\n\t\t\t\t\t\t\t<img loading=\"lazy\" decoding=\"async\" width=\"1000\" height=\"707\" src=\"https:\/\/gem.pt\/wp-content\/uploads\/2020\/12\/Fojo-Ingles-SFM.png\" alt=\"\" \/>\t\t\t\t\t\t\t\t<\/a><\/p>\n<figure>\n\t\t\t\t\t\t\t\t\t\t\t<a href=\"\/wp-content\/uploads\/2020\/12\/Fojo-do-Ingles-Planta-Perfil.pdf\" target=\"_blank\" rel=\"noopener\"><br \/>\n\t\t\t\t\t\t\t<img loading=\"lazy\" decoding=\"async\" width=\"1588\" height=\"1123\" src=\"https:\/\/gem.pt\/wp-content\/uploads\/2020\/12\/Fojo-do-Ingles-Planta-Perfil.png\" alt=\"\" srcset=\"https:\/\/gem.pt\/wp-content\/uploads\/2020\/12\/Fojo-do-Ingles-Planta-Perfil.png 1588w, https:\/\/gem.pt\/wp-content\/uploads\/2020\/12\/Fojo-do-Ingles-Planta-Perfil-1536x1086.png 1536w\" sizes=\"auto, (max-width: 1588px) 100vw, 1588px\" \/>\t\t\t\t\t\t\t\t<\/a><figcaption>Figura 1 \u2013 Planta e Perfil Desdobrado do Fojo do Ingl\u00eas<\/figcaption><\/figure>\n<p>\t\t\t\t\t\t\t\t\t\t\t<a href=\"https:\/\/gem.pt\/wp-content\/uploads\/2020\/12\/Fojo-Ingles-G9d.png\" data-elementor-open-lightbox=\"yes\"><br \/>\n\t\t\t\t\t\t\t<img loading=\"lazy\" decoding=\"async\" width=\"1000\" height=\"707\" src=\"https:\/\/gem.pt\/wp-content\/uploads\/2020\/12\/Fojo-Ingles-G9d.png\" alt=\"\" \/>\t\t\t\t\t\t\t\t<\/a><br \/>\n\t\tEste trabalho \u00e9 parte integrante do projeto <em style=\"font-size: 16px;\">\"Contributo espeleol\u00f3gico para o estudo da minera\u00e7\u00e3o antiga no Concelho de Valongo \u2013 Serra de Santa Justa\"<\/em>, levado a cabo pelo \u00abGEM Norte\u00bb que est\u00e1 a ser desenvolvido desde 2015 e que\u00a0oportunamente\u00a0ser\u00e1 publicado na \u00edntegra.Fotos do Fojo do Ingl\u00eas\u00a0por Pedro Almeida (GEM)<br \/>\n\t\t\t\t<a data-elementor-open-lightbox=\"yes\" data-elementor-lightbox-slideshow=\"88429b5\" data-elementor-lightbox-title=\"imgl6451\" href=\"https:\/\/gem.pt\/wp-content\/uploads\/2020\/12\/imgl6451.jpeg\"><\/p>\n<figure><img decoding=\"async\" src=\"https:\/\/gem.pt\/wp-content\/uploads\/elementor\/thumbs\/imgl6451-p0ougukjsts3cs9pcg60rvsyzrhhd17ybawsp9o1vs.jpeg\" alt=\"imgl6451\" \/><\/figure>\n<p><\/a><a data-elementor-open-lightbox=\"yes\" data-elementor-lightbox-slideshow=\"88429b5\" data-elementor-lightbox-title=\"imgl6469\" href=\"https:\/\/gem.pt\/wp-content\/uploads\/2020\/12\/imgl6469.jpeg\"><\/p>\n<figure><img decoding=\"async\" src=\"https:\/\/gem.pt\/wp-content\/uploads\/elementor\/thumbs\/imgl6469-p0ougwg86huo006z1gz9wvbw6j87sffezk7rntl9jc.jpeg\" alt=\"imgl6469\" \/><\/figure>\n<p><\/a><a data-elementor-open-lightbox=\"yes\" data-elementor-lightbox-slideshow=\"88429b5\" data-elementor-lightbox-title=\"imgl6481\" href=\"https:\/\/gem.pt\/wp-content\/uploads\/2020\/12\/imgl6481.jpeg\"><\/p>\n<figure><img decoding=\"async\" src=\"https:\/\/gem.pt\/wp-content\/uploads\/elementor\/thumbs\/imgl6481-p0ougxe2dbvybm5lvzdwhd3crx3l04j5bov953jvd4.jpeg\" alt=\"imgl6481\" \/><\/figure>\n<p><\/a><a data-elementor-open-lightbox=\"yes\" data-elementor-lightbox-slideshow=\"88429b5\" data-elementor-lightbox-title=\"imgl6486\" href=\"https:\/\/gem.pt\/wp-content\/uploads\/2020\/12\/imgl6486.jpeg\"><\/p>\n<figure><img decoding=\"async\" src=\"https:\/\/gem.pt\/wp-content\/uploads\/elementor\/thumbs\/imgl6486-p0ougz9qqzyiyu2vl075mcm9youbfiqlzy683nh30o.jpeg\" alt=\"imgl6486\" \/><\/figure>\n<p><\/a><a data-elementor-open-lightbox=\"yes\" data-elementor-lightbox-slideshow=\"88429b5\" data-elementor-lightbox-title=\"imgl6492\" href=\"https:\/\/gem.pt\/wp-content\/uploads\/2020\/12\/imgl6492.jpeg\"><\/p>\n<figure><img decoding=\"async\" src=\"https:\/\/gem.pt\/wp-content\/uploads\/elementor\/thumbs\/imgl6492-p0ouh15f4o13m205a10erc575gl1uwy2o7h727eao8.jpeg\" alt=\"imgl6492\" \/><\/figure>\n<p><\/a><a data-elementor-open-lightbox=\"yes\" data-elementor-lightbox-slideshow=\"88429b5\" data-elementor-lightbox-title=\"imgl6510\" href=\"https:\/\/gem.pt\/wp-content\/uploads\/2020\/12\/imgl6510.jpeg\"><\/p>\n<figure><img decoding=\"async\" src=\"https:\/\/gem.pt\/wp-content\/uploads\/elementor\/thumbs\/imgl6510-p0ouh3yxp64ykvw1tk8agtfkxm75i099olfni1a45k.jpeg\" alt=\"imgl6510\" \/><\/figure>\n<p><\/a><a data-elementor-open-lightbox=\"yes\" data-elementor-lightbox-slideshow=\"88429b5\" data-elementor-lightbox-title=\"imgl6515\" href=\"https:\/\/gem.pt\/wp-content\/uploads\/2020\/12\/imgl6515.jpeg\"><\/p>\n<figure><img decoding=\"async\" src=\"https:\/\/gem.pt\/wp-content\/uploads\/elementor\/thumbs\/imgl6515-p0ouh5um2u7j83tbil1jlsyi4dxvxegqcuqmgl7bt4.jpeg\" alt=\"imgl6515\" \/><\/figure>\n<p><\/a><a data-elementor-open-lightbox=\"yes\" data-elementor-lightbox-slideshow=\"88429b5\" data-elementor-lightbox-title=\"imgl6517\" href=\"https:\/\/gem.pt\/wp-content\/uploads\/2020\/12\/imgl6517.jpeg\"><\/p>\n<figure><img decoding=\"async\" src=\"https:\/\/gem.pt\/wp-content\/uploads\/elementor\/thumbs\/imgl6517-p0ouh7qagia3vbql7lusqshfb5omcso7141lf54jgo.jpeg\" alt=\"imgl6517\" \/><\/figure>\n<p><\/a><a data-elementor-open-lightbox=\"yes\" data-elementor-lightbox-slideshow=\"88429b5\" data-elementor-lightbox-title=\"imgl6522\" href=\"https:\/\/gem.pt\/wp-content\/uploads\/2020\/12\/imgl6522.jpeg\"><\/p>\n<figure><img decoding=\"async\" src=\"https:\/\/gem.pt\/wp-content\/uploads\/elementor\/thumbs\/imgl6522-p0ouh9lyu6coijnuwmo1vs0chxfcs6vnpdckdp1r48.jpeg\" alt=\"imgl6522\" \/><\/figure>\n<p><\/a><a data-elementor-open-lightbox=\"yes\" data-elementor-lightbox-slideshow=\"88429b5\" data-elementor-lightbox-title=\"imgl6527\" href=\"https:\/\/gem.pt\/wp-content\/uploads\/2020\/12\/imgl6527.jpeg\"><\/p>\n<figure><img decoding=\"async\" src=\"https:\/\/gem.pt\/wp-content\/uploads\/elementor\/thumbs\/imgl6527-p0ouhajt10dyu5mhr52og9rt3bapzvze1i01uz0cy0.jpeg\" alt=\"imgl6527\" \/><\/figure>\n<p><\/a><a data-elementor-open-lightbox=\"yes\" data-elementor-lightbox-slideshow=\"88429b5\" data-elementor-lightbox-title=\"imgl6531\" href=\"https:\/\/gem.pt\/wp-content\/uploads\/2020\/12\/imgl6531.jpeg\"><\/p>\n<figure><img decoding=\"async\" src=\"https:\/\/gem.pt\/wp-content\/uploads\/elementor\/thumbs\/imgl6531-p0ouhf8zz6keg7fnzp3taql428nk2di1q59h9cte2w.jpeg\" alt=\"imgl6531\" \/><\/figure>\n<p><\/a><a data-elementor-open-lightbox=\"yes\" data-elementor-lightbox-slideshow=\"88429b5\" data-elementor-lightbox-title=\"imgl6532\" href=\"https:\/\/gem.pt\/wp-content\/uploads\/2020\/12\/imgl6532.jpeg\"><\/p>\n<figure><img decoding=\"async\" src=\"https:\/\/gem.pt\/wp-content\/uploads\/elementor\/thumbs\/imgl6532-p0ouhg6u60lorteau7ifv8cknmixa2ls29wyqmrzwo.jpeg\" alt=\"imgl6532\" \/><\/figure>\n<p><\/a><a data-elementor-open-lightbox=\"yes\" data-elementor-lightbox-slideshow=\"88429b5\" data-elementor-lightbox-title=\"imgl6540\" href=\"https:\/\/gem.pt\/wp-content\/uploads\/2020\/12\/imgl6540.jpeg\"><\/p>\n<figure><img decoding=\"async\" src=\"https:\/\/gem.pt\/wp-content\/uploads\/elementor\/thumbs\/imgl6540-p0ouhi2ijoo9f1bkj8bp07vhue9npgt8qj7xp6p7k8.jpeg\" alt=\"imgl6540\" \/><\/figure>\n<p><\/a><br \/>\n\t\t\t\t\t\tAnterior<br \/>\n\t\t\t\t\t\tSeguinte<br \/>\n\t\tOs trabalhos desenvolvidos no Fojo do Ingl\u00eas contaram com a participa\u00e7\u00e3o dos espele\u00f3logos: Eduardo Vieira (GEM), Andr\u00e9 Leite (GEM), Pedro Almeida (GEM) e Bruno Teixeira.<br \/>\nAutores do projeto: Eduardo Vieira (GEM), Andr\u00e9 Leite (GEM), Pedro Ferreira (GEM) e Pedro Aguiar (GEM)Coordena\u00e7\u00e3o: Eduardo Vieira (GEM)Topografia: Eduardo Vieira (GEM), Andr\u00e9 Leite (GEM), Pedro Almeida (GEM) e&nbsp;Bruno TeixeiraFotografia:&nbsp;Pedro Almeida (GEM)Texto: Eduardo Vieira (GEM)Revis\u00e3o do texto: Sandra Flor<\/p>","protected":false},"excerpt":{"rendered":"<p>Fojo do Ingl\u00eas 10 de Maio de 2018\u00a0 Introdu\u00e7\u00e3o Apoiados uma vez mais no registo cartogr\u00e1fico levantado em 1961 pelo Servi\u00e7o de Fomento Mineiro, explor\u00e1mos o Fojo do Ingl\u00eas,\u00a0uma mina horizontal\u00a0de f\u00e1cil acesso a partir de terreno privado\u00a0cujo propriet\u00e1rio nos autorizou a passagem. \u00a0Est\u00e1 ligada a superf\u00edcie por dois fojos (sanjas), e como tantas outras [&hellip;]<\/p>\n","protected":false},"author":13,"featured_media":0,"parent":2793,"menu_order":0,"comment_status":"closed","ping_status":"closed","template":"","meta":{"footnotes":""},"class_list":["post-3287","page","type-page","status-publish","hentry"],"_links":{"self":[{"href":"https:\/\/gem.pt\/1\/en\/wp-json\/wp\/v2\/pages\/3287","targetHints":{"allow":["GET"]}}],"collection":[{"href":"https:\/\/gem.pt\/1\/en\/wp-json\/wp\/v2\/pages"}],"about":[{"href":"https:\/\/gem.pt\/1\/en\/wp-json\/wp\/v2\/types\/page"}],"author":[{"embeddable":true,"href":"https:\/\/gem.pt\/1\/en\/wp-json\/wp\/v2\/users\/13"}],"replies":[{"embeddable":true,"href":"https:\/\/gem.pt\/1\/en\/wp-json\/wp\/v2\/comments?post=3287"}],"version-history":[{"count":0,"href":"https:\/\/gem.pt\/1\/en\/wp-json\/wp\/v2\/pages\/3287\/revisions"}],"up":[{"embeddable":true,"href":"https:\/\/gem.pt\/1\/en\/wp-json\/wp\/v2\/pages\/2793"}],"wp:attachment":[{"href":"https:\/\/gem.pt\/1\/en\/wp-json\/wp\/v2\/media?parent=3287"}],"curies":[{"name":"wp","href":"https:\/\/api.w.org\/{rel}","templated":true}]}}