{"id":3299,"date":"2020-12-31T20:33:28","date_gmt":"2020-12-31T20:33:28","guid":{"rendered":"https:\/\/gem.pt\/@teste\/?page_id=3299"},"modified":"2021-02-06T17:53:19","modified_gmt":"2021-02-06T17:53:19","slug":"fojo-da-giesta","status":"publish","type":"page","link":"https:\/\/gem.pt\/1\/en\/publicacoes\/cavidades-artificiais\/fojo-da-giesta\/","title":{"rendered":"Fojo da Giesta"},"content":{"rendered":"<figure>\n\t\t\t\t\t\t\t\t\t\t<img decoding=\"async\" src=\"https:\/\/gem.pt\/wp-content\/uploads\/elementor\/thumbs\/imgl6770-p0oue9iyh6pg1tk9z8szomcfbfzpsh0qeow4wz26cg.jpeg\" title=\"imgl6770\" alt=\"imgl6770\" \/><figcaption>Fojo da Giesta<\/figcaption><\/figure>\n<p>\t\t 19 de Abril de 2018\u00a0<\/p>\n<p>Introdu\u00e7\u00e3o<\/p>\n<p>O Fojo da Giesta constitui tr\u00eas pequenas minas que foram cartografadas \u00e0 superf\u00edcie pelo Servi\u00e7o de Fomento Mineiro, em 1961. A estas tr\u00eas pequenas cavidades designamos de Giesta 1, 2 e 3.\u00a0No terreno, foram georreferenciados tr\u00eas cortas, tr\u00eas sanjas e dois po\u00e7os. Um dos po\u00e7os estava entulhado com terra e manta morta. N\u00e3o foram registadas concre\u00e7\u00f5es, fauna e flora dentro das cavidades.<br \/>\n\t\t\t\t\t\t\t\t\t\t\t<a href=\"https:\/\/gem.pt\/wp-content\/uploads\/2020\/12\/Fojo-Giestas-SFM.png\" data-elementor-open-lightbox=\"yes\"><br \/>\n\t\t\t\t\t\t\t<img decoding=\"async\" src=\"https:\/\/gem.pt\/wp-content\/uploads\/elementor\/thumbs\/Fojo-Giestas-SFM-p0oudm0hgi8fnkxaa17krwsng3oj7strvt6m7ysge8.png\" title=\"\" alt=\"\" \/>\t\t\t\t\t\t\t\t<\/a><\/p>\n<figure>\n\t\t\t\t\t\t\t\t\t\t\t<a href=\"\/wp-content\/uploads\/2020\/12\/Giesta-1-Planta-e-Perfil.pdf\" target=\"_blank\" rel=\"noopener\"><br \/>\n\t\t\t\t\t\t\t<img loading=\"lazy\" decoding=\"async\" width=\"1588\" height=\"1123\" src=\"https:\/\/gem.pt\/wp-content\/uploads\/2020\/12\/Giesta-1-Planta-e-Perfil.png\" alt=\"\" srcset=\"https:\/\/gem.pt\/wp-content\/uploads\/2020\/12\/Giesta-1-Planta-e-Perfil.png 1588w, https:\/\/gem.pt\/wp-content\/uploads\/2020\/12\/Giesta-1-Planta-e-Perfil-1536x1086.png 1536w\" sizes=\"auto, (max-width: 1588px) 100vw, 1588px\" \/>\t\t\t\t\t\t\t\t<\/a><figcaption>Figura 1 \u2013 Planta e Perfil Desdobrado da Mina - Fojo da Giesta 1<\/figcaption><\/figure>\n<figure>\n\t\t\t\t\t\t\t\t\t\t\t<a href=\"\/wp-content\/uploads\/2020\/12\/Giesta-2-Planta-e-Perfil.pdf\" target=\"_blank\" rel=\"noopener\"><br \/>\n\t\t\t\t\t\t\t<img loading=\"lazy\" decoding=\"async\" width=\"1588\" height=\"1123\" src=\"https:\/\/gem.pt\/wp-content\/uploads\/2020\/12\/Giesta-2-Planta-e-Perfil.png\" alt=\"\" srcset=\"https:\/\/gem.pt\/wp-content\/uploads\/2020\/12\/Giesta-2-Planta-e-Perfil.png 1588w, https:\/\/gem.pt\/wp-content\/uploads\/2020\/12\/Giesta-2-Planta-e-Perfil-1536x1086.png 1536w\" sizes=\"auto, (max-width: 1588px) 100vw, 1588px\" \/>\t\t\t\t\t\t\t\t<\/a><figcaption>Figura 2 \u2013 Planta e Perfil Desdobrado da Mina - Fojo da Giesta 2<\/figcaption><\/figure>\n<figure>\n\t\t\t\t\t\t\t\t\t\t\t<a href=\"\/wp-content\/uploads\/2020\/12\/Giesta-3-Planta-e-Perfil.pdf\" target=\"_blank\" rel=\"noopener\"><br \/>\n\t\t\t\t\t\t\t<img loading=\"lazy\" decoding=\"async\" width=\"1588\" height=\"1123\" src=\"https:\/\/gem.pt\/wp-content\/uploads\/2020\/12\/Giesta-3-Planta-Perfil.png\" alt=\"\" srcset=\"https:\/\/gem.pt\/wp-content\/uploads\/2020\/12\/Giesta-3-Planta-Perfil.png 1588w, https:\/\/gem.pt\/wp-content\/uploads\/2020\/12\/Giesta-3-Planta-Perfil-1536x1086.png 1536w\" sizes=\"auto, (max-width: 1588px) 100vw, 1588px\" \/>\t\t\t\t\t\t\t\t<\/a><figcaption>Figura 3 \u2013 Planta e Perfil Desdobrado da Mina - Fojo da Giesta 3<\/figcaption><\/figure>\n<p>\t\t\t\t\t\t\t\t\t\t\t<a href=\"https:\/\/gem.pt\/wp-content\/uploads\/2020\/12\/Fojo-Giestas-G9d.png\" data-elementor-open-lightbox=\"yes\"><br \/>\n\t\t\t\t\t\t\t<img decoding=\"async\" src=\"https:\/\/gem.pt\/wp-content\/uploads\/elementor\/thumbs\/Fojo-Giestas-G9d-p0oudk4t2u5v0d00l0ebmx9q9bxssemb7jvn9ev8qo.png\" title=\"\" alt=\"\" \/>\t\t\t\t\t\t\t\t<\/a><br \/>\n\t\tEste trabalho \u00e9 parte integrante do projeto <em style=\"font-size: 16px;\">\"Contributo espeleol\u00f3gico para o estudo da minera\u00e7\u00e3o antiga no Concelho de Valongo \u2013 Serra de Santa Justa\"<\/em>, levado a cabo pelo \u00abGEM Norte\u00bb que est\u00e1 a ser desenvolvido desde 2015 e que\u00a0oportunamente\u00a0ser\u00e1 publicado na \u00edntegra.Fotos das Minas por Pedro Almeida (GEM)<br \/>\n\t\t\t\t<a data-elementor-open-lightbox=\"yes\" data-elementor-lightbox-slideshow=\"88429b5\" data-elementor-lightbox-title=\"imgl6759\" href=\"https:\/\/gem.pt\/wp-content\/uploads\/2020\/12\/imgl6759.jpeg\"><\/p>\n<figure><img decoding=\"async\" src=\"https:\/\/gem.pt\/wp-content\/uploads\/elementor\/thumbs\/imgl6759-p0oue6p0fq4ugk4ywaq2pjzyegm1jwnby4d9r1m7ig.jpeg\" alt=\"imgl6759\" \/><\/figure>\n<p><\/a><a data-elementor-open-lightbox=\"yes\" data-elementor-lightbox-slideshow=\"88429b5\" data-elementor-lightbox-title=\"imgl6765\" href=\"https:\/\/gem.pt\/wp-content\/uploads\/2020\/12\/imgl6765.jpeg\"><\/p>\n<figure><img decoding=\"async\" src=\"https:\/\/gem.pt\/wp-content\/uploads\/elementor\/thumbs\/imgl6765-p0oue7mumk64s63lqt4pa1rezuherlr2a90r8bktc8.jpeg\" alt=\"imgl6765\" \/><\/figure>\n<p><\/a><a data-elementor-open-lightbox=\"yes\" data-elementor-lightbox-slideshow=\"88429b5\" data-elementor-lightbox-title=\"imgl6770\" href=\"https:\/\/gem.pt\/wp-content\/uploads\/2020\/12\/imgl6770.jpeg\"><\/p>\n<figure><img decoding=\"async\" src=\"https:\/\/gem.pt\/wp-content\/uploads\/elementor\/thumbs\/imgl6770-p0oue9ij088pfe0vftxyf1ac6m856zyiyibq6vi0zs.jpeg\" alt=\"imgl6770\" \/><\/figure>\n<p><\/a><a data-elementor-open-lightbox=\"yes\" data-elementor-lightbox-slideshow=\"88429b5\" data-elementor-lightbox-title=\"imgl6781\" href=\"https:\/\/gem.pt\/wp-content\/uploads\/2020\/12\/imgl6781.jpeg\"><\/p>\n<figure><img decoding=\"async\" src=\"https:\/\/gem.pt\/wp-content\/uploads\/elementor\/thumbs\/imgl6781-p0oueagd729zqzziacckzj1ss03iep29amz7o5gmtk.jpeg\" alt=\"imgl6781\" \/><\/figure>\n<p><\/a><a data-elementor-open-lightbox=\"yes\" data-elementor-lightbox-slideshow=\"88429b5\" data-elementor-lightbox-title=\"imgl6793\" href=\"https:\/\/gem.pt\/wp-content\/uploads\/2020\/12\/imgl6793.jpeg\"><\/p>\n<figure><img decoding=\"async\" src=\"https:\/\/gem.pt\/wp-content\/uploads\/elementor\/thumbs\/imgl6793-p0oued9vrkduptvetvkgp0c6k5pm1sdgb0xo3zcgaw.jpeg\" alt=\"imgl6793\" \/><\/figure>\n<p><\/a><a data-elementor-open-lightbox=\"yes\" data-elementor-lightbox-slideshow=\"88429b5\" data-elementor-lightbox-title=\"imgl6799\" href=\"https:\/\/gem.pt\/wp-content\/uploads\/2020\/12\/imgl6799.jpeg\"><\/p>\n<figure><img decoding=\"async\" src=\"https:\/\/gem.pt\/wp-content\/uploads\/elementor\/thumbs\/imgl6799-p0ouef5k58gfd1soiwdptzv3qxgch6kwza8n2j9nyg.jpeg\" alt=\"imgl6799\" \/><\/figure>\n<p><\/a><br \/>\n\t\t\t\t\t\tAnterior<br \/>\n\t\t\t\t\t\tSeguinte<br \/>\n\t\tOs trabalhos desenvolvidos no Fojo da Giesta contaram com a participa\u00e7\u00e3o dos espele\u00f3logos: Eduardo Vieira (GEM), Andr\u00e9 Leite (GEM) e Pedro Almeida (GEM).Autores do projeto: Eduardo Vieira (GEM), Andr\u00e9 Leite (GEM), Pedro Ferreira (GEM) e Pedro Aguiar (GEM)Coordena\u00e7\u00e3o: Eduardo Vieira (GEM)Topografia: Eduardo Vieira (GEM), Andr\u00e9 Leite (GEM) e\u00a0Pedro Almeida (GEM)Fotografia:\u00a0Pedro Almeida (GEM)Texto: Eduardo Vieira (GEM)Revis\u00e3o do texto: Sandra Flor<\/p>","protected":false},"excerpt":{"rendered":"<p>Fojo da Giesta 19 de Abril de 2018\u00a0 Introdu\u00e7\u00e3o O Fojo da Giesta constitui tr\u00eas pequenas minas que foram cartografadas \u00e0 superf\u00edcie pelo Servi\u00e7o de Fomento Mineiro, em 1961. A estas tr\u00eas pequenas cavidades designamos de Giesta 1, 2 e 3.\u00a0No terreno, foram georreferenciados tr\u00eas cortas, tr\u00eas sanjas e dois po\u00e7os. Um dos po\u00e7os estava [&hellip;]<\/p>\n","protected":false},"author":13,"featured_media":0,"parent":2793,"menu_order":0,"comment_status":"closed","ping_status":"closed","template":"","meta":{"footnotes":""},"class_list":["post-3299","page","type-page","status-publish","hentry"],"_links":{"self":[{"href":"https:\/\/gem.pt\/1\/en\/wp-json\/wp\/v2\/pages\/3299","targetHints":{"allow":["GET"]}}],"collection":[{"href":"https:\/\/gem.pt\/1\/en\/wp-json\/wp\/v2\/pages"}],"about":[{"href":"https:\/\/gem.pt\/1\/en\/wp-json\/wp\/v2\/types\/page"}],"author":[{"embeddable":true,"href":"https:\/\/gem.pt\/1\/en\/wp-json\/wp\/v2\/users\/13"}],"replies":[{"embeddable":true,"href":"https:\/\/gem.pt\/1\/en\/wp-json\/wp\/v2\/comments?post=3299"}],"version-history":[{"count":0,"href":"https:\/\/gem.pt\/1\/en\/wp-json\/wp\/v2\/pages\/3299\/revisions"}],"up":[{"embeddable":true,"href":"https:\/\/gem.pt\/1\/en\/wp-json\/wp\/v2\/pages\/2793"}],"wp:attachment":[{"href":"https:\/\/gem.pt\/1\/en\/wp-json\/wp\/v2\/media?parent=3299"}],"curies":[{"name":"wp","href":"https:\/\/api.w.org\/{rel}","templated":true}]}}