{"id":3341,"date":"2021-01-01T13:08:08","date_gmt":"2021-01-01T13:08:08","guid":{"rendered":"https:\/\/gem.pt\/@teste\/?page_id=3341"},"modified":"2021-02-06T17:54:37","modified_gmt":"2021-02-06T17:54:37","slug":"mina-presa-moreanes","status":"publish","type":"page","link":"https:\/\/gem.pt\/1\/en\/publicacoes\/cavidades-artificiais\/mina-presa-moreanes\/","title":{"rendered":"Mina &#8211; Presa Moreanes"},"content":{"rendered":"<figure>\n\t\t\t\t\t\t\t\t\t\t<img loading=\"lazy\" decoding=\"async\" width=\"1000\" height=\"334\" src=\"https:\/\/gem.pt\/wp-content\/uploads\/2020\/12\/Mina-Presa-Moreanes.jpg\" alt=\"\" \/><figcaption>Mina - Presa Moreanes<\/figcaption><\/figure>\n<p>\t\t13 de Novembro de 2017\u00a0<\/p>\n<p>Introdu\u00e7\u00e3o<\/p>\n<p>A aus\u00eancia de registos sobre esta mina tornara-a alvo de cobi\u00e7a por parte da comunidade espeleol\u00f3gica. No in\u00edcio do mil\u00e9nio, foram realizadas v\u00e1rias tentativas de explora\u00e7\u00e3o por parte do extinto GEV (Grupo Espeleol\u00f3gico de Valongo). Por\u00e9m, os n\u00edveis da \u00e1gua nunca permitiram a sua explora\u00e7\u00e3o e, mesmo os projetos mais ousados de mergulho ficaram no papel e por realizar. \u00a0Foi ent\u00e3o que, em 2014, aquando da forma\u00e7\u00e3o do GEM Norte, se iniciaram v\u00e1rias tentativas de explora\u00e7\u00e3o da mina, todas elas sem \u00eaxito. Contudo, a monitoriza\u00e7\u00e3o do n\u00edvel da \u00e1gua durante os meses quentes manteve-se. Este ano (2017), devido \u00e0 seca que se fez sentir em Portugal, a janela de oportunidade finalmente abrira ao fim de d\u00e9cadas.\u00a0A explora\u00e7\u00e3o espeleol\u00f3gica foi realizada dia 12 de outubro. No dia seguinte, conclu\u00edmos os trabalhos topogr\u00e1ficos, fotogr\u00e1ficos e de georreferencia\u00e7\u00e3o. Assim, estava terminado um ciclo de mist\u00e9rio sobre a \u00abPresa Moreanes\u00bb. Durante as semanas seguintes, o tempo seco manteve-se, baixando ainda mais os n\u00edveis da \u00e1gua.\u00a0\u00a0\u00a0\u00a0The lack of records on this mine made it a sort of \u201cEl Dorado\u201d for the speleological community. At the start of this millennium, various attempts to explore the mine were made by the now-defunct GEV (Grupo Espeleol\u00f3gico de Valongo). But the water levels never allowed it to be explored, and even the most daring projects never got past the planning stage.<br \/>\u00a0When GEM Norte was organised in 2014, various attempts were again made to explore the mine, but they, too, were all unsuccessful. Nonetheless, during the hot summer months, the water level continued to be monitored. This year (2017), because of the drought conditions in Portugal, the window of opportunity finally opened after all these decades.<br \/>\u00a0The speleological exploration was carried out on the 12th of October. On the following day, we completed our topographic, photographic and georeferencing work. The cycle of mystery surrounding the \u201cPresa Moreanes\u201d had come to an end. During the following weeks, the dry weather continued, causing the water level to drop even farther.\u00a0\u00a0\u00a0<em>L\u2019absence de donn\u00e9es sur cette mine est devenue la cible plus convoit\u00e9e de la communaut\u00e9 sp\u00e9l\u00e9ologique. \u00c0 l'aube du nouveau mill\u00e9naire, plusieurs tentatives d\u2019exploitation ont \u00e9t\u00e9 men\u00e9es par le GEV\u00a0 (Grupo Espeleol\u00f3gico de Valongo) d\u00e9j\u00e0 disparu. Cependant, les niveaux d\u2019eau n'ont jamais permis son exploitation et m\u00eame les projets de plong\u00e9e les plus audacieux n\u2019existaient que sur le papier et ils n\u2019ont pas \u00e9t\u00e9 accomplis.<\/em><br \/><em>\u00a0<br \/><\/em><em>C'est donc en 2014, lors de la formation du \u00ab GEM Norte \u00bb, que plusieurs tentatives d'exploitation de la mine sont faites, mais n\u2019ont eu aucun succ\u00e8s. Toutefois, on a continu\u00e9 \u00e0 surveiller le niveau d\u2019eau pendant les mois chauds. Cette ann\u00e9e (2017), en raison de la s\u00e9cheresse qui a frapp\u00e9 le Portugal, .la fen\u00eatre d\u2019opportunit\u00e9 a enfin vu le jour depuis des d\u00e9cennies.<\/em><br \/>\u00a0<em>L\u2019exploitation sp\u00e9l\u00e9ologique a eu lieu le 12 octobre. Le lendemain, on a termin\u00e9 les travaux topographiques, photographiques et de g\u00e9or\u00e9f\u00e9rencement. Le cycle de myst\u00e8re de la \u00ab Presa Moreanes \u00bb \u00e9tait donc r\u00e9v\u00e9l\u00e9. Au cours des semaines suivantes, le temps reste sec, et le niveau d\u2019eau n\u2019a pas augment\u00e9 depuis l\u00e0.\u00a0<\/em><em>\u00a0<\/em>\u00a0<br \/>\n\t\t\t\t\t\t\t\t\t\t<img decoding=\"async\" src=\"https:\/\/gem.pt\/wp-content\/uploads\/elementor\/thumbs\/carta1-p0ov0651hd46ao5mjs98m7uwp0hnyaduzgu4v1cb28.jpg\" title=\"\" alt=\"\" \/><br \/>\n\t\t\t\t\t\t\t\t\t\t<img decoding=\"async\" src=\"https:\/\/gem.pt\/wp-content\/uploads\/elementor\/thumbs\/carta2-p0ov08yk1v819i1j3bh4bp5ah63rldp1zuslav84jk.jpg\" title=\"\" alt=\"\" \/>\t\t\t\t\t\t\t\t\t\t\t<\/p>\n<figure>\n\t\t\t\t\t\t\t\t\t\t\t<a href=\"\/wp-content\/uploads\/2020\/12\/Topo_A3-Presa-Moreanes.pdf\" target=\"_blank\" rel=\"noopener\"><br \/>\n\t\t\t\t\t\t\t<img loading=\"lazy\" decoding=\"async\" width=\"1000\" height=\"707\" src=\"https:\/\/gem.pt\/wp-content\/uploads\/2020\/12\/Topo_A3-Presa-Moreanes.jpg\" alt=\"\" \/>\t\t\t\t\t\t\t\t<\/a><figcaption>Figura 1 \u2013 Planta e Perfil Desdobrado da Mina Presa Moreanes<\/figcaption><\/figure>\n<p>\t\tFotos da Mina - Presa Moreanes\u00a0por Andr\u00e9 Leite<br \/>\n\t\t\t\t<a data-elementor-open-lightbox=\"yes\" data-elementor-lightbox-slideshow=\"bd989f7\" data-elementor-lightbox-title=\"IMG_3030\" href=\"https:\/\/gem.pt\/wp-content\/uploads\/2020\/12\/IMG_3030.jpg\"><\/p>\n<figure><img decoding=\"async\" src=\"https:\/\/gem.pt\/wp-content\/uploads\/elementor\/thumbs\/IMG_3030-p0ov0aub8eepma0ircv2vh3djtlxnjfzbkxj8etr48.jpg\" alt=\"IMG_3030\" \/><\/figure>\n<p><\/a><a data-elementor-open-lightbox=\"yes\" data-elementor-lightbox-slideshow=\"bd989f7\" data-elementor-lightbox-title=\"IMG_3152\" href=\"https:\/\/gem.pt\/wp-content\/uploads\/2020\/12\/IMG_3152.jpg\"><\/p>\n<figure><img decoding=\"async\" src=\"https:\/\/gem.pt\/wp-content\/uploads\/elementor\/thumbs\/IMG_3152-p0ov0fji6kl58btozww7pxwoiqyrq0yn086ymsms94.jpg\" alt=\"IMG_3152\" \/><\/figure>\n<p><\/a><a data-elementor-open-lightbox=\"yes\" data-elementor-lightbox-slideshow=\"bd989f7\" data-elementor-lightbox-title=\"IMG_3058\" href=\"https:\/\/gem.pt\/wp-content\/uploads\/2020\/12\/IMG_3058.jpg\"><\/p>\n<figure><img decoding=\"async\" src=\"https:\/\/gem.pt\/wp-content\/uploads\/elementor\/thumbs\/IMG_3058-p0ov0dntswikl3wfaw2ykydrbz81amr6byvzo8pklk.jpg\" alt=\"IMG_3058\" \/><\/figure>\n<p><\/a><a data-elementor-open-lightbox=\"yes\" data-elementor-lightbox-slideshow=\"bd989f7\" data-elementor-lightbox-title=\"IMG_3103\" href=\"https:\/\/gem.pt\/wp-content\/uploads\/2020\/12\/IMG_3103.jpg\"><\/p>\n<figure><img decoding=\"async\" src=\"https:\/\/gem.pt\/wp-content\/uploads\/elementor\/thumbs\/IMG_3103-p0ov0elnzqjuwpv25ehl5g57xd3eibuwo3jh5io6fc.jpg\" alt=\"IMG_3103\" \/><\/figure>\n<p><\/a><a data-elementor-open-lightbox=\"yes\" data-elementor-lightbox-slideshow=\"bd989f7\" data-elementor-lightbox-title=\"IMG_3041\" href=\"https:\/\/gem.pt\/wp-content\/uploads\/2020\/12\/IMG_3041.jpg\"><\/p>\n<figure><img decoding=\"async\" src=\"https:\/\/gem.pt\/wp-content\/uploads\/elementor\/thumbs\/IMG_3041-p0ov0cpzm2ha9hxsgdoc0gmaqlco2xnfzu8i6yqyrs.jpg\" alt=\"IMG_3041\" \/><\/figure>\n<p><\/a><br \/>\n\t\t\t\t\t\tAnterior<br \/>\n\t\t\t\t\t\tSeguinte<\/p>\n<p>Agradecimentos<\/p>\n<p>Ao Grupo de Espeleologia e Montanhismo (GEM) pelo seu apoio incondicional.\u00a0Ao Museu Municipal de Valongo e \u00e0 Dr.\u00aa Paula Machado pela disponibilidade em nos receber e acolher os achados. Foram tamb\u00e9m entregues no Museu Municipal de Valongo \u00e0 Dr.\u00aa Paula Machado fragmentos de uma pe\u00e7a em barro encontrados na galeria.\u00a0Aos tradutores Sandra Flor Ferreira dos Santos e Edgar Potter pela tradu\u00e7\u00e3o e revis\u00e3o para franc\u00eas e para ingl\u00eas, respetivamente, do artigo em portugu\u00eas.\u00a0E a todos que desta atividade fizeram parte:Eduardo Vieira (GEM), Andr\u00e9 Leite (GEM), Pedro Ferreira (GEM), Hugo Pardal (ARCM - Alto Relevo Clube de Montanhismo) e Ant\u00f3nio Felgueira (GEV)\u00a0\u00a0<\/p>\n<p>Our thanks to<\/p>\n<p>The Grupo de Espeleologia e Montanhismo (GEM) for its unconditional support.\u00a0<br \/>The Municipal Museum of Valongo and tothe museologist Paula Machado for her willingness to receive us and accept our finds.Fragments of a clay object found in the gallery were also delivered to Paula Machado, museologist at the Municipal Museum.\u00a0Edgar Potter for the translation of the article.\u00a0And all those who participated in this exploration:\u00a0 \u00a0\u00a0<br \/>Eduardo Vieira (GEM), Andr\u00e9 Leite (GEM), Pedro Ferreira (GEM), Hugo Pardal (ARCM - Alto Relevo Clube de Montanhismo) e Ant\u00f3nio Felgueira (GEV)\u00a0\u00a0<\/p>\n<p><em style=\"letter-spacing: normal; caret-color: #e78b00; color: #e78b00; font-family: Questrial; font-size: 24px; white-space: pre-line;\">Nos remerciements<\/em><\/p>\n<p><em>Au Grupo de Espeleologia e Montanhismo (GEM) pour son soutien inconditionnel.<\/em><em>\u00a0<br \/><\/em><em>Au Mus\u00e9e municipal de Valongo et \u00e0 Paula Machado, mus\u00e9ologue,\u00a0 pour la disponibilit\u00e9 de nous recevoir et d'accepter les d\u00e9couvertes. Des fragments d\u2019un objet en argile trouv\u00e9s dans la galerie ont \u00e9galement \u00e9t\u00e9 remis \u00e0 Paula Machado, mus\u00e9ologue du Mus\u00e9e municipal.<\/em><em>\u00a0<br \/><\/em><em>\u00c0 la traductrice Sandra Flor Ferreira dos Santos qui a traduit l\u2019article.<\/em><em>\u00a0<\/em><em>Et \u00e0 tous qui ont fait partie de cette activit\u00e9:<br \/><\/em><em>Eduardo Vieira (GEM), Andr\u00e9 Leite (GEM), Pedro Ferreira (GEM), Hugo Pardal (ARCM - Alto Relevo Clube de Montanhismo) e Ant\u00f3nio Felgueira (GEV)<\/em><em>\u00a0<\/em>Autor: Eduardo Vieira (GEM)<\/p>","protected":false},"excerpt":{"rendered":"<p>Mina &#8211; Presa Moreanes 13 de Novembro de 2017\u00a0 Introdu\u00e7\u00e3o A aus\u00eancia de registos sobre esta mina tornara-a alvo de cobi\u00e7a por parte da comunidade espeleol\u00f3gica. No in\u00edcio do mil\u00e9nio, foram realizadas v\u00e1rias tentativas de explora\u00e7\u00e3o por parte do extinto GEV (Grupo Espeleol\u00f3gico de Valongo). Por\u00e9m, os n\u00edveis da \u00e1gua nunca permitiram a sua explora\u00e7\u00e3o [&hellip;]<\/p>\n","protected":false},"author":13,"featured_media":0,"parent":2793,"menu_order":0,"comment_status":"closed","ping_status":"closed","template":"","meta":{"footnotes":""},"class_list":["post-3341","page","type-page","status-publish","hentry"],"_links":{"self":[{"href":"https:\/\/gem.pt\/1\/en\/wp-json\/wp\/v2\/pages\/3341","targetHints":{"allow":["GET"]}}],"collection":[{"href":"https:\/\/gem.pt\/1\/en\/wp-json\/wp\/v2\/pages"}],"about":[{"href":"https:\/\/gem.pt\/1\/en\/wp-json\/wp\/v2\/types\/page"}],"author":[{"embeddable":true,"href":"https:\/\/gem.pt\/1\/en\/wp-json\/wp\/v2\/users\/13"}],"replies":[{"embeddable":true,"href":"https:\/\/gem.pt\/1\/en\/wp-json\/wp\/v2\/comments?post=3341"}],"version-history":[{"count":0,"href":"https:\/\/gem.pt\/1\/en\/wp-json\/wp\/v2\/pages\/3341\/revisions"}],"up":[{"embeddable":true,"href":"https:\/\/gem.pt\/1\/en\/wp-json\/wp\/v2\/pages\/2793"}],"wp:attachment":[{"href":"https:\/\/gem.pt\/1\/en\/wp-json\/wp\/v2\/media?parent=3341"}],"curies":[{"name":"wp","href":"https:\/\/api.w.org\/{rel}","templated":true}]}}