{"id":3406,"date":"2021-01-01T13:57:23","date_gmt":"2021-01-01T13:57:23","guid":{"rendered":"https:\/\/gem.pt\/@teste\/?page_id=3406"},"modified":"2021-02-01T16:14:45","modified_gmt":"2021-02-01T16:14:45","slug":"subida-ao-pico-dos-acores-desde-a-cota-zero","status":"publish","type":"page","link":"https:\/\/gem.pt\/1\/en\/publicacoes\/trekking-e-alpinismo\/subida-ao-pico-dos-acores-desde-a-cota-zero\/","title":{"rendered":"Subida ao Pico dos A\u00e7ores desde a cota zero"},"content":{"rendered":"<figure>\n\t\t\t\t\t\t\t\t\t\t<img loading=\"lazy\" decoding=\"async\" width=\"1514\" height=\"512\" src=\"https:\/\/gem.pt\/wp-content\/uploads\/2021\/01\/Subida-ao-Pico-dos-Acores-desde-a-cota-zero.jpg\" alt=\"\" \/><figcaption>Subida ao Pico dos A\u00e7ores desde a cota zero<\/figcaption><\/figure>\n<p>\t\t31 de Maio de 2015\u00a0Introdu\u00e7\u00e3o<br \/>\nFoi no dia 14 de Maio de 2015 que uma equipa do GEM realizou a subida ao ponto mais alto de Portugal, partindo do n\u00edvel do mar. Tratou-se de uma ascen\u00e7\u00e3o de 2351 metros ao Piquinho da Ilha do Pico nos A\u00e7ores, a partir do Porto da Pra\u00ednha de S\u00e3o Caetano, numa extens\u00e3o de 34,8Km, ida e volta, em 14 horas.<a href=\"https:\/\/gem.pt\/wp-content\/uploads\/2021\/01\/wikiloc.jpg\"><img fetchpriority=\"high\" decoding=\"async\" src=\"https:\/\/gem.pt\/wp-content\/uploads\/2021\/01\/wikiloc.jpg\" alt=\"\" width=\"400\" height=\"213\" \/><\/a><br \/>\nA subida do Pico desde a cota zero n\u00e3o \u00e9 novidade, no entanto n\u00e3o encontr\u00e1mos registos de um percurso que permitisse fazer este desafio com regresso ao ponto de partida no mesmo dia.<br \/>\nO desafio estava lan\u00e7ado, e ap\u00f3s alguma pesquisa foi poss\u00edvel encontrar uma maneira de desenharmos um caminho composto por trilhos e caminhos agr\u00edcolas, por meio de bois e vacas, evitando em parte o percurso por estrada, at\u00e9 \u00e0 Casa da Montanha, a 1100 metros de altitude, onde come\u00e7a o verdadeiro trilho de subida ao Pico.<br \/>\nO percurso encontra-se dispon\u00edvel no Wikiloc, em\u00a0<u><a style=\"color: inherit;\" href=\"http:\/\/pt.wikiloc.com\/wikiloc\/view.do?id=9798362\" target=\"_blank\" rel=\"noopener\" data-attached-link=\"{&quot;type&quot;:&quot;Web&quot;,&quot;url&quot;:&quot;http:\/\/pt.wikiloc.com\/wikiloc\/view.do?id=9798362&quot;,&quot;title&quot;:&quot;http:\/\/pt.wikiloc.com\/wikiloc\/view.do?id=9798362&quot;,&quot;target&quot;:&quot;_blank&quot;}\">http:\/\/pt.wikiloc.com\/wikiloc\/view.do?id=9798362<\/a><\/u>.<\/p>\n<p>Percurso<\/p>\n<p>O percurso inicia-se no Porto da Pra\u00ednha de S\u00e3o Caetano, seguindo o Trilho da Canada da Ribeira da Pra\u00ednha, um dos tr\u00eas trilhos atualmente recuperados na freguesia de S\u00e3o Caetano. Ap\u00f3s a localidade, seguimos pelo Trilho das Fontes, outro trilho antigo que outrora ligava a freguesia \u00e0s pastagens dos \"matos\", um espa\u00e7o onde existiam v\u00e1rias nascentes de \u00e1gua fresca e pura onde os pastores paravam para descansar e saciar a sede.\t\t<\/p>\n<figure>\n\t\t\t\t\t\t\t\t\t\t\t<a href=\"https:\/\/gem.pt\/wp-content\/uploads\/2021\/01\/20150514-IMG_4881.jpg\" data-elementor-open-lightbox=\"yes\" data-elementor-lightbox-title=\"7:30 - Partida do Porto da Pra\u00ednha de S\u00e3o Caetano\"><br \/>\n\t\t\t\t\t\t\t<img loading=\"lazy\" decoding=\"async\" width=\"700\" height=\"481\" src=\"https:\/\/gem.pt\/wp-content\/uploads\/2021\/01\/20150514-IMG_4881.jpg\" alt=\"\" \/>\t\t\t\t\t\t\t\t<\/a><figcaption>7:30 - Partida do Porto da Pra\u00ednha de S\u00e3o Caetano<\/figcaption><\/figure>\n<figure>\n\t\t\t\t\t\t\t\t\t\t\t<a href=\"https:\/\/gem.pt\/wp-content\/uploads\/2021\/01\/20150514-IMG_4903.jpg\" data-elementor-open-lightbox=\"yes\" data-elementor-lightbox-title=\"Parque de Merendas das Fontes\"><br \/>\n\t\t\t\t\t\t\t<img loading=\"lazy\" decoding=\"async\" width=\"700\" height=\"525\" src=\"https:\/\/gem.pt\/wp-content\/uploads\/2021\/01\/20150514-IMG_4903.jpg\" alt=\"\" \/>\t\t\t\t\t\t\t\t<\/a><figcaption>Parque de Merendas das Fontes<\/figcaption><\/figure>\n<figure style=\"width: 500px\"><a href=\"https:\/\/gem.pt\/wp-content\/uploads\/2021\/01\/20150514-IMG_4910.jpg\"><img decoding=\"async\" src=\"https:\/\/gem.pt\/wp-content\/uploads\/2021\/01\/20150514-IMG_4910.jpg\" alt=\"\" width=\"500\" height=\"375\" \/><\/a><figcaption style=\"color: #444444; font-family: Questrial; font-size: 14px; background-color: #f0f0f0; padding: 8px;\">Caminho barrado por uma cerca improvisada<\/figcaption><\/figure>\n<p>O Trilho das Fontes termina atualmente no Largo das Fontes, frente ao Parque de Merendas das Fontes.<br \/>\nO caminho segue em frente pela estrada agricola, que d\u00e1 acesso \u00e0 estrada alcatroada.<br \/>\nUm pouco antes do final deste caminho deparamo-nos com uma cerca improvisada de paus entrela\u00e7ados com arame farpado. No lado direito existe um trilho no mato que permite contornar este obst\u00e1culo.<br \/>\nNo final do trilho existe tamb\u00e9m uma cerca, mas f\u00e1cil de abrir.<\/p>\n<figure>\n\t\t\t\t\t\t\t\t\t\t\t<a href=\"https:\/\/gem.pt\/wp-content\/uploads\/2021\/01\/20150514-IMG_4944.jpg\" data-elementor-open-lightbox=\"yes\" data-elementor-lightbox-title=\"Caminhando pelo nevoeiro, tentando n\u00e3o perder o caminho agr\u00edcola, e evitar as vacas\"><br \/>\n\t\t\t\t\t\t\t<img loading=\"lazy\" decoding=\"async\" width=\"700\" height=\"525\" src=\"https:\/\/gem.pt\/wp-content\/uploads\/2021\/01\/20150514-IMG_4944.jpg\" alt=\"\" \/>\t\t\t\t\t\t\t\t<\/a><figcaption>Caminhando pelo nevoeiro, tentando n\u00e3o perder o caminho agr\u00edcola, e evitar as vacas<\/figcaption><\/figure>\n<figure>\n\t\t\t\t\t\t\t\t\t\t\t<a href=\"https:\/\/gem.pt\/wp-content\/uploads\/2021\/01\/20150514-IMG_4982.jpg\" data-elementor-open-lightbox=\"yes\" data-elementor-lightbox-title=\"Pr\u00f3ximo da Casa da Montanha\"><br \/>\n\t\t\t\t\t\t\t<img loading=\"lazy\" decoding=\"async\" width=\"700\" height=\"525\" src=\"https:\/\/gem.pt\/wp-content\/uploads\/2021\/01\/20150514-IMG_4982.jpg\" alt=\"\" \/>\t\t\t\t\t\t\t\t<\/a><figcaption>Pr\u00f3ximo da Casa da Montanha<\/figcaption><\/figure>\n<p>Ap\u00f3s alguns quil\u00f3metros de caminhos rurais e estrada alcatroada sempre a subir, chegamos finalmente \u00e0 Casa da Montanha, local obrigat\u00f3rio para quem pretende subir o Pico. Aqui aproveitamos para descansar um pouco, enquanto nos registamos e os guardas nos apresentam um pequeno v\u00eddeo sobre seguran\u00e7a e cuidados a ter na montanha.<\/p>\n<figure>\n\t\t\t\t\t\t\t\t\t\t\t<a href=\"https:\/\/gem.pt\/wp-content\/uploads\/2021\/01\/20150514-IMG_4988.jpg\" data-elementor-open-lightbox=\"yes\" data-elementor-lightbox-title=\"11:20 - Chegada \u00e0 Casa da Montanha\"><br \/>\n\t\t\t\t\t\t\t<img loading=\"lazy\" decoding=\"async\" width=\"700\" height=\"525\" src=\"https:\/\/gem.pt\/wp-content\/uploads\/2021\/01\/20150514-IMG_4988.jpg\" alt=\"\" \/>\t\t\t\t\t\t\t\t<\/a><figcaption>11:20 - Chegada \u00e0 Casa da Montanha<\/figcaption><\/figure>\n<figure>\n\t\t\t\t\t\t\t\t\t\t\t<a href=\"https:\/\/gem.pt\/wp-content\/uploads\/2021\/01\/20150514-IMG_5022.jpg\" data-elementor-open-lightbox=\"yes\" data-elementor-lightbox-title=\"Depois de um marco, h\u00e1 sempre outro \u00e0 nossa espera\"><br \/>\n\t\t\t\t\t\t\t<img loading=\"lazy\" decoding=\"async\" width=\"700\" height=\"525\" src=\"https:\/\/gem.pt\/wp-content\/uploads\/2021\/01\/20150514-IMG_5022.jpg\" alt=\"\" \/>\t\t\t\t\t\t\t\t<\/a><figcaption>Depois de um marco, h\u00e1 sempre outro \u00e0 nossa espera<\/figcaption><\/figure>\n<p>A partir da Casa da Montanha, \u00e9 s\u00f3 seguir o trilho bem sinalizado com 45 marcos numerados. Em cada marco dever\u00e1 ser poss\u00edvel vermos o seguinte. O pico no entanto nunca se v\u00ea sen\u00e3o quando chegamos \u00e0 caldeira. A\u00ed encontramos o Piquinho, um cone l\u00e1vico de 70 metros de altura que engana na sua dimens\u00e3o por estar no centro de uma caldeira de 700 metros de per\u00edmetro. S\u00f3 quando chegamos perto \u00e9 que percebemos o seu verdadeiro tamanho.<\/p>\n<figure>\n\t\t\t\t\t\t\t\t\t\t\t<a href=\"https:\/\/gem.pt\/wp-content\/uploads\/2021\/01\/20150514-IMG_5047.jpg\" data-elementor-open-lightbox=\"yes\" data-elementor-lightbox-title=\"15:00 - Chegada \u00e0 caldeira do Pico\"><br \/>\n\t\t\t\t\t\t\t<img loading=\"lazy\" decoding=\"async\" width=\"700\" height=\"525\" src=\"https:\/\/gem.pt\/wp-content\/uploads\/2021\/01\/20150514-IMG_5047.jpg\" alt=\"\" \/>\t\t\t\t\t\t\t\t<\/a><figcaption>15:00 - Chegada \u00e0 caldeira do Pico<\/figcaption><\/figure>\n<figure>\n\t\t\t\t\t\t\t\t\t\t\t<a href=\"https:\/\/gem.pt\/wp-content\/uploads\/2021\/01\/20150514-IMG_5056.jpg\" data-elementor-open-lightbox=\"yes\" data-elementor-lightbox-title=\"15:20 - No cimo do Piquinho, o ponto mais alto de Portugal\"><br \/>\n\t\t\t\t\t\t\t<img loading=\"lazy\" decoding=\"async\" width=\"700\" height=\"525\" src=\"https:\/\/gem.pt\/wp-content\/uploads\/2021\/01\/20150514-IMG_5056.jpg\" alt=\"\" \/>\t\t\t\t\t\t\t\t<\/a><figcaption>15:20 - No cimo do Piquinho, o ponto mais alto de Portugal<\/figcaption><\/figure>\n<figure>\n\t\t\t\t\t\t\t\t\t\t\t<a href=\"https:\/\/gem.pt\/wp-content\/uploads\/2021\/01\/20150514-IMG_5078.jpg\" data-elementor-open-lightbox=\"yes\" data-elementor-lightbox-title=\"Caminho de regresso. Depois da Casa da Montanha, j\u00e1 s\u00f3 falta metade da descida\"><br \/>\n\t\t\t\t\t\t\t<img loading=\"lazy\" decoding=\"async\" width=\"700\" height=\"525\" src=\"https:\/\/gem.pt\/wp-content\/uploads\/2021\/01\/20150514-IMG_5078.jpg\" alt=\"\" \/>\t\t\t\t\t\t\t\t<\/a><figcaption>Caminho de regresso. Depois da Casa da Montanha, j\u00e1 s\u00f3 falta metade da descida<\/figcaption><\/figure>\n<figure>\n\t\t\t\t\t\t\t\t\t\t\t<a href=\"https:\/\/gem.pt\/wp-content\/uploads\/2021\/01\/20150514-IMG_5088.jpg\" data-elementor-open-lightbox=\"yes\" data-elementor-lightbox-title=\"Percurso de descida por estrad\u00e3o\"><br \/>\n\t\t\t\t\t\t\t<img loading=\"lazy\" decoding=\"async\" width=\"700\" height=\"525\" src=\"https:\/\/gem.pt\/wp-content\/uploads\/2021\/01\/20150514-IMG_5088.jpg\" alt=\"\" \/>\t\t\t\t\t\t\t\t<\/a><figcaption>Percurso de descida por estrad\u00e3o<\/figcaption><\/figure>\n<figure style=\"width: 450px\"><a href=\"https:\/\/gem.pt\/wp-content\/uploads\/2021\/01\/20150514-IMG_5090.jpg\"><img decoding=\"async\" src=\"https:\/\/gem.pt\/wp-content\/uploads\/2021\/01\/20150514-IMG_5090.jpg\" alt=\"\" height=\"338\" \/><\/a><figcaption style=\"color: #444444; font-family: Questrial; font-size: 14px; background-color: #f0f0f0; padding: 8px;\">21:20 - Chegada a S\u00e3o Caetano<\/figcaption><\/figure>\n<p>Na descida optou-se por validar o percurso por estrada, que embora sendo mais extenso, \u00e9 sempre a descer e faz-se com bastante facilidade.<br \/>\nA chegada a S\u00e3o Caetano, a 1Km do final no Porto da Pra\u00ednha, \u00a0faz-se j\u00e1 ao cair da noite\u00a0com quase 14 horas passadas desde o in\u00edcio da subida.<\/p>\n<p>Cr\u00e9ditos<\/p>\n<p>Equipa: Ana Barros e Vitor ToucinhoFotos: Vitor Toucinho<\/p>","protected":false},"excerpt":{"rendered":"<p>Subida ao Pico dos A\u00e7ores desde a cota zero 31 de Maio de 2015\u00a0Introdu\u00e7\u00e3o Foi no dia 14 de Maio de 2015 que uma equipa do GEM realizou a subida ao ponto mais alto de Portugal, partindo do n\u00edvel do mar. Tratou-se de uma ascen\u00e7\u00e3o de 2351 metros ao Piquinho da Ilha do Pico nos [&hellip;]<\/p>\n","protected":false},"author":4,"featured_media":0,"parent":2798,"menu_order":0,"comment_status":"closed","ping_status":"closed","template":"","meta":{"footnotes":""},"class_list":["post-3406","page","type-page","status-publish","hentry"],"_links":{"self":[{"href":"https:\/\/gem.pt\/1\/en\/wp-json\/wp\/v2\/pages\/3406","targetHints":{"allow":["GET"]}}],"collection":[{"href":"https:\/\/gem.pt\/1\/en\/wp-json\/wp\/v2\/pages"}],"about":[{"href":"https:\/\/gem.pt\/1\/en\/wp-json\/wp\/v2\/types\/page"}],"author":[{"embeddable":true,"href":"https:\/\/gem.pt\/1\/en\/wp-json\/wp\/v2\/users\/4"}],"replies":[{"embeddable":true,"href":"https:\/\/gem.pt\/1\/en\/wp-json\/wp\/v2\/comments?post=3406"}],"version-history":[{"count":0,"href":"https:\/\/gem.pt\/1\/en\/wp-json\/wp\/v2\/pages\/3406\/revisions"}],"up":[{"embeddable":true,"href":"https:\/\/gem.pt\/1\/en\/wp-json\/wp\/v2\/pages\/2798"}],"wp:attachment":[{"href":"https:\/\/gem.pt\/1\/en\/wp-json\/wp\/v2\/media?parent=3406"}],"curies":[{"name":"wp","href":"https:\/\/api.w.org\/{rel}","templated":true}]}}