{"id":3477,"date":"2021-01-01T21:12:34","date_gmt":"2021-01-01T21:12:34","guid":{"rendered":"https:\/\/gem.pt\/@teste\/?page_id=3477"},"modified":"2021-02-06T18:01:49","modified_gmt":"2021-02-06T18:01:49","slug":"passeio-por-nascentes-carsicas","status":"publish","type":"page","link":"https:\/\/gem.pt\/1\/en\/publicacoes\/trekking-e-alpinismo\/passeio-por-nascentes-carsicas\/","title":{"rendered":"Passeio por Nascentes C\u00e1rsicas"},"content":{"rendered":"<figure>\n\t\t\t\t\t\t\t\t\t\t<img loading=\"lazy\" decoding=\"async\" width=\"1155\" height=\"385\" src=\"https:\/\/gem.pt\/wp-content\/uploads\/2021\/01\/caminhada.jpg\" alt=\"\" \/><figcaption>Passeio por Nascentes C\u00e1rsicas<\/figcaption><\/figure>\n<p>\t\t 13 de Outubro de 2013\u00a0<\/p>\n<p>Ficha T\u00e9cnica<\/p>\n<p>Local \u2013 Vale da F\u00f3rnea, Vale do Lena e Vale de AlcariaPercurso \u2013 CircularDura\u00e7\u00e3o \u2013 4horasExtens\u00e3o \u2013 12kmDificuldade \u2013 M\u00e9diaAltura ideal \u2013 Primavera e Outono<br \/>\n\t\t\t\t\t\t\t\t\t\t\t<a href=\"https:\/\/gem.pt\/wp-content\/uploads\/2021\/01\/1_DSC02411.jpg\" data-elementor-open-lightbox=\"yes\"><br \/>\n\t\t\t\t\t\t\t<img decoding=\"async\" src=\"https:\/\/gem.pt\/wp-content\/uploads\/elementor\/thumbs\/1_DSC02411-p0q6uyoea4r4pjia3f6rthk7nyj7kompdyt6lkdg2c.jpg\" title=\"\" alt=\"\" \/>\t\t\t\t\t\t\t\t<\/a><br \/>\n\t\tO percurso teve in\u00edcio junto ao Caf\u00e9 da Bica em Alcaria, concelho de Porto de M\u00f3s.\u00a0Desenvolveu-se junto ao ribeiro da F\u00f3rnea e permitiu a observa\u00e7\u00e3o de conglomerados, fragmentos de rocha ou clastos, mais ou menos arredondados e ligados entre si por um cimento carbonatado.\u00a0\u00a0Surgem as primeiras cascatas \/ cascalheiras, dep\u00f3sitos de crioclastos e escombreiras de gravidade e as primeiras nascentes tempor\u00e1rias , onde a \u00e1gua subterr\u00e2nea brota \u00e0 superf\u00edcie.\u00a0A paisagem fica de uma beleza sufocante perante a F\u00f3rnea, estrutura em anfiteatro com cerca de 500 m de di\u00e2metro e 250 m de altura, corresponde \u00e0 cabeceira encaixada do ribeiro da F\u00f3rnea escavado em calc\u00e1rios margosos e margas do Jur\u00e1ssico Inferior a que se sobrep\u00f5e os calc\u00e1rios do Jur\u00e1ssico M\u00e9dio.<br \/>\n\t\t\t\t\t\t\t\t\t\t\t<a href=\"https:\/\/gem.pt\/wp-content\/uploads\/2021\/01\/3_DSC02413.jpg\" data-elementor-open-lightbox=\"yes\"><br \/>\n\t\t\t\t\t\t\t<img loading=\"lazy\" decoding=\"async\" width=\"1156\" height=\"768\" src=\"https:\/\/gem.pt\/wp-content\/uploads\/2021\/01\/3_DSC02413.jpg\" alt=\"\" \/>\t\t\t\t\t\t\t\t<\/a><br \/>\n\t\t\t\t\t\t\t\t\t\t\t<a href=\"https:\/\/gem.pt\/wp-content\/uploads\/2021\/01\/12_DSC02424.jpg\" data-elementor-open-lightbox=\"yes\"><br \/>\n\t\t\t\t\t\t\t<img loading=\"lazy\" decoding=\"async\" width=\"1156\" height=\"768\" src=\"https:\/\/gem.pt\/wp-content\/uploads\/2021\/01\/12_DSC02424.jpg\" alt=\"\" \/>\t\t\t\t\t\t\t\t<\/a><br \/>\n\t\tNas vertentes da F\u00f3rnea, situam-se v\u00e1rias exsurg\u00eancias tempor\u00e1rias de caudal diminuto cuja \u00e1gua resulta da drenagem duma pequena \u00e1rea a noroeste do planalto de S. Ant\u00f3nio, incluindo a depress\u00e3o c\u00e1rsica de Ch\u00e3o das Pias. A mais importante brota de uma cavidade penetr\u00e1vel, a Cova da Velha. Esta nascente vai alimentar o ribeiro da F\u00f3rnea, afluente do rio Alcaide e subafluente do rio Lena.\u00a0Verificamos que as nascentes altas, Cova da Velha tinha um lago logo no inicio e Fonte da Pataluga tinha \u00e1gua na entrada e ouvia-se a circula\u00e7\u00e3o sobre press\u00e3o. As nascentes baixas j\u00e1 tinham d\u00e9bito. Ap\u00f3s as primeiras chuvas de Setembro, 45,8mm(esta\u00e7\u00e3o Leiria).Na descida tomamos o caminho do Barrocal em dire\u00e7\u00e3o \u00e0 Portela. Antes de descer o Vale do Lena visitamos a entrada da Lapa da Moura\u00e7\u00e3o.\u00a0No Vale do Lena as nascentes tempor\u00e1rias, Fontainha, Nascente do Cabe\u00e7o da Pedra (gruta penetr\u00e1vel), Nascentes da Tapada das Freiras Norte e Sul e Nascente daMinhola do Maneta, ainda n\u00e3o tinham rebentado.\u00a0No Vale do Lena apenas a nascente, Olho de \u00c1gua da Ribeira de Cima, tem car\u00e1ter permanente.\u00a0Tomamos a estrada para o Livramento, onde fizemos uma pequena pausa no restaurante da Tia Maria para degustar uma morcela de arroz e uma lingui\u00e7a.\u00a0Prosseguimos tomando um caminho no Vale de Alcaria que nos levou at\u00e9 ao ponto de partida.\u00a0<\/p>\n<p>Equipamento aconselhado<\/p>\n<p>Botas de m\u00e9dia montanha (imprescind\u00edveis)Casaco - corta-vento ou blus\u00e3o imperme\u00e1velCantil c\/\u00a0\u00e1gua (m\u00ednimo 2l)Bast\u00e3o de caminhadaMaquina fotogr\u00e1fica\/v\u00eddeo (opcional)\u00a0<\/p>\n<p>Bibliografia<\/p>\n<ul style=\"margin-right: 0px; margin-bottom: 0px; padding-right: 0.3em; padding-left: 2em; clear: both;\">\n<li style=\"padding: 0px;\">http:\/\/www.icnf.pt\/portal\/turnatur\/visit-ap\/pn\/pnsac\/pr6pms-forn,\u00a0visto em 13-10-2013, PR6 (PMS) \u2013 F\u00f3rnea<\/li>\n<\/ul>\n<p>\u00a0<\/p>\n<p>Cr\u00e9ditos<\/p>\n<p>Equipa: Paulo Rodrigues, Sandra Lopes, Fortunato Videira e Vitor Amendoeira.Fotos: Vitor Amendoeira e Sandra\u00a0LopesTexto: Vitor Amendoeira<\/p>","protected":false},"excerpt":{"rendered":"<p>Passeio por Nascentes C\u00e1rsicas 13 de Outubro de 2013\u00a0 Ficha T\u00e9cnica Local \u2013 Vale da F\u00f3rnea, Vale do Lena e Vale de AlcariaPercurso \u2013 CircularDura\u00e7\u00e3o \u2013 4horasExtens\u00e3o \u2013 12kmDificuldade \u2013 M\u00e9diaAltura ideal \u2013 Primavera e Outono O percurso teve in\u00edcio junto ao Caf\u00e9 da Bica em Alcaria, concelho de Porto de M\u00f3s.\u00a0Desenvolveu-se junto ao ribeiro [&hellip;]<\/p>\n","protected":false},"author":3,"featured_media":0,"parent":2798,"menu_order":0,"comment_status":"closed","ping_status":"closed","template":"","meta":{"footnotes":""},"class_list":["post-3477","page","type-page","status-publish","hentry"],"_links":{"self":[{"href":"https:\/\/gem.pt\/1\/en\/wp-json\/wp\/v2\/pages\/3477","targetHints":{"allow":["GET"]}}],"collection":[{"href":"https:\/\/gem.pt\/1\/en\/wp-json\/wp\/v2\/pages"}],"about":[{"href":"https:\/\/gem.pt\/1\/en\/wp-json\/wp\/v2\/types\/page"}],"author":[{"embeddable":true,"href":"https:\/\/gem.pt\/1\/en\/wp-json\/wp\/v2\/users\/3"}],"replies":[{"embeddable":true,"href":"https:\/\/gem.pt\/1\/en\/wp-json\/wp\/v2\/comments?post=3477"}],"version-history":[{"count":0,"href":"https:\/\/gem.pt\/1\/en\/wp-json\/wp\/v2\/pages\/3477\/revisions"}],"up":[{"embeddable":true,"href":"https:\/\/gem.pt\/1\/en\/wp-json\/wp\/v2\/pages\/2798"}],"wp:attachment":[{"href":"https:\/\/gem.pt\/1\/en\/wp-json\/wp\/v2\/media?parent=3477"}],"curies":[{"name":"wp","href":"https:\/\/api.w.org\/{rel}","templated":true}]}}