{"id":776,"date":"2020-05-18T18:55:07","date_gmt":"2020-05-18T18:55:07","guid":{"rendered":"https:\/\/gem.pt\/@teste\/?page_id=776"},"modified":"2025-08-09T15:06:52","modified_gmt":"2025-08-09T14:06:52","slug":"vantagens","status":"publish","type":"page","link":"https:\/\/gem.pt\/1\/en\/socio-gem\/vantagens\/","title":{"rendered":"Benefits"},"content":{"rendered":"<h1>Vantagens S\u00f3cio GEM<\/h1>\n<p>\t\t\u00a0Descubra as vantagens de pertender \u00e0 fam\u00edlia\u00a0GEM\u00a0<\/p>\n<hr \/>\n<p>Ao ser s\u00f3cio GEM,\u00a0passa a usufruir de diversos benef\u00edcios:<\/p>\n<ul>\n<li style=\"line-height: 1.6; letter-spacing: normal; font-family: Questrial; color: #000000; caret-color: #000000; white-space: pre-line;\">Descontos em atividades do GEM e\/ou parceiros que incluam inscri\u00e7\u00e3o;<\/li>\n<li style=\"line-height: 1.6; letter-spacing: normal; font-family: Questrial; color: #000000; caret-color: #000000; white-space: pre-line;\">Prioridade na inscri\u00e7\u00e3o em atividades com n\u00ba de elementos limitado (desde que n\u00e3o sejam atividades de inicia\u00e7\u00e3o ou batismos);<\/li>\n<li style=\"line-height: 1.6; letter-spacing: normal; font-family: Questrial; color: #000000; caret-color: #000000; white-space: pre-line;\">Descontos em seguros de grupo para\u00a0atividades exercidas ou n\u00e3o pelo GEM;<\/li>\n<li style=\"line-height: 1.6; letter-spacing: normal; font-family: Questrial; color: #000000; caret-color: #000000; white-space: pre-line;\">Descontos em\u00a0forma\u00e7\u00f5es\u00a0realizadas pelo GEM, ou onde o GEM seja parceiro;<\/li>\n<li style=\"line-height: 1.6; letter-spacing: normal; font-family: Questrial; color: #000000; caret-color: #000000; white-space: pre-line;\">Descontos em\u00a0produtos ou\u00a0servi\u00e7os dos nossos parceiros.<\/li>\n<\/ul>\n<p>\u00a0Para al\u00e9m disso:<\/p>\n<ul style=\"text-align: justify;\">\n<li style=\"line-height: 1.6; letter-spacing: normal; font-family: Questrial; color: #000000; caret-color: #000000; white-space: pre-line;\">Recebe um cart\u00e3o digital personalizado que o identifica no grupo e junto dos nossos parceiros;<\/li>\n<li style=\"line-height: 1.6; letter-spacing: normal; font-family: Questrial; color: #000000; caret-color: #000000; white-space: pre-line;\">Passa a poder participar nas reuni\u00f5es de s\u00f3cios, e\u00a0exercer o direito de voto nas elei\u00e7\u00f5es do grupo;<\/li>\n<li style=\"line-height: 1.6; letter-spacing: normal; font-family: Questrial; color: #000000; caret-color: #000000; white-space: pre-line;\">Poder\u00e1 ser convidado a promover, organizar ou liderar atividades;<\/li>\n<li style=\"line-height: 1.6; letter-spacing: normal; font-family: Questrial; color: #000000; caret-color: #000000; white-space: pre-line;\">Pode ainda\u00a0participar\u00a0em projetos existentes no GEM, ou mesmo\u00a0prop\u00f4r\u00a0novos projetos a serem apoiados pelo GEM.\u00a0<\/li>\n<\/ul>","protected":false},"excerpt":{"rendered":"<p>Vantagens S\u00f3cio GEM \u00a0Descubra as vantagens de pertender \u00e0 fam\u00edlia\u00a0GEM\u00a0 Ao ser s\u00f3cio GEM,\u00a0passa a usufruir de diversos benef\u00edcios: Descontos em atividades do GEM e\/ou parceiros que incluam inscri\u00e7\u00e3o; Prioridade na inscri\u00e7\u00e3o em atividades com n\u00ba de elementos limitado (desde que n\u00e3o sejam atividades de inicia\u00e7\u00e3o ou batismos); Descontos em seguros de grupo para\u00a0atividades exercidas [&hellip;]<\/p>\n","protected":false},"author":1,"featured_media":0,"parent":768,"menu_order":0,"comment_status":"closed","ping_status":"closed","template":"","meta":{"footnotes":""},"class_list":["post-776","page","type-page","status-publish","hentry"],"_links":{"self":[{"href":"https:\/\/gem.pt\/1\/en\/wp-json\/wp\/v2\/pages\/776","targetHints":{"allow":["GET"]}}],"collection":[{"href":"https:\/\/gem.pt\/1\/en\/wp-json\/wp\/v2\/pages"}],"about":[{"href":"https:\/\/gem.pt\/1\/en\/wp-json\/wp\/v2\/types\/page"}],"author":[{"embeddable":true,"href":"https:\/\/gem.pt\/1\/en\/wp-json\/wp\/v2\/users\/1"}],"replies":[{"embeddable":true,"href":"https:\/\/gem.pt\/1\/en\/wp-json\/wp\/v2\/comments?post=776"}],"version-history":[{"count":0,"href":"https:\/\/gem.pt\/1\/en\/wp-json\/wp\/v2\/pages\/776\/revisions"}],"up":[{"embeddable":true,"href":"https:\/\/gem.pt\/1\/en\/wp-json\/wp\/v2\/pages\/768"}],"wp:attachment":[{"href":"https:\/\/gem.pt\/1\/en\/wp-json\/wp\/v2\/media?parent=776"}],"curies":[{"name":"wp","href":"https:\/\/api.w.org\/{rel}","templated":true}]}}