{"id":850,"date":"2020-05-21T14:15:08","date_gmt":"2020-05-21T13:15:08","guid":{"rendered":"https:\/\/gem.pt\/@teste\/?page_id=850"},"modified":"2025-05-06T22:42:18","modified_gmt":"2025-05-06T21:42:18","slug":"projetos","status":"publish","type":"page","link":"https:\/\/gem.pt\/1\/en\/projetos\/","title":{"rendered":"Projects"},"content":{"rendered":"<h1>Projects<\/h1>\n<p style=\"text-align: left;\">What projects are there in GEM?<img fetchpriority=\"high\" decoding=\"async\" src=\"https:\/\/gem.pt\/wp-content\/uploads\/2020\/05\/Projetos_0_1-854x1024.jpg\" alt=\"\" width=\"424\" height=\"350\" \/><\/p>\n<p>In all areas of activity to which GEM is dedicated, there are specific projects that are under development.<\/p>\n<p>All of these dynamics are developed, in their entirety or in certain periods, through constant collaboration between GEM and other national and international associations.<\/p>\n<p>\u00a0<\/p>\n<p>\u00a0<\/p>\n<p>\u00a0<\/p>\n<p>Projects currently underway at GEM<\/p>\n<ul>\n<li>\n\t\t\t\t\t\t\t\t\t\t\t<a href=\"\/1\/index.php\/projetos\/climatologia\/\"><br \/>\n\t\t\t\t\t\t\t\t\t\t<strong style=\"font-size: 20px; text-align: left;\">Climatology Project<\/strong><br \/>ECGPC - Climatological Study of the Caves of Mainland Portugal<br \/>\n\t\t\t\t\t\t\t\t\t\t\t<\/a>\n\t\t\t\t\t\t\t\t\t<\/li>\n<li>\n\t\t\t\t\t\t\t\t\t\t\t<a href=\"\/1\/index.php\/projetos\/espeleo-polje\/\"><br \/>\n\t\t\t\t\t\t\t\t\t\t<strong style=\"font-size: 20px; text-align: left;\">Speleo-Polje Project<\/strong><br \/>Exploration and study of the caves associated with the karst springs of the Minde Polje<br \/>\n\t\t\t\t\t\t\t\t\t\t\t<\/a>\n\t\t\t\t\t\t\t\t\t<\/li>\n<li>\n\t\t\t\t\t\t\t\t\t\t\t<a href=\"\/1\/index.php\/projetos\/prospecao-em-pnsac\/\"><br \/>\n\t\t\t\t\t\t\t\t\t\t<strong style=\"font-size: 20px; text-align: left;\">Prospecting Project in PNSAC<\/strong><br \/>Project for prospecting and verifying points in the Serras de Aire e Candeeiros Natural Park (PNSAC)<br \/>\n\t\t\t\t\t\t\t\t\t\t\t<\/a>\n\t\t\t\t\t\t\t\t\t<\/li>\n<li>\n\t\t\t\t\t\t\t\t\t\t\t<a href=\"\/1\/index.php\/projetos\/cabelo-dos-alecrineiros\/\"><br \/>\n\t\t\t\t\t\t\t\t\t\t<strong style=\"font-size: 20px; text-align: left;\">Cabe\u00e7o dos Alecrineiros Project<\/strong><br \/>Prospecting, Surveying and Exploration in Cabe\u00e7o dos Alecrineiros<br \/>\n\t\t\t\t\t\t\t\t\t\t\t<\/a>\n\t\t\t\t\t\t\t\t\t<\/li>\n<li>\n\t\t\t\t\t\t\t\t\t\t\t<a href=\"\/1\/index.php\/projetos\/espeleocota\/\"><br \/>\n\t\t\t\t\t\t\t\t\t\t<strong style=\"font-size: 20px; text-align: left;\">Speleocotta Project<\/strong><br \/>Topographic and geological survey of cavities of phreatic origin in the Estremenho Limestone Massif and its surroundings<br \/>\n\t\t\t\t\t\t\t\t\t\t\t<\/a>\n\t\t\t\t\t\t\t\t\t<\/li>\n<li>\n\t\t\t\t\t\t\t\t\t\t\t<a href=\"\/1\/index.php\/projetos\/olho-da-mata\/\"><br \/>\n\t\t\t\t\t\t\t\t\t\t<strong style=\"font-size: 20px; text-align: left;\">Vale da Trave \u2013 Moitas Venda Project<\/strong><br \/>Topographic and geological survey of karst cavities located in the Vale da Trave \u2013 Moitas Venda corridor<br \/>\n\t\t\t\t\t\t\t\t\t\t\t<\/a>\n\t\t\t\t\t\t\t\t\t<\/li>\n<li>\n\t\t\t\t\t\t\t\t\t\t\t<a href=\"\/1\/index.php\/projetos\/espeleo-barlavento\/\"><br \/>\n\t\t\t\t\t\t\t\t\t\t<strong style=\"font-size: 20px; text-align: left;\">Espeleo-Windward Project<\/strong><br \/>Study, inventory and topography of the cavities of the Algarve coast<br \/>\n\t\t\t\t\t\t\t\t\t\t\t<\/a>\n\t\t\t\t\t\t\t\t\t<\/li>\n<li>\n\t\t\t\t\t\t\t\t\t\t\t<a href=\"\/1\/index.php\/projetos\/projeto-espeleologico-valongo\/\"><br \/>\n\t\t\t\t\t\t\t\t\t\t<strong style=\"font-size: 20px; text-align: left;\">Speleological Project-Valongo<\/strong><br \/>Speleological exploration of the northeast slope of Serra de Sts. Justa, Valongo<br \/>\n\t\t\t\t\t\t\t\t\t\t\t<\/a>\n\t\t\t\t\t\t\t\t\t<\/li>\n<li>\n\t\t\t\t\t\t\t\t\t\t\t<a href=\"\/1\/index.php\/projetos\/monitorizacao-de-morcegos\/\"><br \/>\n\t\t\t\t\t\t\t\t\t\t<strong style=\"font-size: 20px; text-align: left;\">Chiroptera Monitoring<\/strong><br \/>Cave Bat Monitoring<br \/>\n\t\t\t\t\t\t\t\t\t\t\t<\/a>\n\t\t\t\t\t\t\t\t\t<\/li>\n<li>\n\t\t\t\t\t\t\t\t\t\t\t<a href=\"\/1\/index.php\/projetos\/alcobertas\/\"><br \/>\n\t\t\t\t\t\t\t\t\t\t<strong style=\"font-size: 20px; text-align: left;\">Alcobertas Project<\/strong><br \/>Survey of coordinates and topography of the cavities in the Alcobertas region<br \/>\n\t\t\t\t\t\t\t\t\t\t\t<\/a>\n\t\t\t\t\t\t\t\t\t<\/li>\n<li>\n\t\t\t\t\t\t\t\t\t\t\t<a href=\"\/1\/index.php\/projetos\/projeto-espeleologico-parque-biologico-de-gaia\/\"><br \/>\n\t\t\t\t\t\t\t\t\t\t<strong style=\"font-size: 20px; text-align: left;\">Speleological Project Gaia Biological Park<\/strong><br \/>Speleological Survey of the Water Mines of the Gaia Biological Park \u2013 1st Phase<br \/>\n\t\t\t\t\t\t\t\t\t\t\t<\/a>\n\t\t\t\t\t\t\t\t\t<\/li>\n<li>\n\t\t\t\t\t\t\t\t\t\t\t<a href=\"\/1\/index.php\/projetos\/projeto-espeleologico-de-valongo-ao-paraiso\/\"><br \/>\n\t\t\t\t\t\t\t\t\t\t<strong style=\"font-size: 20px; text-align: left;\">De Valongo ao Para\u00edso<\/strong><br \/>Projeto Espeleol\u00f3gico do patrim\u00f3nio mineiro do concelho de Valongo<br \/>\n\t\t\t\t\t\t\t\t\t\t\t<\/a>\n\t\t\t\t\t\t\t\t\t<\/li>\n<\/ul>","protected":false},"excerpt":{"rendered":"<p>Projetos Que projetos existem no GEM? Em todas as \u00e1reas de atividade a que o GEM se dedica existem projetos espec\u00edficos que se encontram em desenvolvimento. Toda a din\u00e2mica destes se desenvolve, na sua totalidade ou em determinados per\u00edodos, por uma constante colabora\u00e7\u00e3o entre o GEM e outras associa\u00e7\u00f5es tanto nacionais, como internacionais \u00a0 \u00a0 [&hellip;]<\/p>\n","protected":false},"author":1,"featured_media":0,"parent":0,"menu_order":4,"comment_status":"closed","ping_status":"closed","template":"","meta":{"footnotes":""},"class_list":["post-850","page","type-page","status-publish","hentry"],"_links":{"self":[{"href":"https:\/\/gem.pt\/1\/en\/wp-json\/wp\/v2\/pages\/850","targetHints":{"allow":["GET"]}}],"collection":[{"href":"https:\/\/gem.pt\/1\/en\/wp-json\/wp\/v2\/pages"}],"about":[{"href":"https:\/\/gem.pt\/1\/en\/wp-json\/wp\/v2\/types\/page"}],"author":[{"embeddable":true,"href":"https:\/\/gem.pt\/1\/en\/wp-json\/wp\/v2\/users\/1"}],"replies":[{"embeddable":true,"href":"https:\/\/gem.pt\/1\/en\/wp-json\/wp\/v2\/comments?post=850"}],"version-history":[{"count":0,"href":"https:\/\/gem.pt\/1\/en\/wp-json\/wp\/v2\/pages\/850\/revisions"}],"wp:attachment":[{"href":"https:\/\/gem.pt\/1\/en\/wp-json\/wp\/v2\/media?parent=850"}],"curies":[{"name":"wp","href":"https:\/\/api.w.org\/{rel}","templated":true}]}}