{"id":890,"date":"2020-05-21T22:09:17","date_gmt":"2020-05-21T22:09:17","guid":{"rendered":"https:\/\/gem.pt\/@teste\/?page_id=890"},"modified":"2025-04-11T23:06:09","modified_gmt":"2025-04-11T22:06:09","slug":"atividades","status":"publish","type":"page","link":"https:\/\/gem.pt\/1\/en\/atividades\/","title":{"rendered":"Activities"},"content":{"rendered":"<h1>GEM Activities<\/h1>\n<p>\t\t\t\t\t        <!-- link opening --><br \/>\n                <a href=\"\/1\/index.php\/atividades\/espeleologia\/\"><br \/>\n                <!-- end link opening --><br \/>\n                    <img fetchpriority=\"high\" decoding=\"async\" width=\"800\" height=\"530\" src=\"https:\/\/gem.pt\/wp-content\/uploads\/2020\/05\/Atividades_0_1-1.jpg\" alt=\"\" \/>                <\/p>\n<h3>\n                    Speleology                <\/h3>\n<p>The interest in knowledge and study of the cave environment led to the creation of GEM.<br \/>Find out here the meaning of speleology.<\/p>\n<p>                <\/a><br \/>\n\t\t\t\t\t        <!-- link opening --><br \/>\n                <a href=\"\/1\/index.php\/atividades\/canyoning\/\"><br \/>\n                <!-- end link opening --><br \/>\n                    <img decoding=\"async\" width=\"800\" height=\"530\" src=\"https:\/\/gem.pt\/wp-content\/uploads\/2020\/05\/Atividades_0_3-1.jpg\" alt=\"\" \/>                <\/p>\n<h3>\n                    Canyoning                <\/h3>\n<p>One of the most recent activities of the GEM that already has a growing number of members.<br \/>Discover its meaning here.<\/p>\n<p>                <\/a><br \/>\n\t\t\t\t\t        <!-- link opening --><br \/>\n                <a href=\"\/1\/index.php\/atividades\/via-ferrata\/\"><br \/>\n                <!-- end link opening --><br \/>\n                    <img decoding=\"async\" width=\"800\" height=\"530\" src=\"https:\/\/gem.pt\/wp-content\/uploads\/2020\/05\/Atividades_0_12.jpg\" alt=\"\" \/>                <\/p>\n<h3>\n                    Via Ferrata                <\/h3>\n<p>Inicialmente praticado maioritariamente fora do pa\u00eds, atualmente j\u00e1 contamos com v\u00e1rias vias em Portugal.<\/p>\n<p>                <\/a><br \/>\n\t\t\t\t\t        <!-- link opening --><br \/>\n                <a href=\"\/1\/index.php\/atividades\/fotografia\/\"><br \/>\n                <!-- end link opening --><br \/>\n                    <img loading=\"lazy\" decoding=\"async\" width=\"800\" height=\"530\" src=\"https:\/\/gem.pt\/wp-content\/uploads\/2020\/05\/Atividades_0_5.jpg\" alt=\"\" \/>                <\/p>\n<h3>\n                    Photography                <\/h3>\n<p>Present in every GEM activity, photography has gained its own space and is already asserting itself as an independent activity at GEM.<\/p>\n<p>                <\/a><br \/>\n\t\t\t\t\t        <!-- link opening --><br \/>\n                <a href=\"\/1\/index.php\/atividades\/montanhismo\/\"><br \/>\n                <!-- end link opening --><br \/>\n                    <img loading=\"lazy\" decoding=\"async\" width=\"800\" height=\"530\" src=\"https:\/\/gem.pt\/wp-content\/uploads\/2020\/05\/Atividades_0_2-1.jpg\" alt=\"\" \/>                <\/p>\n<h3>\n                    Mountaineering                <\/h3>\n<p>The desire to develop various mountain activities was essential in the creation of the GEM.<br \/>See here a little of the mountaineering history.<\/p>\n<p>                <\/a><br \/>\n\t\t\t\t\t        <!-- link opening --><br \/>\n                <a href=\"\/1\/index.php\/atividades\/montanhismo\/\"><br \/>\n                <!-- end link opening --><br \/>\n                    <img loading=\"lazy\" decoding=\"async\" width=\"800\" height=\"530\" src=\"https:\/\/gem.pt\/wp-content\/uploads\/2020\/05\/Atividades_0_9.jpg\" alt=\"\" \/>                <\/p>\n<h3>\n                    Crossing                <\/h3>\n<p>As this is one of the aspects of Mountaineering, the crossing is an activity that has its own project at GEM.<\/p>\n<p>                <\/a><br \/>\n\t\t\t\t\t        <!-- link opening --><br \/>\n                <a href=\"\/1\/index.php\/atividades\/montanhismo\/\"><br \/>\n                <!-- end link opening --><br \/>\n                    <img loading=\"lazy\" decoding=\"async\" width=\"800\" height=\"530\" src=\"https:\/\/gem.pt\/wp-content\/uploads\/2020\/05\/Atividades_0_8.jpg\" alt=\"\" \/>                <\/p>\n<h3>\n                    Alpinism                <\/h3>\n<p>One of the most demanding activities at GEM, it also has specialized training courses to prepare members who like this activity.<\/p>\n<p>                <\/a><br \/>\n\t\t\t\t\t        <!-- link opening --><br \/>\n                <a href=\"\/1\/index.php\/atividades\/bioespeleologia\/\"><br \/>\n                <!-- end link opening --><br \/>\n                    <img loading=\"lazy\" decoding=\"async\" width=\"800\" height=\"530\" src=\"https:\/\/gem.pt\/wp-content\/uploads\/2020\/05\/Atividades_0_6-1.jpg\" alt=\"\" \/>                <\/p>\n<h3>\n                    Biospeleology                <\/h3>\n<p>More than collecting, identifying and classifying living organisms, we are interested in understanding the work of cave ecosystems.<\/p>\n<p>                <\/a><br \/>\n\t\t\t\t\t        <!-- link opening --><br \/>\n                <a href=\"\/1\/index.php\/atividades\/outras-atividades\/\"><br \/>\n                <!-- end link opening --><br \/>\n                    <img loading=\"lazy\" decoding=\"async\" width=\"800\" height=\"530\" src=\"https:\/\/gem.pt\/wp-content\/uploads\/2020\/05\/Atividades_0_14-1.jpg\" alt=\"\" \/>                <\/p>\n<h3>\n                    Other Activities                <\/h3>\n<p>Tamb\u00e9m s\u00e3o disponibilizadas aos nossos s\u00f3cios outras atividades, sejam elas organizadas pelo GEM ou em estreita colabora\u00e7\u00e3o com os nossos parceiros.<\/p>\n<p>                <\/a><\/p>","protected":false},"excerpt":{"rendered":"<p>Atividades GEM Espeleologia O interesse no conhecimento e estudo do meio subterr\u00e2neo motivou a funda\u00e7\u00e3o do GEM.Saiba aqui qual o significado de espeleologia. Canyoning Uma das atividades mais recentes do GEM que conta j\u00e1 com um n\u00ba crescente de praticantes.Conhe\u00e7a aqui o seu significado. Via Ferrata Inicialmente praticado maioritariamente fora do pa\u00eds, atualmente j\u00e1 contamos [&hellip;]<\/p>\n","protected":false},"author":1,"featured_media":0,"parent":0,"menu_order":1,"comment_status":"closed","ping_status":"closed","template":"","meta":{"footnotes":""},"class_list":["post-890","page","type-page","status-publish","hentry"],"_links":{"self":[{"href":"https:\/\/gem.pt\/1\/en\/wp-json\/wp\/v2\/pages\/890","targetHints":{"allow":["GET"]}}],"collection":[{"href":"https:\/\/gem.pt\/1\/en\/wp-json\/wp\/v2\/pages"}],"about":[{"href":"https:\/\/gem.pt\/1\/en\/wp-json\/wp\/v2\/types\/page"}],"author":[{"embeddable":true,"href":"https:\/\/gem.pt\/1\/en\/wp-json\/wp\/v2\/users\/1"}],"replies":[{"embeddable":true,"href":"https:\/\/gem.pt\/1\/en\/wp-json\/wp\/v2\/comments?post=890"}],"version-history":[{"count":0,"href":"https:\/\/gem.pt\/1\/en\/wp-json\/wp\/v2\/pages\/890\/revisions"}],"wp:attachment":[{"href":"https:\/\/gem.pt\/1\/en\/wp-json\/wp\/v2\/media?parent=890"}],"curies":[{"name":"wp","href":"https:\/\/api.w.org\/{rel}","templated":true}]}}