{"id":8982,"date":"2015-04-30T23:58:13","date_gmt":"2015-04-30T22:58:13","guid":{"rendered":"https:\/\/gem.pt\/1\/?page_id=8982"},"modified":"2021-02-06T17:25:59","modified_gmt":"2021-02-06T17:25:59","slug":"os-choucos-e-algares-na-mendiga","status":"publish","type":"page","link":"https:\/\/gem.pt\/1\/en\/publicacoes\/carso-e-endocarso\/os-choucos-e-algares-na-mendiga\/","title":{"rendered":"Os Chou\u00e7os e Algares na Mendiga"},"content":{"rendered":"<figure>\n\t\t\t\t\t\t\t\t\t\t<img decoding=\"async\" src=\"https:\/\/gem.pt\/wp-content\/uploads\/elementor\/thumbs\/Artigo_Choucos-Mendiga-p2fvpdr4615w7muhveph854j275nfez1rza9unvlpc.jpg\" title=\"Artigo_Choucos Mendiga\" alt=\"Artigo_Choucos Mendiga\" \/><figcaption>Os Chou\u00e7os e Algares na Mendiga<\/figcaption><\/figure>\n<p>\t\t30 de Abril de 2015\u00a0<\/p>\n<p>Introdu\u00e7\u00e3o<\/p>\n<p>Num solarengo s\u00e1bado, duas equipas foram para o terreno.\u00a0Enquanto uma foi para o Maroi\u00e7o, a outra, na mesma zona, foi tentar encontrar uma gruta que se ouviu falar para aquelas bandas, e\u00a0verificar se coincidia com alguns dos pontos do cadastro existente no GPS.<\/p>\n<p>A equipa era composta por Ant\u00f3nio Afonso (ARCM), Bruno Pais (GEM), Florbela Silva (GEM), Nuno Rodrigues (ARCM) e Sandra Lopes (LPN-CEAE\/GEM).\t\t<\/p>\n<figure>\n\t\t\t\t\t\t\t\t\t\t\t<a href=\"https:\/\/gem.pt\/wp-content\/uploads\/2021\/02\/cm_1_web.jpg\" data-elementor-open-lightbox=\"yes\" data-elementor-lightbox-title=\"Figura 1 \u2013 Entrada do Algar Chou\u00e7o da Mendiga 1 (Foto: Florbela Silva)\"><br \/>\n\t\t\t\t\t\t\t<img loading=\"lazy\" decoding=\"async\" width=\"800\" height=\"480\" src=\"https:\/\/gem.pt\/wp-content\/uploads\/2021\/02\/cm_1_web.jpg\" alt=\"\" \/>\t\t\t\t\t\t\t\t<\/a><figcaption>Figura 1 \u2013 Entrada do Algar Chou\u00e7o da Mendiga 1 (Foto: Florbela Silva)<\/figcaption><\/figure>\n<p>\t\tDe GPS em punho l\u00e1 fomos \u00e0 procura da tal gruta que deve de ser por ali. Como \u00e9 normal nestas situa\u00e7\u00e3o encontr\u00e1mos muitas coisas, incluindo um enxame de abelhas furiosas, s\u00f3 o que procur\u00e1vamos \u00e9 que nem por isso.\t\t<\/p>\n<figure>\n\t\t\t\t\t\t\t\t\t\t\t<a href=\"https:\/\/gem.pt\/wp-content\/uploads\/2021\/02\/cm2_web_1.jpg\" data-elementor-open-lightbox=\"yes\" data-elementor-lightbox-title=\"Figura 2 \u2013 Entrada do Algar Chou\u00e7o da Mendiga 2 (Foto: Florbela Silva)\"><br \/>\n\t\t\t\t\t\t\t<img loading=\"lazy\" decoding=\"async\" width=\"384\" height=\"640\" src=\"https:\/\/gem.pt\/wp-content\/uploads\/2021\/02\/cm2_web_1.jpg\" alt=\"\" \/>\t\t\t\t\t\t\t\t<\/a><figcaption>Figura 2 \u2013 Entrada do Algar Chou\u00e7o da Mendiga 2 (Foto: Florbela Silva)<\/figcaption><\/figure>\n<figure>\n\t\t\t\t\t\t\t\t\t\t\t<a href=\"https:\/\/gem.pt\/wp-content\/uploads\/2021\/02\/cm4_web.jpg\" data-elementor-open-lightbox=\"yes\" data-elementor-lightbox-title=\"Figura 3 \u2013 Entrada do Algar Chou\u00e7o da Mendiga 4 (Foto: Florbela Silva)\"><br \/>\n\t\t\t\t\t\t\t<img loading=\"lazy\" decoding=\"async\" width=\"480\" height=\"800\" src=\"https:\/\/gem.pt\/wp-content\/uploads\/2021\/02\/cm4_web.jpg\" alt=\"\" \/>\t\t\t\t\t\t\t\t<\/a><figcaption>Figura 3 \u2013 Entrada do Algar Chou\u00e7o da Mendiga 4 (Foto: Florbela Silva)<\/figcaption><\/figure>\n<p>\t\tMas como a politica deve ser \u201cse passamos por c\u00e1 vamos registar e dar a conhecer\u201d, nem que seja s\u00f3 um algarzito, aqui\u00a0v\u00e3o\u00a0as topografias dos\u00a0tr\u00eas pontos por onde pass\u00e1mos.\u00a0Aproveitamos para incluir tamb\u00e9m\u00a0a topografia do Algar do Chouso da Mendiga 1, que j\u00e1 era conhecido\u00a0e tinha sido topografado numa sa\u00edda anterior.\t\t<\/p>\n<figure>\n\t\t\t\t\t\t\t\t\t\t\t<a href=\"https:\/\/gem.pt\/wp-content\/uploads\/2021\/02\/topo_cm_1.jpg\" data-elementor-open-lightbox=\"yes\" data-elementor-lightbox-title=\"Figura 4 \u2013 Planta do Algar do Chouso da Mendiga 1\"><br \/>\n\t\t\t\t\t\t\t<img loading=\"lazy\" decoding=\"async\" width=\"1505\" height=\"2135\" src=\"https:\/\/gem.pt\/wp-content\/uploads\/2021\/02\/topo_cm_1.jpg\" alt=\"\" \/>\t\t\t\t\t\t\t\t<\/a><figcaption>Figura 4 \u2013 Planta do Algar do Chouso da Mendiga 1<\/figcaption><\/figure>\n<figure>\n\t\t\t\t\t\t\t\t\t\t\t<a href=\"https:\/\/gem.pt\/wp-content\/uploads\/2021\/02\/topo_cm2.jpg\" data-elementor-open-lightbox=\"yes\" data-elementor-lightbox-title=\"Figura 5 \u2013 Planta do Algar do Chouso da Mendiga 2\"><br \/>\n\t\t\t\t\t\t\t<img loading=\"lazy\" decoding=\"async\" width=\"1503\" height=\"2136\" src=\"https:\/\/gem.pt\/wp-content\/uploads\/2021\/02\/topo_cm2.jpg\" alt=\"\" \/>\t\t\t\t\t\t\t\t<\/a><figcaption>Figura 5 \u2013 Planta do Algar do Chouso da Mendiga 2<\/figcaption><\/figure>\n<figure>\n\t\t\t\t\t\t\t\t\t\t\t<a href=\"https:\/\/gem.pt\/wp-content\/uploads\/2021\/02\/topo_cm3.jpg\" data-elementor-open-lightbox=\"yes\" data-elementor-lightbox-title=\"Figura 6 \u2013 Planta do Algar do Chouso da Mendiga 3\"><br \/>\n\t\t\t\t\t\t\t<img loading=\"lazy\" decoding=\"async\" width=\"1495\" height=\"2130\" src=\"https:\/\/gem.pt\/wp-content\/uploads\/2021\/02\/topo_cm3.jpg\" alt=\"\" \/>\t\t\t\t\t\t\t\t<\/a><figcaption>Figura 4 \u2013 Planta do Algar do Chouso da Mendiga 1<\/figcaption><\/figure>\n<figure>\n\t\t\t\t\t\t\t\t\t\t\t<a href=\"https:\/\/gem.pt\/wp-content\/uploads\/2021\/02\/topo_cm4.jpg\" data-elementor-open-lightbox=\"yes\" data-elementor-lightbox-title=\"Figura 7 \u2013 Planta do Algar do Chouso da Mendiga 4\"><br \/>\n\t\t\t\t\t\t\t<img loading=\"lazy\" decoding=\"async\" width=\"1495\" height=\"2124\" src=\"https:\/\/gem.pt\/wp-content\/uploads\/2021\/02\/topo_cm4.jpg\" alt=\"\" \/>\t\t\t\t\t\t\t\t<\/a><figcaption>Figura 7 \u2013 Planta do Algar do Chouso da Mendiga 4<\/figcaption><\/figure>\n<p><\/p>\n<p>Texto:&nbsp;Sandra Lopes<\/p>","protected":false},"excerpt":{"rendered":"<p>Os Chou\u00e7os e Algares na Mendiga 30 de Abril de 2015\u00a0 Introdu\u00e7\u00e3o Num solarengo s\u00e1bado, duas equipas foram para o terreno.\u00a0Enquanto uma foi para o Maroi\u00e7o, a outra, na mesma zona, foi tentar encontrar uma gruta que se ouviu falar para aquelas bandas, e\u00a0verificar se coincidia com alguns dos pontos do cadastro existente no GPS. [&hellip;]<\/p>\n","protected":false},"author":11,"featured_media":0,"parent":1574,"menu_order":0,"comment_status":"closed","ping_status":"closed","template":"","meta":{"footnotes":""},"class_list":["post-8982","page","type-page","status-publish","hentry"],"_links":{"self":[{"href":"https:\/\/gem.pt\/1\/en\/wp-json\/wp\/v2\/pages\/8982","targetHints":{"allow":["GET"]}}],"collection":[{"href":"https:\/\/gem.pt\/1\/en\/wp-json\/wp\/v2\/pages"}],"about":[{"href":"https:\/\/gem.pt\/1\/en\/wp-json\/wp\/v2\/types\/page"}],"author":[{"embeddable":true,"href":"https:\/\/gem.pt\/1\/en\/wp-json\/wp\/v2\/users\/11"}],"replies":[{"embeddable":true,"href":"https:\/\/gem.pt\/1\/en\/wp-json\/wp\/v2\/comments?post=8982"}],"version-history":[{"count":0,"href":"https:\/\/gem.pt\/1\/en\/wp-json\/wp\/v2\/pages\/8982\/revisions"}],"up":[{"embeddable":true,"href":"https:\/\/gem.pt\/1\/en\/wp-json\/wp\/v2\/pages\/1574"}],"wp:attachment":[{"href":"https:\/\/gem.pt\/1\/en\/wp-json\/wp\/v2\/media?parent=8982"}],"curies":[{"name":"wp","href":"https:\/\/api.w.org\/{rel}","templated":true}]}}