{"id":9013,"date":"2015-01-04T13:48:42","date_gmt":"2015-01-04T13:48:42","guid":{"rendered":"https:\/\/gem.pt\/1\/?page_id=9013"},"modified":"2025-12-27T18:40:37","modified_gmt":"2025-12-27T18:40:37","slug":"alguns-apontamentos-sobre-os-algares-a102a-e-a102b","status":"publish","type":"page","link":"https:\/\/gem.pt\/1\/en\/publicacoes\/carso-e-endocarso\/alguns-apontamentos-sobre-os-algares-a102a-e-a102b\/","title":{"rendered":"Alguns apontamentos sobre os algares A102A e A102B"},"content":{"rendered":"<figure>\n\t\t\t\t\t\t\t\t\t\t<img decoding=\"async\" src=\"https:\/\/gem.pt\/wp-content\/uploads\/elementor\/thumbs\/Artigo_Apontamentos-algares-A102-rcr6qk461f363nycegql4og7gjpl1n46ar3ghjj6hs.jpg\" title=\"Artigo_Apontamentos algares A102\" alt=\"Artigo_Apontamentos algares A102\" loading=\"lazy\" \/><figcaption>Alguns apontamentos sobre os algares A102A e A102B<\/figcaption><\/figure>\n<p>\t\t4 de Janeiro de 2015<\/p>\n<p>Introdu\u00e7\u00e3o<\/p>\n<p>Foi a 4\/1\/2015 que durante uma atividade de verifica\u00e7\u00e3o do cadastro do grupo de S\u00e3o Bento, realizada pelo GEM, se visitou o ponto marcado como A102. O ponto fica situado numa vertente de uma dolina com largas dezenas de metros de di\u00e2metro, mas de vertentes pouco inclinada. O ponto foi f\u00e1cil de encontrar j\u00e1 que se tratava de uma depress\u00e3o coberta de blocos, possivelmente ali postos para tapar o buraco.<\/p>\n<p>Apesar de n\u00e3o se ver nenhuma entrada clara, o grupo deitou m\u00e3o \u00e0 obra e, entusiasmados, removeram os blocos dando acesso a uma primeira gruta denominada de A102A. A gruta n\u00e3o apresentava sinais de qualquer equipagem anterior nem de ter sido explorada anteriormente. A explora\u00e7\u00e3o e topografia coube aos espele\u00f3logos, por ordem alfab\u00e9tica: Alexandre Leal (GEM), Andreia Monteiro (LPN-CEAE) e Sandra Lopes (LPN-CEAE). Rapidamente se percebeu que o po\u00e7o tinha umas dezenas de metros de profundidade e o grupo desceu entusiasmado.<\/p>\n<p>\u00a0<\/p>\n<p>C\u00e1 fora o resto da equipa dividiu-se em duas tarefas: Alexandra Leal montou o abrigo para proteger os futuros espele\u00f3logos mais jovens do pa\u00eds da chuva que se avizinhava, e os restantes, por ordem alfab\u00e9tica: Carolina Camelo (GEM), Jos\u00e9 Marques (GEM) e Paulo Rodrigues (GEM\/NALGA) dedicaram-se a alargar um outro buraco situado na ponta da depress\u00e3o oposta \u00e0 do Algar A102A. Este buraco deu mais luta a abrir, mas depois de um par de horas de muito suor e muita pedra tirada, esta equipa l\u00e1 abriu o buraco sobre uma chuva que entretanto se tornara intensa. A gruta foi finalmente descida e topografada pela equipa que se dedicou \u00e0 desobstru\u00e7\u00e3o.<\/p>\n<p>Localiza\u00e7\u00e3o<\/p>\n<p>\u00a0Os algares ficam situados perto da localidade de Moita do A\u00e7or, pr\u00f3ximo de S\u00e3o Bento, no planalto de Sto. Ant\u00f3nio, no Maci\u00e7o Calc\u00e1rio Estremenho.\u00a0<\/p>\n<p>Speleometry<\/p>\n<p>O algar A102A revelou ter uma dimens\u00e3o consider\u00e1vel com um desenvolvimento de 36m e uma profundidade de 32m, com o po\u00e7o a alargar na sua parte terminal.<\/p>\n<p>J\u00e1 o algar A102B revelou-se o irm\u00e3o mais jovem do anterior, as dimens\u00f5es s\u00e3o bastante mais reduzidas, com apenas 4 m de desenvolvimento planim\u00e9trico e uma profundidade de 5 metros.<\/p>\n<p>Pontas soltas<\/p>\n<p>\u00a0A depress\u00e3o onde se encontraram estes dois algares pode ainda dar um terceiro, entre os dois algares que agora se conhecem, a desobstru\u00e7\u00e3o embora trabalhosa, n\u00e3o parece precisar de mais do que umas alavancas e suor.\u00a0<\/p>\n<p>Alguns apontamentos de geologia dos algares<\/p>\n<p>\u00a0<\/p>\n<p>Os algares segundo a Folha 27-A da Carta geol\u00f3gica de Portugal \u00e0 escala 1\/50000 encontram-se na forma\u00e7\u00e3o de Calc\u00e1rios biocl\u00e1sticos do Coda\u00e7al, forma\u00e7\u00e3o datada do Batoniano (Jur\u00e1ssico M\u00e9dio).<\/p>\n<p>\u00a0<\/p>\n<p>O algar A102B pode ser classificado com um colector \u201cvadose shaft\u201d de acordo com a defini\u00e7\u00e3o de Baro\u00f1, 2003. O controlo estrutural do desenvolvimento da gruta \u00e9 feito por uma fratura de atitude aproximada N50-60W\/Vertical. \u00c9 muito prov\u00e1vel que a g\u00e9nese do algar A102A seja id\u00eantica e pela sua orienta\u00e7\u00e3o, o seu desenvolvimento deve ser provavelmente controlado pela mesma fratura (N50-60W\/Vertical) ou por outra da mesma fam\u00edlia.<\/p>\n<p>Topografias <\/p>\n<p>\u00a0As topografias de ambos os algares s\u00e3o apresentadas de seguida. De referir que as coordenadas do algar A102A est\u00e3o em Datum WGS84, n\u00e3o estando por lapso esta informa\u00e7\u00e3o na topografia da gruta.\t\t<\/p>\n<figure>\n\t\t\t\t\t\t\t\t\t\t\t<a href=\"https:\/\/gem.pt\/wp-content\/uploads\/2021\/02\/443_sp_casaPlanta.jpg\" data-elementor-open-lightbox=\"yes\" data-elementor-lightbox-title=\"Figura 1a \u2013 Planta do Algar A102A\" data-e-action-hash=\"#elementor-action%3Aaction%3Dlightbox%26settings%3DeyJpZCI6ODkwNywidXJsIjoiaHR0cHM6XC9cL2dlbS5wdFwvd3AtY29udGVudFwvdXBsb2Fkc1wvMjAyMVwvMDJcLzQ0M19zcF9jYXNhUGxhbnRhLmpwZyJ9\"><br \/>\n\t\t\t\t\t\t\t<img fetchpriority=\"high\" width=\"927\" height=\"1200\" src=\"https:\/\/gem.pt\/wp-content\/uploads\/2021\/02\/443_sp_casaPlanta.jpg\" alt=\"\" decoding=\"async\" \/>\t\t\t\t\t\t\t\t<\/a><figcaption>Figura 1a \u2013 Planta do Algar A102A<\/figcaption><\/figure>\n<figure>\n\t\t\t\t\t\t\t\t\t\t\t<a href=\"https:\/\/gem.pt\/wp-content\/uploads\/2021\/02\/443_sp_casaPerfil.jpg\" data-elementor-open-lightbox=\"yes\" data-elementor-lightbox-title=\"Figura 1b \u2013 Perfil do Algar A102A\" data-e-action-hash=\"#elementor-action%3Aaction%3Dlightbox%26settings%3DeyJpZCI6ODkwNiwidXJsIjoiaHR0cHM6XC9cL2dlbS5wdFwvd3AtY29udGVudFwvdXBsb2Fkc1wvMjAyMVwvMDJcLzQ0M19zcF9jYXNhUGVyZmlsLmpwZyJ9\"><br \/>\n\t\t\t\t\t\t\t<img width=\"927\" height=\"1200\" src=\"https:\/\/gem.pt\/wp-content\/uploads\/2021\/02\/443_sp_casaPerfil.jpg\" alt=\"\" decoding=\"async\" \/>\t\t\t\t\t\t\t\t<\/a><figcaption>Figura 1b \u2013 Perfil do Algar A102A<\/figcaption><\/figure>\n<figure>\n\t\t\t\t\t\t\t\t\t\t\t<a href=\"https:\/\/gem.pt\/wp-content\/uploads\/2021\/02\/Topografia_do_algar_A102B.jpg\" data-elementor-open-lightbox=\"yes\" data-elementor-lightbox-title=\"Figura 2 \u2013 Topografia do Algar A102B\" data-e-action-hash=\"#elementor-action%3Aaction%3Dlightbox%26settings%3DeyJpZCI6ODkwOCwidXJsIjoiaHR0cHM6XC9cL2dlbS5wdFwvd3AtY29udGVudFwvdXBsb2Fkc1wvMjAyMVwvMDJcL1RvcG9ncmFmaWFfZG9fYWxnYXJfQTEwMkIuanBnIn0%3D\"><br \/>\n\t\t\t\t\t\t\t<img width=\"1213\" height=\"720\" src=\"https:\/\/gem.pt\/wp-content\/uploads\/2021\/02\/Topografia_do_algar_A102B.jpg\" alt=\"\" decoding=\"async\" \/>\t\t\t\t\t\t\t\t<\/a><figcaption>Figura 2 \u2013 Topografia do Algar A102B<\/figcaption><\/figure>\n<p>\u00a0<\/p>\n<p>Bibliography<\/p>\n<ul style=\"margin-right: 0px; margin-bottom: 0px; padding-right: 0.3em; padding-left: 2em; clear: both;\">\n<li>Manupella, G., Telles Antunes, M., Costa Almeida, C.A., Azer\u00eado, A.C., Barbosa, B., Cardoso, J.L., Crispim, J.A., Duarte, L.V., Henriques, M.H., Martins, L.T., Ramalho, M.M.; Santos, V.F.; Terrinha. P.; (2000). Carta Geol\u00f3gica de Portugal \u2013 Vila Nova de Our\u00e9m, Folha 27-A, \u00e1 escala 1:50000, e Nota explicativa, Instituto Geol\u00f3gico e Mineiro, Lisboa.<\/li>\n<li>Baro\u00f1, Ivo (2003) \u2013 Speleogenesis along subv ertical joints: A model of plateau karstshaft development: A case study: the Doln\u00fd Vrch Plateau (Slovak Republic), Cave&amp;Karst Science 29 (1), 2002, 5-12.\u00a0 010\u200b<\/li>\n<\/ul>\n<p>\u00a0Texto e geologia: Paulo RodriguesTopografia do Algar A102A: Alexandre Leal (GEM), Andreia Monteiro (LPN-CEAE) e Sandra LopesArte final da topografia do Algar A102A: Sandra LopesTopografia do Algar A102B: Carolina Camelo (GEM), Jos\u00e9 Marques (GEM) e Paulo Rodrigues (GEM\/NALGA)Arte final da topografia do algar A102B: Paulo Rodrigues (GEM\/NALGA)<\/p>","protected":false},"excerpt":{"rendered":"<p>Alguns apontamentos sobre os algares A102A e A102B 4 de Janeiro de 2015 Introdu\u00e7\u00e3o Foi a 4\/1\/2015 que durante uma atividade de verifica\u00e7\u00e3o do cadastro do grupo de S\u00e3o Bento, realizada pelo GEM, se visitou o ponto marcado como A102. O ponto fica situado numa vertente de uma dolina com largas dezenas de metros de [&hellip;]<\/p>\n","protected":false},"author":12,"featured_media":0,"parent":1574,"menu_order":0,"comment_status":"closed","ping_status":"closed","template":"","meta":{"footnotes":""},"class_list":["post-9013","page","type-page","status-publish","hentry"],"_links":{"self":[{"href":"https:\/\/gem.pt\/1\/en\/wp-json\/wp\/v2\/pages\/9013","targetHints":{"allow":["GET"]}}],"collection":[{"href":"https:\/\/gem.pt\/1\/en\/wp-json\/wp\/v2\/pages"}],"about":[{"href":"https:\/\/gem.pt\/1\/en\/wp-json\/wp\/v2\/types\/page"}],"author":[{"embeddable":true,"href":"https:\/\/gem.pt\/1\/en\/wp-json\/wp\/v2\/users\/12"}],"replies":[{"embeddable":true,"href":"https:\/\/gem.pt\/1\/en\/wp-json\/wp\/v2\/comments?post=9013"}],"version-history":[{"count":6,"href":"https:\/\/gem.pt\/1\/en\/wp-json\/wp\/v2\/pages\/9013\/revisions"}],"predecessor-version":[{"id":22284,"href":"https:\/\/gem.pt\/1\/en\/wp-json\/wp\/v2\/pages\/9013\/revisions\/22284"}],"up":[{"embeddable":true,"href":"https:\/\/gem.pt\/1\/en\/wp-json\/wp\/v2\/pages\/1574"}],"wp:attachment":[{"href":"https:\/\/gem.pt\/1\/en\/wp-json\/wp\/v2\/media?parent=9013"}],"curies":[{"name":"wp","href":"https:\/\/api.w.org\/{rel}","templated":true}]}}