{"id":9152,"date":"2021-02-09T21:40:16","date_gmt":"2021-02-09T21:40:16","guid":{"rendered":"https:\/\/gem.pt\/1\/?page_id=9152"},"modified":"2021-03-16T23:49:11","modified_gmt":"2021-03-16T23:49:11","slug":"iniciar-sessao","status":"publish","type":"page","link":"https:\/\/gem.pt\/1\/en\/iniciar-sessao\/","title":{"rendered":"Login"},"content":{"rendered":"<p>Acesso reservado a s\u00f3cios GEM<br \/>\n[clean-login]Se ainda n\u00e3o \u00e9 s\u00f3cio inscreva-se j\u00e1 para aceder a mais atividades, mais conte\u00fados e muitas outras vantagens<\/p>\n","protected":false},"excerpt":{"rendered":"<p>Acesso reservado a s\u00f3cios GEM [clean-login]Se ainda n\u00e3o \u00e9 s\u00f3cio inscreva-se j\u00e1 para aceder a mais atividades, mais conte\u00fados e muitas outras vantagens<\/p>\n","protected":false},"author":1,"featured_media":0,"parent":0,"menu_order":0,"comment_status":"closed","ping_status":"closed","template":"","meta":{"footnotes":""},"class_list":["post-9152","page","type-page","status-publish","hentry"],"_links":{"self":[{"href":"https:\/\/gem.pt\/1\/en\/wp-json\/wp\/v2\/pages\/9152","targetHints":{"allow":["GET"]}}],"collection":[{"href":"https:\/\/gem.pt\/1\/en\/wp-json\/wp\/v2\/pages"}],"about":[{"href":"https:\/\/gem.pt\/1\/en\/wp-json\/wp\/v2\/types\/page"}],"author":[{"embeddable":true,"href":"https:\/\/gem.pt\/1\/en\/wp-json\/wp\/v2\/users\/1"}],"replies":[{"embeddable":true,"href":"https:\/\/gem.pt\/1\/en\/wp-json\/wp\/v2\/comments?post=9152"}],"version-history":[{"count":0,"href":"https:\/\/gem.pt\/1\/en\/wp-json\/wp\/v2\/pages\/9152\/revisions"}],"wp:attachment":[{"href":"https:\/\/gem.pt\/1\/en\/wp-json\/wp\/v2\/media?parent=9152"}],"curies":[{"name":"wp","href":"https:\/\/api.w.org\/{rel}","templated":true}]}}