{"id":961,"date":"2020-05-24T21:30:36","date_gmt":"2020-05-24T21:30:36","guid":{"rendered":"https:\/\/gem.pt\/@teste\/?page_id=961"},"modified":"2025-02-15T16:44:41","modified_gmt":"2025-02-15T16:44:41","slug":"climatologia","status":"publish","type":"page","link":"https:\/\/gem.pt\/1\/en\/projetos\/climatologia\/","title":{"rendered":"Climatology"},"content":{"rendered":"<p>\u00a0<\/p>\n<p>Climatology<br \/>ECGPC -\u00a0Estudo Climatol\u00f3gico das Grutas de Portugal Continental<br \/>Inicio:\u00a01-10-2008<br style=\"letter-spacing: normal; font-family: Questrial; font-size: 12px; white-space: pre-line;\" \/>Tempo de execu\u00e7\u00e3o: 20 anos\u00a0<\/p>\n<hr \/>\n<p>\u00a0<img fetchpriority=\"high\" decoding=\"async\" src=\"https:\/\/gem.pt\/wp-content\/uploads\/2020\/05\/Publicacoes_1_0-e1590360705286.jpg\" alt=\"\" width=\"258\" height=\"300\" data-wp-editing=\"1\" \/>Introdu\u00e7\u00e3oEste projeto nasce da necessidade de aferi\u00e7\u00e3o e valida\u00e7\u00e3o dos dados climatol\u00f3gicos existentes at\u00e9 ao presente recolhidos em meio cavern\u00edcola. Nos v\u00e1rios estudos de espeleog\u00e9nese s\u00e3o referidos valores observados casuisticamente e recolhidos com equipamentos e condi\u00e7\u00f5es n\u00e3o determinadas.\u00a0O Planeta terra encontra-se num momento chave de altera\u00e7\u00e3o clim\u00e1tica. A mudan\u00e7a que est\u00e1 a surgir n\u00e3o \u00e9 s\u00f3 por for\u00e7a do fim duma era Glaciar mas pela interven\u00e7\u00e3o n\u00e3o sustentada do Homem.\u00a0As grutas guardam uma parte importante da Hist\u00f3ria clim\u00e1tica do Planeta, preservando os momentos das mudan\u00e7as Clim\u00e1ticas do Planeta Terra.Neste estudo pretende-se\u00a0usar as grutas para fazer uma recolha sistem\u00e1tica de dados de temperatura e humidade. Os dados recolhidos devem ser usados para estudo comparativo e relacional com as ocorr\u00eancias clim\u00e1ticas \u00e0 superf\u00edcie.\u00a0ObjetivoA recolha dos dados de temperatura e humidade, ser\u00e1 feita nas grutas seleccionadas nas regi\u00f5es de Serra de Sic\u00f3, Serra de Aire e Candeeiros, Serra de Montejunto, Concelho de Sintra, Serra da Arr\u00e1bida e Algarve. A periodicidade da recolha dos dados ser\u00e1 efectuada em 3 per\u00edodos de 4 meses dividida pelo ano.\u00a0As visitas \u00e0s grutas s\u00e3o de acordo com o Plano de Atividades. O GEM recolhe dados em todas as atividades espeleol\u00f3gicas que esteja inserido. O estudo efetuado deve servir de suporte \u00e0 comunidade cient\u00edfica. O per\u00edodo de 5 anos ser\u00e1 considerado um per\u00edodo m\u00ednimo para publica\u00e7\u00e3o dos dados preliminares do estudo.<\/p>","protected":false},"excerpt":{"rendered":"<p>\u00a0 ClimatologiaECGPC &#8211;\u00a0Estudo Climatol\u00f3gico das Grutas de Portugal ContinentalInicio:\u00a01-10-2008Tempo de execu\u00e7\u00e3o: 20 anos\u00a0 \u00a0Introdu\u00e7\u00e3oEste projeto nasce da necessidade de aferi\u00e7\u00e3o e valida\u00e7\u00e3o dos dados climatol\u00f3gicos existentes at\u00e9 ao presente recolhidos em meio cavern\u00edcola. Nos v\u00e1rios estudos de espeleog\u00e9nese s\u00e3o referidos valores observados casuisticamente e recolhidos com equipamentos e condi\u00e7\u00f5es n\u00e3o determinadas.\u00a0O Planeta terra encontra-se num [&hellip;]<\/p>\n","protected":false},"author":1,"featured_media":0,"parent":850,"menu_order":0,"comment_status":"closed","ping_status":"closed","template":"","meta":{"footnotes":""},"class_list":["post-961","page","type-page","status-publish","hentry"],"_links":{"self":[{"href":"https:\/\/gem.pt\/1\/en\/wp-json\/wp\/v2\/pages\/961","targetHints":{"allow":["GET"]}}],"collection":[{"href":"https:\/\/gem.pt\/1\/en\/wp-json\/wp\/v2\/pages"}],"about":[{"href":"https:\/\/gem.pt\/1\/en\/wp-json\/wp\/v2\/types\/page"}],"author":[{"embeddable":true,"href":"https:\/\/gem.pt\/1\/en\/wp-json\/wp\/v2\/users\/1"}],"replies":[{"embeddable":true,"href":"https:\/\/gem.pt\/1\/en\/wp-json\/wp\/v2\/comments?post=961"}],"version-history":[{"count":0,"href":"https:\/\/gem.pt\/1\/en\/wp-json\/wp\/v2\/pages\/961\/revisions"}],"up":[{"embeddable":true,"href":"https:\/\/gem.pt\/1\/en\/wp-json\/wp\/v2\/pages\/850"}],"wp:attachment":[{"href":"https:\/\/gem.pt\/1\/en\/wp-json\/wp\/v2\/media?parent=961"}],"curies":[{"name":"wp","href":"https:\/\/api.w.org\/{rel}","templated":true}]}}