{"id":1001,"date":"2020-05-26T21:29:55","date_gmt":"2020-05-26T21:29:55","guid":{"rendered":"https:\/\/gem.pt\/@teste\/?page_id=1001"},"modified":"2020-05-28T23:08:55","modified_gmt":"2020-05-28T23:08:55","slug":"espeleo-barlavento","status":"publish","type":"page","link":"https:\/\/gem.pt\/1\/projetos\/espeleo-barlavento\/","title":{"rendered":"Espeleo-Barlavento"},"content":{"rendered":"<p>\u00a0<\/p>\n<p>Espeleo-Barlavento<\/p>\n<hr \/>\n<p>\u00a0Introdu\u00e7\u00e3o<img fetchpriority=\"high\" decoding=\"async\" src=\"https:\/\/gem.pt\/wp-content\/uploads\/2020\/05\/Projetos_4_1.jpg\" alt=\"\" width=\"266\" height=\"400\" \/>O Barlavento engloba a franja costeira entre a praia do Burgau e a foz da ribeira de Quarteira e corresponde \u00e0 unidade central do Algarve, onde se concentra o n\u00facleo da actividade tur\u00edstica da regi\u00e3o. Ocupando apenas cerca de 30% do comprimento total da franja costeira do Algarve, o litoral do Barlavento acolhe 60% dos turistas que visitam ou utilizam as praias da regi\u00e3o.\u00a0A faixa costeira com arribas amarelas, talhadas em calcoarenitos mioc\u00e9nicos, que suportam praias encaixadas de pequenas dimens\u00f5es, acumuladas nas reentr\u00e2ncias geradas pela irregularidade da eros\u00e3o costeira. Nesta sequ\u00eancia descont\u00ednua e intermitente de movimentos de massa que se revestem de m\u00faltiplas formas, desde os grandes movimentos associados ao colapso de cavidades c\u00e1rsicas.\u00a0A geodin\u00e2mica natural das arribas e o modelo de ocupa\u00e7\u00e3o tur\u00edstica do Barlavento determinam a exist\u00eancia de risco quer para os utentes das praias por elas suportadas, quer para as estruturas implantadas no topo das costeiras, quer ainda para embarca\u00e7\u00f5es que naveguem junto \u00e0 costa.\u00a0ObjetivoEstudar, inventariar e topografar as cavidades do litoral Algarvio entre Arma\u00e7\u00e3o de Pera e Lagos.\u00a0Numa primeira abordagem entre furnas e algares foram identificadas 34 cavidades.\u00a0<img decoding=\"async\" src=\"https:\/\/gem.pt\/wp-content\/uploads\/2020\/05\/Projetos_4_2.png\" alt=\"\" width=\"800\" height=\"366\" data-wp-editing=\"1\" \/>\u00a0Implanta\u00e7\u00e3o da georefer\u00eancia\u00e7\u00e3o das cavidades em Google Earth por Vitor Amendoeira (GEM)<\/p>\n","protected":false},"excerpt":{"rendered":"<p>\u00a0 Espeleo-Barlavento \u00a0Introdu\u00e7\u00e3oO Barlavento engloba a franja costeira entre a praia do Burgau e a foz da ribeira de Quarteira e corresponde \u00e0 unidade central do Algarve, onde se concentra o n\u00facleo da actividade tur\u00edstica da regi\u00e3o. Ocupando apenas cerca de 30% do comprimento total da franja costeira do Algarve, o litoral do Barlavento acolhe [&hellip;]<\/p>\n","protected":false},"author":1,"featured_media":0,"parent":850,"menu_order":3,"comment_status":"closed","ping_status":"closed","template":"","meta":{"footnotes":""},"class_list":["post-1001","page","type-page","status-publish","hentry"],"_links":{"self":[{"href":"https:\/\/gem.pt\/1\/wp-json\/wp\/v2\/pages\/1001","targetHints":{"allow":["GET"]}}],"collection":[{"href":"https:\/\/gem.pt\/1\/wp-json\/wp\/v2\/pages"}],"about":[{"href":"https:\/\/gem.pt\/1\/wp-json\/wp\/v2\/types\/page"}],"author":[{"embeddable":true,"href":"https:\/\/gem.pt\/1\/wp-json\/wp\/v2\/users\/1"}],"replies":[{"embeddable":true,"href":"https:\/\/gem.pt\/1\/wp-json\/wp\/v2\/comments?post=1001"}],"version-history":[{"count":0,"href":"https:\/\/gem.pt\/1\/wp-json\/wp\/v2\/pages\/1001\/revisions"}],"up":[{"embeddable":true,"href":"https:\/\/gem.pt\/1\/wp-json\/wp\/v2\/pages\/850"}],"wp:attachment":[{"href":"https:\/\/gem.pt\/1\/wp-json\/wp\/v2\/media?parent=1001"}],"curies":[{"name":"wp","href":"https:\/\/api.w.org\/{rel}","templated":true}]}}