{"id":1023,"date":"2020-05-26T23:34:59","date_gmt":"2020-05-26T23:34:59","guid":{"rendered":"https:\/\/gem.pt\/@teste\/?page_id=1023"},"modified":"2020-09-24T11:26:34","modified_gmt":"2020-09-24T11:26:34","slug":"olho-da-mata","status":"publish","type":"page","link":"https:\/\/gem.pt\/1\/projetos\/olho-da-mata\/","title":{"rendered":"Olho da Mata"},"content":{"rendered":"<p>\u00a0<\/p>\n<p>Olho da Mata<br \/>O projeto Olho da Mata consiste em reiniciar a explora\u00e7\u00e3o de uma gruta, cujos \u00faltimos trabalhos conhecidos datam do final dos anos 80.<\/p>\n<hr \/>\n<p>\u00a0A gruta foi na altura topografada, tendo esta topografia sido inclusive publicada. A zona terminal da gruta continua a ter segundo os relatos ainda potenciais continua\u00e7\u00f5es que nunca foram exploradas. A gruta abre-se nas escarpas do Arrife e \u00e9 um coletor fre\u00e1tico, funcionando como uma nascente tempor\u00e1ria.\u00a0A sua localiza\u00e7\u00e3o estrat\u00e9gica permite antever potencias liga\u00e7\u00f5es, resta saber se acess\u00edveis a espele\u00f3logos, a outras nascentes ativas como Vila Moreira, e quem sabe a nascente do Alviela, ou mesmo a grutas j\u00e1 abandonadas pela circula\u00e7\u00e3o como o algar das Gralhas VII. Os trabalhos do ano anterior permitiram o reconhecimento de cerca de 2\/3 da extens\u00e3o topografada da gruta. Acalmem-se os mais friorentos e temerosos das verticais, at\u00e9 agora apenas s\u00e3o conhecidos dois sif\u00f5es (ambos perto da entrada) e a progress\u00e3o \u00e9 sobretudo horizontal, apenas se tendo de vencer alguns destrepes.\u00a0Para mais, esta gruta est\u00e1 \"condenada\" pois encontra-se numa \u00e1rea em que foi concessionada uma pedreira cuja labora\u00e7\u00e3o j\u00e1 come\u00e7ou e que provavelmente levar\u00e1 \u00e0 destrui\u00e7\u00e3o desta gruta. J\u00e1 n\u00e3o resta muito tempo para quem a quiser visitar. Aproveite-se enquanto se pode.\u00a0<img fetchpriority=\"high\" decoding=\"async\" style=\"text-align: center;\" src=\"https:\/\/gem.pt\/wp-content\/uploads\/2020\/05\/Projetos_6_1.png\" alt=\"\" width=\"900\" height=\"581\" \/>\u00a0Implanta\u00e7\u00e3o em SIG por Pedro Robalo (GEM)<\/p>\n","protected":false},"excerpt":{"rendered":"<p>\u00a0 Olho da MataO projeto Olho da Mata consiste em reiniciar a explora\u00e7\u00e3o de uma gruta, cujos \u00faltimos trabalhos conhecidos datam do final dos anos 80. \u00a0A gruta foi na altura topografada, tendo esta topografia sido inclusive publicada. A zona terminal da gruta continua a ter segundo os relatos ainda potenciais continua\u00e7\u00f5es que nunca foram [&hellip;]<\/p>\n","protected":false},"author":1,"featured_media":0,"parent":850,"menu_order":6,"comment_status":"closed","ping_status":"closed","template":"","meta":{"footnotes":""},"class_list":["post-1023","page","type-page","status-publish","hentry"],"_links":{"self":[{"href":"https:\/\/gem.pt\/1\/wp-json\/wp\/v2\/pages\/1023","targetHints":{"allow":["GET"]}}],"collection":[{"href":"https:\/\/gem.pt\/1\/wp-json\/wp\/v2\/pages"}],"about":[{"href":"https:\/\/gem.pt\/1\/wp-json\/wp\/v2\/types\/page"}],"author":[{"embeddable":true,"href":"https:\/\/gem.pt\/1\/wp-json\/wp\/v2\/users\/1"}],"replies":[{"embeddable":true,"href":"https:\/\/gem.pt\/1\/wp-json\/wp\/v2\/comments?post=1023"}],"version-history":[{"count":0,"href":"https:\/\/gem.pt\/1\/wp-json\/wp\/v2\/pages\/1023\/revisions"}],"up":[{"embeddable":true,"href":"https:\/\/gem.pt\/1\/wp-json\/wp\/v2\/pages\/850"}],"wp:attachment":[{"href":"https:\/\/gem.pt\/1\/wp-json\/wp\/v2\/media?parent=1023"}],"curies":[{"name":"wp","href":"https:\/\/api.w.org\/{rel}","templated":true}]}}