{"id":1095,"date":"2020-05-27T23:22:48","date_gmt":"2020-05-27T23:22:48","guid":{"rendered":"https:\/\/gem.pt\/@teste\/?page_id=1095"},"modified":"2025-05-17T20:20:02","modified_gmt":"2025-05-17T19:20:02","slug":"iniciacao-ao-montanhismo","status":"publish","type":"page","link":"https:\/\/gem.pt\/1\/formacao\/iniciacao-ao-montanhismo\/","title":{"rendered":"Inicia\u00e7\u00e3o ao Montanhismo"},"content":{"rendered":"<p>\u00a0<\/p>\n<p>Curso de Inicia\u00e7\u00e3o ao Montanhismo<br \/>Curso N1\u00a0\u2013 Inicia\u00e7\u00e3o<\/p>\n<hr \/>\n<p>\u00a0<img fetchpriority=\"high\" decoding=\"async\" src=\"https:\/\/gem.pt\/wp-content\/uploads\/2020\/05\/Formacao_4_1.jpg\" alt=\"\" width=\"367\" height=\"550\" \/>O curso de inicia\u00e7\u00e3o ao Montanhismo consiste na obten\u00e7\u00e3o de conhecimentos t\u00e9cnicos de forma a capacitar os formandos a realizar em autonomia e seguran\u00e7a atividades de montanha de dificuldade baixa em terreno acidentado.\u00a0Durante a\u00a0forma\u00e7\u00e3o s\u00e3o abordados temas como: seguran\u00e7a, progress\u00e3o, meteorologia, orienta\u00e7\u00e3o, manobras de cordas e pernoita.\u00a0O praticante n\u00e3o fica apto para atividades\u00a0que seja necess\u00e1rio a utiliza\u00e7\u00e3o de t\u00e9cnicas invernais em Montanha e Alpinismo.\u00a0Este curso\u00a0n\u00e3o confere credencia\u00e7\u00e3o t\u00e9cnica.\u00a0Calend\u00e1rio e Inscri\u00e7\u00f5esVeja\u00a0no <u><a style=\"color: inherit;\" title=\"\" href=\"\/index.php\/atividades\/plano-de-atividades\/\" type=\"\" data-attached-link=\"{\">plano de atividades<\/a><\/u> as pr\u00f3ximas forma\u00e7\u00f5es de Inicia\u00e7\u00e3o ao Montanhismo. Para marca\u00e7\u00f5es de grupos ou outras datas contacte o GEM atrav\u00e9s do <u><a style=\"color: inherit;\" title=\"\" href=\"mailto:geral@gem.pt\" type=\"\" data-attached-link=\"{\">geral@gem.pt<\/a><\/u><u><\/u>.\u00a0<strong><u>Valor de inscri\u00e7\u00e3o<\/u><\/strong>:\u00a0Ver folheto do respetivo programa de forma\u00e7\u00e3o (inclui: equipamento\u00a0coletivo de seguran\u00e7a, seguro pessoal, quota de s\u00f3cio tempor\u00e1rio, e certificado de forma\u00e7\u00e3o).\u00a0<strong><u>Formul\u00e1rio de Inscri\u00e7\u00e3o<\/u><\/strong>: Para se inscrever na forma\u00e7\u00e3o dever\u00e1 efetuar o pedido\u00a0para\u00a0<u><a style=\"color: inherit;\" title=\"\" href=\"mailto:geral@gem.pt\" type=\"\" data-attached-link=\"{\">geral@gem.pt<\/a><\/u>\u00a0dentro do prazo de inscri\u00e7\u00e3o,\u00a0juntamente com o comprovativo do pagamento do valor de inscri\u00e7\u00e3o, de acordo com as instru\u00e7\u00f5es do\u00a0folheto de divulga\u00e7\u00e3o da forma\u00e7\u00e3o. Se n\u00e3o for s\u00f3cio GEM, dever\u00e1 incluir no pedido\u00a0a <a style=\"color: #ff9900; text-decoration: underline;\" href=\"\/wp-content\/uploads\/2020\/09\/Proposta-de-Socio-Aderente_GEM_2017.pdf\" target=\"_blank\" rel=\"noopener\">proposta de s\u00f3cio aderente<\/a>\u00a0preenchida\u00a0por completo.<\/p>\n","protected":false},"excerpt":{"rendered":"<p>\u00a0 Curso de Inicia\u00e7\u00e3o ao MontanhismoCurso N1\u00a0\u2013 Inicia\u00e7\u00e3o \u00a0O curso de inicia\u00e7\u00e3o ao Montanhismo consiste na obten\u00e7\u00e3o de conhecimentos t\u00e9cnicos de forma a capacitar os formandos a realizar em autonomia e seguran\u00e7a atividades de montanha de dificuldade baixa em terreno acidentado.\u00a0Durante a\u00a0forma\u00e7\u00e3o s\u00e3o abordados temas como: seguran\u00e7a, progress\u00e3o, meteorologia, orienta\u00e7\u00e3o, manobras de cordas e pernoita.\u00a0O [&hellip;]<\/p>\n","protected":false},"author":1,"featured_media":0,"parent":867,"menu_order":3,"comment_status":"closed","ping_status":"closed","template":"","meta":{"footnotes":""},"class_list":["post-1095","page","type-page","status-publish","hentry"],"_links":{"self":[{"href":"https:\/\/gem.pt\/1\/wp-json\/wp\/v2\/pages\/1095","targetHints":{"allow":["GET"]}}],"collection":[{"href":"https:\/\/gem.pt\/1\/wp-json\/wp\/v2\/pages"}],"about":[{"href":"https:\/\/gem.pt\/1\/wp-json\/wp\/v2\/types\/page"}],"author":[{"embeddable":true,"href":"https:\/\/gem.pt\/1\/wp-json\/wp\/v2\/users\/1"}],"replies":[{"embeddable":true,"href":"https:\/\/gem.pt\/1\/wp-json\/wp\/v2\/comments?post=1095"}],"version-history":[{"count":0,"href":"https:\/\/gem.pt\/1\/wp-json\/wp\/v2\/pages\/1095\/revisions"}],"up":[{"embeddable":true,"href":"https:\/\/gem.pt\/1\/wp-json\/wp\/v2\/pages\/867"}],"wp:attachment":[{"href":"https:\/\/gem.pt\/1\/wp-json\/wp\/v2\/media?parent=1095"}],"curies":[{"name":"wp","href":"https:\/\/api.w.org\/{rel}","templated":true}]}}