{"id":1155,"date":"2020-05-29T23:13:53","date_gmt":"2020-05-29T23:13:53","guid":{"rendered":"https:\/\/gem.pt\/@teste\/?page_id=1155"},"modified":"2020-05-29T23:20:57","modified_gmt":"2020-05-29T23:20:57","slug":"codigo-de-etica","status":"publish","type":"page","link":"https:\/\/gem.pt\/1\/atividades\/espeleologia\/codigo-de-etica\/","title":{"rendered":"C\u00f3digo de \u00c9tica"},"content":{"rendered":"<p><em style=\"letter-spacing: normal; line-height: 0.1; caret-color: #757575; color: #757575; font-family: Questrial; font-size: 12px; white-space: pre-line;\">\u00a0\u00a0<\/em><\/p>\n<p>C\u00f3digo de \u00c9tica Espeleol\u00f3gica<\/p>\n<p><em style=\"letter-spacing: normal; caret-color: #757575; color: #757575; font-family: Questrial; font-size: 12px; white-space: pre-line;\">Documento aprovado pela Assembleia Geral da Federa\u00e7\u00e3o Portuguesa de Espeleologia em 13 de Fevereiro de 2005<\/em>\u00a0<\/p>\n<hr \/>\n<p>\u00a0<strong style=\"caret-color: #e78b00; color: #e78b00; font-size: 18px;\">Pre\u00e2mbulo<\/strong>A \u00e9tica \u00e9 a pedra de toque da pr\u00e1tica da espeleologia. A \u00e9tica espeleol\u00f3gica pode condensar-se em duas ideias muito simples: o respeito pela equipa e o respeito pelo Ambiente. Sem isso, tudo o resto \u2013 o gosto pela explora\u00e7\u00e3o, a voca\u00e7\u00e3o cient\u00edfica, a profici\u00eancia t\u00e9cnica ou desportiva, os interesses econ\u00f3micos ou outros \u2013 nada vale. Quem n\u00e3o for capaz de respeitar a \u00e9tica espeleol\u00f3gica, n\u00e3o \u00e9 um espele\u00f3logo.\u00a0<strong style=\"caret-color: #e78b00; color: #e78b00; font-size: 18px;\">1. Os espele\u00f3logos devem promover a protec\u00e7\u00e3o das grutas e do Ambiente.<\/strong><br \/>Os grupos de espeleologia devem assumir-se tamb\u00e9m como organiza\u00e7\u00f5es de defesa do ambiente, protegendo e valorizando o meio cavern\u00edcola e as regi\u00f5es envolventes, por todos os meios ao seu alcance.<strong style=\"caret-color: #e78b00; color: #e78b00; font-size: 18px;\"><br \/><\/strong>\u00a0<strong style=\"caret-color: #e78b00; color: #e78b00; font-size: 18px;\">2. Os espele\u00f3logos devem valorizar a seguran\u00e7a, a confian\u00e7a e o respeito m\u00fatuo.<\/strong><br \/>Os espele\u00f3logos devem cumprir rigorosamente as regras de seguran\u00e7a e assumir permanentemente uma postura de coopera\u00e7\u00e3o e entreajuda. A seguran\u00e7a de um implica a seguran\u00e7a de todos, bem como de terceiros que possam ser chamados a intervir em caso de acidente.<strong style=\"caret-color: #e78b00; color: #e78b00; font-size: 18px;\"><br \/><\/strong>\u00a0<strong style=\"caret-color: #e78b00; color: #e78b00; font-size: 18px;\">3. Os espele\u00f3logos devem reconhecer reciprocamente o trabalho uns dos outros.<\/strong><br \/>O interc\u00e2mbio \u00e9 essencial, seja atrav\u00e9s de publica\u00e7\u00f5es ou de contactos inter-grupos. Um grupo de espeleologia nunca pode considerar como \u201csua\u201d uma qualquer gruta, pois o meio cavern\u00edcola \u00e9 dom\u00ednio p\u00fablico e patrim\u00f3nio comum de todos n\u00f3s, espele\u00f3logos e n\u00e3o s\u00f3.<strong style=\"caret-color: #e78b00; color: #e78b00; font-size: 18px;\"><br \/><\/strong>\u00a0<strong style=\"caret-color: #e78b00; color: #e78b00; font-size: 18px;\">4. O acesso \u00e0s grutas deve em regra ser aberto e natural.<\/strong><br \/>O acesso ao meio cavern\u00edcola apenas deve ser condicionado por exig\u00eancias de seguran\u00e7a e protec\u00e7\u00e3o ambiental. Os espele\u00f3logos devem abster-se de facilitar ou dificultar artificialmente o acesso \u00e0s grutas. Devem defender o uso sustent\u00e1vel do meio cavern\u00edcola; entre outros aspectos, s\u00f3 devem prestar colabora\u00e7\u00e3o \u00e0 actividade tur\u00edstica em grutas se for assegurada a devida protec\u00e7\u00e3o da cavidade e do ambiente envolvente.\u00a0<strong style=\"caret-color: #e78b00; color: #e78b00; font-size: 18px;\">5. A progress\u00e3o nas grutas deve ser feita com o m\u00ednimo de intrus\u00e3o.<\/strong><br \/>A equipagem de pontos de fixa\u00e7\u00e3o deve limitar ao m\u00ednimo a artificializa\u00e7\u00e3o da cavidade. Deve usar-se por sistema apenas o percurso de menor impacto e maior seguran\u00e7a. Deve haver cuidado para n\u00e3o danificar o meio, designadamente forma\u00e7\u00f5es geol\u00f3gicas, \u00e1gua represada ou corrente, seres vivos, guano, vest\u00edgios paleontol\u00f3gicos ou arqueol\u00f3gicos e outros aspectos not\u00e1veis.<strong style=\"caret-color: #e78b00; color: #e78b00; font-size: 18px;\"><br \/><\/strong>\u00a0<strong style=\"caret-color: #e78b00; color: #e78b00; font-size: 18px;\">6. Os habitantes das grutas n\u00e3o devem ser molestados.<\/strong><br \/>Apenas para fins de an\u00e1lise cient\u00edfica poder\u00e3o ser realizadas colheitas, de forma a n\u00e3o afectar o habitat e a comunidade bi\u00f3tica. Devem tomar-se sempre as devidas precau\u00e7\u00f5es para minimizar o impacto da visita. Em particular, no caso de cavidades com col\u00f3nias de morcegos, devem ser evitadas as visitas em per\u00edodos cr\u00edticos (hiberna\u00e7\u00e3o, cria\u00e7\u00e3o e per\u00edodo diurno).<strong style=\"caret-color: #e78b00; color: #e78b00; font-size: 18px;\"><br \/><\/strong>\u00a0<strong style=\"caret-color: #e78b00; color: #e78b00; font-size: 18px;\">7. N\u00e3o se devem danificar concre\u00e7\u00f5es e outras forma\u00e7\u00f5es.<\/strong><br \/>A destrui\u00e7\u00e3o de forma\u00e7\u00f5es s\u00f3 \u00e9 admiss\u00edvel se n\u00e3o houver outra alternativa para atingir uma passagem, ou se for imperativo para evacuar de emerg\u00eancia um acidentado. As desobstru\u00e7\u00f5es devem ser sempre efectuadas com bom senso, minimizando o impacto no patrim\u00f3nio.<strong style=\"caret-color: #e78b00; color: #e78b00; font-size: 18px;\"><br \/><\/strong>\u00a0<strong style=\"caret-color: #e78b00; color: #e78b00; font-size: 18px;\">8. Deve minimizar-se a altera\u00e7\u00e3o do clima e da ecologia das grutas.<\/strong><br \/>Visitas a zonas remotas ou pouco ventiladas devem ser breves, tanto por motivos de seguran\u00e7a como ambientais. Deve procurar usar-se ilumina\u00e7\u00e3o de impacto m\u00ednimo. Nunca deve ser deixada ilumina\u00e7\u00e3o permanente durante per\u00edodos longos, mesmo para a realiza\u00e7\u00e3o de trabalhos cient\u00edficos. Os utilizadores do meio cavern\u00edcola devem abster-se de fumar no interior das grutas, tanto por respeito para com os outros, como por motivos ecol\u00f3gicos.<strong style=\"caret-color: #e78b00; color: #e78b00; font-size: 18px;\"><br \/><\/strong>\u00a0<strong style=\"caret-color: #e78b00; color: #e78b00; font-size: 18px;\">9. Os res\u00edduos produzidos nas grutas devem ser removidos.<\/strong><br \/>Embalagens, restos de comida, pilhas e \u00f3xido de c\u00e1lcio dos gas\u00f3metros devem ser transportados para o exterior e depositados de forma adequada, deixando as cavidades e o terreno limpos. Deve ser evitada a produ\u00e7\u00e3o de excrementos e, sempre que poss\u00edvel, deve ser prevista a sua evacua\u00e7\u00e3o. Lixo encontrado nas cavidades deve ser evacuado sempre que poss\u00edvel.<strong style=\"caret-color: #e78b00; color: #e78b00; font-size: 18px;\"><br \/><\/strong>\u00a0<strong style=\"caret-color: #e78b00; color: #e78b00; font-size: 18px;\">10. A cria\u00e7\u00e3o de inscri\u00e7\u00f5es ou objectos nas grutas deve ser evitada.<\/strong><br \/>Vest\u00edgios como graffiti a gas\u00f3metro ou esculturas de argila poder\u00e3o conservar-se durante s\u00e9culos: pensemos no que queremos legar \u00e0s pr\u00f3ximas gera\u00e7\u00f5es de espele\u00f3logos.<strong style=\"caret-color: #e78b00; color: #e78b00; font-size: 18px;\"><br \/><\/strong><\/p>\n","protected":false},"excerpt":{"rendered":"<p>\u00a0\u00a0 C\u00f3digo de \u00c9tica Espeleol\u00f3gica Documento aprovado pela Assembleia Geral da Federa\u00e7\u00e3o Portuguesa de Espeleologia em 13 de Fevereiro de 2005\u00a0 \u00a0Pre\u00e2mbuloA \u00e9tica \u00e9 a pedra de toque da pr\u00e1tica da espeleologia. A \u00e9tica espeleol\u00f3gica pode condensar-se em duas ideias muito simples: o respeito pela equipa e o respeito pelo Ambiente. Sem isso, tudo o [&hellip;]<\/p>\n","protected":false},"author":1,"featured_media":0,"parent":1142,"menu_order":0,"comment_status":"closed","ping_status":"closed","template":"","meta":{"footnotes":""},"class_list":["post-1155","page","type-page","status-publish","hentry"],"_links":{"self":[{"href":"https:\/\/gem.pt\/1\/wp-json\/wp\/v2\/pages\/1155","targetHints":{"allow":["GET"]}}],"collection":[{"href":"https:\/\/gem.pt\/1\/wp-json\/wp\/v2\/pages"}],"about":[{"href":"https:\/\/gem.pt\/1\/wp-json\/wp\/v2\/types\/page"}],"author":[{"embeddable":true,"href":"https:\/\/gem.pt\/1\/wp-json\/wp\/v2\/users\/1"}],"replies":[{"embeddable":true,"href":"https:\/\/gem.pt\/1\/wp-json\/wp\/v2\/comments?post=1155"}],"version-history":[{"count":0,"href":"https:\/\/gem.pt\/1\/wp-json\/wp\/v2\/pages\/1155\/revisions"}],"up":[{"embeddable":true,"href":"https:\/\/gem.pt\/1\/wp-json\/wp\/v2\/pages\/1142"}],"wp:attachment":[{"href":"https:\/\/gem.pt\/1\/wp-json\/wp\/v2\/media?parent=1155"}],"curies":[{"name":"wp","href":"https:\/\/api.w.org\/{rel}","templated":true}]}}