{"id":1212,"date":"2020-05-30T22:40:08","date_gmt":"2020-05-30T22:40:08","guid":{"rendered":"https:\/\/gem.pt\/@teste\/?page_id=1212"},"modified":"2025-08-05T22:13:21","modified_gmt":"2025-08-05T21:13:21","slug":"fotografia","status":"publish","type":"page","link":"https:\/\/gem.pt\/1\/atividades\/fotografia\/","title":{"rendered":"Fotografia"},"content":{"rendered":"<h1>Fotografia<\/h1>\n<p>\u00a0<\/p>\n<p>Fotografia no GEM\u00a0<img fetchpriority=\"high\" decoding=\"async\" src=\"https:\/\/gem.pt\/wp-content\/uploads\/2020\/05\/Atividades_7_1.jpg\" alt=\"\" width=\"450\" height=\"299\" \/>Ver para al\u00e9m do \u00f3bvio.\u00a0No GEM a fotografia est\u00e1 sempre presente em todas as atividades praticadas. No entanto, por haver cada vez mais s\u00f3cios a levar este hobby a s\u00e9rio, foi criado um espa\u00e7o pr\u00f3prio que distingue e privilegia o conceito fotogr\u00e1fico como atividade principal, num ambiente calmo e descontra\u00eddo sem a preocupa\u00e7\u00e3o de se estar envolvido noutra atividade mais exigente fisicamente.\u00a0A fotografia no GEM \u00e9 mais do que registar imagens \u2014 \u00e9 uma forma de olhar o mundo com aten\u00e7\u00e3o, curiosidade e respeito. Entre montanhas, grutas, rios e trilhos, h\u00e1 sempre uma hist\u00f3ria \u00e0 espera de ser contada atrav\u00e9s da luz, da sombra e do enquadramento certo.\u00a0Muitos dos nossos membros s\u00e3o fot\u00f3grafos apaixonados pela natureza e pela aventura. Partilhamos t\u00e9cnicas, olhares, truques e, acima de tudo, a vontade de eternizar o ef\u00e9mero \u2014 aquele instante de luz perfeita, o salto no rio, o sorriso c\u00famplice durante uma caminhada.\u00a0A fotografia tamb\u00e9m \u00e9 uma ferramenta de sensibiliza\u00e7\u00e3o. As imagens que criamos ajudam a dar a conhecer a beleza e fragilidade dos lugares que exploramos, incentivando \u00e0 sua preserva\u00e7\u00e3o.\u00a0Com o GEM, fotografar \u00e9 viver intensamente cada momento \u2014 e depois, poder reviv\u00ea-lo e partilh\u00e1-lo. \u00c9 captar a alma das nossas aventuras e guard\u00e1-la num clique<\/p>\n","protected":false},"excerpt":{"rendered":"<p>Fotografia \u00a0 Fotografia no GEM\u00a0Ver para al\u00e9m do \u00f3bvio.\u00a0No GEM a fotografia est\u00e1 sempre presente em todas as atividades praticadas. No entanto, por haver cada vez mais s\u00f3cios a levar este hobby a s\u00e9rio, foi criado um espa\u00e7o pr\u00f3prio que distingue e privilegia o conceito fotogr\u00e1fico como atividade principal, num ambiente calmo e descontra\u00eddo sem [&hellip;]<\/p>\n","protected":false},"author":1,"featured_media":0,"parent":890,"menu_order":6,"comment_status":"closed","ping_status":"closed","template":"","meta":{"footnotes":""},"class_list":["post-1212","page","type-page","status-publish","hentry"],"_links":{"self":[{"href":"https:\/\/gem.pt\/1\/wp-json\/wp\/v2\/pages\/1212","targetHints":{"allow":["GET"]}}],"collection":[{"href":"https:\/\/gem.pt\/1\/wp-json\/wp\/v2\/pages"}],"about":[{"href":"https:\/\/gem.pt\/1\/wp-json\/wp\/v2\/types\/page"}],"author":[{"embeddable":true,"href":"https:\/\/gem.pt\/1\/wp-json\/wp\/v2\/users\/1"}],"replies":[{"embeddable":true,"href":"https:\/\/gem.pt\/1\/wp-json\/wp\/v2\/comments?post=1212"}],"version-history":[{"count":0,"href":"https:\/\/gem.pt\/1\/wp-json\/wp\/v2\/pages\/1212\/revisions"}],"up":[{"embeddable":true,"href":"https:\/\/gem.pt\/1\/wp-json\/wp\/v2\/pages\/890"}],"wp:attachment":[{"href":"https:\/\/gem.pt\/1\/wp-json\/wp\/v2\/media?parent=1212"}],"curies":[{"name":"wp","href":"https:\/\/api.w.org\/{rel}","templated":true}]}}