{"id":1214,"date":"2020-05-30T22:41:10","date_gmt":"2020-05-30T22:41:10","guid":{"rendered":"https:\/\/gem.pt\/@teste\/?page_id=1214"},"modified":"2025-08-09T14:20:36","modified_gmt":"2025-08-09T13:20:36","slug":"bioespeleologia","status":"publish","type":"page","link":"https:\/\/gem.pt\/1\/publicacoes\/bioespeleologia\/","title":{"rendered":"Bioespeleologia"},"content":{"rendered":"<h1>Bioespeleologia<\/h1>\n<p>\u00a0<\/p>\n<p><img fetchpriority=\"high\" decoding=\"async\" src=\"https:\/\/gem.pt\/wp-content\/uploads\/2020\/05\/Atividades_8_1.jpg\" alt=\"\" width=\"524\" height=\"348\" \/>Bioespeleologia no GEM\u00a0Uma cavidade c\u00e1rsica \u00e9, antes de toda a sua dimens\u00e3o de aventura e explora\u00e7\u00e3o, um bi\u00f3topo de m\u00faltiplas caracter\u00edsticas ecol\u00f3gicas \u00fanicas, que permitem o aparecimento de comunidades biol\u00f3gicas de grande interesse conservacionista e patrimonial.\u00a0A Bioespeleologia \u00e9 precisamente o ramo da ci\u00eancia que se dedica a esta componente. Mais do que recolher, identificar e classificar os organismos vivos, interessa-nos compreender o funcionamento dos ecossistemas cavern\u00edcolas na sua globalidade e como os organismos desenvolvem as suas estrat\u00e9gias de sobreviv\u00eancia e adapta\u00e7\u00e3o.\u00a0Mas a espeleologia \u00e9 tamb\u00e9m uma oportunidade de viver a natureza, desfrut\u00e1-la e contribuir para o seu conhecimento e conserva\u00e7\u00e3o.Como participar\u00a0Durante uma atividade de campo \u00e9 poss\u00edvel realizar in\u00fameras observa\u00e7\u00f5es de organismos vivos. A principal forma de participa\u00e7\u00e3o \u00e9 essa mesma: <strong>Observar!<\/strong>\u00a0<\/p>\n<p>Depois, queremos que nos fa\u00e7am chegar as vossas observa\u00e7\u00f5es, no seguinte formato:<\/p>\n<ul>\n<li style=\"list-style-type: none;\">\n<ul>\n<li>Taxon - Identifica\u00e7\u00e3o taxon\u00f3mica se conhecida e\/ou nome comum<\/li>\n<li>Data<\/li>\n<li>Cavidade e Localidade<\/li>\n<li>Zona de recolha (na cavidade) e breve descri\u00e7\u00e3o<\/li>\n<li>Fotos (muitas fotos!) que ajudem na identifica\u00e7\u00e3o e ilustrem um potencial artigo.<\/li>\n<\/ul>\n<\/li>\n<\/ul>\n<p>\u00a0<\/p>\n<p>Podem enviar as vossas observa\u00e7\u00f5es para <a href=\"mailto:plnauta@gmail.com\">plnauta@gmail.com<\/a> ou para <a href=\"mailto:geral@gem.pt\">geral@gem.pt<\/a>.<\/p>\n<p>\u00a0<\/p>\n<p>As observa\u00e7\u00f5es s\u00e3o depois catalogadas e introduzidas em ficheiro excel pr\u00f3prio (partilhado a pedido) e as observa\u00e7\u00f5es \"carism\u00e1ticas\" ficar\u00e3o tamb\u00e9m dispon\u00edveis nas nossas <a href=\"https:\/\/gem.pt\/1\/publicacoes\/artigos-bioespeleologia\/\">publica\u00e7\u00f5es de Bioespeleologia<\/a>.<\/p>\n<p>O objetivo principal do projeto de Bioespeleologia do GEM \u00e9 produzir uma lista de esp\u00e9cies animais e vegetais, observadas durante as visitas \u00e0s cavidades c\u00e1rsicas e que acrescente informa\u00e7\u00e3o para os interessados e especialistas dos grupos assim registados.<\/p>\n<p>Paralelamente recomentamos vivamente que os mais entusiastas se registem no <a href=\"https:\/\/www.inaturalist.org\/\" target=\"_blank\" rel=\"noopener\">iNaturalist<\/a> e contribuam para o conhecimento do patrim\u00f3nio natural.<\/p>\n<p>\u00a0<\/p>\n<hr \/>\n<p>\u00a0\u00a0<a href=\"https:\/\/gem.pt\/1\/publicacoes\/artigos-bioespeleologia\/\">\u2192 Artigos e Observa\u00e7\u00f5es de Bioespeleologia<\/a><\/p>\n","protected":false},"excerpt":{"rendered":"<p>Bioespeleologia \u00a0 Bioespeleologia no GEM\u00a0Uma cavidade c\u00e1rsica \u00e9, antes de toda a sua dimens\u00e3o de aventura e explora\u00e7\u00e3o, um bi\u00f3topo de m\u00faltiplas caracter\u00edsticas ecol\u00f3gicas \u00fanicas, que permitem o aparecimento de comunidades biol\u00f3gicas de grande interesse conservacionista e patrimonial.\u00a0A Bioespeleologia \u00e9 precisamente o ramo da ci\u00eancia que se dedica a esta componente. Mais do que recolher, [&hellip;]<\/p>\n","protected":false},"author":1,"featured_media":0,"parent":801,"menu_order":7,"comment_status":"closed","ping_status":"closed","template":"","meta":{"footnotes":""},"class_list":["post-1214","page","type-page","status-publish","hentry"],"_links":{"self":[{"href":"https:\/\/gem.pt\/1\/wp-json\/wp\/v2\/pages\/1214","targetHints":{"allow":["GET"]}}],"collection":[{"href":"https:\/\/gem.pt\/1\/wp-json\/wp\/v2\/pages"}],"about":[{"href":"https:\/\/gem.pt\/1\/wp-json\/wp\/v2\/types\/page"}],"author":[{"embeddable":true,"href":"https:\/\/gem.pt\/1\/wp-json\/wp\/v2\/users\/1"}],"replies":[{"embeddable":true,"href":"https:\/\/gem.pt\/1\/wp-json\/wp\/v2\/comments?post=1214"}],"version-history":[{"count":0,"href":"https:\/\/gem.pt\/1\/wp-json\/wp\/v2\/pages\/1214\/revisions"}],"up":[{"embeddable":true,"href":"https:\/\/gem.pt\/1\/wp-json\/wp\/v2\/pages\/801"}],"wp:attachment":[{"href":"https:\/\/gem.pt\/1\/wp-json\/wp\/v2\/media?parent=1214"}],"curies":[{"name":"wp","href":"https:\/\/api.w.org\/{rel}","templated":true}]}}