{"id":1216,"date":"2020-05-30T22:42:14","date_gmt":"2020-05-30T22:42:14","guid":{"rendered":"https:\/\/gem.pt\/@teste\/?page_id=1216"},"modified":"2025-08-05T23:35:33","modified_gmt":"2025-08-05T22:35:33","slug":"outras-atividades","status":"publish","type":"page","link":"https:\/\/gem.pt\/1\/atividades\/outras-atividades\/","title":{"rendered":"Outras Atividades"},"content":{"rendered":"<h1>Outras Atividades<\/h1>\n<p><img fetchpriority=\"high\" decoding=\"async\" src=\"https:\/\/gem.pt\/wp-content\/uploads\/2020\/05\/Atividades_0_11.jpg\" alt=\"\" width=\"400\" height=\"265\"><\/p>\n<p>Atividades de Ar Livre<br \/>\n&nbsp;<br \/>\nAtualmente o&nbsp;GEM&nbsp;organiza tamb\u00e9m&nbsp;outras atividades para al\u00e9m das que&nbsp;originaram&nbsp;o grupo. S\u00e3o elas o alpinismo, canoagem, snorkeling, mergulho, coastering, canorafting, entre outras.<br \/>\n&nbsp;<br \/>\nSeja no mar, no rio ou na&nbsp;montanha, s\u00e3o v\u00e1rias as atividades que podemos praticar no GEM, algumas em estreita colabora\u00e7\u00e3o com os nossos parceiros, como \u00e9 o caso da <u><a style=\"color: inherit;\" title=\"\" href=\"http:\/\/www.wind-cam.pt\/\" target=\"_blank\" rel=\"noopener\" type=\"\" data-attached-link=\"{\" data-cke-saved-href=\"http:\/\/www.wind-cam.pt\/\">Wind - Centro de Actividades de Montanha<\/a><\/u>.<br \/>\n&nbsp;<br \/>\nPara qualquer uma&nbsp;destas atividades, o GEM tem tamb\u00e9m a capacidade de organizar,&nbsp;a pedido,&nbsp;sa\u00eddas especiais para grupos, criando atividades espec\u00edficas adaptadas \u00e0s preten\u00e7\u00f5es e espetat\u00edvas dos praticantes.<br \/>\n&nbsp;<br \/>\nPara mais informa\u00e7\u00f5es e solicita\u00e7\u00f5es, contacte-nos&nbsp;atrav\u00e9s do email <u><a style=\"color: #ff9900;\" title=\"\" href=\"mailto:geral@gem.pt\" type=\"\" data-attached-link=\"{\">geral@gem.pt<\/a><\/u>.<br \/>\n\t\t\t\t\t\t\t\t<a data-elementor-open-lightbox=\"yes\" data-elementor-lightbox-slideshow=\"f61b756\" data-elementor-lightbox-title=\"Atividades_0_18\" data-e-action-hash=\"#elementor-action%3Aaction%3Dlightbox%26settings%3DeyJpZCI6MjE0NjksInVybCI6Imh0dHBzOlwvXC9nZW0ucHRcL3dwLWNvbnRlbnRcL3VwbG9hZHNcLzIwMjVcLzA4XC9BdGl2aWRhZGVzXzBfMTguanBnIiwic2xpZGVzaG93IjoiZjYxYjc1NiJ9\" href=\"https:\/\/gem.pt\/1\/atividades\/\"><\/p>\n<figure><img decoding=\"async\" src=\"https:\/\/gem.pt\/wp-content\/uploads\/2025\/08\/Atividades_0_18.jpg\" alt=\"Multiatividades\" \/><figcaption>Multiatividades<\/figcaption><\/figure>\n<p><\/a><a data-elementor-open-lightbox=\"yes\" data-elementor-lightbox-slideshow=\"f61b756\" data-elementor-lightbox-title=\"Atividades_0_9\" data-e-action-hash=\"#elementor-action%3Aaction%3Dlightbox%26settings%3DeyJpZCI6OTQxLCJ1cmwiOiJodHRwczpcL1wvZ2VtLnB0XC93cC1jb250ZW50XC91cGxvYWRzXC8yMDIwXC8wNVwvQXRpdmlkYWRlc18wXzkuanBnIiwic2xpZGVzaG93IjoiZjYxYjc1NiJ9\" href=\"https:\/\/gem.pt\/1\/atividades\/\"><\/p>\n<figure><img decoding=\"async\" src=\"https:\/\/gem.pt\/wp-content\/uploads\/2020\/05\/Atividades_0_9.jpg\" alt=\"Travessias\" \/><figcaption>Travessias<\/figcaption><\/figure>\n<p><\/a><a data-elementor-open-lightbox=\"yes\" data-elementor-lightbox-slideshow=\"f61b756\" data-elementor-lightbox-title=\"Atividades_0_8\" data-e-action-hash=\"#elementor-action%3Aaction%3Dlightbox%26settings%3DeyJpZCI6OTQwLCJ1cmwiOiJodHRwczpcL1wvZ2VtLnB0XC93cC1jb250ZW50XC91cGxvYWRzXC8yMDIwXC8wNVwvQXRpdmlkYWRlc18wXzguanBnIiwic2xpZGVzaG93IjoiZjYxYjc1NiJ9\" href=\"https:\/\/gem.pt\/1\/atividades\/\"><\/p>\n<figure><img decoding=\"async\" src=\"https:\/\/gem.pt\/wp-content\/uploads\/2020\/05\/Atividades_0_8.jpg\" alt=\"Alpinismo\" \/><figcaption>Alpinismo<\/figcaption><\/figure>\n<p><\/a><a data-elementor-open-lightbox=\"yes\" data-elementor-lightbox-slideshow=\"f61b756\" data-elementor-lightbox-title=\"Atividades_0_14-1\" data-e-action-hash=\"#elementor-action%3Aaction%3Dlightbox%26settings%3DeyJpZCI6OTQ2LCJ1cmwiOiJodHRwczpcL1wvZ2VtLnB0XC93cC1jb250ZW50XC91cGxvYWRzXC8yMDIwXC8wNVwvQXRpdmlkYWRlc18wXzE0LTEuanBnIiwic2xpZGVzaG93IjoiZjYxYjc1NiJ9\" href=\"https:\/\/gem.pt\/1\/atividades\/\"><\/p>\n<figure><img decoding=\"async\" src=\"https:\/\/gem.pt\/wp-content\/uploads\/2020\/05\/Atividades_0_14-1.jpg\" alt=\"Canoagem\" \/><figcaption>Canoagem<\/figcaption><\/figure>\n<p><\/a><a data-elementor-open-lightbox=\"yes\" data-elementor-lightbox-slideshow=\"f61b756\" data-elementor-lightbox-title=\"Atividades_0_15\" data-e-action-hash=\"#elementor-action%3Aaction%3Dlightbox%26settings%3DeyJpZCI6MjE0NjYsInVybCI6Imh0dHBzOlwvXC9nZW0ucHRcL3dwLWNvbnRlbnRcL3VwbG9hZHNcLzIwMjVcLzA4XC9BdGl2aWRhZGVzXzBfMTUuanBnIiwic2xpZGVzaG93IjoiZjYxYjc1NiJ9\" href=\"https:\/\/gem.pt\/1\/atividades\/\"><\/p>\n<figure><img decoding=\"async\" src=\"https:\/\/gem.pt\/wp-content\/uploads\/2025\/08\/Atividades_0_15.jpg\" alt=\"Limpeza Ambiental\" \/><figcaption>Limpeza Ambiental<\/figcaption><\/figure>\n<p><\/a><a data-elementor-open-lightbox=\"yes\" data-elementor-lightbox-slideshow=\"f61b756\" data-elementor-lightbox-title=\"Atividades_0_16\" data-e-action-hash=\"#elementor-action%3Aaction%3Dlightbox%26settings%3DeyJpZCI6MjE0NjcsInVybCI6Imh0dHBzOlwvXC9nZW0ucHRcL3dwLWNvbnRlbnRcL3VwbG9hZHNcLzIwMjVcLzA4XC9BdGl2aWRhZGVzXzBfMTYuanBnIiwic2xpZGVzaG93IjoiZjYxYjc1NiJ9\" href=\"https:\/\/gem.pt\/1\/atividades\/\"><\/p>\n<figure><img decoding=\"async\" src=\"https:\/\/gem.pt\/wp-content\/uploads\/2025\/08\/Atividades_0_16.jpg\" alt=\"Dia da Crian\u00e7a\" \/><figcaption>Dia da Crian\u00e7a<\/figcaption><\/figure>\n<p><\/a><a data-elementor-open-lightbox=\"yes\" data-elementor-lightbox-slideshow=\"f61b756\" data-elementor-lightbox-title=\"Atividades_0_17\" data-e-action-hash=\"#elementor-action%3Aaction%3Dlightbox%26settings%3DeyJpZCI6MjE0NjgsInVybCI6Imh0dHBzOlwvXC9nZW0ucHRcL3dwLWNvbnRlbnRcL3VwbG9hZHNcLzIwMjVcLzA4XC9BdGl2aWRhZGVzXzBfMTcuanBnIiwic2xpZGVzaG93IjoiZjYxYjc1NiJ9\" href=\"https:\/\/gem.pt\/1\/atividades\/\"><\/p>\n<figure><img decoding=\"async\" src=\"https:\/\/gem.pt\/wp-content\/uploads\/2025\/08\/Atividades_0_17.jpg\" alt=\"Colabora\u00e7\u00e3o com Institui\u00e7\u00f5es\" \/><figcaption>Colabora\u00e7\u00e3o com Institui\u00e7\u00f5es<\/figcaption><\/figure>\n<p><\/a><a data-elementor-open-lightbox=\"yes\" data-elementor-lightbox-slideshow=\"f61b756\" data-elementor-lightbox-title=\"Atividades_0_7-1\" data-e-action-hash=\"#elementor-action%3Aaction%3Dlightbox%26settings%3DeyJpZCI6OTM5LCJ1cmwiOiJodHRwczpcL1wvZ2VtLnB0XC93cC1jb250ZW50XC91cGxvYWRzXC8yMDIwXC8wNVwvQXRpdmlkYWRlc18wXzctMS5qcGciLCJzbGlkZXNob3ciOiJmNjFiNzU2In0%3D\" href=\"https:\/\/gem.pt\/1\/atividades\/\"><\/p>\n<figure><img decoding=\"async\" src=\"https:\/\/gem.pt\/wp-content\/uploads\/2020\/05\/Atividades_0_7-1.jpg\" alt=\"Snorkeling\" \/><figcaption>Snorkeling<\/figcaption><\/figure>\n<p><\/a><a data-elementor-open-lightbox=\"yes\" data-elementor-lightbox-slideshow=\"f61b756\" data-elementor-lightbox-title=\"Atividades_0_10-1\" data-e-action-hash=\"#elementor-action%3Aaction%3Dlightbox%26settings%3DeyJpZCI6OTQyLCJ1cmwiOiJodHRwczpcL1wvZ2VtLnB0XC93cC1jb250ZW50XC91cGxvYWRzXC8yMDIwXC8wNVwvQXRpdmlkYWRlc18wXzEwLTEuanBnIiwic2xpZGVzaG93IjoiZjYxYjc1NiJ9\" href=\"https:\/\/gem.pt\/1\/atividades\/\"><\/p>\n<figure><img decoding=\"async\" src=\"https:\/\/gem.pt\/wp-content\/uploads\/2020\/05\/Atividades_0_10-1.jpg\" alt=\"Mergulho\" \/><figcaption>Mergulho<\/figcaption><\/figure>\n<p><\/a><\/p>\n","protected":false},"excerpt":{"rendered":"<p>Outras Atividades Atividades de Ar Livre &nbsp; Atualmente o&nbsp;GEM&nbsp;organiza tamb\u00e9m&nbsp;outras atividades para al\u00e9m das que&nbsp;originaram&nbsp;o grupo. S\u00e3o elas o alpinismo, canoagem, snorkeling, mergulho, coastering, canorafting, entre outras. &nbsp; Seja no mar, no rio ou na&nbsp;montanha, s\u00e3o v\u00e1rias as atividades que podemos praticar no GEM, algumas em estreita colabora\u00e7\u00e3o com os nossos parceiros, como \u00e9 o [&hellip;]<\/p>\n","protected":false},"author":1,"featured_media":0,"parent":890,"menu_order":8,"comment_status":"closed","ping_status":"closed","template":"","meta":{"footnotes":""},"class_list":["post-1216","page","type-page","status-publish","hentry"],"_links":{"self":[{"href":"https:\/\/gem.pt\/1\/wp-json\/wp\/v2\/pages\/1216","targetHints":{"allow":["GET"]}}],"collection":[{"href":"https:\/\/gem.pt\/1\/wp-json\/wp\/v2\/pages"}],"about":[{"href":"https:\/\/gem.pt\/1\/wp-json\/wp\/v2\/types\/page"}],"author":[{"embeddable":true,"href":"https:\/\/gem.pt\/1\/wp-json\/wp\/v2\/users\/1"}],"replies":[{"embeddable":true,"href":"https:\/\/gem.pt\/1\/wp-json\/wp\/v2\/comments?post=1216"}],"version-history":[{"count":0,"href":"https:\/\/gem.pt\/1\/wp-json\/wp\/v2\/pages\/1216\/revisions"}],"up":[{"embeddable":true,"href":"https:\/\/gem.pt\/1\/wp-json\/wp\/v2\/pages\/890"}],"wp:attachment":[{"href":"https:\/\/gem.pt\/1\/wp-json\/wp\/v2\/media?parent=1216"}],"curies":[{"name":"wp","href":"https:\/\/api.w.org\/{rel}","templated":true}]}}