{"id":1297,"date":"2020-05-31T13:26:17","date_gmt":"2020-05-31T13:26:17","guid":{"rendered":"https:\/\/gem.pt\/@teste\/?page_id=1297"},"modified":"2025-08-06T23:18:56","modified_gmt":"2025-08-06T22:18:56","slug":"marca-gem","status":"publish","type":"page","link":"https:\/\/gem.pt\/1\/quemsomos\/marca-gem\/","title":{"rendered":"Marca GEM"},"content":{"rendered":"<figure><img decoding=\"async\" src=\"https:\/\/gem.pt\/wp-content\/uploads\/2020\/05\/GEM_branco.jpg\" alt=\"GEM_branco\" \/><\/figure>\n<figure><img decoding=\"async\" src=\"https:\/\/gem.pt\/wp-content\/uploads\/2020\/05\/GEM_laranja.jpg\" alt=\"GEM_laranja\" \/><\/figure>\n<figure><img decoding=\"async\" src=\"https:\/\/gem.pt\/wp-content\/uploads\/2020\/05\/GEM_preto.jpg\" alt=\"GEM_preto\" \/><\/figure>\n<p>Logotipo GEM<\/p>\n<figure style=\"width: 150px;\"><img decoding=\"async\" src=\"https:\/\/gem.pt\/wp-content\/uploads\/2020\/05\/GEM2009.jpg\" alt=\"Logo GEM 2007\" width=\"150\" height=\"150\" \/>&nbsp;<figcaption style=\"color: #444444; font-family: Questrial; font-size: 14px; background-color: #ffffff; padding: 8px;\"><center>Logo GEM 2007<\/center><\/figcaption><\/figure>\n<p>O logotipo do GEM foi criado com o nascimento do grupo. Nessa altura decidiu-se\u00a0adotar\u00a0a cor laranja como cor principal no\u00a0simbolo de identidade do grupo, especialmente por esta ser a cor da\u00a0espeleologia e ser uma cor bem vis\u00edvel e contrastante quando aplicada em atividades de montanha.<br \/>\nEm 2014 o GEM renovou o seu logotipo, tornando-o mais moderno enquanto mantinha a sua identidade com a continuidade das suas cores base:\u00a0o preto, o branco e o laranja GEM.<br \/>\nTendo como objetivo a sua utiliza\u00e7\u00e3o tanto em suporte f\u00edsico como em\u00a0suporte digital, foram criadas 3 vers\u00f5es crom\u00e1ticas do logotipo GEM, uma vers\u00e3o para\u00a0fundo branco, outra vers\u00e3o para fundo preto, e outra para fundo laranja GEM.<br \/>\nO logotipo atual do\u00a0GEM \u00e9 definido pela constru\u00e7\u00e3o tipogr\u00e1fica do nome, pelos\u00a0elementos associados em cada letra, e pelo texto descritivo do significado\u00a0da sigla GEM. No elemento G foi integrada\u00a0a silhueta de um espele\u00f3logo com capacete, sendo que\u00a0a luz do frontal define\u00a0a constru\u00e7\u00e3o dessa letra. O elemento E esconde uma parede vertical em alus\u00e3o tanto \u00e0 escalada como \u00e0 progress\u00e3o vertical em algares. A forma do\u00a0elemento M ajudou naturalmente na cria\u00e7\u00e3o de formas alusivas a\u00a0montanhas e picos, as quais associamos\u00a0ao montanhismo e alpinismo.<\/p>\n<p><a href=\"https:\/\/gem.pt\/1\/publicacoes\/newsletter\/pdfviewer\/?pdf=1HiUVgbNoqMg_yiBvkke-UxxU1zufpt8I\">Consulte aqui todas as regras de constru\u00e7\u00e3o do logotipo GEM no Manual do Logo GEM 2014.<\/a><\/p>\n<p>Estas s\u00e3o\u00a0as vers\u00f5es originais do logo GEM 2014:<\/p>\n<ul>\n<li>Logo GEM 2014 em fundo branco:\n<ul>\n<li><a href=\"https:\/\/drive.google.com\/file\/d\/1zIFrqvfnpM1L_FJgSanmJ3ifSGcphu6z\/view?usp=sharing\">em formato Adobe Illustrator Artwork (.ai)<\/a><\/li>\n<li><a style=\"color: #000000;\" href=\"\/wp-content\/uploads\/2020\/09\/Logo-GEM-2014_para-fundo-branco.jpg\"><u>em formato JPEG (.jpg)<\/u><\/a><\/li>\n<li><u style=\"font-size: 14px;\"><a id=\"\" style=\"color: inherit;\" title=\"\" href=\"\/wp-content\/uploads\/2020\/09\/Logo-GEM-2014_para-fundo-branco.png\" type=\"\" data-attached-link=\"{\">em formato Portable Network Graphics (.png)<\/a><\/u><\/li>\n<\/ul>\n<\/li>\n<li>Logo GEM 2014 em fundo laranja:\n<ul>\n<li><u><a id=\"\" style=\"color: inherit;\" title=\"\" href=\"https:\/\/drive.google.com\/file\/d\/1DqpIkHQxzevVHwWROScOg7l5ETVO7ZBy\/view?usp=sharing\" type=\"\" data-attached-link=\"{\">em formato Adobe Illustrator Artwork (.ai)<\/a><\/u><\/li>\n<li><u><a id=\"\" style=\"color: inherit;\" title=\"\" href=\"\/wp-content\/uploads\/2020\/09\/Logo-GEM-2014_para-fundo-laranja.jpg\" type=\"\" data-attached-link=\"{\">em formato JPEG (.jpg)<\/a><\/u><\/li>\n<li><u><a id=\"\" style=\"color: inherit;\" title=\"\" href=\"\/wp-content\/uploads\/2020\/09\/Logo-GEM-2014_para-fundo-laranja.png\" type=\"\" data-attached-link=\"{\">em formato Portable Network Graphics (.png)<\/a><\/u><\/li>\n<\/ul>\n<\/li>\n<li>Logo GEM 2014 em fundo preto:\n<ul>\n<li><u><a id=\"\" style=\"color: inherit;\" title=\"\" href=\"https:\/\/drive.google.com\/file\/d\/1szZ-R4TY8_hsA2hUm7lrPIHhda4nGmOR\/view?usp=sharing\" type=\"\" data-attached-link=\"{\">em formato Adobe Illustrator Artwork (.ai)<\/a><\/u><\/li>\n<li><u><a id=\"\" style=\"color: inherit;\" title=\"\" href=\"\/wp-content\/uploads\/2020\/09\/Logo-GEM-2014_para-fundo-preto.jpg\" type=\"\" data-attached-link=\"{\">em formato JPEG (.jpg)<\/a><\/u><\/li>\n<li><u><a id=\"\" style=\"color: inherit;\" title=\"\" href=\"\/wp-content\/uploads\/2020\/09\/Logo-GEM-2014_para-fundo-preto.png\" type=\"\" data-attached-link=\"{\">em formato Portable Network Graphics (.png)<\/a><\/u><\/li>\n<\/ul>\n<\/li>\n<\/ul>\n<p>\t\t\t\t\t\t\t\t\t\t\t\t\t\t\t<img decoding=\"async\" src=\"https:\/\/gem.pt\/wp-content\/uploads\/elementor\/thumbs\/Socio_4_0-1-r929d29fz3h40sy15mll92hhgwz1hhdd8e6mhktbpw.jpg\" title=\"Socio_4_0-1\" alt=\"Socio_4_0-1\" loading=\"lazy\" \/>\t\t\t\t\t\t\t\t\t\t\t\t\t\t\t<\/p>\n<p>Artigos GEM\u00a0<\/p>\n<p>O novo logotipo do GEM tem sido aplicado em\u00a0v\u00e1rios artigos, em especial artigos\u00a0de vestu\u00e1rio como\u00a0T-shirts, Polares e Buffs. Foram criadas algumas variantes destes artigos, n\u00e3o s\u00f3\u00a0na cor base, mas tamb\u00e9m nos textos e temas aplicados no verso\u00a0das T-shirts.\u00a0Veja <u><a style=\"color: inherit;\" title=\"\" href=\"https:\/\/gem.pt\/1\/socio-gem\/venda-de-artigos-gem\/\" type=\"\" data-attached-link=\"{\">aqui<\/a><\/u>\u00a0quais os artigos que se encontram atualmente\u00a0dispon\u00edveis para aquisi\u00e7\u00e3o.<\/p>\n","protected":false},"excerpt":{"rendered":"<p>Logotipo GEM &nbsp;Logo GEM 2007 O logotipo do GEM foi criado com o nascimento do grupo. Nessa altura decidiu-se\u00a0adotar\u00a0a cor laranja como cor principal no\u00a0simbolo de identidade do grupo, especialmente por esta ser a cor da\u00a0espeleologia e ser uma cor bem vis\u00edvel e contrastante quando aplicada em atividades de montanha. Em 2014 o GEM renovou [&hellip;]<\/p>\n","protected":false},"author":1,"featured_media":0,"parent":712,"menu_order":5,"comment_status":"closed","ping_status":"closed","template":"","meta":{"footnotes":""},"class_list":["post-1297","page","type-page","status-publish","hentry"],"_links":{"self":[{"href":"https:\/\/gem.pt\/1\/wp-json\/wp\/v2\/pages\/1297","targetHints":{"allow":["GET"]}}],"collection":[{"href":"https:\/\/gem.pt\/1\/wp-json\/wp\/v2\/pages"}],"about":[{"href":"https:\/\/gem.pt\/1\/wp-json\/wp\/v2\/types\/page"}],"author":[{"embeddable":true,"href":"https:\/\/gem.pt\/1\/wp-json\/wp\/v2\/users\/1"}],"replies":[{"embeddable":true,"href":"https:\/\/gem.pt\/1\/wp-json\/wp\/v2\/comments?post=1297"}],"version-history":[{"count":0,"href":"https:\/\/gem.pt\/1\/wp-json\/wp\/v2\/pages\/1297\/revisions"}],"up":[{"embeddable":true,"href":"https:\/\/gem.pt\/1\/wp-json\/wp\/v2\/pages\/712"}],"wp:attachment":[{"href":"https:\/\/gem.pt\/1\/wp-json\/wp\/v2\/media?parent=1297"}],"curies":[{"name":"wp","href":"https:\/\/api.w.org\/{rel}","templated":true}]}}