{"id":12982,"date":"2022-01-08T22:06:07","date_gmt":"2022-01-08T22:06:07","guid":{"rendered":"https:\/\/gem.pt\/1\/?page_id=12982"},"modified":"2022-10-22T14:58:07","modified_gmt":"2022-10-22T13:58:07","slug":"relatorios-carso-e-endocarso","status":"publish","type":"page","link":"https:\/\/gem.pt\/1\/publicacoes\/relatorios-carso-e-endocarso\/","title":{"rendered":"Relat\u00f3rios Carso e Endocarso"},"content":{"rendered":"<p>\u00a0<\/p>\n<p>Relat\u00f3rios<\/p>\n<hr \/>\n<p>\u00a0Relat\u00f3rios\u00a0espeleol\u00f3gicos de trabalhos desenvolvidos em projetos do GEM\t\t<\/p>\n<ul id=\"eael-feature-list-ef930c7\">\n<li>\n\t\t\t\t\t\t\t\t<ahref=\"https:\/\/gem.pt\/publicacoes\/relatorios\/relatorio-algar-da-lomba-e-gruta-do-regatinho\/\"><br \/>\n\t\t<img decoding=\"async\" src=\"https:\/\/gem.pt\/wp-content\/uploads\/2021\/12\/fig2.jpg\" alt=\"\">\t\t\t\t\t\t\t\t<\/a><\/p>\n<h4\t\t\t\t\t\t\t><a href=\"https:\/\/gem.pt\/publicacoes\/relatorios\/relatorio-algar-da-lomba-e-gruta-do-regatinho\/\">Relat\u00f3rio - Algar da Lomba e Gruta do Regatinho<\/a><\/h4\t\t\t\t\t\t>\n<p>20 de Dezembro de 2021<\/p>\n<\/li>\n<li>\n\t\t\t\t\t\t\t\t<ahref=\"https:\/\/gem.pt\/publicacoes\/relatorios\/relatorio-vale-da-trave-moitas-venda\/\"><br \/>\n\t\t<img decoding=\"async\" src=\"https:\/\/gem.pt\/wp-content\/uploads\/2022\/10\/Algar-Marradinhas-II.jpg\" alt=\"\">\t\t\t\t\t\t\t\t<\/a><\/p>\n<h4\t\t\t\t\t\t\t><a href=\"https:\/\/gem.pt\/publicacoes\/relatorios\/relatorio-vale-da-trave-moitas-venda\/\">Relat\u00f3rio - Vale da Trave - Moitas Venda<\/a><\/h4\t\t\t\t\t\t>\n<p>28 de Setembro de 2022<\/p>\n<\/li>\n<\/ul>\n","protected":false},"excerpt":{"rendered":"<p>\u00a0 Relat\u00f3rios \u00a0Relat\u00f3rios\u00a0espeleol\u00f3gicos de trabalhos desenvolvidos em projetos do GEM Relat\u00f3rio &#8211; Algar da Lomba e Gruta do Regatinho 20 de Dezembro de 2021 Relat\u00f3rio &#8211; Vale da Trave &#8211; Moitas Venda 28 de Setembro de 2022<\/p>\n","protected":false},"author":1,"featured_media":0,"parent":801,"menu_order":4,"comment_status":"closed","ping_status":"closed","template":"","meta":{"footnotes":""},"class_list":["post-12982","page","type-page","status-publish","hentry"],"_links":{"self":[{"href":"https:\/\/gem.pt\/1\/wp-json\/wp\/v2\/pages\/12982","targetHints":{"allow":["GET"]}}],"collection":[{"href":"https:\/\/gem.pt\/1\/wp-json\/wp\/v2\/pages"}],"about":[{"href":"https:\/\/gem.pt\/1\/wp-json\/wp\/v2\/types\/page"}],"author":[{"embeddable":true,"href":"https:\/\/gem.pt\/1\/wp-json\/wp\/v2\/users\/1"}],"replies":[{"embeddable":true,"href":"https:\/\/gem.pt\/1\/wp-json\/wp\/v2\/comments?post=12982"}],"version-history":[{"count":0,"href":"https:\/\/gem.pt\/1\/wp-json\/wp\/v2\/pages\/12982\/revisions"}],"up":[{"embeddable":true,"href":"https:\/\/gem.pt\/1\/wp-json\/wp\/v2\/pages\/801"}],"wp:attachment":[{"href":"https:\/\/gem.pt\/1\/wp-json\/wp\/v2\/media?parent=12982"}],"curies":[{"name":"wp","href":"https:\/\/api.w.org\/{rel}","templated":true}]}}