{"id":1900,"date":"2020-09-24T15:57:05","date_gmt":"2020-09-24T15:57:05","guid":{"rendered":"https:\/\/gem.pt\/@teste\/?page_id=1900"},"modified":"2021-12-28T19:08:51","modified_gmt":"2021-12-28T19:08:51","slug":"vale-da-trave-moitas-venda","status":"publish","type":"page","link":"https:\/\/gem.pt\/1\/projetos\/vale-da-trave-moitas-venda\/","title":{"rendered":"Vale da Trave &#8211; Moitas Venda"},"content":{"rendered":"<h1>Corredor Vale da Trave - Moitas Venda<\/h1>\n<p>O projeto consiste no levantamento topogr\u00e1fico e geol\u00f3gico de cavidades c\u00e1rsicas situadas<br \/>\nno corredor Vale da Trave - Moitas Venda<\/p>\n<hr>\n<p>Localiza\u00e7\u00e3o<br \/>\nO corredor Vale da Trave - Moitas Venda \u00e9 definido como uma faixa entre Vale da Trave, Casais da Mureta, Cov\u00e3o do Feto e Moitas Venda. Neste corredor \u00e9 conhecida uma maior densidade de grutas de origem fre\u00e1tica, que no restante do Maci\u00e7o Calc\u00e1rio Estremenho (MCE). O corredor fica situado na freguesia de Monsanto, Concelho de Alcanena, distrito de Santar\u00e9m, Portugal.<br \/>\nEnquadramento geol\u00f3gico<br \/>\nO corredor fica situado no Maci\u00e7o Calc\u00e1rio Estremenho (MCE), uma \u00e1rea do centro de Portugal caracterizado pela abund\u00e2ncia de calc\u00e1rios carsific\u00e1veis e de morfologias exo e endoc\u00e1rsicas.<br \/>\n&nbsp;<br \/>\nOs terrenos s\u00e3o compostos por forma\u00e7\u00f5es carbonatadas do Jur\u00e1ssico M\u00e9dio, as forma\u00e7\u00f5es c\u00e1rsicas por excel\u00eancia do MCE. Os calc\u00e1rios s\u00e3o atravessados pela falha Casais da Mureta\u2013Cov\u00e3o do Feto, e por uma s\u00e9rie de falhas subparalelas a esta, que ter\u00e3o influenciado a forma\u00e7\u00e3o deste corredor. A falha Casais da Mureta\u2013Cov\u00e3o do Feto faz a liga\u00e7\u00e3o entre o cavalgamento do Arrife e a falha Alvados\u2013Minde.<br \/>\nEnquadramento Hidrogeol\u00f3gico<br \/>\nAs grutas de origem fre\u00e1ticas do corredor marcam uma antiga posi\u00e7\u00e3o do n\u00edvel de \u00e1gua no MCE, mais elevado que o n\u00edvel atual que faria a circula\u00e7\u00e3o no bordo sul do MCE. Este n\u00edvel est\u00e1 materializado por uma s\u00e9rie de grutas de origem fre\u00e1tica que como foi acima referido abundam no corredor. A falha Casais da Mureta \u2013 Cov\u00e3o do Feto promove o desenvolvimento do corredor e a liga\u00e7\u00e3o entre as grutas do corredor e a nascente permanente do Alviela, a maior nascente c\u00e1rsica do pa\u00eds, bem como a uma s\u00e9rie de nascentes tempor\u00e1rias situadas no bordo Sul do MCE, e paleonascentes situadas no alinhamento da falha Alvados- Minde.<br \/>\nPotencial espeleol\u00f3gico<br \/>\nAlgumas das grutas de origem fre\u00e1ticas s\u00e3o h\u00e1 muito conhecidas pela comunidade espeleol\u00f3gica nacional. S\u00e3o exemplos destas cavidades os algares Marradinhas II, do Z\u00e9 do Braga, Marradinhas do Daniel, algar das Cotovias e algar das Couves.&nbsp;O potencial da zona \u00e9 muito elevado sendo altamente expect\u00e1vel. Um trabalho sistem\u00e1tico nesta zona levar\u00e1 decerto \u00e0 descoberta de mais cavidades de origem fre\u00e1tica, f\u00f3sseis ou mesmo ainda ativas, dada a proximidade da superf\u00edcie, em algumas zonas do corredor a n\u00edveis de \u00e1gua atuais do MCE. Caso se encontrem grutas fre\u00e1ticas estas poder\u00e3o estar potencialmente ligadas \u00e0s nascentes do bordo Sul do MCE ou mesmo as nascentes associadas \u00e0 falha Alvados- Minde.&nbsp;As grutas f\u00f3sseis j\u00e1 conhecidas nesta zona s\u00e3o consideradas de grande beleza, sendo espect\u00e1vel que novas grutas tenham um potencial tur\u00edstico elevado quer ao n\u00edvel do espele\u00edsmo, quer do turismo mais tradicional.<\/p>\n","protected":false},"excerpt":{"rendered":"<p>Corredor Vale da Trave &#8211; Moitas Venda O projeto consiste no levantamento topogr\u00e1fico e geol\u00f3gico de cavidades c\u00e1rsicas situadas no corredor Vale da Trave &#8211; Moitas Venda Localiza\u00e7\u00e3o O corredor Vale da Trave &#8211; Moitas Venda \u00e9 definido como uma faixa entre Vale da Trave, Casais da Mureta, Cov\u00e3o do Feto e Moitas Venda. Neste [&hellip;]<\/p>\n","protected":false},"author":3,"featured_media":0,"parent":850,"menu_order":4,"comment_status":"closed","ping_status":"closed","template":"","meta":{"footnotes":""},"class_list":["post-1900","page","type-page","status-publish","hentry"],"_links":{"self":[{"href":"https:\/\/gem.pt\/1\/wp-json\/wp\/v2\/pages\/1900","targetHints":{"allow":["GET"]}}],"collection":[{"href":"https:\/\/gem.pt\/1\/wp-json\/wp\/v2\/pages"}],"about":[{"href":"https:\/\/gem.pt\/1\/wp-json\/wp\/v2\/types\/page"}],"author":[{"embeddable":true,"href":"https:\/\/gem.pt\/1\/wp-json\/wp\/v2\/users\/3"}],"replies":[{"embeddable":true,"href":"https:\/\/gem.pt\/1\/wp-json\/wp\/v2\/comments?post=1900"}],"version-history":[{"count":0,"href":"https:\/\/gem.pt\/1\/wp-json\/wp\/v2\/pages\/1900\/revisions"}],"up":[{"embeddable":true,"href":"https:\/\/gem.pt\/1\/wp-json\/wp\/v2\/pages\/850"}],"wp:attachment":[{"href":"https:\/\/gem.pt\/1\/wp-json\/wp\/v2\/media?parent=1900"}],"curies":[{"name":"wp","href":"https:\/\/api.w.org\/{rel}","templated":true}]}}