{"id":19767,"date":"2024-11-24T13:57:59","date_gmt":"2024-11-24T13:57:59","guid":{"rendered":"https:\/\/gem.pt\/1\/?page_id=19767"},"modified":"2026-03-28T19:41:05","modified_gmt":"2026-03-28T19:41:05","slug":"plano-atividades","status":"publish","type":"page","link":"https:\/\/gem.pt\/1\/atividades\/plano-atividades\/","title":{"rendered":"Plano de Atividades"},"content":{"rendered":"<p>\u00a0<\/p>\n<p style=\"text-align: center;\">Plano de Atividades\u00a0<\/p>\n\n  <div id='pgcalendar-a002963229bb5463918cd3ff118534f20d03bb405099ea47fc469c2b7e9e3d22' class='pgcal-container'>loading...<\/div>\n  <div class='pgcal-branding'>Powered by <a href='https:\/\/wordpress.org\/plugins\/pretty-google-calendar\/'>Pretty Google Calendar<\/a><\/div>\n  \n\t\t\t\t\t<a  href=\"http:\/\/calendario.gem.pt\" target=\"_self\"   >Importar Calend\u00e1rio<\/a><br \/>\n\t\t\t\t\t<a  href=\"https:\/\/gem.pt\/1\/pdfviewer\/?pdf=1WXgUXWX1sUautqXKS6JIpoNJUR30GvyF\" target=\"_self\"   >Ver Calend\u00e1rio em PDF<\/a>\t\t\t\t<\/p>\n<p><strong style=\"letter-spacing: normal; caret-color: #000000; color: #000000; font-family: Questrial; text-align: justify; white-space: pre-line;\">Nota:\u00a0<\/strong><em style=\"letter-spacing: normal; caret-color: #000000; color: #000000; font-family: Questrial; text-align: justify; white-space: pre-line;\">As viagens previstas em plano de atividades do GEM, referentes a desloca\u00e7\u00f5es superiores a 3 dias, n\u00e3o ser\u00e3o por regra publicitadas via correio eletr\u00f3nico, sendo da responsabilidade dos s\u00f3cios manifestar ao GEM o seu interesse em participar nelas at\u00e9 15 de Janeiro do ano em que se realizam, por forma a se poder garantir toda a log\u00edstica necess\u00e1ria \u00e0 execu\u00e7\u00e3o das mesmas.<\/em><\/p>\n","protected":false},"excerpt":{"rendered":"<p>\u00a0 Plano de Atividades\u00a0 Importar Calend\u00e1rio Ver Calend\u00e1rio em PDF Nota:\u00a0As viagens previstas em plano de atividades do GEM, referentes a desloca\u00e7\u00f5es superiores a 3 dias, n\u00e3o ser\u00e3o por regra publicitadas via correio eletr\u00f3nico, sendo da responsabilidade dos s\u00f3cios manifestar ao GEM o seu interesse em participar nelas at\u00e9 15 de Janeiro do ano em [&hellip;]<\/p>\n","protected":false},"author":1,"featured_media":0,"parent":890,"menu_order":0,"comment_status":"closed","ping_status":"closed","template":"","meta":{"footnotes":""},"class_list":["post-19767","page","type-page","status-publish","hentry"],"_links":{"self":[{"href":"https:\/\/gem.pt\/1\/wp-json\/wp\/v2\/pages\/19767","targetHints":{"allow":["GET"]}}],"collection":[{"href":"https:\/\/gem.pt\/1\/wp-json\/wp\/v2\/pages"}],"about":[{"href":"https:\/\/gem.pt\/1\/wp-json\/wp\/v2\/types\/page"}],"author":[{"embeddable":true,"href":"https:\/\/gem.pt\/1\/wp-json\/wp\/v2\/users\/1"}],"replies":[{"embeddable":true,"href":"https:\/\/gem.pt\/1\/wp-json\/wp\/v2\/comments?post=19767"}],"version-history":[{"count":15,"href":"https:\/\/gem.pt\/1\/wp-json\/wp\/v2\/pages\/19767\/revisions"}],"predecessor-version":[{"id":22557,"href":"https:\/\/gem.pt\/1\/wp-json\/wp\/v2\/pages\/19767\/revisions\/22557"}],"up":[{"embeddable":true,"href":"https:\/\/gem.pt\/1\/wp-json\/wp\/v2\/pages\/890"}],"wp:attachment":[{"href":"https:\/\/gem.pt\/1\/wp-json\/wp\/v2\/media?parent=19767"}],"curies":[{"name":"wp","href":"https:\/\/api.w.org\/{rel}","templated":true}]}}