{"id":20994,"date":"2025-04-11T22:54:26","date_gmt":"2025-04-11T21:54:26","guid":{"rendered":"https:\/\/gem.pt\/1\/?page_id=20994"},"modified":"2025-08-05T20:49:58","modified_gmt":"2025-08-05T19:49:58","slug":"via-ferrata","status":"publish","type":"page","link":"https:\/\/gem.pt\/1\/atividades\/via-ferrata\/","title":{"rendered":"Via-Ferrata"},"content":{"rendered":"<h1>Via Ferrata<\/h1>\n<p>\t\t\u00a0Via Ferrata no GEM\u00a0<img fetchpriority=\"high\" decoding=\"async\" src=\"https:\/\/gem.pt\/wp-content\/uploads\/2020\/05\/Atividades_9_1.jpg\" alt=\"\" width=\"300\" height=\"453\" \/>\u00a0A via ferrata \u2014 literalmente, \u201ccaminho de ferro\u201d \u2014 \u00e9 uma rota equipada em parede rochosa, que permite atingir lugares de cortar a respira\u00e7\u00e3o com seguran\u00e7a e adrenalina. Com cabos de a\u00e7o, degraus met\u00e1licos, pontes suspensas e outras estruturas fixas, a via ferrata abre o mundo vertical a quem deseja explorar a montanha por novos \u00e2ngulos.\u00a0Entre escalada e caminhada, a progress\u00e3o faz-se em altura, com o cora\u00e7\u00e3o a bater mais forte a cada metro. Mas com o GEM, \u00e9 sempre com seguran\u00e7a: usamos sistemas de prote\u00e7\u00e3o adequados, aprendemos a t\u00e9cnica e respeitamos os nossos limites \u2014 ao mesmo tempo que os desafiamos.\u00a0As vias ferratas s\u00e3o ideais para quem quer descobrir o prazer da verticalidade sem necessidade de conhecimentos t\u00e9cnicos de escalada. Do principiante ao aventureiro experiente, h\u00e1 percursos para todos os n\u00edveis \u2014 e paisagens que ficam para sempre.\u00a0No GEM, vivemos a via ferrata como uma travessia entre o f\u00edsico e o emocional, onde a confian\u00e7a no grupo e o amor pela montanha guiam cada passo. \u00c9 subir mais alto \u2014 por dentro e por fora.<\/p>\n","protected":false},"excerpt":{"rendered":"<p>Via Ferrata \u00a0Via Ferrata no GEM\u00a0\u00a0A via ferrata \u2014 literalmente, \u201ccaminho de ferro\u201d \u2014 \u00e9 uma rota equipada em parede rochosa, que permite atingir lugares de cortar a respira\u00e7\u00e3o com seguran\u00e7a e adrenalina. Com cabos de a\u00e7o, degraus met\u00e1licos, pontes suspensas e outras estruturas fixas, a via ferrata abre o mundo vertical a quem deseja [&hellip;]<\/p>\n","protected":false},"author":1,"featured_media":0,"parent":890,"menu_order":8,"comment_status":"closed","ping_status":"closed","template":"","meta":{"footnotes":""},"class_list":["post-20994","page","type-page","status-publish","hentry"],"_links":{"self":[{"href":"https:\/\/gem.pt\/1\/wp-json\/wp\/v2\/pages\/20994","targetHints":{"allow":["GET"]}}],"collection":[{"href":"https:\/\/gem.pt\/1\/wp-json\/wp\/v2\/pages"}],"about":[{"href":"https:\/\/gem.pt\/1\/wp-json\/wp\/v2\/types\/page"}],"author":[{"embeddable":true,"href":"https:\/\/gem.pt\/1\/wp-json\/wp\/v2\/users\/1"}],"replies":[{"embeddable":true,"href":"https:\/\/gem.pt\/1\/wp-json\/wp\/v2\/comments?post=20994"}],"version-history":[{"count":0,"href":"https:\/\/gem.pt\/1\/wp-json\/wp\/v2\/pages\/20994\/revisions"}],"up":[{"embeddable":true,"href":"https:\/\/gem.pt\/1\/wp-json\/wp\/v2\/pages\/890"}],"wp:attachment":[{"href":"https:\/\/gem.pt\/1\/wp-json\/wp\/v2\/media?parent=20994"}],"curies":[{"name":"wp","href":"https:\/\/api.w.org\/{rel}","templated":true}]}}