{"id":21135,"date":"2025-05-17T19:30:24","date_gmt":"2025-05-17T18:30:24","guid":{"rendered":"https:\/\/gem.pt\/1\/?page_id=21135"},"modified":"2025-05-17T20:07:26","modified_gmt":"2025-05-17T19:07:26","slug":"canyoning-autonomia","status":"publish","type":"page","link":"https:\/\/gem.pt\/1\/formacao\/canyoning-autonomia\/","title":{"rendered":"Canyoning Autonomia"},"content":{"rendered":"<p>\u00a0<\/p>\n<p>Canyoning - Curso de Autonomia<br \/>Curso de Autonomia<\/p>\n<hr \/>\n<p>\u00a0Canyoning \u00e9 um desporto que consiste na explora\u00e7\u00e3o progressiva de um rio, transpondo os obst\u00e1culos verticais atrav\u00e9s de diversas t\u00e9cnicas e equipamentos. A emo\u00e7\u00e3o e adrenalina s\u00e3o as maiores atra\u00e7\u00f5es para os praticantes que se apaixonam pela explora\u00e7\u00e3o de canyons.\u00a0Este curso, com Certifica\u00e7\u00e3o da Academia Internacional de Canyoning Associa\u00e7\u00e3o (ICA), \u00e9 composto por um m\u00f3dulo e-learning pr\u00e9vio, aula te\u00f3rica, aulas pr\u00e1ticas com treinos de verticais e descidas de rios com equipagens feitas pelos formandos para consolida\u00e7\u00e3o das t\u00e9cnicas aprendidas.\u00a0<img fetchpriority=\"high\" decoding=\"async\" src=\"https:\/\/gem.pt\/wp-content\/uploads\/2025\/05\/canyoning-formacao.jpg\" alt=\"\" width=\"600\" height=\"392\" \/>ObjetivoGarantir n\u00edvel de conhecimento t\u00e9cnico para autonomia na progress\u00e3o do rio.\u00a0Conte\u00fados GeraisN\u00f3s essenciais, movimenta\u00e7\u00e3o descendente em corda, sistemas, equipagem, subida de corda, progress\u00e3o dentro do \"canyon\".\u00a0Requisitos<\/p>\n<ul>\n<li style=\"letter-spacing: normal; caret-color: #000000; color: #000000; font-family: Questrial; text-align: justify; white-space: pre-line;\">Sem nenhum requisito t\u00e9cnico obrigat\u00f3rio, embora seja importante j\u00e1 ter praticado canyoning anteriormente;<\/li>\n<li style=\"letter-spacing: normal; caret-color: #000000; color: #000000; font-family: Questrial; text-align: justify; white-space: pre-line;\">Saber nadar.<\/li>\n<\/ul>\n<p>Calend\u00e1rio e Inscri\u00e7\u00f5esConsulte no <u><a style=\"color: inherit;\" title=\"\" href=\"https:\/\/gem.pt\/1\/atividades\/plano-atividades\/\" type=\"\" data-attached-link=\"{\">plano de atividades<\/a><\/u> as datas das pr\u00f3ximas forma\u00e7\u00f5es de Canyoning. Para grupos ou outras datas espec\u00edficas, contacte o GEM atrav\u00e9s do email <u><a style=\"color: inherit;\" title=\"\" href=\"mailto:geral@gem.pt\" type=\"\" data-attached-link=\"{\">geral@gem.pt<\/a><\/u>.\u00a0Valor de Inscri\u00e7\u00e3oVer folheto do respetivo programa de forma\u00e7\u00e3o (inclui: equipamento pessoal, t\u00e9cnico e de seguran\u00e7a, seguro, acesso a videoteca do curso ICA e certificado de frequ\u00eancia da forma\u00e7\u00e3o).\u00a0Formul\u00e1rio de Inscri\u00e7\u00e3oPara se inscrever, envie o pedido para <u><a style=\"color: inherit;\" title=\"\" href=\"mailto:geral@gem.pt\" type=\"\" data-attached-link=\"{\">geral@gem.pt<\/a><\/u> dentro do prazo de inscri\u00e7\u00e3o, anexando o comprovativo do pagamento e seguindo as instru\u00e7\u00f5es constantes no folheto de divulga\u00e7\u00e3o da forma\u00e7\u00e3o.<\/p>\n","protected":false},"excerpt":{"rendered":"<p>\u00a0 Canyoning &#8211; Curso de AutonomiaCurso de Autonomia \u00a0Canyoning \u00e9 um desporto que consiste na explora\u00e7\u00e3o progressiva de um rio, transpondo os obst\u00e1culos verticais atrav\u00e9s de diversas t\u00e9cnicas e equipamentos. A emo\u00e7\u00e3o e adrenalina s\u00e3o as maiores atra\u00e7\u00f5es para os praticantes que se apaixonam pela explora\u00e7\u00e3o de canyons.\u00a0Este curso, com Certifica\u00e7\u00e3o da Academia Internacional de [&hellip;]<\/p>\n","protected":false},"author":1,"featured_media":0,"parent":867,"menu_order":2,"comment_status":"closed","ping_status":"closed","template":"","meta":{"footnotes":""},"class_list":["post-21135","page","type-page","status-publish","hentry"],"_links":{"self":[{"href":"https:\/\/gem.pt\/1\/wp-json\/wp\/v2\/pages\/21135","targetHints":{"allow":["GET"]}}],"collection":[{"href":"https:\/\/gem.pt\/1\/wp-json\/wp\/v2\/pages"}],"about":[{"href":"https:\/\/gem.pt\/1\/wp-json\/wp\/v2\/types\/page"}],"author":[{"embeddable":true,"href":"https:\/\/gem.pt\/1\/wp-json\/wp\/v2\/users\/1"}],"replies":[{"embeddable":true,"href":"https:\/\/gem.pt\/1\/wp-json\/wp\/v2\/comments?post=21135"}],"version-history":[{"count":0,"href":"https:\/\/gem.pt\/1\/wp-json\/wp\/v2\/pages\/21135\/revisions"}],"up":[{"embeddable":true,"href":"https:\/\/gem.pt\/1\/wp-json\/wp\/v2\/pages\/867"}],"wp:attachment":[{"href":"https:\/\/gem.pt\/1\/wp-json\/wp\/v2\/media?parent=21135"}],"curies":[{"name":"wp","href":"https:\/\/api.w.org\/{rel}","templated":true}]}}